{"id":882,"date":"2023-03-15T13:30:03","date_gmt":"2023-03-15T13:30:03","guid":{"rendered":"https:\/\/nerdzilla.com.br\/?page_id=882"},"modified":"2026-01-28T06:35:22","modified_gmt":"2026-01-28T06:35:22","slug":"%e9%9a%b1%e7%a7%81%e6%ac%8a%e6%94%bf%e7%ad%96-2","status":"publish","type":"page","link":"https:\/\/nerdzilla.com.br\/zh\/%e9%9a%b1%e7%a7%81%e6%ac%8a%e6%94%bf%e7%ad%96-2\/","title":{"rendered":"\u96b1\u79c1\u6b0a\u653f\u7b56"},"content":{"rendered":"<p>\u60a8\u7684\u96b1\u79c1\u5c0d\u6211\u5011\u81f3\u95dc\u91cd\u8981\u3002\u9019\u662f\u6211\u5011\u7684\u653f\u7b56\u3002 <strong>\u5167\u8332\u62c9<\/strong> \u6211\u5011\u5c07\u5c0a\u91cd\u60a8\u5728\u4f7f\u7528 Nerdzilla \u7db2\u7ad9\u6642\u53ef\u80fd\u63d0\u4f9b\u7684\u4efb\u4f55\u8cc7\u8a0a\u7684\u96b1\u79c1\u3002<\/p>\n\n\n\n<p>Nerdzilla \u662f\u4e00\u500b\u5177\u6709\u7279\u5b9a\u6027\u8cea\u7684\u7db2\u7ad9\u3002 <strong>\u8cc7\u8a0a\u8c50\u5bcc\u4e14\u5177\u7de8\u8f2f\u6027<\/strong>\u672c\u7db2\u7ad9\u81f4\u529b\u65bc\u767c\u5e03\u95dc\u65bc\u61c9\u7528\u7a0b\u5f0f\u3001\u6280\u8853\u548c\u6578\u4f4d\u5de5\u5177\u7684\u8a55\u6e2c\u3001\u6307\u5357\u548c\u63a8\u85a6\u3002\u6211\u5011\u4e0d\u6703\u900f\u904e\u672c\u7db2\u7ad9\u76f4\u63a5\u92b7\u552e\u7522\u54c1\u6216\u670d\u52d9\u3002<\/p>\n\n\n\n<hr class=\"wp-block-separator has-alpha-channel-opacity\"\/>\n\n\n\n<h3 class=\"wp-block-heading\">\u8cc7\u8a0a\u6536\u96c6<\/h3>\n\n\n\n<p>\u6211\u5011\u50c5\u5728\u771f\u6b63\u5fc5\u8981\u6642\u624d\u6703\u7d22\u53d6\u60a8\u7684\u500b\u4eba\u4fe1\u606f\uff0c\u4f8b\u5982\u900f\u904e\u96fb\u5b50\u90f5\u4ef6\u6216\u7db2\u7ad9\u4e0a\u7684\u8868\u683c\u8207\u60a8\u806f\u7e6b\u6642\u3002\u6240\u6709\u8cc7\u8a0a\u7684\u6536\u96c6\u5747\u9075\u5faa\u516c\u5e73\u5408\u6cd5\u7684\u539f\u5247\uff0c\u4e26\u4e8b\u5148\u5fb5\u5f97\u4e86\u7528\u6236\u7684\u77e5\u60c5\u540c\u610f\u3002<\/p>\n\n\n\n<p>\u6536\u96c6\u7684\u8cc7\u8a0a\u53ef\u80fd\u5305\u62ec\u59d3\u540d\u548c\u96fb\u5b50\u90f5\u4ef6\u5730\u5740\uff0c\u50c5\u7528\u65bc\u56de\u8986\u3001\u6e9d\u901a\u6216\u6539\u5584\u7de8\u8f2f\u5167\u5bb9\u3002<\/p>\n\n\n\n<hr class=\"wp-block-separator has-alpha-channel-opacity\"\/>\n\n\n\n<h3 class=\"wp-block-heading\">\u8cc7\u8a0a\u7684\u4f7f\u7528<\/h3>\n\n\n\n<p>\u6536\u96c6\u7684\u8cc7\u8a0a\u7528\u65bc\uff1a<\/p>\n\n\n\n<ul class=\"wp-block-list\">\n<li>\u56de\u8986\u7528\u6236\u767c\u9001\u7684\u8a0a\u606f\uff1b<\/li>\n\n\n\n<li>\u6539\u5584\u700f\u89bd\u9ad4\u9a57\uff1b<\/li>\n\n\n\n<li>\u4ee5\u532f\u7e3d\u548c\u533f\u540d\u7684\u65b9\u5f0f\u4e86\u89e3\u7db2\u7ad9\u7684\u4f7f\u7528\u60c5\u6cc1\u3002<\/li>\n<\/ul>\n\n\n\n<p>\u6211\u5011\u4e0d\u6703\u5c07\u9019\u4e9b\u6578\u64da\u7528\u65bc\u76f4\u63a5\u5546\u696d\u7528\u9014\u3002<\/p>\n\n\n\n<hr class=\"wp-block-separator has-alpha-channel-opacity\"\/>\n\n\n\n<h3 class=\"wp-block-heading\">\u8cc7\u6599\u5132\u5b58\u8207\u4fdd\u8b77<\/h3>\n\n\n\n<p>\u6211\u5011\u50c5\u5728\u5be6\u73fe\u6536\u96c6\u8cc7\u8a0a\u7684\u76ee\u7684\u6240\u9700\u7684\u6642\u9593\u5167\u4fdd\u7559\u6240\u6536\u96c6\u7684\u8cc7\u8a0a\u3002\u6211\u5011\u63a1\u53d6\u5408\u7406\u7684\u5b89\u5168\u63aa\u65bd\uff0c\u4fdd\u8b77\u8cc7\u6599\u514d\u65bc\u672a\u7d93\u6388\u6b0a\u7684\u5b58\u53d6\u3001\u63ed\u9732\u3001\u8b8a\u66f4\u6216\u92b7\u6bc0\u3002<\/p>\n\n\n\n<hr class=\"wp-block-separator has-alpha-channel-opacity\"\/>\n\n\n\n<h3 class=\"wp-block-heading\">\u8cc7\u8a0a\u5171\u4eab<\/h3>\n\n\n\n<p>\u9664\u6cd5\u5f8b\u8981\u6c42\u5916\uff0c\u6211\u5011\u4e0d\u6703\u516c\u958b\u6216\u8207\u7b2c\u4e09\u65b9\u5206\u4eab\u500b\u4eba\u8b58\u5225\u8cc7\u8a0a\u3002<\/p>\n\n\n\n<hr class=\"wp-block-separator has-alpha-channel-opacity\"\/>\n\n\n\n<h3 class=\"wp-block-heading\">\u5916\u90e8\u7db2\u7ad9\u9023\u7d50<\/h3>\n\n\n\n<p>Nerdzilla \u53ef\u80fd\u5305\u542b\u975e\u6211\u5011\u7d93\u71df\u7684\u5916\u90e8\u7db2\u7ad9\u7684\u9023\u7d50\u3002\u6211\u5011\u7121\u6cd5\u63a7\u5236\u9019\u4e9b\u7db2\u7ad9\u7684\u5167\u5bb9\u548c\u505a\u6cd5\uff0c\u4e5f\u4e0d\u5c0d\u5176\u5404\u81ea\u7684\u96b1\u79c1\u6b0a\u653f\u7b56\u8ca0\u8cac\u3002<\/p>\n\n\n\n<hr class=\"wp-block-separator has-alpha-channel-opacity\"\/>\n\n\n\n<h3 class=\"wp-block-heading\">\u9905\u4e7e<\/h3>\n\n\n\n<p>Nerdzilla \u4f7f\u7528 Cookie \u4f86\u6539\u5584\u4f7f\u7528\u8005\u9ad4\u9a57\u3002 Cookie \u662f\u5132\u5b58\u5728\u4f7f\u7528\u8005\u88dd\u7f6e\u4e0a\u7684\u5c0f\u578b\u6587\u4ef6\uff0c\u53ef\u4ee5\u5e6b\u52a9\u6211\u5011\u4e86\u89e3\u7db2\u7ad9\u7684\u4f7f\u7528\u60c5\u6cc1\u3002<\/p>\n\n\n\n<p>\u4f7f\u7528\u8005\u53ef\u4ee5\u900f\u904e\u8abf\u6574\u700f\u89bd\u5668\u8a2d\u5b9a\u4f86\u505c\u7528 Cookie\u3002\u4f46\u662f\uff0c\u505c\u7528 Cookie \u53ef\u80fd\u6703\u5f71\u97ff\u7db2\u7ad9\u67d0\u4e9b\u90e8\u5206\u7684\u529f\u80fd\u3002<\/p>\n\n\n\n<hr class=\"wp-block-separator has-alpha-channel-opacity\"\/>\n\n\n\n<h3 class=\"wp-block-heading\">\u7b2c\u4e09\u65b9 Cookie \u548c\u5ee3\u544a<\/h3>\n\n\n\n<p>Nerdzilla \u4f7f\u7528\u7b2c\u4e09\u65b9\u670d\u52d9\uff0c\u4f8b\u5982\u2026 <strong>Google\u5206\u6790<\/strong>\u4ee5\u532f\u7e3d\u548c\u533f\u540d\u7684\u65b9\u5f0f\u5206\u6790\u7db2\u7ad9\u6d41\u91cf\u548c\u4f7f\u7528\u8005\u884c\u70ba\u3002<\/p>\n\n\n\n<p>\u6211\u5011\u4e5f\u4f7f\u7528\u5ee3\u544a\u670d\u52d9\uff0c\u4f8b\u5982 <strong>Google AdSense<\/strong>\u53ef\u80fd\u6703\u4f7f\u7528 cookie\u3001\u7db2\u8def\u4fe1\u6a19\u6216\u985e\u4f3c\u6280\u8853\uff0c\u6839\u64da\u4f7f\u7528\u8005\u9020\u8a2a\u672c\u7db2\u7ad9\u548c\u5176\u4ed6\u7db2\u7ad9\u7684\u60c5\u6cc1\u4f86\u986f\u793a\u76f8\u95dc\u5ee3\u544a\u3002<\/p>\n\n\n\n<p>\u8c37\u6b4c\u53ef\u80fd\u6703\u4f7f\u7528cookie\u3002 <strong>DoubleClick DART<\/strong>\u6b64 Cookie \u5141\u8a31\u6211\u5011\u6839\u64da\u4f7f\u7528\u8005\u5148\u524d\u7684\u9020\u8a2a\u8a18\u9304\u5411\u5176\u986f\u793a\u5ee3\u544a\u3002\u4f7f\u7528\u8005\u53ef\u4ee5\u9020\u8a2a Google \u5ee3\u544a\u8a2d\u5b9a\u4f86\u505c\u7528\u6b64 Cookie\u3002<\/p>\n\n\n\n<hr class=\"wp-block-separator has-alpha-channel-opacity\"\/>\n\n\n\n<h3 class=\"wp-block-heading\">\u7528\u6236\u627f\u8afe<\/h3>\n\n\n\n<p>\u4f7f\u7528\u8005\u540c\u610f\u5408\u7406\u4f7f\u7528 Nerdzilla \u63d0\u4f9b\u7684\u5167\u5bb9\u548c\u8a0a\u606f\uff0c\u4e26\u627f\u8afe\u4e0d\uff1a<\/p>\n\n\n\n<ul class=\"wp-block-list\">\n<li>\u9032\u884c\u975e\u6cd5\u6d3b\u52d5\u6216\u9055\u53cd\u8aa0\u4fe1\u548c\u516c\u5171\u79e9\u5e8f\u7684\u6d3b\u52d5\uff1b<\/li>\n\n\n\n<li>\u50b3\u64ad\u6b67\u8996\u6027\u3001\u5192\u72af\u6027\u3001\u975e\u6cd5\u5167\u5bb9\u6216\u4fb5\u72af\u4eba\u6b0a\u7684\u5167\u5bb9\uff1b<\/li>\n\n\n\n<li>\u900f\u904e\u5f15\u5165\u60e1\u610f\u7a0b\u5f0f\u78bc\uff0c\u5c0d Nerdzilla \u7684\u7cfb\u7d71\u6216\u7b2c\u4e09\u65b9\u7cfb\u7d71\u9020\u6210\u640d\u5bb3\u3002<\/li>\n<\/ul>\n\n\n\n<hr class=\"wp-block-separator has-alpha-channel-opacity\"\/>\n\n\n\n<h3 class=\"wp-block-heading\">\u540c\u610f<\/h3>\n\n\n\n<p>\u7e7c\u7e8c\u4f7f\u7528 Nerdzilla \u7db2\u7ad9\u5373\u8996\u70ba\u63a5\u53d7\u672c\u96b1\u79c1\u6b0a\u653f\u7b56\u3002<\/p>\n\n\n\n<hr class=\"wp-block-separator has-alpha-channel-opacity\"\/>\n\n\n\n<h3 class=\"wp-block-heading\">\u63a5\u89f8<\/h3>\n\n\n\n<p>\u5982\u679c\u60a8\u5c0d\u672c\u96b1\u79c1\u6b0a\u653f\u7b56\u6216\u6211\u5011\u5982\u4f55\u8655\u7406\u4f7f\u7528\u8005\u8cc7\u6599\u6709\u4efb\u4f55\u7591\u554f\uff0c\u8acb\u900f\u904e\u96fb\u5b50\u90f5\u4ef6\u8207\u6211\u5011\u806f\u7d61\uff1a<\/p>\n\n\n\n<p><strong><a>contato@nerdzilla.com.br<\/a><\/strong><\/p>","protected":false},"excerpt":{"rendered":"<p>A sua privacidade \u00e9 importante para n\u00f3s. \u00c9 pol\u00edtica do Nerdzilla respeitar a sua privacidade em rela\u00e7\u00e3o a qualquer informa\u00e7\u00e3o que possamos coletar no site Nerdzilla. O Nerdzilla \u00e9 um site de car\u00e1ter informativo e editorial, dedicado \u00e0 publica\u00e7\u00e3o de an\u00e1lises, guias e recomenda\u00e7\u00f5es sobre aplicativos, tecnologia e ferramentas digitais. N\u00e3o comercializamos produtos ou servi\u00e7os [&hellip;]<\/p>","protected":false},"author":3,"featured_media":0,"parent":0,"menu_order":0,"comment_status":"closed","ping_status":"closed","template":"","meta":{"footnotes":""},"class_list":["post-882","page","type-page","status-publish"],"_links":{"self":[{"href":"https:\/\/nerdzilla.com.br\/zh\/wp-json\/wp\/v2\/pages\/882","targetHints":{"allow":["GET"]}}],"collection":[{"href":"https:\/\/nerdzilla.com.br\/zh\/wp-json\/wp\/v2\/pages"}],"about":[{"href":"https:\/\/nerdzilla.com.br\/zh\/wp-json\/wp\/v2\/types\/page"}],"author":[{"embeddable":true,"href":"https:\/\/nerdzilla.com.br\/zh\/wp-json\/wp\/v2\/users\/3"}],"replies":[{"embeddable":true,"href":"https:\/\/nerdzilla.com.br\/zh\/wp-json\/wp\/v2\/comments?post=882"}],"version-history":[{"count":5,"href":"https:\/\/nerdzilla.com.br\/zh\/wp-json\/wp\/v2\/pages\/882\/revisions"}],"predecessor-version":[{"id":5555,"href":"https:\/\/nerdzilla.com.br\/zh\/wp-json\/wp\/v2\/pages\/882\/revisions\/5555"}],"wp:attachment":[{"href":"https:\/\/nerdzilla.com.br\/zh\/wp-json\/wp\/v2\/media?parent=882"}],"curies":[{"name":"wp","href":"https:\/\/api.w.org\/{rel}","templated":true}]}}