{"id":880,"date":"2023-03-15T13:25:53","date_gmt":"2023-03-15T13:25:53","guid":{"rendered":"https:\/\/nerdzilla.com.br\/?page_id=880"},"modified":"2026-01-28T06:41:08","modified_gmt":"2026-01-28T06:41:08","slug":"%e9%97%9c%e6%96%bc%e6%88%91%e5%80%91","status":"publish","type":"page","link":"https:\/\/nerdzilla.com.br\/zh\/%e9%97%9c%e6%96%bc%e6%88%91%e5%80%91\/","title":{"rendered":"\u6211\u5011\u662f\u8ab0"},"content":{"rendered":"<p>Nerdzilla\u662f\u4e00\u500b\u8cc7\u8a0a\u8c50\u5bcc\u7684\u7db2\u7ad9\uff0c\u81f4\u529b\u65bc\u63d0\u4f9b\u6578\u4f4d\u61c9\u7528\u548c\u5de5\u5177\u7684\u6307\u5357\u3001\u8a55\u6e2c\u548c\u63a8\u85a6\u3002\u6211\u5011\u7684\u76ee\u6a19\u662f\u5e6b\u52a9\u7528\u6236\u5728\u65e5\u5e38\u6280\u8853\u4f7f\u7528\u65b9\u9762\u505a\u51fa\u66f4\u660e\u667a\u7684\u9078\u64c7\u3002<\/p>\n\n\n\n<p>Nerdzilla \u4e0a\u767c\u5e03\u7684\u5167\u5bb9\u4ee5\u7de8\u8f2f\u6027\u3001\u6559\u80b2\u6027\u548c\u8cc7\u8a0a\u6027\u70ba\u91cd\u9ede\uff0c\u59cb\u7d42\u529b\u6c42\u6e05\u6670\u3001\u5be6\u7528\u4e14\u4e0d\u65b7\u66f4\u65b0\u3002<\/p>\n\n\n\n<p>\u8a72\u7db2\u7ad9\u7531\u7368\u7acb\u7684\u7de8\u8f2f\u5718\u968a\u7dad\u8b77\uff0c\u8ca0\u8cac\u7814\u7a76\u3001\u88fd\u4f5c\u548c\u5be9\u67e5\u5df2\u767c\u5e03\u7684\u5167\u5bb9\u3002<\/p>","protected":false},"excerpt":{"rendered":"<p>O Nerdzilla \u00e9 um site de conte\u00fado informativo dedicado \u00e0 produ\u00e7\u00e3o de guias, an\u00e1lises e recomenda\u00e7\u00f5es de aplicativos e ferramentas digitais. Nosso objetivo \u00e9 ajudar usu\u00e1rios a tomar decis\u00f5es mais conscientes sobre o uso da tecnologia no dia a dia. O conte\u00fado publicado no Nerdzilla \u00e9 desenvolvido com foco editorial, educacional e informativo, buscando sempre [&hellip;]<\/p>","protected":false},"author":3,"featured_media":0,"parent":0,"menu_order":0,"comment_status":"closed","ping_status":"closed","template":"","meta":{"footnotes":""},"class_list":["post-880","page","type-page","status-publish"],"_links":{"self":[{"href":"https:\/\/nerdzilla.com.br\/zh\/wp-json\/wp\/v2\/pages\/880","targetHints":{"allow":["GET"]}}],"collection":[{"href":"https:\/\/nerdzilla.com.br\/zh\/wp-json\/wp\/v2\/pages"}],"about":[{"href":"https:\/\/nerdzilla.com.br\/zh\/wp-json\/wp\/v2\/types\/page"}],"author":[{"embeddable":true,"href":"https:\/\/nerdzilla.com.br\/zh\/wp-json\/wp\/v2\/users\/3"}],"replies":[{"embeddable":true,"href":"https:\/\/nerdzilla.com.br\/zh\/wp-json\/wp\/v2\/comments?post=880"}],"version-history":[{"count":2,"href":"https:\/\/nerdzilla.com.br\/zh\/wp-json\/wp\/v2\/pages\/880\/revisions"}],"predecessor-version":[{"id":5561,"href":"https:\/\/nerdzilla.com.br\/zh\/wp-json\/wp\/v2\/pages\/880\/revisions\/5561"}],"wp:attachment":[{"href":"https:\/\/nerdzilla.com.br\/zh\/wp-json\/wp\/v2\/media?parent=880"}],"curies":[{"name":"wp","href":"https:\/\/api.w.org\/{rel}","templated":true}]}}