{"id":4654,"date":"2025-05-17T21:25:46","date_gmt":"2025-05-17T21:25:46","guid":{"rendered":"https:\/\/nerdzilla.com.br\/contato\/"},"modified":"2026-01-28T06:29:54","modified_gmt":"2026-01-28T06:29:54","slug":"%e6%8e%a5%e8%a7%b8","status":"publish","type":"page","link":"https:\/\/nerdzilla.com.br\/zh\/%e6%8e%a5%e8%a7%b8\/","title":{"rendered":"\u63a5\u89f8"},"content":{"rendered":"<p>Nerdzilla \u975e\u5e38\u91cd\u8996\u8207\u8b80\u8005\u7684\u6e9d\u901a\u3002<\/p>\n\n\n\n<p>\u5982\u679c\u60a8\u5c0d\u7db2\u7ad9\u4e0a\u767c\u5e03\u7684\u5167\u5bb9\u6709\u4efb\u4f55\u7591\u554f\u3001\u5efa\u8b70\u3001\u66f4\u6b63\u6216\u60f3\u8207\u6211\u5011\u806f\u7e6b\uff0c\u8acb\u4f7f\u7528\u4ee5\u4e0b\u7ba1\u9053\u4e4b\u4e00\u3002<\/p>\n\n\n\n<p>\u6211\u5011\u6703\u76e1\u53ef\u80fd\u56de\u590d\uff0c\u4e26\u512a\u5148\u8655\u7406\u8207\u7de8\u8f2f\u5167\u5bb9\u76f8\u95dc\u7684\u8a0a\u606f\u3002<\/p>\n\n\n\n<p>\u96fb\u5b50\u90f5\u4ef6\uff1acontato@nerdzilla.com.br<\/p>\n\n\n<style id=\"wpforms-css-vars-1635-block-2d80c691-9f8a-40cd-8cbe-13aadfd56083\">\n\t\t\t\t#wpforms-1635.wpforms-block-2d80c691-9f8a-40cd-8cbe-13aadfd56083 {\n\t\t\t\t--wpforms-field-size-input-height: 43px;\n--wpforms-field-size-input-spacing: 15px;\n--wpforms-field-size-font-size: 16px;\n--wpforms-field-size-line-height: 19px;\n--wpforms-field-size-padding-h: 14px;\n--wpforms-field-size-checkbox-size: 16px;\n--wpforms-field-size-sublabel-spacing: 5px;\n--wpforms-field-size-icon-size: 1;\n--wpforms-label-size-font-size: 16px;\n--wpforms-label-size-line-height: 19px;\n--wpforms-label-size-sublabel-font-size: 14px;\n--wpforms-label-size-sublabel-line-height: 17px;\n--wpforms-button-size-font-size: 17px;\n--wpforms-button-size-height: 41px;\n--wpforms-button-size-padding-h: 15px;\n--wpforms-button-size-margin-top: 10px;\n\t\t\t}\n\t\t\t<\/style><div class=\"wpforms-container wpforms-container-full wpforms-block wpforms-block-2d80c691-9f8a-40cd-8cbe-13aadfd56083 wpforms-render-modern\" id=\"wpforms-1635\"><form id=\"wpforms-form-1635\" class=\"wpforms-validate wpforms-form wpforms-ajax-form\" data-formid=\"1635\" method=\"post\" enctype=\"multipart\/form-data\" action=\"\/zh\/wp-json\/wp\/v2\/pages\/4654\" data-token=\"2e9e9a2a35239d943a5ac446ef96fb5e\" data-token-time=\"1776869946\" data-trp-original-action=\"\/zh\/wp-json\/wp\/v2\/pages\/4654\"><noscript class=\"wpforms-error-noscript\">Please enable JavaScript in your browser to complete this form.<\/noscript><div id=\"wpforms-error-noscript\" style=\"display: none;\">Please enable JavaScript in your browser to complete this form.<\/div><div class=\"wpforms-field-container\"><div id=\"wpforms-1635-field_0-container\" class=\"wpforms-field wpforms-field-name\" data-field-id=\"0\"><fieldset><legend class=\"wpforms-field-label\">\u59d3\u540d <span class=\"wpforms-required-label\" aria-hidden=\"true\">*<\/span><\/legend><div class=\"wpforms-field-row wpforms-field-medium\"><div class=\"wpforms-field-row-block wpforms-first wpforms-one-half\"><input type=\"text\" id=\"wpforms-1635-field_0\" class=\"wpforms-field-name-first wpforms-field-required\" name=\"wpforms[fields][0][first]\" aria-errormessage=\"wpforms-1635-field_0-error\" required><label for=\"wpforms-1635-field_0\" class=\"wpforms-field-sublabel after\">First<\/label><\/div><div class=\"wpforms-field-row-block wpforms-one-half\"><input type=\"text\" id=\"wpforms-1635-field_0-last\" class=\"wpforms-field-name-last wpforms-field-required\" name=\"wpforms[fields][0][last]\" aria-errormessage=\"wpforms-1635-field_0-last-error\" required><label for=\"wpforms-1635-field_0-last\" class=\"wpforms-field-sublabel after\">Last<\/label><\/div><\/div><\/fieldset><\/div><div id=\"wpforms-1635-field_1-container\" class=\"wpforms-field wpforms-field-email\" data-field-id=\"1\"><label class=\"wpforms-field-label\" for=\"wpforms-1635-field_1\">\u96fb\u5b50\u90f5\u4ef6 <span class=\"wpforms-required-label\" aria-hidden=\"true\">*<\/span><\/label><input type=\"email\" id=\"wpforms-1635-field_1\" class=\"wpforms-field-medium wpforms-field-required\" name=\"wpforms[fields][1]\" spellcheck=\"false\" aria-errormessage=\"wpforms-1635-field_1-error\" required><\/div><div id=\"wpforms-1635-field_2-container\" class=\"wpforms-field wpforms-field-textarea\" data-field-id=\"2\"><label class=\"wpforms-field-label\" for=\"wpforms-1635-field_2\">\u8a55\u8ad6\u6216\u7559\u8a00<\/label><textarea id=\"wpforms-1635-field_2\" class=\"wpforms-field-medium\" name=\"wpforms[fields][2]\" aria-errormessage=\"wpforms-1635-field_2-error\" ><\/textarea><\/div><\/div><!-- .wpforms-field-container --><div class=\"wpforms-submit-container\" ><input type=\"hidden\" name=\"wpforms[id]\" value=\"1635\"><input type=\"hidden\" name=\"page_title\" value=\"\"><input type=\"hidden\" name=\"page_url\" value=\"https:\/\/nerdzilla.com.br\/zh\/wp-json\/wp\/v2\/pages\/4654\"><input type=\"hidden\" name=\"url_referer\" value=\"\"><button type=\"submit\" name=\"wpforms[submit]\" id=\"wpforms-submit-1635\" class=\"wpforms-submit\" data-alt-text=\"Enviando\u2026\" data-submit-text=\"Enviar\" aria-live=\"assertive\" value=\"wpforms-submit\">\u50b3\u9001<\/button><img loading=\"lazy\" decoding=\"async\" src=\"https:\/\/nerdzilla.com.br\/wp-content\/plugins\/wpforms-lite\/assets\/images\/submit-spin.svg\" class=\"wpforms-submit-spinner\" style=\"display: none;\" width=\"26\" height=\"26\" alt=\"Loading\"><\/div><input type=\"hidden\" name=\"trp-form-language\" value=\"zh\"\/><\/form><\/div>  <!-- .wpforms-container -->\n\n\n<p>\u60a8\u63d0\u4f9b\u7684\u8cc7\u8a0a\u50c5\u7528\u65bc\u56de\u8986\u60a8\u7684\u8aee\u8a62\u3002<\/p>","protected":false},"excerpt":{"rendered":"<p>O Nerdzilla valoriza a comunica\u00e7\u00e3o com seus leitores. Caso voc\u00ea tenha d\u00favidas, sugest\u00f5es, corre\u00e7\u00f5es ou queira entrar em contato sobre o conte\u00fado publicado no site, utilize um dos canais abaixo. Respondemos sempre que poss\u00edvel e priorizamos mensagens relacionadas ao conte\u00fado editorial. E-mail: contato@nerdzilla.com.br As informa\u00e7\u00f5es enviadas s\u00e3o utilizadas exclusivamente para responder ao contato.<\/p>","protected":false},"author":3,"featured_media":0,"parent":0,"menu_order":0,"comment_status":"closed","ping_status":"closed","template":"","meta":{"footnotes":""},"class_list":["post-4654","page","type-page","status-publish"],"_links":{"self":[{"href":"https:\/\/nerdzilla.com.br\/zh\/wp-json\/wp\/v2\/pages\/4654","targetHints":{"allow":["GET"]}}],"collection":[{"href":"https:\/\/nerdzilla.com.br\/zh\/wp-json\/wp\/v2\/pages"}],"about":[{"href":"https:\/\/nerdzilla.com.br\/zh\/wp-json\/wp\/v2\/types\/page"}],"author":[{"embeddable":true,"href":"https:\/\/nerdzilla.com.br\/zh\/wp-json\/wp\/v2\/users\/3"}],"replies":[{"embeddable":true,"href":"https:\/\/nerdzilla.com.br\/zh\/wp-json\/wp\/v2\/comments?post=4654"}],"version-history":[{"count":2,"href":"https:\/\/nerdzilla.com.br\/zh\/wp-json\/wp\/v2\/pages\/4654\/revisions"}],"predecessor-version":[{"id":5551,"href":"https:\/\/nerdzilla.com.br\/zh\/wp-json\/wp\/v2\/pages\/4654\/revisions\/5551"}],"wp:attachment":[{"href":"https:\/\/nerdzilla.com.br\/zh\/wp-json\/wp\/v2\/media?parent=4654"}],"curies":[{"name":"wp","href":"https:\/\/api.w.org\/{rel}","templated":true}]}}