{"id":4388,"date":"2024-07-11T06:19:07","date_gmt":"2024-07-11T06:19:07","guid":{"rendered":"https:\/\/nerdzilla.com.br\/?page_id=4388"},"modified":"2026-01-28T06:36:27","modified_gmt":"2026-01-28T06:36:27","slug":"%e4%bd%bf%e7%94%a8%e6%a2%9d%e6%ac%be-2","status":"publish","type":"page","link":"https:\/\/nerdzilla.com.br\/zh\/%e4%bd%bf%e7%94%a8%e6%a2%9d%e6%ac%be-2\/","title":{"rendered":"\u4f7f\u7528\u689d\u6b3e"},"content":{"rendered":"<p>\u900f\u904e\u9020\u8a2a\u548c\u4f7f\u7528\u672c\u7db2\u7ad9 <strong>\u5167\u8332\u62c9<\/strong>\u4f7f\u7528\u672c\u7db2\u7ad9\u5373\u8868\u793a\u60a8\u540c\u610f\u9019\u4e9b\u4f7f\u7528\u689d\u6b3e\u3002\u5982\u679c\u60a8\u4e0d\u540c\u610f\u9019\u4e9b\u689d\u6b3e\u7684\u4efb\u4f55\u90e8\u5206\uff0c\u6211\u5011\u5efa\u8b70\u60a8\u4e0d\u8981\u4f7f\u7528\u672c\u7db2\u7ad9\u3002<\/p>\n\n\n\n<p>Nerdzilla \u662f\u4e00\u500b\u5177\u6709\u7279\u5b9a\u6027\u8cea\u7684\u7db2\u7ad9\u3002 <strong>\u8cc7\u8a0a\u8c50\u5bcc\u4e14\u5177\u7de8\u8f2f\u6027<\/strong>\u5c08\u6ce8\u65bc\u767c\u5e03\u6709\u95dc\u61c9\u7528\u7a0b\u5f0f\u3001\u6280\u8853\u548c\u6578\u4f4d\u5de5\u5177\u7684\u5206\u6790\u3001\u6307\u5357\u548c\u5efa\u8b70\u3002<\/p>\n\n\n\n<hr class=\"wp-block-separator has-alpha-channel-opacity\"\/>\n\n\n\n<h3 class=\"wp-block-heading\">\u5167\u5bb9\u4f7f\u7528<\/h3>\n\n\n\n<p>Nerdzilla \u4e0a\u767c\u5e03\u7684\u6240\u6709\u5167\u5bb9\u50c5\u4f9b\u53c3\u8003\u3002 <strong>\u5167\u5bb9\u8c50\u5bcc\u4e14\u5177\u6559\u80b2\u610f\u7fa9<\/strong>\u8cc7\u8a0a\u53ef\u80fd\u96a8\u6642\u8b8a\u66f4\u3001\u66f4\u65b0\u6216\u522a\u9664\uff0c\u6055\u4e0d\u53e6\u884c\u901a\u77e5\u3002<\/p>\n\n\n\n<p>\u4f7f\u7528\u8005\u4f7f\u7528\u672c\u7db2\u7ad9\u63d0\u4f9b\u7684\u8cc7\u8a0a\u9700\u81ea\u884c\u627f\u64d4\u5168\u90e8\u8cac\u4efb\u3002 Nerdzilla \u4e0d\u4fdd\u8b49\u4f7f\u7528\u5df2\u767c\u4f48\u7684\u5167\u5bb9\u6703\u7522\u751f\u7279\u5b9a\u7d50\u679c\u3002<\/p>\n\n\n\n<hr class=\"wp-block-separator has-alpha-channel-opacity\"\/>\n\n\n\n<h3 class=\"wp-block-heading\">\u667a\u6167\u8ca1\u7522<\/h3>\n\n\n\n<p>\u9664\u975e\u53e6\u6709\u8aaa\u660e\uff0cNerdzilla \u4e0a\u7684\u6240\u6709\u5167\u5bb9\uff0c\u5305\u62ec\u6587\u5b57\u3001\u5716\u7247\u3001\u6a19\u8a8c\u548c\u5716\u5f62\u5143\u7d20\uff0c\u5747\u53d7\u7248\u6b0a\u4fdd\u8b77\u3002<\/p>\n\n\n\n<p>\u672a\u7d93\u4e8b\u5148\u6388\u6b0a\uff0c\u7981\u6b62\u8907\u88fd\u3001\u50b3\u64ad\u6216\u4fee\u6539\u5167\u5bb9\uff0c\u4f46\u6cd5\u5f8b\u5141\u8a31\u7684\u60c5\u6cc1\u9664\u5916\uff0c\u4f8b\u5982\u5728\u9069\u7576\u8a3b\u660e\u51fa\u8655\u7684\u60c5\u6cc1\u4e0b\u5f15\u7528\u3002<\/p>\n\n\n\n<hr class=\"wp-block-separator has-alpha-channel-opacity\"\/>\n\n\n\n<h3 class=\"wp-block-heading\">\u8cac\u4efb\u9650\u5236<\/h3>\n\n\n\n<p>Nerdzilla\u4e0d\u5c0d\u56e0\u4f7f\u7528\u6216\u7121\u6cd5\u4f7f\u7528\u672c\u7db2\u7ad9\u63d0\u4f9b\u7684\u8cc7\u8a0a\u800c\u5f15\u8d77\u7684\u4efb\u4f55\u76f4\u63a5\u6216\u9593\u63a5\u640d\u5931\u627f\u64d4\u8cac\u4efb\u3002<\/p>\n\n\n\n<p>\u6211\u5011\u4e0d\u4fdd\u8b49\u5167\u5bb9\u59cb\u7d42\u6c92\u6709\u932f\u8aa4\u3001\u4e2d\u65b7\u6216\u904e\u6642\u7684\u8a0a\u606f\uff0c\u5118\u7ba1\u6211\u5011\u52aa\u529b\u4fdd\u6301\u8a0a\u606f\u7684\u6e96\u78ba\u6027\u548c\u6642\u6548\u6027\u3002<\/p>\n\n\n\n<hr class=\"wp-block-separator has-alpha-channel-opacity\"\/>\n\n\n\n<h3 class=\"wp-block-heading\">\u5916\u90e8\u7db2\u7ad9\u9023\u7d50<\/h3>\n\n\n\n<p>\u672c\u7db2\u7ad9\u53ef\u80fd\u5305\u542b\u7b2c\u4e09\u65b9\u7db2\u7ad9\u7684\u9023\u7d50\u3002\u9019\u4e9b\u9023\u7d50\u50c5\u70ba\u65b9\u4fbf\u7528\u6236\u800c\u63d0\u4f9b\u3002 Nerdzilla \u5c0d\u9019\u4e9b\u7db2\u7ad9\u7684\u5167\u5bb9\u6216\u653f\u7b56\u4e0d\u627f\u64d4\u4efb\u4f55\u8cac\u4efb\u3002<\/p>\n\n\n\n<hr class=\"wp-block-separator has-alpha-channel-opacity\"\/>\n\n\n\n<h3 class=\"wp-block-heading\">\u4f7f\u7528\u8005\u884c\u70ba<\/h3>\n\n\n\n<p>\u4f7f\u7528 Nerdzilla \u5373\u8868\u793a\u4f7f\u7528\u8005\u540c\u610f\uff1a<\/p>\n\n\n\n<ul class=\"wp-block-list\">\n<li>\u8acb\u52ff\u5c07\u672c\u7db2\u7ad9\u7528\u65bc\u975e\u6cd5\u76ee\u7684\u6216\u9055\u53cd\u73fe\u884c\u6cd5\u5f8b\u7684\u76ee\u7684\uff1b<\/li>\n\n\n\n<li>\u4e0d\u5f97\u767c\u5e03\u6216\u50b3\u64ad\u653b\u64ca\u6027\u3001\u6b67\u8996\u6027\u6216\u975e\u6cd5\u5167\u5bb9\uff1b<\/li>\n\n\n\n<li>\u8acb\u52ff\u8a66\u5716\u7834\u58de\u7db2\u7ad9\u7684\u5b89\u5168\u6027\u3001\u5b8c\u6574\u6027\u6216\u529f\u80fd\u3002<\/li>\n<\/ul>\n\n\n\n<hr class=\"wp-block-separator has-alpha-channel-opacity\"\/>\n\n\n\n<h3 class=\"wp-block-heading\">\u689d\u6b3e\u8b8a\u66f4<\/h3>\n\n\n\n<p>Nerdzilla\u53ef\u80fd\u6703\u5b9a\u671f\u66f4\u65b0\u9019\u4e9b\u4f7f\u7528\u689d\u6b3e\u3002\u5efa\u8b70\u4f7f\u7528\u8005\u5b9a\u671f\u67e5\u770b\u6b64\u9801\u9762\uff0c\u4ee5\u4e86\u89e3\u4efb\u4f55\u8b8a\u66f4\u3002<\/p>\n\n\n\n<hr class=\"wp-block-separator has-alpha-channel-opacity\"\/>\n\n\n\n<h3 class=\"wp-block-heading\">\u63a5\u89f8<\/h3>\n\n\n\n<p>\u5982\u679c\u60a8\u5c0d\u9019\u4e9b\u4f7f\u7528\u689d\u6b3e\u6709\u4efb\u4f55\u7591\u554f\uff0c\u8acb\u900f\u904e\u96fb\u5b50\u90f5\u4ef6\u8207\u6211\u5011\u806f\u7d61\uff1a<\/p>\n\n\n\n<p><strong><a>contato@nerdzilla.com.br<\/a><\/strong><\/p>","protected":false},"excerpt":{"rendered":"<p>Ao acessar e utilizar o site Nerdzilla, voc\u00ea concorda com os presentes Termos de Uso. Caso n\u00e3o concorde com qualquer parte destes termos, recomendamos que n\u00e3o utilize o site. O Nerdzilla \u00e9 um site de car\u00e1ter informativo e editorial, voltado \u00e0 publica\u00e7\u00e3o de an\u00e1lises, guias e recomenda\u00e7\u00f5es sobre aplicativos, tecnologia e ferramentas digitais. Uso do [&hellip;]<\/p>","protected":false},"author":3,"featured_media":0,"parent":0,"menu_order":0,"comment_status":"closed","ping_status":"closed","template":"","meta":{"footnotes":""},"class_list":["post-4388","page","type-page","status-publish"],"_links":{"self":[{"href":"https:\/\/nerdzilla.com.br\/zh\/wp-json\/wp\/v2\/pages\/4388","targetHints":{"allow":["GET"]}}],"collection":[{"href":"https:\/\/nerdzilla.com.br\/zh\/wp-json\/wp\/v2\/pages"}],"about":[{"href":"https:\/\/nerdzilla.com.br\/zh\/wp-json\/wp\/v2\/types\/page"}],"author":[{"embeddable":true,"href":"https:\/\/nerdzilla.com.br\/zh\/wp-json\/wp\/v2\/users\/3"}],"replies":[{"embeddable":true,"href":"https:\/\/nerdzilla.com.br\/zh\/wp-json\/wp\/v2\/comments?post=4388"}],"version-history":[{"count":3,"href":"https:\/\/nerdzilla.com.br\/zh\/wp-json\/wp\/v2\/pages\/4388\/revisions"}],"predecessor-version":[{"id":5557,"href":"https:\/\/nerdzilla.com.br\/zh\/wp-json\/wp\/v2\/pages\/4388\/revisions\/5557"}],"wp:attachment":[{"href":"https:\/\/nerdzilla.com.br\/zh\/wp-json\/wp\/v2\/media?parent=4388"}],"curies":[{"name":"wp","href":"https:\/\/api.w.org\/{rel}","templated":true}]}}