{"id":882,"date":"2023-03-15T13:30:03","date_gmt":"2023-03-15T13:30:03","guid":{"rendered":"https:\/\/nerdzilla.com.br\/?page_id=882"},"modified":"2026-01-28T06:35:22","modified_gmt":"2026-01-28T06:35:22","slug":"chinh-sach-bao-mat-2","status":"publish","type":"page","link":"https:\/\/nerdzilla.com.br\/vi\/chinh-sach-bao-mat-2\/","title":{"rendered":"Ch\u00ednh s\u00e1ch b\u1ea3o m\u1eadt"},"content":{"rendered":"<p>Quy\u1ec1n ri\u00eang t\u01b0 c\u1ee7a b\u1ea1n r\u1ea5t quan tr\u1ecdng \u0111\u1ed1i v\u1edbi ch\u00fang t\u00f4i. \u0110\u00f3 l\u00e0 ch\u00ednh s\u00e1ch c\u1ee7a ch\u00fang t\u00f4i. <strong>Nerdzilla<\/strong> Ch\u00fang t\u00f4i s\u1ebd t\u00f4n tr\u1ecdng quy\u1ec1n ri\u00eang t\u01b0 c\u1ee7a b\u1ea1n \u0111\u1ed1i v\u1edbi b\u1ea5t k\u1ef3 th\u00f4ng tin n\u00e0o ch\u00fang t\u00f4i thu th\u1eadp tr\u00ean trang web Nerdzilla.<\/p>\n\n\n\n<p>Nerdzilla l\u00e0 m\u1ed9t trang web thu\u1ed9c m\u1ed9t lo\u1ea1i h\u00ecnh nh\u1ea5t \u0111\u1ecbnh. <strong>th\u00f4ng tin v\u00e0 bi\u00ean t\u1eadp<\/strong>Trang web n\u00e0y chuy\u00ean \u0111\u0103ng t\u1ea3i c\u00e1c b\u00e0i \u0111\u00e1nh gi\u00e1, h\u01b0\u1edbng d\u1eabn v\u00e0 \u0111\u1ec1 xu\u1ea5t v\u1ec1 \u1ee9ng d\u1ee5ng, c\u00f4ng ngh\u1ec7 v\u00e0 c\u00e1c c\u00f4ng c\u1ee5 k\u1ef9 thu\u1eadt s\u1ed1. Ch\u00fang t\u00f4i kh\u00f4ng b\u00e1n s\u1ea3n ph\u1ea9m ho\u1eb7c d\u1ecbch v\u1ee5 tr\u1ef1c ti\u1ebfp th\u00f4ng qua trang web n\u00e0y.<\/p>\n\n\n\n<hr class=\"wp-block-separator has-alpha-channel-opacity\"\/>\n\n\n\n<h3 class=\"wp-block-heading\">Thu th\u1eadp th\u00f4ng tin<\/h3>\n\n\n\n<p>Ch\u00fang t\u00f4i ch\u1ec9 y\u00eau c\u1ea7u th\u00f4ng tin c\u00e1 nh\u00e2n khi th\u1ef1c s\u1ef1 c\u1ea7n thi\u1ebft, ch\u1eb3ng h\u1ea1n nh\u01b0 khi li\u00ean h\u1ec7 v\u1edbi b\u1ea1n qua email ho\u1eb7c qua c\u00e1c bi\u1ec3u m\u1eabu c\u00f3 s\u1eb5n tr\u00ean trang web. Th\u00f4ng tin \u0111\u01b0\u1ee3c thu th\u1eadp m\u1ed9t c\u00e1ch c\u00f4ng b\u1eb1ng v\u00e0 h\u1ee3p ph\u00e1p, v\u1edbi s\u1ef1 hi\u1ec3u bi\u1ebft v\u00e0 \u0111\u1ed3ng \u00fd c\u1ee7a ng\u01b0\u1eddi d\u00f9ng.<\/p>\n\n\n\n<p>Th\u00f4ng tin thu th\u1eadp c\u00f3 th\u1ec3 bao g\u1ed3m, v\u00ed d\u1ee5, t\u00ean v\u00e0 \u0111\u1ecba ch\u1ec9 email, ch\u1ec9 nh\u1eb1m m\u1ee5c \u0111\u00edch ph\u1ea3n h\u1ed3i, li\u00ean l\u1ea1c ho\u1eb7c c\u1ea3i thi\u1ec7n n\u1ed9i dung bi\u00ean t\u1eadp.<\/p>\n\n\n\n<hr class=\"wp-block-separator has-alpha-channel-opacity\"\/>\n\n\n\n<h3 class=\"wp-block-heading\">S\u1eed d\u1ee5ng th\u00f4ng tin<\/h3>\n\n\n\n<p>Th\u00f4ng tin thu th\u1eadp \u0111\u01b0\u1ee3c \u0111\u01b0\u1ee3c s\u1eed d\u1ee5ng cho c\u00e1c m\u1ee5c \u0111\u00edch sau:<\/p>\n\n\n\n<ul class=\"wp-block-list\">\n<li>Tr\u1ea3 l\u1eddi c\u00e1c tin nh\u1eafn do ng\u01b0\u1eddi d\u00f9ng g\u1eedi;<\/li>\n\n\n\n<li>C\u1ea3i thi\u1ec7n tr\u1ea3i nghi\u1ec7m duy\u1ec7t web;<\/li>\n\n\n\n<li>\u0110\u1ec3 hi\u1ec3u c\u00e1ch th\u1ee9c s\u1eed d\u1ee5ng trang web m\u1ed9t c\u00e1ch t\u1ed5ng h\u1ee3p v\u00e0 \u1ea9n danh.<\/li>\n<\/ul>\n\n\n\n<p>Ch\u00fang t\u00f4i kh\u00f4ng s\u1eed d\u1ee5ng d\u1eef li\u1ec7u cho m\u1ee5c \u0111\u00edch th\u01b0\u01a1ng m\u1ea1i tr\u1ef1c ti\u1ebfp.<\/p>\n\n\n\n<hr class=\"wp-block-separator has-alpha-channel-opacity\"\/>\n\n\n\n<h3 class=\"wp-block-heading\">L\u01b0u tr\u1eef v\u00e0 b\u1ea3o v\u1ec7 d\u1eef li\u1ec7u<\/h3>\n\n\n\n<p>Ch\u00fang t\u00f4i ch\u1ec9 l\u01b0u gi\u1eef th\u00f4ng tin \u0111\u00e3 thu th\u1eadp trong th\u1eddi gian c\u1ea7n thi\u1ebft \u0111\u1ec3 th\u1ef1c hi\u1ec7n m\u1ee5c \u0111\u00edch m\u00e0 th\u00f4ng tin \u0111\u00f3 \u0111\u01b0\u1ee3c y\u00eau c\u1ea7u. Ch\u00fang t\u00f4i \u00e1p d\u1ee5ng c\u00e1c bi\u1ec7n ph\u00e1p b\u1ea3o m\u1eadt h\u1ee3p l\u00fd \u0111\u1ec3 b\u1ea3o v\u1ec7 d\u1eef li\u1ec7u kh\u1ecfi s\u1ef1 truy c\u1eadp, ti\u1ebft l\u1ed9, s\u1eeda \u0111\u1ed5i ho\u1eb7c ph\u00e1 h\u1ee7y tr\u00e1i ph\u00e9p.<\/p>\n\n\n\n<hr class=\"wp-block-separator has-alpha-channel-opacity\"\/>\n\n\n\n<h3 class=\"wp-block-heading\">Chia s\u1ebb th\u00f4ng tin<\/h3>\n\n\n\n<p>Ch\u00fang t\u00f4i kh\u00f4ng chia s\u1ebb th\u00f4ng tin nh\u1eadn d\u1ea1ng c\u00e1 nh\u00e2n c\u00f4ng khai ho\u1eb7c v\u1edbi b\u00ean th\u1ee9 ba, tr\u1eeb tr\u01b0\u1eddng h\u1ee3p ph\u00e1p lu\u1eadt y\u00eau c\u1ea7u.<\/p>\n\n\n\n<hr class=\"wp-block-separator has-alpha-channel-opacity\"\/>\n\n\n\n<h3 class=\"wp-block-heading\">Li\u00ean k\u1ebft \u0111\u1ebfn c\u00e1c trang web b\u00ean ngo\u00e0i<\/h3>\n\n\n\n<p>Nerdzilla c\u00f3 th\u1ec3 ch\u1ee9a c\u00e1c li\u00ean k\u1ebft \u0111\u1ebfn c\u00e1c trang web b\u00ean ngo\u00e0i kh\u00f4ng do ch\u00fang t\u00f4i \u0111i\u1ec1u h\u00e0nh. Ch\u00fang t\u00f4i kh\u00f4ng ki\u1ec3m so\u00e1t n\u1ed9i dung v\u00e0 ho\u1ea1t \u0111\u1ed9ng c\u1ee7a c\u00e1c trang web n\u00e0y v\u00e0 kh\u00f4ng ch\u1ecbu tr\u00e1ch nhi\u1ec7m v\u1ec1 ch\u00ednh s\u00e1ch b\u1ea3o m\u1eadt c\u1ee7a ch\u00fang.<\/p>\n\n\n\n<hr class=\"wp-block-separator has-alpha-channel-opacity\"\/>\n\n\n\n<h3 class=\"wp-block-heading\">B\u00e1nh quy<\/h3>\n\n\n\n<p>Nerdzilla s\u1eed d\u1ee5ng cookie \u0111\u1ec3 c\u1ea3i thi\u1ec7n tr\u1ea3i nghi\u1ec7m ng\u01b0\u1eddi d\u00f9ng. Cookie l\u00e0 nh\u1eefng t\u1ec7p nh\u1ecf \u0111\u01b0\u1ee3c l\u01b0u tr\u1eef tr\u00ean thi\u1ebft b\u1ecb c\u1ee7a ng\u01b0\u1eddi d\u00f9ng, gi\u00fap ch\u00fang t\u00f4i hi\u1ec3u c\u00e1ch ng\u01b0\u1eddi d\u00f9ng s\u1eed d\u1ee5ng trang web.<\/p>\n\n\n\n<p>Ng\u01b0\u1eddi d\u00f9ng c\u00f3 th\u1ec3 v\u00f4 hi\u1ec7u h\u00f3a cookie b\u1eb1ng c\u00e1ch \u0111i\u1ec1u ch\u1ec9nh c\u00e0i \u0111\u1eb7t tr\u00ecnh duy\u1ec7t c\u1ee7a m\u00ecnh. Tuy nhi\u00ean, vi\u1ec7c v\u00f4 hi\u1ec7u h\u00f3a cookie c\u00f3 th\u1ec3 \u1ea3nh h\u01b0\u1edfng \u0111\u1ebfn ch\u1ee9c n\u0103ng c\u1ee7a m\u1ed9t s\u1ed1 ph\u1ea7n tr\u00ean trang web.<\/p>\n\n\n\n<hr class=\"wp-block-separator has-alpha-channel-opacity\"\/>\n\n\n\n<h3 class=\"wp-block-heading\">Cookie v\u00e0 qu\u1ea3ng c\u00e1o c\u1ee7a b\u00ean th\u1ee9 ba<\/h3>\n\n\n\n<p>Nerdzilla s\u1eed d\u1ee5ng c\u00e1c d\u1ecbch v\u1ee5 c\u1ee7a b\u00ean th\u1ee9 ba, ch\u1eb3ng h\u1ea1n nh\u01b0... <strong>Google ph\u00e2n t\u00edch<\/strong>\u0110\u1ec3 ph\u00e2n t\u00edch l\u01b0u l\u01b0\u1ee3ng truy c\u1eadp trang web v\u00e0 h\u00e0nh vi ng\u01b0\u1eddi d\u00f9ng m\u1ed9t c\u00e1ch t\u1ed5ng h\u1ee3p v\u00e0 \u1ea9n danh.<\/p>\n\n\n\n<p>Ch\u00fang t\u00f4i c\u0169ng s\u1eed d\u1ee5ng c\u00e1c d\u1ecbch v\u1ee5 qu\u1ea3ng c\u00e1o, ch\u1eb3ng h\u1ea1n nh\u01b0 <strong>Google AdSense<\/strong>Trang web n\u00e0y c\u00f3 th\u1ec3 s\u1eed d\u1ee5ng cookie, web beacon ho\u1eb7c c\u00e1c c\u00f4ng ngh\u1ec7 t\u01b0\u01a1ng t\u1ef1 \u0111\u1ec3 hi\u1ec3n th\u1ecb qu\u1ea3ng c\u00e1o ph\u00f9 h\u1ee3p d\u1ef1a tr\u00ean l\u01b0\u1ee3t truy c\u1eadp c\u1ee7a ng\u01b0\u1eddi d\u00f9ng v\u00e0o trang web n\u00e0y v\u00e0 c\u00e1c trang web kh\u00e1c.<\/p>\n\n\n\n<p>Google c\u00f3 th\u1ec3 s\u1eed d\u1ee5ng cookie n\u00e0y. <strong>DoubleClick DART<\/strong>Cookie n\u00e0y cho ph\u00e9p ch\u00fang t\u00f4i hi\u1ec3n th\u1ecb qu\u1ea3ng c\u00e1o cho ng\u01b0\u1eddi d\u00f9ng d\u1ef1a tr\u00ean c\u00e1c l\u1ea7n truy c\u1eadp tr\u01b0\u1edbc \u0111\u00f3 c\u1ee7a h\u1ecd. Ng\u01b0\u1eddi d\u00f9ng c\u00f3 th\u1ec3 t\u1eaft vi\u1ec7c s\u1eed d\u1ee5ng cookie n\u00e0y b\u1eb1ng c\u00e1ch truy c\u1eadp v\u00e0o c\u00e0i \u0111\u1eb7t qu\u1ea3ng c\u00e1o c\u1ee7a Google.<\/p>\n\n\n\n<hr class=\"wp-block-separator has-alpha-channel-opacity\"\/>\n\n\n\n<h3 class=\"wp-block-heading\">Cam k\u1ebft c\u1ee7a ng\u01b0\u1eddi d\u00f9ng<\/h3>\n\n\n\n<p>Ng\u01b0\u1eddi d\u00f9ng \u0111\u1ed3ng \u00fd s\u1eed d\u1ee5ng n\u1ed9i dung v\u00e0 th\u00f4ng tin do Nerdzilla cung c\u1ea5p m\u1ed9t c\u00e1ch ph\u00f9 h\u1ee3p, cam k\u1ebft kh\u00f4ng:<\/p>\n\n\n\n<ul class=\"wp-block-list\">\n<li>Ti\u1ebfn h\u00e0nh c\u00e1c ho\u1ea1t \u0111\u1ed9ng b\u1ea5t h\u1ee3p ph\u00e1p ho\u1eb7c c\u00e1c ho\u1ea1t \u0111\u1ed9ng tr\u00e1i v\u1edbi thi\u1ec7n ch\u00ed v\u00e0 tr\u1eadt t\u1ef1 c\u00f4ng c\u1ed9ng;<\/li>\n\n\n\n<li>Ph\u00e1t t\u00e1n n\u1ed9i dung mang t\u00ednh ph\u00e2n bi\u1ec7t \u0111\u1ed1i x\u1eed, x\u00fac ph\u1ea1m, b\u1ea5t h\u1ee3p ph\u00e1p ho\u1eb7c n\u1ed9i dung vi ph\u1ea1m nh\u00e2n quy\u1ec1n;<\/li>\n\n\n\n<li>G\u00e2y thi\u1ec7t h\u1ea1i cho h\u1ec7 th\u1ed1ng c\u1ee7a Nerdzilla ho\u1eb7c h\u1ec7 th\u1ed1ng c\u1ee7a b\u00ean th\u1ee9 ba b\u1eb1ng c\u00e1ch \u0111\u01b0a m\u00e3 \u0111\u1ed9c v\u00e0o.<\/li>\n<\/ul>\n\n\n\n<hr class=\"wp-block-separator has-alpha-channel-opacity\"\/>\n\n\n\n<h3 class=\"wp-block-heading\">B\u1eb1ng l\u00f2ng<\/h3>\n\n\n\n<p>Vi\u1ec7c ti\u1ebfp t\u1ee5c s\u1eed d\u1ee5ng trang web Nerdzilla s\u1ebd \u0111\u01b0\u1ee3c coi l\u00e0 s\u1ef1 ch\u1ea5p nh\u1eadn Ch\u00ednh s\u00e1ch B\u1ea3o m\u1eadt n\u00e0y.<\/p>\n\n\n\n<hr class=\"wp-block-separator has-alpha-channel-opacity\"\/>\n\n\n\n<h3 class=\"wp-block-heading\">Li\u00ean h\u1ec7<\/h3>\n\n\n\n<p>N\u1ebfu b\u1ea1n c\u00f3 b\u1ea5t k\u1ef3 c\u00e2u h\u1ecfi n\u00e0o v\u1ec1 Ch\u00ednh s\u00e1ch b\u1ea3o m\u1eadt n\u00e0y ho\u1eb7c c\u00e1ch ch\u00fang t\u00f4i x\u1eed l\u00fd d\u1eef li\u1ec7u ng\u01b0\u1eddi d\u00f9ng, vui l\u00f2ng li\u00ean h\u1ec7 v\u1edbi ch\u00fang t\u00f4i qua email:<\/p>\n\n\n\n<p><strong><a>contato@nerdzilla.com.br<\/a><\/strong><\/p>","protected":false},"excerpt":{"rendered":"<p>A sua privacidade \u00e9 importante para n\u00f3s. \u00c9 pol\u00edtica do Nerdzilla respeitar a sua privacidade em rela\u00e7\u00e3o a qualquer informa\u00e7\u00e3o que possamos coletar no site Nerdzilla. O Nerdzilla \u00e9 um site de car\u00e1ter informativo e editorial, dedicado \u00e0 publica\u00e7\u00e3o de an\u00e1lises, guias e recomenda\u00e7\u00f5es sobre aplicativos, tecnologia e ferramentas digitais. N\u00e3o comercializamos produtos ou servi\u00e7os [&hellip;]<\/p>","protected":false},"author":3,"featured_media":0,"parent":0,"menu_order":0,"comment_status":"closed","ping_status":"closed","template":"","meta":{"footnotes":""},"class_list":["post-882","page","type-page","status-publish"],"_links":{"self":[{"href":"https:\/\/nerdzilla.com.br\/vi\/wp-json\/wp\/v2\/pages\/882","targetHints":{"allow":["GET"]}}],"collection":[{"href":"https:\/\/nerdzilla.com.br\/vi\/wp-json\/wp\/v2\/pages"}],"about":[{"href":"https:\/\/nerdzilla.com.br\/vi\/wp-json\/wp\/v2\/types\/page"}],"author":[{"embeddable":true,"href":"https:\/\/nerdzilla.com.br\/vi\/wp-json\/wp\/v2\/users\/3"}],"replies":[{"embeddable":true,"href":"https:\/\/nerdzilla.com.br\/vi\/wp-json\/wp\/v2\/comments?post=882"}],"version-history":[{"count":5,"href":"https:\/\/nerdzilla.com.br\/vi\/wp-json\/wp\/v2\/pages\/882\/revisions"}],"predecessor-version":[{"id":5555,"href":"https:\/\/nerdzilla.com.br\/vi\/wp-json\/wp\/v2\/pages\/882\/revisions\/5555"}],"wp:attachment":[{"href":"https:\/\/nerdzilla.com.br\/vi\/wp-json\/wp\/v2\/media?parent=882"}],"curies":[{"name":"wp","href":"https:\/\/api.w.org\/{rel}","templated":true}]}}