{"id":880,"date":"2023-03-15T13:25:53","date_gmt":"2023-03-15T13:25:53","guid":{"rendered":"https:\/\/nerdzilla.com.br\/?page_id=880"},"modified":"2026-01-28T06:41:08","modified_gmt":"2026-01-28T06:41:08","slug":"ve-chung-toi","status":"publish","type":"page","link":"https:\/\/nerdzilla.com.br\/vi\/ve-chung-toi\/","title":{"rendered":"Ch\u00fang t\u00f4i l\u00e0 ai"},"content":{"rendered":"<p>Nerdzilla l\u00e0 m\u1ed9t trang web cung c\u1ea5p n\u1ed9i dung th\u00f4ng tin chuy\u00ean v\u1ec1 c\u00e1c h\u01b0\u1edbng d\u1eabn, \u0111\u00e1nh gi\u00e1 v\u00e0 \u0111\u1ec1 xu\u1ea5t \u1ee9ng d\u1ee5ng v\u00e0 c\u00f4ng c\u1ee5 k\u1ef9 thu\u1eadt s\u1ed1. M\u1ee5c ti\u00eau c\u1ee7a ch\u00fang t\u00f4i l\u00e0 gi\u00fap ng\u01b0\u1eddi d\u00f9ng \u0111\u01b0a ra nh\u1eefng quy\u1ebft \u0111\u1ecbnh s\u00e1ng su\u1ed1t h\u01a1n v\u1ec1 vi\u1ec7c s\u1eed d\u1ee5ng c\u00f4ng ngh\u1ec7 h\u00e0ng ng\u00e0y.<\/p>\n\n\n\n<p>N\u1ed9i dung \u0111\u01b0\u1ee3c \u0111\u0103ng t\u1ea3i tr\u00ean Nerdzilla \u0111\u01b0\u1ee3c ph\u00e1t tri\u1ec3n v\u1edbi tr\u1ecdng t\u00e2m bi\u00ean t\u1eadp, gi\u00e1o d\u1ee5c v\u00e0 cung c\u1ea5p th\u00f4ng tin, lu\u00f4n h\u01b0\u1edbng \u0111\u1ebfn s\u1ef1 r\u00f5 r\u00e0ng, h\u1eefu \u00edch v\u00e0 c\u1eadp nh\u1eadt li\u00ean t\u1ee5c.<\/p>\n\n\n\n<p>Trang web \u0111\u01b0\u1ee3c duy tr\u00ec b\u1edfi m\u1ed9t nh\u00f3m bi\u00ean t\u1eadp \u0111\u1ed9c l\u1eadp, ch\u1ecbu tr\u00e1ch nhi\u1ec7m nghi\u00ean c\u1ee9u, s\u1ea3n xu\u1ea5t v\u00e0 ki\u1ec3m duy\u1ec7t n\u1ed9i dung \u0111\u01b0\u1ee3c \u0111\u0103ng t\u1ea3i.<\/p>","protected":false},"excerpt":{"rendered":"<p>O Nerdzilla \u00e9 um site de conte\u00fado informativo dedicado \u00e0 produ\u00e7\u00e3o de guias, an\u00e1lises e recomenda\u00e7\u00f5es de aplicativos e ferramentas digitais. Nosso objetivo \u00e9 ajudar usu\u00e1rios a tomar decis\u00f5es mais conscientes sobre o uso da tecnologia no dia a dia. O conte\u00fado publicado no Nerdzilla \u00e9 desenvolvido com foco editorial, educacional e informativo, buscando sempre [&hellip;]<\/p>","protected":false},"author":3,"featured_media":0,"parent":0,"menu_order":0,"comment_status":"closed","ping_status":"closed","template":"","meta":{"footnotes":""},"class_list":["post-880","page","type-page","status-publish"],"_links":{"self":[{"href":"https:\/\/nerdzilla.com.br\/vi\/wp-json\/wp\/v2\/pages\/880","targetHints":{"allow":["GET"]}}],"collection":[{"href":"https:\/\/nerdzilla.com.br\/vi\/wp-json\/wp\/v2\/pages"}],"about":[{"href":"https:\/\/nerdzilla.com.br\/vi\/wp-json\/wp\/v2\/types\/page"}],"author":[{"embeddable":true,"href":"https:\/\/nerdzilla.com.br\/vi\/wp-json\/wp\/v2\/users\/3"}],"replies":[{"embeddable":true,"href":"https:\/\/nerdzilla.com.br\/vi\/wp-json\/wp\/v2\/comments?post=880"}],"version-history":[{"count":2,"href":"https:\/\/nerdzilla.com.br\/vi\/wp-json\/wp\/v2\/pages\/880\/revisions"}],"predecessor-version":[{"id":5561,"href":"https:\/\/nerdzilla.com.br\/vi\/wp-json\/wp\/v2\/pages\/880\/revisions\/5561"}],"wp:attachment":[{"href":"https:\/\/nerdzilla.com.br\/vi\/wp-json\/wp\/v2\/media?parent=880"}],"curies":[{"name":"wp","href":"https:\/\/api.w.org\/{rel}","templated":true}]}}