{"id":4654,"date":"2025-05-17T21:25:46","date_gmt":"2025-05-17T21:25:46","guid":{"rendered":"https:\/\/nerdzilla.com.br\/contato\/"},"modified":"2026-01-28T06:29:54","modified_gmt":"2026-01-28T06:29:54","slug":"lien-he","status":"publish","type":"page","link":"https:\/\/nerdzilla.com.br\/vi\/lien-he\/","title":{"rendered":"Li\u00ean h\u1ec7"},"content":{"rendered":"<p>Nerdzilla coi tr\u1ecdng vi\u1ec7c giao ti\u1ebfp v\u1edbi \u0111\u1ed9c gi\u1ea3.<\/p>\n\n\n\n<p>N\u1ebfu b\u1ea1n c\u00f3 b\u1ea5t k\u1ef3 c\u00e2u h\u1ecfi, \u0111\u1ec1 xu\u1ea5t, g\u00f3p \u00fd ho\u1eb7c mu\u1ed1n li\u00ean h\u1ec7 v\u1edbi ch\u00fang t\u00f4i v\u1ec1 n\u1ed9i dung \u0111\u01b0\u1ee3c \u0111\u0103ng t\u1ea3i tr\u00ean trang web, vui l\u00f2ng s\u1eed d\u1ee5ng m\u1ed9t trong c\u00e1c k\u00eanh li\u00ean l\u1ea1c b\u00ean d\u01b0\u1edbi.<\/p>\n\n\n\n<p>Ch\u00fang t\u00f4i s\u1ebd ph\u1ea3n h\u1ed3i b\u1ea5t c\u1ee9 khi n\u00e0o c\u00f3 th\u1ec3 v\u00e0 \u01b0u ti\u00ean c\u00e1c tin nh\u1eafn li\u00ean quan \u0111\u1ebfn n\u1ed9i dung bi\u00ean t\u1eadp.<\/p>\n\n\n\n<p>Email: contato@nerdzilla.com.br<\/p>\n\n\n<style id=\"wpforms-css-vars-1635-block-2d80c691-9f8a-40cd-8cbe-13aadfd56083\">\n\t\t\t\t#wpforms-1635.wpforms-block-2d80c691-9f8a-40cd-8cbe-13aadfd56083 {\n\t\t\t\t--wpforms-field-size-input-height: 43px;\n--wpforms-field-size-input-spacing: 15px;\n--wpforms-field-size-font-size: 16px;\n--wpforms-field-size-line-height: 19px;\n--wpforms-field-size-padding-h: 14px;\n--wpforms-field-size-checkbox-size: 16px;\n--wpforms-field-size-sublabel-spacing: 5px;\n--wpforms-field-size-icon-size: 1;\n--wpforms-label-size-font-size: 16px;\n--wpforms-label-size-line-height: 19px;\n--wpforms-label-size-sublabel-font-size: 14px;\n--wpforms-label-size-sublabel-line-height: 17px;\n--wpforms-button-size-font-size: 17px;\n--wpforms-button-size-height: 41px;\n--wpforms-button-size-padding-h: 15px;\n--wpforms-button-size-margin-top: 10px;\n\t\t\t}\n\t\t\t<\/style><div class=\"wpforms-container wpforms-container-full wpforms-block wpforms-block-2d80c691-9f8a-40cd-8cbe-13aadfd56083 wpforms-render-modern\" id=\"wpforms-1635\"><form id=\"wpforms-form-1635\" class=\"wpforms-validate wpforms-form wpforms-ajax-form\" data-formid=\"1635\" method=\"post\" enctype=\"multipart\/form-data\" action=\"\/vi\/wp-json\/wp\/v2\/pages\/4654\" data-token=\"0a5e368fb1195f07c26ff1faf6e8c441\" data-token-time=\"1775597460\" data-trp-original-action=\"\/vi\/wp-json\/wp\/v2\/pages\/4654\"><noscript class=\"wpforms-error-noscript\">Vui l\u00f2ng b\u1eadt JavaScript trong tr\u00ecnh duy\u1ec7t c\u1ee7a b\u1ea1n \u0111\u1ec3 ho\u00e0n th\u00e0nh Form n\u00e0y.<\/noscript><div id=\"wpforms-error-noscript\" style=\"display: none;\">Vui l\u00f2ng b\u1eadt JavaScript trong tr\u00ecnh duy\u1ec7t c\u1ee7a b\u1ea1n \u0111\u1ec3 ho\u00e0n th\u00e0nh Form n\u00e0y.<\/div><div class=\"wpforms-field-container\"><div id=\"wpforms-1635-field_0-container\" class=\"wpforms-field wpforms-field-name\" data-field-id=\"0\"><fieldset><legend class=\"wpforms-field-label\">T\u00ean <span class=\"wpforms-required-label\" aria-hidden=\"true\">*<\/span><\/legend><div class=\"wpforms-field-row wpforms-field-medium\"><div class=\"wpforms-field-row-block wpforms-first wpforms-one-half\"><input type=\"text\" id=\"wpforms-1635-field_0\" class=\"wpforms-field-name-first wpforms-field-required\" name=\"wpforms[fields][0][first]\" aria-errormessage=\"wpforms-1635-field_0-error\" required><label for=\"wpforms-1635-field_0\" class=\"wpforms-field-sublabel after\">T\u00ean<\/label><\/div><div class=\"wpforms-field-row-block wpforms-one-half\"><input type=\"text\" id=\"wpforms-1635-field_0-last\" class=\"wpforms-field-name-last wpforms-field-required\" name=\"wpforms[fields][0][last]\" aria-errormessage=\"wpforms-1635-field_0-last-error\" required><label for=\"wpforms-1635-field_0-last\" class=\"wpforms-field-sublabel after\">H\u1ecd<\/label><\/div><\/div><\/fieldset><\/div><div id=\"wpforms-1635-field_1-container\" class=\"wpforms-field wpforms-field-email\" data-field-id=\"1\"><label class=\"wpforms-field-label\" for=\"wpforms-1635-field_1\">E-mail <span class=\"wpforms-required-label\" aria-hidden=\"true\">*<\/span><\/label><input type=\"email\" id=\"wpforms-1635-field_1\" class=\"wpforms-field-medium wpforms-field-required\" name=\"wpforms[fields][1]\" spellcheck=\"false\" aria-errormessage=\"wpforms-1635-field_1-error\" required><\/div><div id=\"wpforms-1635-field_2-container\" class=\"wpforms-field wpforms-field-textarea\" data-field-id=\"2\"><label class=\"wpforms-field-label\" for=\"wpforms-1635-field_2\">B\u00ecnh lu\u1eadn ho\u1eb7c tin nh\u1eafn<\/label><textarea id=\"wpforms-1635-field_2\" class=\"wpforms-field-medium\" name=\"wpforms[fields][2]\" aria-errormessage=\"wpforms-1635-field_2-error\" ><\/textarea><\/div><\/div><!-- .wpforms-field-container --><div class=\"wpforms-submit-container\" ><input type=\"hidden\" name=\"wpforms[id]\" value=\"1635\"><input type=\"hidden\" name=\"page_title\" value=\"\"><input type=\"hidden\" name=\"page_url\" value=\"https:\/\/nerdzilla.com.br\/vi\/wp-json\/wp\/v2\/pages\/4654\"><input type=\"hidden\" name=\"url_referer\" value=\"\"><button type=\"submit\" name=\"wpforms[submit]\" id=\"wpforms-submit-1635\" class=\"wpforms-submit\" data-alt-text=\"Enviando\u2026\" data-submit-text=\"Enviar\" aria-live=\"assertive\" value=\"wpforms-submit\">\u0110\u00ea\u0309 g\u01b0\u0309i<\/button><img loading=\"lazy\" decoding=\"async\" src=\"https:\/\/nerdzilla.com.br\/wp-content\/plugins\/wpforms-lite\/assets\/images\/submit-spin.svg\" class=\"wpforms-submit-spinner\" style=\"display: none;\" width=\"26\" height=\"26\" alt=\"\u0110ang t\u1ea3i\"><\/div><input type=\"hidden\" name=\"trp-form-language\" value=\"vi\"\/><\/form><\/div>  <!-- .wpforms-container -->\n\n\n<p>Th\u00f4ng tin b\u1ea1n cung c\u1ea5p ch\u1ec9 \u0111\u01b0\u1ee3c s\u1eed d\u1ee5ng \u0111\u1ec3 tr\u1ea3 l\u1eddi y\u00eau c\u1ea7u c\u1ee7a b\u1ea1n.<\/p>","protected":false},"excerpt":{"rendered":"<p>O Nerdzilla valoriza a comunica\u00e7\u00e3o com seus leitores. Caso voc\u00ea tenha d\u00favidas, sugest\u00f5es, corre\u00e7\u00f5es ou queira entrar em contato sobre o conte\u00fado publicado no site, utilize um dos canais abaixo. Respondemos sempre que poss\u00edvel e priorizamos mensagens relacionadas ao conte\u00fado editorial. E-mail: contato@nerdzilla.com.br As informa\u00e7\u00f5es enviadas s\u00e3o utilizadas exclusivamente para responder ao contato.<\/p>","protected":false},"author":3,"featured_media":0,"parent":0,"menu_order":0,"comment_status":"closed","ping_status":"closed","template":"","meta":{"footnotes":""},"class_list":["post-4654","page","type-page","status-publish"],"_links":{"self":[{"href":"https:\/\/nerdzilla.com.br\/vi\/wp-json\/wp\/v2\/pages\/4654","targetHints":{"allow":["GET"]}}],"collection":[{"href":"https:\/\/nerdzilla.com.br\/vi\/wp-json\/wp\/v2\/pages"}],"about":[{"href":"https:\/\/nerdzilla.com.br\/vi\/wp-json\/wp\/v2\/types\/page"}],"author":[{"embeddable":true,"href":"https:\/\/nerdzilla.com.br\/vi\/wp-json\/wp\/v2\/users\/3"}],"replies":[{"embeddable":true,"href":"https:\/\/nerdzilla.com.br\/vi\/wp-json\/wp\/v2\/comments?post=4654"}],"version-history":[{"count":2,"href":"https:\/\/nerdzilla.com.br\/vi\/wp-json\/wp\/v2\/pages\/4654\/revisions"}],"predecessor-version":[{"id":5551,"href":"https:\/\/nerdzilla.com.br\/vi\/wp-json\/wp\/v2\/pages\/4654\/revisions\/5551"}],"wp:attachment":[{"href":"https:\/\/nerdzilla.com.br\/vi\/wp-json\/wp\/v2\/media?parent=4654"}],"curies":[{"name":"wp","href":"https:\/\/api.w.org\/{rel}","templated":true}]}}