{"id":4388,"date":"2024-07-11T06:19:07","date_gmt":"2024-07-11T06:19:07","guid":{"rendered":"https:\/\/nerdzilla.com.br\/?page_id=4388"},"modified":"2026-01-28T06:36:27","modified_gmt":"2026-01-28T06:36:27","slug":"dieu-khoan-su-dung","status":"publish","type":"page","link":"https:\/\/nerdzilla.com.br\/vi\/dieu-khoan-su-dung\/","title":{"rendered":"\u0110i\u1ec1u kho\u1ea3n s\u1eed d\u1ee5ng"},"content":{"rendered":"<p>B\u1eb1ng c\u00e1ch truy c\u1eadp v\u00e0 s\u1eed d\u1ee5ng trang web <strong>Nerdzilla<\/strong>B\u1eb1ng c\u00e1ch s\u1eed d\u1ee5ng trang web n\u00e0y, b\u1ea1n \u0111\u1ed3ng \u00fd v\u1edbi c\u00e1c \u0110i\u1ec1u kho\u1ea3n s\u1eed d\u1ee5ng n\u00e0y. N\u1ebfu b\u1ea1n kh\u00f4ng \u0111\u1ed3ng \u00fd v\u1edbi b\u1ea5t k\u1ef3 ph\u1ea7n n\u00e0o c\u1ee7a c\u00e1c \u0111i\u1ec1u kho\u1ea3n n\u00e0y, ch\u00fang t\u00f4i khuy\u00ean b\u1ea1n kh\u00f4ng n\u00ean s\u1eed d\u1ee5ng trang web.<\/p>\n\n\n\n<p>Nerdzilla l\u00e0 m\u1ed9t trang web thu\u1ed9c m\u1ed9t lo\u1ea1i h\u00ecnh nh\u1ea5t \u0111\u1ecbnh. <strong>th\u00f4ng tin v\u00e0 bi\u00ean t\u1eadp<\/strong>T\u1eadp trung v\u00e0o vi\u1ec7c xu\u1ea5t b\u1ea3n c\u00e1c b\u00e0i ph\u00e2n t\u00edch, h\u01b0\u1edbng d\u1eabn v\u00e0 khuy\u1ebfn ngh\u1ecb v\u1ec1 \u1ee9ng d\u1ee5ng, c\u00f4ng ngh\u1ec7 v\u00e0 c\u00f4ng c\u1ee5 k\u1ef9 thu\u1eadt s\u1ed1.<\/p>\n\n\n\n<hr class=\"wp-block-separator has-alpha-channel-opacity\"\/>\n\n\n\n<h3 class=\"wp-block-heading\">S\u1eed d\u1ee5ng n\u1ed9i dung<\/h3>\n\n\n\n<p>T\u1ea5t c\u1ea3 n\u1ed9i dung \u0111\u01b0\u1ee3c \u0111\u0103ng t\u1ea3i tr\u00ean Nerdzilla ch\u1ec9 nh\u1eb1m m\u1ee5c \u0111\u00edch cung c\u1ea5p th\u00f4ng tin. <strong>th\u00f4ng tin v\u00e0 mang t\u00ednh gi\u00e1o d\u1ee5c<\/strong>Th\u00f4ng tin c\u00f3 th\u1ec3 \u0111\u01b0\u1ee3c thay \u0111\u1ed5i, c\u1eadp nh\u1eadt ho\u1eb7c x\u00f3a b\u1ecf b\u1ea5t c\u1ee9 l\u00fac n\u00e0o m\u00e0 kh\u00f4ng c\u1ea7n th\u00f4ng b\u00e1o tr\u01b0\u1edbc.<\/p>\n\n\n\n<p>Vi\u1ec7c s\u1eed d\u1ee5ng th\u00f4ng tin \u0111\u01b0\u1ee3c cung c\u1ea5p tr\u00ean trang web n\u00e0y ho\u00e0n to\u00e0n thu\u1ed9c tr\u00e1ch nhi\u1ec7m c\u1ee7a ng\u01b0\u1eddi d\u00f9ng. Nerdzilla kh\u00f4ng \u0111\u1ea3m b\u1ea3o k\u1ebft qu\u1ea3 c\u1ee5 th\u1ec3 n\u00e0o t\u1eeb vi\u1ec7c s\u1eed d\u1ee5ng n\u1ed9i dung \u0111\u00e3 \u0111\u0103ng t\u1ea3i.<\/p>\n\n\n\n<hr class=\"wp-block-separator has-alpha-channel-opacity\"\/>\n\n\n\n<h3 class=\"wp-block-heading\">S\u1edf h\u1eefu tr\u00ed tu\u1ec7<\/h3>\n\n\n\n<p>T\u1ea5t c\u1ea3 n\u1ed9i dung tr\u00ean Nerdzilla, bao g\u1ed3m v\u0103n b\u1ea3n, h\u00ecnh \u1ea3nh, logo v\u00e0 c\u00e1c y\u1ebfu t\u1ed1 \u0111\u1ed3 h\u1ecda, \u0111\u1ec1u \u0111\u01b0\u1ee3c b\u1ea3o v\u1ec7 b\u1edfi b\u1ea3n quy\u1ec1n, tr\u1eeb khi c\u00f3 ch\u1ec9 \u0111\u1ecbnh kh\u00e1c.<\/p>\n\n\n\n<p>Nghi\u00eam c\u1ea5m sao ch\u00e9p, ph\u00e2n ph\u1ed1i ho\u1eb7c s\u1eeda \u0111\u1ed5i n\u1ed9i dung m\u00e0 kh\u00f4ng c\u00f3 s\u1ef1 cho ph\u00e9p tr\u01b0\u1edbc, tr\u1eeb c\u00e1c tr\u01b0\u1eddng h\u1ee3p \u0111\u01b0\u1ee3c ph\u00e1p lu\u1eadt cho ph\u00e9p, ch\u1eb3ng h\u1ea1n nh\u01b0 tr\u00edch d\u1eabn c\u00f3 ghi r\u00f5 ngu\u1ed3n g\u1ed1c.<\/p>\n\n\n\n<hr class=\"wp-block-separator has-alpha-channel-opacity\"\/>\n\n\n\n<h3 class=\"wp-block-heading\">Gi\u1edbi h\u1ea1n tr\u00e1ch nhi\u1ec7m<\/h3>\n\n\n\n<p>Nerdzilla kh\u00f4ng ch\u1ecbu tr\u00e1ch nhi\u1ec7m \u0111\u1ed1i v\u1edbi b\u1ea5t k\u1ef3 thi\u1ec7t h\u1ea1i tr\u1ef1c ti\u1ebfp ho\u1eb7c gi\u00e1n ti\u1ebfp n\u00e0o ph\u00e1t sinh t\u1eeb vi\u1ec7c s\u1eed d\u1ee5ng ho\u1eb7c kh\u00f4ng th\u1ec3 s\u1eed d\u1ee5ng th\u00f4ng tin \u0111\u01b0\u1ee3c cung c\u1ea5p tr\u00ean trang web.<\/p>\n\n\n\n<p>Ch\u00fang t\u00f4i kh\u00f4ng \u0111\u1ea3m b\u1ea3o r\u1eb1ng n\u1ed9i dung s\u1ebd lu\u00f4n kh\u00f4ng c\u00f3 l\u1ed7i, gi\u00e1n \u0111o\u1ea1n ho\u1eb7c th\u00f4ng tin l\u1ed7i th\u1eddi, m\u1eb7c d\u00f9 ch\u00fang t\u00f4i lu\u00f4n c\u1ed1 g\u1eafng \u0111\u1ec3 gi\u1eef cho th\u00f4ng tin ch\u00ednh x\u00e1c v\u00e0 c\u1eadp nh\u1eadt.<\/p>\n\n\n\n<hr class=\"wp-block-separator has-alpha-channel-opacity\"\/>\n\n\n\n<h3 class=\"wp-block-heading\">Li\u00ean k\u1ebft \u0111\u1ebfn c\u00e1c trang web b\u00ean ngo\u00e0i<\/h3>\n\n\n\n<p>Trang web n\u00e0y c\u00f3 th\u1ec3 ch\u1ee9a c\u00e1c li\u00ean k\u1ebft \u0111\u1ebfn c\u00e1c trang web c\u1ee7a b\u00ean th\u1ee9 ba. C\u00e1c li\u00ean k\u1ebft n\u00e0y ch\u1ec9 \u0111\u01b0\u1ee3c cung c\u1ea5p nh\u1eb1m m\u1ee5c \u0111\u00edch thu\u1eadn ti\u1ec7n cho ng\u01b0\u1eddi d\u00f9ng. Nerdzilla kh\u00f4ng ki\u1ec3m so\u00e1t n\u1ed9i dung ho\u1eb7c ch\u00ednh s\u00e1ch c\u1ee7a c\u00e1c trang web n\u00e0y v\u00e0 kh\u00f4ng ch\u1ecbu tr\u00e1ch nhi\u1ec7m v\u1ec1 c\u00e1c ho\u1ea1t \u0111\u1ed9ng c\u1ee7a ch\u00fang.<\/p>\n\n\n\n<hr class=\"wp-block-separator has-alpha-channel-opacity\"\/>\n\n\n\n<h3 class=\"wp-block-heading\">H\u00e0nh vi ng\u01b0\u1eddi d\u00f9ng<\/h3>\n\n\n\n<p>Khi s\u1eed d\u1ee5ng Nerdzilla, ng\u01b0\u1eddi d\u00f9ng \u0111\u1ed3ng \u00fd v\u1edbi c\u00e1c \u0111i\u1ec1u kho\u1ea3n sau:<\/p>\n\n\n\n<ul class=\"wp-block-list\">\n<li>Kh\u00f4ng s\u1eed d\u1ee5ng trang web n\u00e0y cho c\u00e1c m\u1ee5c \u0111\u00edch b\u1ea5t h\u1ee3p ph\u00e1p ho\u1eb7c vi ph\u1ea1m ph\u00e1p lu\u1eadt hi\u1ec7n h\u00e0nh;<\/li>\n\n\n\n<li>Kh\u00f4ng \u0111\u01b0\u1ee3c \u0111\u0103ng t\u1ea3i ho\u1eb7c ph\u00e1t t\u00e1n n\u1ed9i dung x\u00fac ph\u1ea1m, ph\u00e2n bi\u1ec7t \u0111\u1ed1i x\u1eed ho\u1eb7c b\u1ea5t h\u1ee3p ph\u00e1p;<\/li>\n\n\n\n<li>Kh\u00f4ng \u0111\u01b0\u1ee3c ph\u00e9p t\u00ecm c\u00e1ch x\u00e2m ph\u1ea1m an ninh, t\u00ednh to\u00e0n v\u1eb9n ho\u1eb7c ch\u1ee9c n\u0103ng c\u1ee7a trang web.<\/li>\n<\/ul>\n\n\n\n<hr class=\"wp-block-separator has-alpha-channel-opacity\"\/>\n\n\n\n<h3 class=\"wp-block-heading\">Thay \u0111\u1ed5i v\u1ec1 \u0111i\u1ec1u kho\u1ea3n<\/h3>\n\n\n\n<p>Nerdzilla c\u00f3 th\u1ec3 c\u1eadp nh\u1eadt \u0110i\u1ec1u kho\u1ea3n s\u1eed d\u1ee5ng n\u00e0y \u0111\u1ecbnh k\u1ef3. Ng\u01b0\u1eddi d\u00f9ng n\u00ean th\u01b0\u1eddng xuy\u00ean xem l\u1ea1i trang n\u00e0y \u0111\u1ec3 n\u1eafm b\u1eaft m\u1ecdi thay \u0111\u1ed5i.<\/p>\n\n\n\n<hr class=\"wp-block-separator has-alpha-channel-opacity\"\/>\n\n\n\n<h3 class=\"wp-block-heading\">Li\u00ean h\u1ec7<\/h3>\n\n\n\n<p>N\u1ebfu b\u1ea1n c\u00f3 b\u1ea5t k\u1ef3 th\u1eafc m\u1eafc n\u00e0o v\u1ec1 \u0110i\u1ec1u kho\u1ea3n s\u1eed d\u1ee5ng n\u00e0y, vui l\u00f2ng li\u00ean h\u1ec7 v\u1edbi ch\u00fang t\u00f4i qua email:<\/p>\n\n\n\n<p><strong><a>contato@nerdzilla.com.br<\/a><\/strong><\/p>","protected":false},"excerpt":{"rendered":"<p>Ao acessar e utilizar o site Nerdzilla, voc\u00ea concorda com os presentes Termos de Uso. Caso n\u00e3o concorde com qualquer parte destes termos, recomendamos que n\u00e3o utilize o site. O Nerdzilla \u00e9 um site de car\u00e1ter informativo e editorial, voltado \u00e0 publica\u00e7\u00e3o de an\u00e1lises, guias e recomenda\u00e7\u00f5es sobre aplicativos, tecnologia e ferramentas digitais. Uso do [&hellip;]<\/p>","protected":false},"author":3,"featured_media":0,"parent":0,"menu_order":0,"comment_status":"closed","ping_status":"closed","template":"","meta":{"footnotes":""},"class_list":["post-4388","page","type-page","status-publish"],"_links":{"self":[{"href":"https:\/\/nerdzilla.com.br\/vi\/wp-json\/wp\/v2\/pages\/4388","targetHints":{"allow":["GET"]}}],"collection":[{"href":"https:\/\/nerdzilla.com.br\/vi\/wp-json\/wp\/v2\/pages"}],"about":[{"href":"https:\/\/nerdzilla.com.br\/vi\/wp-json\/wp\/v2\/types\/page"}],"author":[{"embeddable":true,"href":"https:\/\/nerdzilla.com.br\/vi\/wp-json\/wp\/v2\/users\/3"}],"replies":[{"embeddable":true,"href":"https:\/\/nerdzilla.com.br\/vi\/wp-json\/wp\/v2\/comments?post=4388"}],"version-history":[{"count":3,"href":"https:\/\/nerdzilla.com.br\/vi\/wp-json\/wp\/v2\/pages\/4388\/revisions"}],"predecessor-version":[{"id":5557,"href":"https:\/\/nerdzilla.com.br\/vi\/wp-json\/wp\/v2\/pages\/4388\/revisions\/5557"}],"wp:attachment":[{"href":"https:\/\/nerdzilla.com.br\/vi\/wp-json\/wp\/v2\/media?parent=4388"}],"curies":[{"name":"wp","href":"https:\/\/api.w.org\/{rel}","templated":true}]}}