{"id":880,"date":"2023-03-15T13:25:53","date_gmt":"2023-03-15T13:25:53","guid":{"rendered":"https:\/\/nerdzilla.com.br\/?page_id=880"},"modified":"2026-01-28T06:41:08","modified_gmt":"2026-01-28T06:41:08","slug":"%db%81%d9%85%d8%a7%d8%b1%db%92-%d8%a8%d8%a7%d8%b1%db%92-%d9%85%db%8c%da%ba","status":"publish","type":"page","link":"https:\/\/nerdzilla.com.br\/ur\/%db%81%d9%85%d8%a7%d8%b1%db%92-%d8%a8%d8%a7%d8%b1%db%92-%d9%85%db%8c%da%ba\/","title":{"rendered":"\u06c1\u0645 \u06a9\u0648\u0646 \u06c1\u06cc\u06ba\u06d4"},"content":{"rendered":"<p>Nerdzilla \u0627\u06cc\u06a9 \u0645\u0639\u0644\u0648\u0645\u0627\u062a\u06cc \u0645\u0648\u0627\u062f \u06a9\u06cc \u0648\u06cc\u0628 \u0633\u0627\u0626\u0679 \u06c1\u06d2 \u062c\u0648 \u0688\u06cc\u062c\u06cc\u0679\u0644 \u0627\u06cc\u067e\u0644\u06cc\u06a9\u06cc\u0634\u0646\u0632 \u0627\u0648\u0631 \u0679\u0648\u0644\u0632 \u06a9\u06d2 \u0644\u06cc\u06d2 \u06af\u0627\u0626\u06cc\u0688\u0632\u060c \u062c\u0627\u0626\u0632\u06d2 \u0627\u0648\u0631 \u0633\u0641\u0627\u0631\u0634\u0627\u062a \u062a\u06cc\u0627\u0631 \u06a9\u0631\u0646\u06d2 \u06a9\u06d2 \u0644\u06cc\u06d2 \u0648\u0642\u0641 \u06c1\u06d2\u06d4 \u06c1\u0645\u0627\u0631\u0627 \u0645\u0642\u0635\u062f \u0635\u0627\u0631\u0641\u06cc\u0646 \u06a9\u0648 \u0627\u0646 \u06a9\u06d2 \u0631\u0648\u0632\u0627\u0646\u06c1 \u0679\u06cc\u06a9\u0646\u0627\u0644\u0648\u062c\u06cc \u06a9\u06d2 \u0627\u0633\u062a\u0639\u0645\u0627\u0644 \u06a9\u06d2 \u0628\u0627\u0631\u06d2 \u0645\u06cc\u06ba \u0632\u06cc\u0627\u062f\u06c1 \u0628\u0627\u062e\u0628\u0631 \u0641\u06cc\u0635\u0644\u06d2 \u06a9\u0631\u0646\u06d2 \u0645\u06cc\u06ba \u0645\u062f\u062f \u06a9\u0631\u0646\u0627 \u06c1\u06d2\u06d4<\/p>\n\n\n\n<p>Nerdzilla \u067e\u0631 \u0634\u0627\u0626\u0639 \u06c1\u0648\u0646\u06d2 \u0648\u0627\u0644\u06d2 \u0645\u0648\u0627\u062f \u06a9\u0648 \u0627\u062f\u0627\u0631\u062a\u06cc\u060c \u062a\u0639\u0644\u06cc\u0645\u06cc\u060c \u0627\u0648\u0631 \u0645\u0639\u0644\u0648\u0645\u0627\u062a\u06cc \u0641\u0648\u06a9\u0633 \u06a9\u06d2 \u0633\u0627\u062a\u06be \u062a\u06cc\u0627\u0631 \u06a9\u06cc\u0627 \u06af\u06cc\u0627 \u06c1\u06d2\u060c \u062c\u0648 \u06c1\u0645\u06cc\u0634\u06c1 \u0648\u0636\u0627\u062d\u062a\u060c \u0627\u0641\u0627\u062f\u06cc\u062a \u0627\u0648\u0631 \u0645\u0633\u0644\u0633\u0644 \u0627\u067e \u0688\u06cc\u0679 \u06a9\u0631\u0646\u06d2 \u06a9\u06cc \u06a9\u0648\u0634\u0634 \u06a9\u0631\u062a\u0627 \u06c1\u06d2\u06d4<\/p>\n\n\n\n<p>\u0633\u0627\u0626\u0679 \u06a9\u06cc \u062f\u06cc\u06a9\u06be \u0628\u06be\u0627\u0644 \u0627\u06cc\u06a9 \u0622\u0632\u0627\u062f \u0627\u062f\u0627\u0631\u062a\u06cc \u0679\u06cc\u0645 \u06a9\u0631\u062a\u06cc \u06c1\u06d2\u060c \u062c\u0648 \u0634\u0627\u0626\u0639 \u0634\u062f\u06c1 \u0645\u0648\u0627\u062f \u06a9\u06cc \u062a\u062d\u0642\u06cc\u0642\u060c \u062a\u06cc\u0627\u0631\u06cc \u0627\u0648\u0631 \u062c\u0627\u0626\u0632\u06c1 \u0644\u06cc\u0646\u06d2 \u06a9\u06d2 \u0644\u06cc\u06d2 \u0630\u0645\u06c1 \u062f\u0627\u0631 \u06c1\u06d2\u06d4<\/p>","protected":false},"excerpt":{"rendered":"<p>O Nerdzilla \u00e9 um site de conte\u00fado informativo dedicado \u00e0 produ\u00e7\u00e3o de guias, an\u00e1lises e recomenda\u00e7\u00f5es de aplicativos e ferramentas digitais. Nosso objetivo \u00e9 ajudar usu\u00e1rios a tomar decis\u00f5es mais conscientes sobre o uso da tecnologia no dia a dia. O conte\u00fado publicado no Nerdzilla \u00e9 desenvolvido com foco editorial, educacional e informativo, buscando sempre [&hellip;]<\/p>","protected":false},"author":3,"featured_media":0,"parent":0,"menu_order":0,"comment_status":"closed","ping_status":"closed","template":"","meta":{"footnotes":""},"class_list":["post-880","page","type-page","status-publish"],"_links":{"self":[{"href":"https:\/\/nerdzilla.com.br\/ur\/wp-json\/wp\/v2\/pages\/880","targetHints":{"allow":["GET"]}}],"collection":[{"href":"https:\/\/nerdzilla.com.br\/ur\/wp-json\/wp\/v2\/pages"}],"about":[{"href":"https:\/\/nerdzilla.com.br\/ur\/wp-json\/wp\/v2\/types\/page"}],"author":[{"embeddable":true,"href":"https:\/\/nerdzilla.com.br\/ur\/wp-json\/wp\/v2\/users\/3"}],"replies":[{"embeddable":true,"href":"https:\/\/nerdzilla.com.br\/ur\/wp-json\/wp\/v2\/comments?post=880"}],"version-history":[{"count":2,"href":"https:\/\/nerdzilla.com.br\/ur\/wp-json\/wp\/v2\/pages\/880\/revisions"}],"predecessor-version":[{"id":5561,"href":"https:\/\/nerdzilla.com.br\/ur\/wp-json\/wp\/v2\/pages\/880\/revisions\/5561"}],"wp:attachment":[{"href":"https:\/\/nerdzilla.com.br\/ur\/wp-json\/wp\/v2\/media?parent=880"}],"curies":[{"name":"wp","href":"https:\/\/api.w.org\/{rel}","templated":true}]}}