{"id":4388,"date":"2024-07-11T06:19:07","date_gmt":"2024-07-11T06:19:07","guid":{"rendered":"https:\/\/nerdzilla.com.br\/?page_id=4388"},"modified":"2026-01-28T06:36:27","modified_gmt":"2026-01-28T06:36:27","slug":"%d8%a7%d8%b3%d8%aa%d8%b9%d9%85%d8%a7%d9%84-%da%a9%db%8c-%d8%b4%d8%b1%d8%a7%d8%a6%d8%b7-2","status":"publish","type":"page","link":"https:\/\/nerdzilla.com.br\/ur\/%d8%a7%d8%b3%d8%aa%d8%b9%d9%85%d8%a7%d9%84-%da%a9%db%8c-%d8%b4%d8%b1%d8%a7%d8%a6%d8%b7-2\/","title":{"rendered":"\u0627\u0633\u062a\u0639\u0645\u0627\u0644 \u06a9\u06cc \u0634\u0631\u0627\u0626\u0637"},"content":{"rendered":"<p>\u0648\u06cc\u0628 \u0633\u0627\u0626\u0679 \u062a\u06a9 \u0631\u0633\u0627\u0626\u06cc \u0627\u0648\u0631 \u0627\u0633\u062a\u0639\u0645\u0627\u0644 \u06a9\u0631\u06a9\u06d2 <strong>\u0646\u06cc\u0631\u0688\u0632\u06cc\u0644\u0627<\/strong>\u0627\u0633 \u0648\u06cc\u0628 \u0633\u0627\u0626\u0679 \u06a9\u0648 \u0627\u0633\u062a\u0639\u0645\u0627\u0644 \u06a9\u0631\u062a\u06d2 \u06c1\u0648\u0626\u06d2\u060c \u0622\u067e \u0627\u0633\u062a\u0639\u0645\u0627\u0644 \u06a9\u06cc \u0627\u0646 \u0634\u0631\u0627\u0626\u0637 \u0633\u06d2 \u0627\u062a\u0641\u0627\u0642 \u06a9\u0631\u062a\u06d2 \u06c1\u06cc\u06ba\u06d4 \u0627\u06af\u0631 \u0622\u067e \u0627\u0646 \u0634\u0631\u0627\u0626\u0637 \u06a9\u06d2 \u06a9\u0633\u06cc \u0628\u06be\u06cc \u062d\u0635\u06d2 \u0633\u06d2 \u0645\u062a\u0641\u0642 \u0646\u06c1\u06cc\u06ba \u06c1\u06cc\u06ba\u060c \u062a\u0648 \u06c1\u0645 \u062a\u062c\u0648\u06cc\u0632 \u06a9\u0631\u062a\u06d2 \u06c1\u06cc\u06ba \u06a9\u06c1 \u0622\u067e \u0633\u0627\u0626\u0679 \u06a9\u0627 \u0627\u0633\u062a\u0639\u0645\u0627\u0644 \u0646\u06c1 \u06a9\u0631\u06cc\u06ba\u06d4<\/p>\n\n\n\n<p>Nerdzilla \u0627\u06cc\u06a9 \u0645\u062e\u0635\u0648\u0635 \u0646\u0648\u0639\u06cc\u062a \u06a9\u06cc \u0648\u06cc\u0628 \u0633\u0627\u0626\u0679 \u06c1\u06d2\u06d4 <strong>\u0645\u0639\u0644\u0648\u0645\u0627\u062a\u06cc \u0627\u0648\u0631 \u0627\u062f\u0627\u0631\u062a\u06cc<\/strong>, \u0627\u06cc\u067e\u0644\u06cc \u06a9\u06cc\u0634\u0646\u0632\u060c \u0679\u06cc\u06a9\u0646\u0627\u0644\u0648\u062c\u06cc \u0627\u0648\u0631 \u0688\u06cc\u062c\u06cc\u0679\u0644 \u0679\u0648\u0644\u0632 \u067e\u0631 \u062a\u062c\u0632\u06cc\u06c1\u060c \u06af\u0627\u0626\u06cc\u0688\u0632 \u0627\u0648\u0631 \u0633\u0641\u0627\u0631\u0634\u0627\u062a \u0634\u0627\u0626\u0639 \u06a9\u0631\u0646\u06d2 \u067e\u0631 \u062a\u0648\u062c\u06c1 \u0645\u0631\u06a9\u0648\u0632 \u06a9\u06cc\u06d4<\/p>\n\n\n\n<hr class=\"wp-block-separator has-alpha-channel-opacity\"\/>\n\n\n\n<h3 class=\"wp-block-heading\">\u0645\u0648\u0627\u062f \u06a9\u0627 \u0627\u0633\u062a\u0639\u0645\u0627\u0644<\/h3>\n\n\n\n<p>Nerdzilla \u067e\u0631 \u0634\u0627\u0626\u0639 \u06c1\u0648\u0646\u06d2 \u0648\u0627\u0644\u06d2 \u062a\u0645\u0627\u0645 \u0645\u0648\u0627\u062f \u06a9\u0627 \u0645\u0642\u0635\u062f \u0635\u0631\u0641 \u0645\u0639\u0644\u0648\u0645\u0627\u062a\u06cc \u0645\u0642\u0627\u0635\u062f \u06a9\u06d2 \u0644\u06cc\u06d2 \u06c1\u06d2\u06d4 <strong>\u0645\u0639\u0644\u0648\u0645\u0627\u062a\u06cc \u0627\u0648\u0631 \u062a\u0639\u0644\u06cc\u0645\u06cc<\/strong>\u0645\u0639\u0644\u0648\u0645\u0627\u062a \u06a9\u0648 \u06a9\u0633\u06cc \u0628\u06be\u06cc \u0648\u0642\u062a \u067e\u06cc\u0634\u06af\u06cc \u0627\u0637\u0644\u0627\u0639 \u06a9\u06d2 \u0628\u063a\u06cc\u0631 \u062a\u0628\u062f\u06cc\u0644\u060c \u0627\u067e \u0688\u06cc\u0679\u060c \u06cc\u0627 \u06c1\u0679\u0627\u06cc\u0627 \u062c\u0627 \u0633\u06a9\u062a\u0627 \u06c1\u06d2\u06d4<\/p>\n\n\n\n<p>\u0627\u0633 \u0648\u06cc\u0628 \u0633\u0627\u0626\u0679 \u067e\u0631 \u0641\u0631\u0627\u06c1\u0645 \u06a9\u0631\u062f\u06c1 \u0645\u0639\u0644\u0648\u0645\u0627\u062a \u06a9\u0627 \u0627\u0633\u062a\u0639\u0645\u0627\u0644 \u0635\u0627\u0631\u0641 \u06a9\u06cc \u0648\u0627\u062d\u062f \u0630\u0645\u06c1 \u062f\u0627\u0631\u06cc \u06c1\u06d2\u06d4 Nerdzilla \u0634\u0627\u0626\u0639 \u0634\u062f\u06c1 \u0645\u0648\u0627\u062f \u06a9\u06d2 \u0627\u0633\u062a\u0639\u0645\u0627\u0644 \u0633\u06d2 \u0645\u062e\u0635\u0648\u0635 \u0646\u062a\u0627\u0626\u062c \u06a9\u06cc \u0636\u0645\u0627\u0646\u062a \u0646\u06c1\u06cc\u06ba \u062f\u06cc\u062a\u0627 \u06c1\u06d2\u06d4<\/p>\n\n\n\n<hr class=\"wp-block-separator has-alpha-channel-opacity\"\/>\n\n\n\n<h3 class=\"wp-block-heading\">\u062f\u0627\u0646\u0634\u0648\u0631\u0627\u0646\u06c1 \u0627\u0645\u0644\u0627\u06a9<\/h3>\n\n\n\n<p>Nerdzilla \u067e\u0631 \u062a\u0645\u0627\u0645 \u0645\u0648\u0627\u062f \u0628\u0634\u0645\u0648\u0644 \u0645\u062a\u0646\u060c \u062a\u0635\u0627\u0648\u06cc\u0631\u060c \u0644\u0648\u06af\u0648 \u0627\u0648\u0631 \u06af\u0631\u0627\u0641\u06a9 \u0639\u0646\u0627\u0635\u0631 \u06a9\u0627\u067e\u06cc \u0631\u0627\u0626\u0679 \u06a9\u06d2 \u0630\u0631\u06cc\u0639\u06d2 \u0645\u062d\u0641\u0648\u0638 \u06c1\u06cc\u06ba\u060c \u062c\u0628 \u062a\u06a9 \u06a9\u06c1 \u062f\u0648\u0633\u0631\u06cc \u0635\u0648\u0631\u062a \u0645\u06cc\u06ba \u0627\u0634\u0627\u0631\u06c1 \u0646\u06c1 \u06a9\u06cc\u0627 \u062c\u0627\u0626\u06d2\u06d4<\/p>\n\n\n\n<p>\u067e\u06cc\u0634\u06af\u06cc \u0627\u062c\u0627\u0632\u062a \u06a9\u06d2 \u0628\u063a\u06cc\u0631 \u0645\u0648\u0627\u062f \u06a9\u06cc \u067e\u0646\u0631\u0648\u062a\u067e\u0627\u062f\u0646\u060c \u062a\u0642\u0633\u06cc\u0645\u060c \u06cc\u0627 \u062a\u0631\u0645\u06cc\u0645 \u0645\u0645\u0646\u0648\u0639 \u06c1\u06d2\u060c \u0633\u0648\u0627\u0626\u06d2 \u0642\u0627\u0646\u0648\u0646 \u06a9\u06cc \u0637\u0631\u0641 \u0633\u06d2 \u0627\u062c\u0627\u0632\u062a \u06cc\u0627\u0641\u062a\u06c1 \u0635\u0648\u0631\u062a\u0648\u06ba \u06a9\u06d2\u060c \u062c\u06cc\u0633\u06d2 \u06a9\u06c1 \u0645\u0627\u062e\u0630 \u06a9\u06cc \u0645\u0646\u0627\u0633\u0628 \u0627\u0646\u062a\u0633\u0627\u0628 \u06a9\u06d2 \u0633\u0627\u062a\u06be \u06a9\u0648\u0679\u06cc\u0634\u0646\u06d4<\/p>\n\n\n\n<hr class=\"wp-block-separator has-alpha-channel-opacity\"\/>\n\n\n\n<h3 class=\"wp-block-heading\">\u0630\u0645\u06c1 \u062f\u0627\u0631\u06cc \u06a9\u06cc \u062d\u062f<\/h3>\n\n\n\n<p>Nerdzilla \u0648\u06cc\u0628 \u0633\u0627\u0626\u0679 \u067e\u0631 \u0641\u0631\u0627\u06c1\u0645 \u06a9\u0631\u062f\u06c1 \u0645\u0639\u0644\u0648\u0645\u0627\u062a \u06a9\u06d2 \u0627\u0633\u062a\u0639\u0645\u0627\u0644 \u06cc\u0627 \u0627\u0633\u062a\u0639\u0645\u0627\u0644 \u0645\u06cc\u06ba \u0646\u0627\u06a9\u0627\u0645\u06cc \u0633\u06d2 \u067e\u06cc\u062f\u0627 \u06c1\u0648\u0646\u06d2 \u0648\u0627\u0644\u06d2 \u06a9\u0633\u06cc \u0628\u06be\u06cc \u0628\u0631\u0627\u06c1 \u0631\u0627\u0633\u062a \u06cc\u0627 \u0628\u0627\u0644\u0648\u0627\u0633\u0637\u06c1 \u0646\u0642\u0635\u0627\u0646\u0627\u062a \u06a9\u06d2 \u0644\u06cc\u06d2 \u0630\u0645\u06c1 \u062f\u0627\u0631 \u0646\u06c1\u06cc\u06ba \u06c1\u06d2\u06d4<\/p>\n\n\n\n<p>\u06c1\u0645 \u0627\u0633 \u0628\u0627\u062a \u06a9\u06cc \u0636\u0645\u0627\u0646\u062a \u0646\u06c1\u06cc\u06ba \u062f\u06cc\u062a\u06d2 \u06a9\u06c1 \u0645\u0648\u0627\u062f \u06c1\u0645\u06cc\u0634\u06c1 \u063a\u0644\u0637\u06cc\u0648\u06ba\u060c \u0631\u06a9\u0627\u0648\u0679\u0648\u06ba\u060c \u06cc\u0627 \u067e\u0631\u0627\u0646\u06cc \u0645\u0639\u0644\u0648\u0645\u0627\u062a \u0633\u06d2 \u067e\u0627\u06a9 \u0631\u06c1\u06d2 \u06af\u0627\u060c \u062d\u0627\u0644\u0627\u0646\u06a9\u06c1 \u06c1\u0645 \u0645\u0639\u0644\u0648\u0645\u0627\u062a \u06a9\u0648 \u062f\u0631\u0633\u062a \u0627\u0648\u0631 \u062a\u0627\u0632\u06c1 \u062a\u0631\u06cc\u0646 \u0631\u06a9\u06be\u0646\u06d2 \u06a9\u06cc \u06a9\u0648\u0634\u0634 \u06a9\u0631\u062a\u06d2 \u06c1\u06cc\u06ba\u06d4<\/p>\n\n\n\n<hr class=\"wp-block-separator has-alpha-channel-opacity\"\/>\n\n\n\n<h3 class=\"wp-block-heading\">\u0628\u06cc\u0631\u0648\u0646\u06cc \u0648\u06cc\u0628 \u0633\u0627\u0626\u0679\u0633 \u06a9\u06d2 \u0644\u0646\u06a9\u0633<\/h3>\n\n\n\n<p>\u0633\u0627\u0626\u0679 \u062a\u06cc\u0633\u0631\u06cc \u067e\u0627\u0631\u0679\u06cc \u06a9\u06cc \u0648\u06cc\u0628 \u0633\u0627\u0626\u0679\u0633 \u06a9\u06d2 \u0644\u0646\u06a9\u0633 \u067e\u0631 \u0645\u0634\u062a\u0645\u0644 \u06c1\u0648 \u0633\u06a9\u062a\u06cc \u06c1\u06d2\u06d4 \u06cc\u06c1 \u0644\u0646\u06a9\u0633 \u0635\u0631\u0641 \u0627\u0648\u0631 \u0635\u0631\u0641 \u0635\u0627\u0631\u0641 \u06a9\u06cc \u0633\u06c1\u0648\u0644\u062a \u06a9\u06d2 \u0644\u06cc\u06d2 \u0641\u0631\u0627\u06c1\u0645 \u06a9\u06cc\u06d2 \u06af\u0626\u06d2 \u06c1\u06cc\u06ba\u06d4 Nerdzilla \u06a9\u0627 \u0627\u0646 \u0633\u0627\u0626\u0679\u0633 \u06a9\u06d2 \u0645\u0648\u0627\u062f \u06cc\u0627 \u067e\u0627\u0644\u06cc\u0633\u06cc\u0648\u06ba \u067e\u0631 \u06a9\u0648\u0626\u06cc \u06a9\u0646\u0679\u0631\u0648\u0644 \u0646\u06c1\u06cc\u06ba \u06c1\u06d2 \u0627\u0648\u0631 \u0648\u06c1 \u0627\u0646 \u06a9\u06d2 \u0637\u0631\u06cc\u0642\u0648\u06ba \u06a9\u06d2 \u0644\u06cc\u06d2 \u0630\u0645\u06c1 \u062f\u0627\u0631 \u0646\u06c1\u06cc\u06ba \u06c1\u06d2\u06d4<\/p>\n\n\n\n<hr class=\"wp-block-separator has-alpha-channel-opacity\"\/>\n\n\n\n<h3 class=\"wp-block-heading\">\u0635\u0627\u0631\u0641 \u06a9\u0627 \u0637\u0631\u0632 \u0639\u0645\u0644<\/h3>\n\n\n\n<p>Nerdzilla \u06a9\u0627 \u0627\u0633\u062a\u0639\u0645\u0627\u0644 \u06a9\u0631\u062a\u06d2 \u06c1\u0648\u0626\u06d2\u060c \u0635\u0627\u0631\u0641 \u0627\u0633 \u0633\u06d2 \u0627\u062a\u0641\u0627\u0642 \u06a9\u0631\u062a\u0627 \u06c1\u06d2:<\/p>\n\n\n\n<ul class=\"wp-block-list\">\n<li>\u0633\u0627\u0626\u0679 \u06a9\u0648 \u063a\u06cc\u0631 \u0642\u0627\u0646\u0648\u0646\u06cc \u0645\u0642\u0627\u0635\u062f \u06cc\u0627 \u0645\u0642\u0627\u0635\u062f \u06a9\u06d2 \u0644\u06cc\u06d2 \u0627\u0633\u062a\u0639\u0645\u0627\u0644 \u0646\u06c1 \u06a9\u0631\u06cc\u06ba \u062c\u0648 \u0645\u0648\u062c\u0648\u062f\u06c1 \u0642\u0627\u0646\u0648\u0646 \u0633\u0627\u0632\u06cc \u06a9\u06cc \u062e\u0644\u0627\u0641 \u0648\u0631\u0632\u06cc \u06a9\u0631\u062a\u06d2 \u06c1\u06cc\u06ba\u061b<\/li>\n\n\n\n<li>\u062c\u0627\u0631\u062d\u0627\u0646\u06c1\u060c \u0627\u0645\u062a\u06cc\u0627\u0632\u06cc\u060c \u06cc\u0627 \u063a\u06cc\u0631 \u0642\u0627\u0646\u0648\u0646\u06cc \u0645\u0648\u0627\u062f \u0634\u0627\u0626\u0639 \u06cc\u0627 \u067e\u06be\u06cc\u0644\u0627\u0646\u0627 \u0646\u06c1\u06cc\u06ba\u061b<\/li>\n\n\n\n<li>\u0633\u0627\u0626\u0679 \u06a9\u06cc \u0633\u0644\u0627\u0645\u062a\u06cc\u060c \u0633\u0627\u0644\u0645\u06cc\u062a\u060c \u06cc\u0627 \u0641\u0639\u0627\u0644\u06cc\u062a \u0633\u06d2 \u0633\u0645\u062c\u06be\u0648\u062a\u06c1 \u06a9\u0631\u0646\u06d2 \u06a9\u06cc \u06a9\u0648\u0634\u0634 \u0646\u06c1 \u06a9\u0631\u06cc\u06ba\u06d4<\/li>\n<\/ul>\n\n\n\n<hr class=\"wp-block-separator has-alpha-channel-opacity\"\/>\n\n\n\n<h3 class=\"wp-block-heading\">\u0634\u0631\u0627\u0626\u0637 \u0645\u06cc\u06ba \u062a\u0628\u062f\u06cc\u0644\u06cc\u0627\u06ba<\/h3>\n\n\n\n<p>Nerdzilla \u0648\u0642\u062a\u0627 \u0641\u0648\u0642\u062a\u0627 \u0627\u0633\u062a\u0639\u0645\u0627\u0644 \u06a9\u06cc \u0627\u0646 \u0634\u0631\u0627\u0626\u0637 \u06a9\u0648 \u0627\u067e \u0688\u06cc\u0679 \u06a9\u0631 \u0633\u06a9\u062a\u0627 \u06c1\u06d2\u06d4 \u0635\u0627\u0631\u0641\u06cc\u0646 \u06a9\u0648 \u0645\u0634\u0648\u0631\u06c1 \u062f\u06cc\u0627 \u062c\u0627\u062a\u0627 \u06c1\u06d2 \u06a9\u06c1 \u0648\u06c1 \u06a9\u0633\u06cc \u0628\u06be\u06cc \u062a\u0628\u062f\u06cc\u0644\u06cc \u0633\u06d2 \u0628\u0627\u062e\u0628\u0631 \u0631\u06c1\u0646\u06d2 \u06a9\u06d2 \u0644\u06cc\u06d2 \u0627\u0633 \u0635\u0641\u062d\u06c1 \u06a9\u0627 \u0628\u0627\u0642\u0627\u0639\u062f\u06af\u06cc \u0633\u06d2 \u062c\u0627\u0626\u0632\u06c1 \u0644\u06cc\u06ba\u06d4<\/p>\n\n\n\n<hr class=\"wp-block-separator has-alpha-channel-opacity\"\/>\n\n\n\n<h3 class=\"wp-block-heading\">\u0631\u0627\u0628\u0637\u06c1 \u06a9\u0631\u06cc\u06ba\u06d4<\/h3>\n\n\n\n<p>\u0627\u06af\u0631 \u0622\u067e \u06a9\u06d2 \u0627\u0633\u062a\u0639\u0645\u0627\u0644 \u06a9\u06cc \u0627\u0646 \u0634\u0631\u0627\u0626\u0637 \u06a9\u06d2 \u0628\u0627\u0631\u06d2 \u0645\u06cc\u06ba \u06a9\u0648\u0626\u06cc \u0633\u0648\u0627\u0644\u0627\u062a \u06c1\u06cc\u06ba\u060c \u062a\u0648 \u0628\u0631\u0627\u06c1 \u06a9\u0631\u0645 \u06c1\u0645 \u0633\u06d2 \u0627\u06cc \u0645\u06cc\u0644 \u06a9\u06d2 \u0630\u0631\u06cc\u0639\u06d2 \u0631\u0627\u0628\u0637\u06c1 \u06a9\u0631\u06cc\u06ba:<\/p>\n\n\n\n<p><strong><a>contato@nerdzilla.com.br<\/a><\/strong><\/p>","protected":false},"excerpt":{"rendered":"<p>Ao acessar e utilizar o site Nerdzilla, voc\u00ea concorda com os presentes Termos de Uso. Caso n\u00e3o concorde com qualquer parte destes termos, recomendamos que n\u00e3o utilize o site. O Nerdzilla \u00e9 um site de car\u00e1ter informativo e editorial, voltado \u00e0 publica\u00e7\u00e3o de an\u00e1lises, guias e recomenda\u00e7\u00f5es sobre aplicativos, tecnologia e ferramentas digitais. Uso do [&hellip;]<\/p>","protected":false},"author":3,"featured_media":0,"parent":0,"menu_order":0,"comment_status":"closed","ping_status":"closed","template":"","meta":{"footnotes":""},"class_list":["post-4388","page","type-page","status-publish"],"_links":{"self":[{"href":"https:\/\/nerdzilla.com.br\/ur\/wp-json\/wp\/v2\/pages\/4388","targetHints":{"allow":["GET"]}}],"collection":[{"href":"https:\/\/nerdzilla.com.br\/ur\/wp-json\/wp\/v2\/pages"}],"about":[{"href":"https:\/\/nerdzilla.com.br\/ur\/wp-json\/wp\/v2\/types\/page"}],"author":[{"embeddable":true,"href":"https:\/\/nerdzilla.com.br\/ur\/wp-json\/wp\/v2\/users\/3"}],"replies":[{"embeddable":true,"href":"https:\/\/nerdzilla.com.br\/ur\/wp-json\/wp\/v2\/comments?post=4388"}],"version-history":[{"count":3,"href":"https:\/\/nerdzilla.com.br\/ur\/wp-json\/wp\/v2\/pages\/4388\/revisions"}],"predecessor-version":[{"id":5557,"href":"https:\/\/nerdzilla.com.br\/ur\/wp-json\/wp\/v2\/pages\/4388\/revisions\/5557"}],"wp:attachment":[{"href":"https:\/\/nerdzilla.com.br\/ur\/wp-json\/wp\/v2\/media?parent=4388"}],"curies":[{"name":"wp","href":"https:\/\/api.w.org\/{rel}","templated":true}]}}