{"id":4388,"date":"2024-07-11T06:19:07","date_gmt":"2024-07-11T06:19:07","guid":{"rendered":"https:\/\/nerdzilla.com.br\/?page_id=4388"},"modified":"2026-01-28T06:36:27","modified_gmt":"2026-01-28T06:36:27","slug":"%d1%83%d0%bc%d0%be%d0%b2%d0%b8-%d0%ba%d0%be%d1%80%d0%b8%d1%81%d1%82%d1%83%d0%b2%d0%b0%d0%bd%d0%bd%d1%8f-2","status":"publish","type":"page","link":"https:\/\/nerdzilla.com.br\/uk\/%d1%83%d0%bc%d0%be%d0%b2%d0%b8-%d0%ba%d0%be%d1%80%d0%b8%d1%81%d1%82%d1%83%d0%b2%d0%b0%d0%bd%d0%bd%d1%8f-2\/","title":{"rendered":"\u0423\u043c\u043e\u0432\u0438 \u0432\u0438\u043a\u043e\u0440\u0438\u0441\u0442\u0430\u043d\u043d\u044f"},"content":{"rendered":"<p>\u0417\u0430 \u0434\u043e\u043f\u043e\u043c\u043e\u0433\u043e\u044e \u0434\u043e\u0441\u0442\u0443\u043f\u0443 \u0442\u0430 \u0432\u0438\u043a\u043e\u0440\u0438\u0441\u0442\u0430\u043d\u043d\u044f \u0432\u0435\u0431-\u0441\u0430\u0439\u0442\u0443 <strong>\u041d\u0435\u0440\u0434\u0437\u0456\u043b\u043b\u0430<\/strong>\u0412\u0438\u043a\u043e\u0440\u0438\u0441\u0442\u043e\u0432\u0443\u044e\u0447\u0438 \u0446\u0435\u0439 \u0432\u0435\u0431-\u0441\u0430\u0439\u0442, \u0432\u0438 \u043f\u043e\u0433\u043e\u0434\u0436\u0443\u0454\u0442\u0435\u0441\u044f \u0437 \u0446\u0438\u043c\u0438 \u0423\u043c\u043e\u0432\u0430\u043c\u0438 \u0432\u0438\u043a\u043e\u0440\u0438\u0441\u0442\u0430\u043d\u043d\u044f. \u042f\u043a\u0449\u043e \u0432\u0438 \u043d\u0435 \u043f\u043e\u0433\u043e\u0434\u0436\u0443\u0454\u0442\u0435\u0441\u044f \u0437 \u0431\u0443\u0434\u044c-\u044f\u043a\u043e\u044e \u0447\u0430\u0441\u0442\u0438\u043d\u043e\u044e \u0446\u0438\u0445 \u0443\u043c\u043e\u0432, \u043c\u0438 \u0440\u0435\u043a\u043e\u043c\u0435\u043d\u0434\u0443\u0454\u043c\u043e \u0432\u0430\u043c \u043d\u0435 \u0432\u0438\u043a\u043e\u0440\u0438\u0441\u0442\u043e\u0432\u0443\u0432\u0430\u0442\u0438 \u0441\u0430\u0439\u0442.<\/p>\n\n\n\n<p>Nerdzilla \u2013 \u0446\u0435 \u0432\u0435\u0431\u0441\u0430\u0439\u0442 \u043f\u0435\u0432\u043d\u043e\u0433\u043e \u0445\u0430\u0440\u0430\u043a\u0442\u0435\u0440\u0443. <strong>\u0456\u043d\u0444\u043e\u0440\u043c\u0430\u0442\u0438\u0432\u043d\u0456 \u0442\u0430 \u0440\u0435\u0434\u0430\u043a\u0446\u0456\u0439\u043d\u0456<\/strong>, \u0449\u043e \u0437\u043e\u0441\u0435\u0440\u0435\u0434\u0436\u0435\u043d\u0430 \u043d\u0430 \u043f\u0443\u0431\u043b\u0456\u043a\u0430\u0446\u0456\u0457 \u0430\u043d\u0430\u043b\u0456\u0442\u0438\u0447\u043d\u0438\u0445 \u043c\u0430\u0442\u0435\u0440\u0456\u0430\u043b\u0456\u0432, \u043f\u043e\u0441\u0456\u0431\u043d\u0438\u043a\u0456\u0432 \u0442\u0430 \u0440\u0435\u043a\u043e\u043c\u0435\u043d\u0434\u0430\u0446\u0456\u0439 \u0449\u043e\u0434\u043e \u0437\u0430\u0441\u0442\u043e\u0441\u0443\u0432\u0430\u043d\u044c, \u0442\u0435\u0445\u043d\u043e\u043b\u043e\u0433\u0456\u0439 \u0442\u0430 \u0446\u0438\u0444\u0440\u043e\u0432\u0438\u0445 \u0456\u043d\u0441\u0442\u0440\u0443\u043c\u0435\u043d\u0442\u0456\u0432.<\/p>\n\n\n\n<hr class=\"wp-block-separator has-alpha-channel-opacity\"\/>\n\n\n\n<h3 class=\"wp-block-heading\">\u0412\u0438\u043a\u043e\u0440\u0438\u0441\u0442\u0430\u043d\u043d\u044f \u043a\u043e\u043d\u0442\u0435\u043d\u0442\u0443<\/h3>\n\n\n\n<p>\u0412\u0435\u0441\u044c \u043a\u043e\u043d\u0442\u0435\u043d\u0442, \u043e\u043f\u0443\u0431\u043b\u0456\u043a\u043e\u0432\u0430\u043d\u0438\u0439 \u043d\u0430 Nerdzilla, \u043f\u0440\u0438\u0437\u043d\u0430\u0447\u0435\u043d\u0438\u0439 \u0432\u0438\u043a\u043b\u044e\u0447\u043d\u043e \u0434\u043b\u044f \u0456\u043d\u0444\u043e\u0440\u043c\u0430\u0446\u0456\u0439\u043d\u0438\u0445 \u0446\u0456\u043b\u0435\u0439. <strong>\u0456\u043d\u0444\u043e\u0440\u043c\u0430\u0442\u0438\u0432\u043d\u0438\u0439 \u0442\u0430 \u043e\u0441\u0432\u0456\u0442\u043d\u0456\u0439<\/strong>\u0406\u043d\u0444\u043e\u0440\u043c\u0430\u0446\u0456\u044f \u043c\u043e\u0436\u0435 \u0431\u0443\u0442\u0438 \u0437\u043c\u0456\u043d\u0435\u043d\u0430, \u043e\u043d\u043e\u0432\u043b\u0435\u043d\u0430 \u0430\u0431\u043e \u0432\u0438\u0434\u0430\u043b\u0435\u043d\u0430 \u0432 \u0431\u0443\u0434\u044c-\u044f\u043a\u0438\u0439 \u0447\u0430\u0441 \u0431\u0435\u0437 \u043f\u043e\u043f\u0435\u0440\u0435\u0434\u043d\u044c\u043e\u0433\u043e \u043f\u043e\u0432\u0456\u0434\u043e\u043c\u043b\u0435\u043d\u043d\u044f.<\/p>\n\n\n\n<p>\u0412\u0438\u043a\u043e\u0440\u0438\u0441\u0442\u0430\u043d\u043d\u044f \u0456\u043d\u0444\u043e\u0440\u043c\u0430\u0446\u0456\u0457, \u043d\u0430\u0434\u0430\u043d\u043e\u0457 \u043d\u0430 \u0446\u044c\u043e\u043c\u0443 \u0432\u0435\u0431-\u0441\u0430\u0439\u0442\u0456, \u0454 \u0432\u0438\u043a\u043b\u044e\u0447\u043d\u043e\u044e \u0432\u0456\u0434\u043f\u043e\u0432\u0456\u0434\u0430\u043b\u044c\u043d\u0456\u0441\u0442\u044e \u043a\u043e\u0440\u0438\u0441\u0442\u0443\u0432\u0430\u0447\u0430. Nerdzilla \u043d\u0435 \u0433\u0430\u0440\u0430\u043d\u0442\u0443\u0454 \u043a\u043e\u043d\u043a\u0440\u0435\u0442\u043d\u0438\u0445 \u0440\u0435\u0437\u0443\u043b\u044c\u0442\u0430\u0442\u0456\u0432 \u0432\u0456\u0434 \u0432\u0438\u043a\u043e\u0440\u0438\u0441\u0442\u0430\u043d\u043d\u044f \u043e\u043f\u0443\u0431\u043b\u0456\u043a\u043e\u0432\u0430\u043d\u043e\u0433\u043e \u043a\u043e\u043d\u0442\u0435\u043d\u0442\u0443.<\/p>\n\n\n\n<hr class=\"wp-block-separator has-alpha-channel-opacity\"\/>\n\n\n\n<h3 class=\"wp-block-heading\">\u0406\u043d\u0442\u0435\u043b\u0435\u043a\u0442\u0443\u0430\u043b\u044c\u043d\u0430 \u0432\u043b\u0430\u0441\u043d\u0456\u0441\u0442\u044c<\/h3>\n\n\n\n<p>\u0412\u0435\u0441\u044c \u043a\u043e\u043d\u0442\u0435\u043d\u0442 \u043d\u0430 Nerdzilla, \u0432\u043a\u043b\u044e\u0447\u0430\u044e\u0447\u0438 \u0442\u0435\u043a\u0441\u0442, \u0437\u043e\u0431\u0440\u0430\u0436\u0435\u043d\u043d\u044f, \u043b\u043e\u0433\u043e\u0442\u0438\u043f\u0438 \u0442\u0430 \u0433\u0440\u0430\u0444\u0456\u0447\u043d\u0456 \u0435\u043b\u0435\u043c\u0435\u043d\u0442\u0438, \u0437\u0430\u0445\u0438\u0449\u0435\u043d\u0438\u0439 \u0430\u0432\u0442\u043e\u0440\u0441\u044c\u043a\u0438\u043c \u043f\u0440\u0430\u0432\u043e\u043c, \u044f\u043a\u0449\u043e \u043d\u0435 \u0437\u0430\u0437\u043d\u0430\u0447\u0435\u043d\u043e \u0456\u043d\u0448\u0435.<\/p>\n\n\n\n<p>\u0412\u0456\u0434\u0442\u0432\u043e\u0440\u0435\u043d\u043d\u044f, \u0440\u043e\u0437\u043f\u043e\u0432\u0441\u044e\u0434\u0436\u0435\u043d\u043d\u044f \u0430\u0431\u043e \u0437\u043c\u0456\u043d\u0430 \u043a\u043e\u043d\u0442\u0435\u043d\u0442\u0443 \u0431\u0435\u0437 \u043f\u043e\u043f\u0435\u0440\u0435\u0434\u043d\u044c\u043e\u0433\u043e \u0434\u043e\u0437\u0432\u043e\u043b\u0443 \u0437\u0430\u0431\u043e\u0440\u043e\u043d\u0435\u043d\u043e, \u043e\u043a\u0440\u0456\u043c \u0432\u0438\u043f\u0430\u0434\u043a\u0456\u0432, \u0434\u043e\u0437\u0432\u043e\u043b\u0435\u043d\u0438\u0445 \u0437\u0430\u043a\u043e\u043d\u043e\u043c, \u0442\u0430\u043a\u0438\u0445 \u044f\u043a \u0446\u0438\u0442\u0443\u0432\u0430\u043d\u043d\u044f \u0437 \u043d\u0430\u043b\u0435\u0436\u043d\u0438\u043c \u043f\u043e\u0441\u0438\u043b\u0430\u043d\u043d\u044f\u043c \u043d\u0430 \u0434\u0436\u0435\u0440\u0435\u043b\u043e.<\/p>\n\n\n\n<hr class=\"wp-block-separator has-alpha-channel-opacity\"\/>\n\n\n\n<h3 class=\"wp-block-heading\">\u041e\u0431\u043c\u0435\u0436\u0435\u043d\u043d\u044f \u0432\u0456\u0434\u043f\u043e\u0432\u0456\u0434\u0430\u043b\u044c\u043d\u043e\u0441\u0442\u0456<\/h3>\n\n\n\n<p>Nerdzilla \u043d\u0435 \u043d\u0435\u0441\u0435 \u0432\u0456\u0434\u043f\u043e\u0432\u0456\u0434\u0430\u043b\u044c\u043d\u043e\u0441\u0442\u0456 \u0437\u0430 \u0431\u0443\u0434\u044c-\u044f\u043a\u0456 \u043f\u0440\u044f\u043c\u0456 \u0447\u0438 \u043d\u0435\u043f\u0440\u044f\u043c\u0456 \u0437\u0431\u0438\u0442\u043a\u0438, \u0449\u043e \u0432\u0438\u043d\u0438\u043a\u043b\u0438 \u0432\u043d\u0430\u0441\u043b\u0456\u0434\u043e\u043a \u0432\u0438\u043a\u043e\u0440\u0438\u0441\u0442\u0430\u043d\u043d\u044f \u0430\u0431\u043e \u043d\u0435\u043c\u043e\u0436\u043b\u0438\u0432\u043e\u0441\u0442\u0456 \u0432\u0438\u043a\u043e\u0440\u0438\u0441\u0442\u0430\u043d\u043d\u044f \u0456\u043d\u0444\u043e\u0440\u043c\u0430\u0446\u0456\u0457, \u043d\u0430\u0434\u0430\u043d\u043e\u0457 \u043d\u0430 \u0432\u0435\u0431-\u0441\u0430\u0439\u0442\u0456.<\/p>\n\n\n\n<p>\u041c\u0438 \u043d\u0435 \u0433\u0430\u0440\u0430\u043d\u0442\u0443\u0454\u043c\u043e, \u0449\u043e \u043a\u043e\u043d\u0442\u0435\u043d\u0442 \u0437\u0430\u0432\u0436\u0434\u0438 \u0431\u0443\u0434\u0435 \u0431\u0435\u0437 \u043f\u043e\u043c\u0438\u043b\u043e\u043a, \u043f\u0435\u0440\u0435\u0440\u0432 \u0430\u0431\u043e \u0437\u0430\u0441\u0442\u0430\u0440\u0456\u043b\u043e\u0457 \u0456\u043d\u0444\u043e\u0440\u043c\u0430\u0446\u0456\u0457, \u0445\u043e\u0447\u0430 \u043c\u0438 \u043f\u0440\u0430\u0433\u043d\u0435\u043c\u043e \u043f\u0456\u0434\u0442\u0440\u0438\u043c\u0443\u0432\u0430\u0442\u0438 \u0442\u043e\u0447\u043d\u0456\u0441\u0442\u044c \u0442\u0430 \u0430\u043a\u0442\u0443\u0430\u043b\u044c\u043d\u0456\u0441\u0442\u044c \u0456\u043d\u0444\u043e\u0440\u043c\u0430\u0446\u0456\u0457.<\/p>\n\n\n\n<hr class=\"wp-block-separator has-alpha-channel-opacity\"\/>\n\n\n\n<h3 class=\"wp-block-heading\">\u041f\u043e\u0441\u0438\u043b\u0430\u043d\u043d\u044f \u043d\u0430 \u0437\u043e\u0432\u043d\u0456\u0448\u043d\u0456 \u0432\u0435\u0431\u0441\u0430\u0439\u0442\u0438<\/h3>\n\n\n\n<p>\u0421\u0430\u0439\u0442 \u043c\u043e\u0436\u0435 \u043c\u0456\u0441\u0442\u0438\u0442\u0438 \u043f\u043e\u0441\u0438\u043b\u0430\u043d\u043d\u044f \u043d\u0430 \u0441\u0442\u043e\u0440\u043e\u043d\u043d\u0456 \u0432\u0435\u0431-\u0441\u0430\u0439\u0442\u0438. \u0426\u0456 \u043f\u043e\u0441\u0438\u043b\u0430\u043d\u043d\u044f \u043d\u0430\u0434\u0430\u044e\u0442\u044c\u0441\u044f \u0432\u0438\u043a\u043b\u044e\u0447\u043d\u043e \u0434\u043b\u044f \u0437\u0440\u0443\u0447\u043d\u043e\u0441\u0442\u0456 \u043a\u043e\u0440\u0438\u0441\u0442\u0443\u0432\u0430\u0447\u0430. Nerdzilla \u043d\u0435 \u043a\u043e\u043d\u0442\u0440\u043e\u043b\u044e\u0454 \u0432\u043c\u0456\u0441\u0442 \u0447\u0438 \u043f\u043e\u043b\u0456\u0442\u0438\u043a\u0443 \u0446\u0438\u0445 \u0441\u0430\u0439\u0442\u0456\u0432 \u0456 \u043d\u0435 \u043d\u0435\u0441\u0435 \u0432\u0456\u0434\u043f\u043e\u0432\u0456\u0434\u0430\u043b\u044c\u043d\u043e\u0441\u0442\u0456 \u0437\u0430 \u0457\u0445\u043d\u044e \u0434\u0456\u044f\u043b\u044c\u043d\u0456\u0441\u0442\u044c.<\/p>\n\n\n\n<hr class=\"wp-block-separator has-alpha-channel-opacity\"\/>\n\n\n\n<h3 class=\"wp-block-heading\">\u041f\u043e\u0432\u0435\u0434\u0456\u043d\u043a\u0430 \u043a\u043e\u0440\u0438\u0441\u0442\u0443\u0432\u0430\u0447\u0456\u0432<\/h3>\n\n\n\n<p>\u0412\u0438\u043a\u043e\u0440\u0438\u0441\u0442\u043e\u0432\u0443\u044e\u0447\u0438 Nerdzilla, \u043a\u043e\u0440\u0438\u0441\u0442\u0443\u0432\u0430\u0447 \u043f\u043e\u0433\u043e\u0434\u0436\u0443\u0454\u0442\u044c\u0441\u044f \u0437:<\/p>\n\n\n\n<ul class=\"wp-block-list\">\n<li>\u041d\u0435 \u0432\u0438\u043a\u043e\u0440\u0438\u0441\u0442\u043e\u0432\u0443\u0439\u0442\u0435 \u0441\u0430\u0439\u0442 \u0443 \u043d\u0435\u0437\u0430\u043a\u043e\u043d\u043d\u0438\u0445 \u0446\u0456\u043b\u044f\u0445 \u0430\u0431\u043e \u0446\u0456\u043b\u044f\u0445, \u0449\u043e \u043f\u043e\u0440\u0443\u0448\u0443\u044e\u0442\u044c \u0447\u0438\u043d\u043d\u0435 \u0437\u0430\u043a\u043e\u043d\u043e\u0434\u0430\u0432\u0441\u0442\u0432\u043e;<\/li>\n\n\n\n<li>\u041d\u0435 \u043f\u0443\u0431\u043b\u0456\u043a\u0443\u0439\u0442\u0435 \u0442\u0430 \u043d\u0435 \u043f\u043e\u0448\u0438\u0440\u044e\u0439\u0442\u0435 \u043e\u0431\u0440\u0430\u0437\u043b\u0438\u0432\u0438\u0439, \u0434\u0438\u0441\u043a\u0440\u0438\u043c\u0456\u043d\u0430\u0446\u0456\u0439\u043d\u0438\u0439 \u0430\u0431\u043e \u043d\u0435\u0437\u0430\u043a\u043e\u043d\u043d\u0438\u0439 \u043a\u043e\u043d\u0442\u0435\u043d\u0442;<\/li>\n\n\n\n<li>\u041d\u0435 \u043d\u0430\u043c\u0430\u0433\u0430\u0439\u0442\u0435\u0441\u044f \u043f\u043e\u0440\u0443\u0448\u0438\u0442\u0438 \u0431\u0435\u0437\u043f\u0435\u043a\u0443, \u0446\u0456\u043b\u0456\u0441\u043d\u0456\u0441\u0442\u044c \u0430\u0431\u043e \u0444\u0443\u043d\u043a\u0446\u0456\u043e\u043d\u0430\u043b\u044c\u043d\u0456\u0441\u0442\u044c \u0441\u0430\u0439\u0442\u0443.<\/li>\n<\/ul>\n\n\n\n<hr class=\"wp-block-separator has-alpha-channel-opacity\"\/>\n\n\n\n<h3 class=\"wp-block-heading\">\u0417\u043c\u0456\u043d\u0438 \u0434\u043e \u0443\u043c\u043e\u0432<\/h3>\n\n\n\n<p>Nerdzilla \u043c\u043e\u0436\u0435 \u043f\u0435\u0440\u0456\u043e\u0434\u0438\u0447\u043d\u043e \u043e\u043d\u043e\u0432\u043b\u044e\u0432\u0430\u0442\u0438 \u0446\u0456 \u0423\u043c\u043e\u0432\u0438 \u0432\u0438\u043a\u043e\u0440\u0438\u0441\u0442\u0430\u043d\u043d\u044f. \u041a\u043e\u0440\u0438\u0441\u0442\u0443\u0432\u0430\u0447\u0430\u043c \u0440\u0435\u043a\u043e\u043c\u0435\u043d\u0434\u0443\u0454\u0442\u044c\u0441\u044f \u0440\u0435\u0433\u0443\u043b\u044f\u0440\u043d\u043e \u043f\u0435\u0440\u0435\u0433\u043b\u044f\u0434\u0430\u0442\u0438 \u0446\u044e \u0441\u0442\u043e\u0440\u0456\u043d\u043a\u0443, \u0449\u043e\u0431 \u0431\u0443\u0442\u0438 \u0432 \u043a\u0443\u0440\u0441\u0456 \u0431\u0443\u0434\u044c-\u044f\u043a\u0438\u0445 \u0437\u043c\u0456\u043d.<\/p>\n\n\n\n<hr class=\"wp-block-separator has-alpha-channel-opacity\"\/>\n\n\n\n<h3 class=\"wp-block-heading\">\u043a\u043e\u043d\u0442\u0430\u043a\u0442<\/h3>\n\n\n\n<p>\u042f\u043a\u0449\u043e \u0443 \u0432\u0430\u0441 \u0454 \u0431\u0443\u0434\u044c-\u044f\u043a\u0456 \u043f\u0438\u0442\u0430\u043d\u043d\u044f \u0449\u043e\u0434\u043e \u0446\u0438\u0445 \u0423\u043c\u043e\u0432 \u0432\u0438\u043a\u043e\u0440\u0438\u0441\u0442\u0430\u043d\u043d\u044f, \u0431\u0443\u0434\u044c \u043b\u0430\u0441\u043a\u0430, \u0437\u0432\u2019\u044f\u0436\u0456\u0442\u044c\u0441\u044f \u0437 \u043d\u0430\u043c\u0438 \u0435\u043b\u0435\u043a\u0442\u0440\u043e\u043d\u043d\u043e\u044e \u043f\u043e\u0448\u0442\u043e\u044e:<\/p>\n\n\n\n<p><strong><a>contato@nerdzilla.com.br<\/a><\/strong><\/p>","protected":false},"excerpt":{"rendered":"<p>Ao acessar e utilizar o site Nerdzilla, voc\u00ea concorda com os presentes Termos de Uso. Caso n\u00e3o concorde com qualquer parte destes termos, recomendamos que n\u00e3o utilize o site. O Nerdzilla \u00e9 um site de car\u00e1ter informativo e editorial, voltado \u00e0 publica\u00e7\u00e3o de an\u00e1lises, guias e recomenda\u00e7\u00f5es sobre aplicativos, tecnologia e ferramentas digitais. Uso do [&hellip;]<\/p>","protected":false},"author":3,"featured_media":0,"parent":0,"menu_order":0,"comment_status":"closed","ping_status":"closed","template":"","meta":{"footnotes":""},"class_list":["post-4388","page","type-page","status-publish"],"_links":{"self":[{"href":"https:\/\/nerdzilla.com.br\/uk\/wp-json\/wp\/v2\/pages\/4388","targetHints":{"allow":["GET"]}}],"collection":[{"href":"https:\/\/nerdzilla.com.br\/uk\/wp-json\/wp\/v2\/pages"}],"about":[{"href":"https:\/\/nerdzilla.com.br\/uk\/wp-json\/wp\/v2\/types\/page"}],"author":[{"embeddable":true,"href":"https:\/\/nerdzilla.com.br\/uk\/wp-json\/wp\/v2\/users\/3"}],"replies":[{"embeddable":true,"href":"https:\/\/nerdzilla.com.br\/uk\/wp-json\/wp\/v2\/comments?post=4388"}],"version-history":[{"count":3,"href":"https:\/\/nerdzilla.com.br\/uk\/wp-json\/wp\/v2\/pages\/4388\/revisions"}],"predecessor-version":[{"id":5557,"href":"https:\/\/nerdzilla.com.br\/uk\/wp-json\/wp\/v2\/pages\/4388\/revisions\/5557"}],"wp:attachment":[{"href":"https:\/\/nerdzilla.com.br\/uk\/wp-json\/wp\/v2\/media?parent=4388"}],"curies":[{"name":"wp","href":"https:\/\/api.w.org\/{rel}","templated":true}]}}