{"id":882,"date":"2023-03-15T13:30:03","date_gmt":"2023-03-15T13:30:03","guid":{"rendered":"https:\/\/nerdzilla.com.br\/?page_id=882"},"modified":"2026-01-28T06:35:22","modified_gmt":"2026-01-28T06:35:22","slug":"gizlilik-politikasi-2","status":"publish","type":"page","link":"https:\/\/nerdzilla.com.br\/tr\/gizlilik-politikasi-2\/","title":{"rendered":"Gizlilik Politikas\u0131"},"content":{"rendered":"<p>Gizlili\u011finiz bizim i\u00e7in \u00f6nemlidir. Bu bizim politikam\u0131zd\u0131r. <strong>Nerdzilla<\/strong> Nerdzilla web sitesinde toplayabilece\u011fimiz her t\u00fcrl\u00fc bilgiye ili\u015fkin gizlili\u011finize sayg\u0131 duyaca\u011f\u0131z.<\/p>\n\n\n\n<p>Nerdzilla, belirli bir t\u00fcre ait bir web sitesidir. <strong>bilgilendirici ve editoryal<\/strong>Bu site, uygulamalar, teknoloji ve dijital ara\u00e7lar hakk\u0131nda incelemeler, k\u0131lavuzlar ve \u00f6neriler yay\u0131nlamaya adanm\u0131\u015ft\u0131r. Bu web sitesi arac\u0131l\u0131\u011f\u0131yla do\u011frudan \u00fcr\u00fcn veya hizmet sat\u0131\u015f\u0131 yapm\u0131yoruz.<\/p>\n\n\n\n<hr class=\"wp-block-separator has-alpha-channel-opacity\"\/>\n\n\n\n<h3 class=\"wp-block-heading\">Bilgi toplama<\/h3>\n\n\n\n<p>Ki\u015fisel bilgilerinizi yaln\u0131zca ger\u00e7ekten gerekli oldu\u011funda, \u00f6rne\u011fin sizinle e-posta yoluyla veya web sitesinde bulunan formlar arac\u0131l\u0131\u011f\u0131yla ileti\u015fime ge\u00e7ti\u011fimizde talep ederiz. Bilgiler, kullan\u0131c\u0131n\u0131n bilgisi ve r\u0131zas\u0131yla, adil ve yasal bir \u015fekilde toplan\u0131r.<\/p>\n\n\n\n<p>Toplanan bilgiler, \u00f6rne\u011fin ad ve e-posta adresi gibi, yaln\u0131zca yan\u0131t verme, ileti\u015fim kurma veya yay\u0131n i\u00e7eri\u011fini iyile\u015ftirme amac\u0131yla kullan\u0131labilir.<\/p>\n\n\n\n<hr class=\"wp-block-separator has-alpha-channel-opacity\"\/>\n\n\n\n<h3 class=\"wp-block-heading\">Bilginin kullan\u0131m\u0131<\/h3>\n\n\n\n<p>Toplanan bilgiler \u015fu ama\u00e7larla kullan\u0131lmaktad\u0131r:<\/p>\n\n\n\n<ul class=\"wp-block-list\">\n<li>Kullan\u0131c\u0131lar taraf\u0131ndan g\u00f6nderilen mesajlara yan\u0131t vermek;<\/li>\n\n\n\n<li>Tarama deneyimini iyile\u015ftirmek i\u00e7in;<\/li>\n\n\n\n<li>Sitenin nas\u0131l kullan\u0131ld\u0131\u011f\u0131n\u0131 toplu ve anonim bir \u015fekilde anlamak.<\/li>\n<\/ul>\n\n\n\n<p>Verilerinizi do\u011frudan ticari ama\u00e7larla kullanm\u0131yoruz.<\/p>\n\n\n\n<hr class=\"wp-block-separator has-alpha-channel-opacity\"\/>\n\n\n\n<h3 class=\"wp-block-heading\">Veri depolama ve koruma<\/h3>\n\n\n\n<p>Toplanan bilgileri yaln\u0131zca talep edilme amac\u0131n\u0131 yerine getirmek i\u00e7in gerekli oldu\u011fu s\u00fcre boyunca sakl\u0131yoruz. Verileri yetkisiz eri\u015fime, if\u015faya, de\u011fi\u015fikli\u011fe veya yok edilmeye kar\u015f\u0131 korumak i\u00e7in makul g\u00fcvenlik \u00f6nlemleri al\u0131yoruz.<\/p>\n\n\n\n<hr class=\"wp-block-separator has-alpha-channel-opacity\"\/>\n\n\n\n<h3 class=\"wp-block-heading\">Bilgi payla\u015f\u0131m\u0131<\/h3>\n\n\n\n<p>Kanunen zorunlu haller d\u0131\u015f\u0131nda, ki\u015fisel olarak tan\u0131mlanabilir bilgileri kamuoyuyla veya \u00fc\u00e7\u00fcnc\u00fc taraflarla payla\u015fm\u0131yoruz.<\/p>\n\n\n\n<hr class=\"wp-block-separator has-alpha-channel-opacity\"\/>\n\n\n\n<h3 class=\"wp-block-heading\">Harici web sitelerine ba\u011flant\u0131lar<\/h3>\n\n\n\n<p>Nerdzilla, bizim taraf\u0131m\u0131zdan i\u015fletilmeyen harici web sitelerine ba\u011flant\u0131lar i\u00e7erebilir. Bu sitelerin i\u00e7eri\u011fi ve uygulamalar\u0131 \u00fczerinde hi\u00e7bir kontrol\u00fcm\u00fcz yoktur ve ilgili gizlilik politikalar\u0131ndan sorumlu de\u011filiz.<\/p>\n\n\n\n<hr class=\"wp-block-separator has-alpha-channel-opacity\"\/>\n\n\n\n<h3 class=\"wp-block-heading\">\u00c7erezler<\/h3>\n\n\n\n<p>Nerdzilla, kullan\u0131c\u0131 deneyimini iyile\u015ftirmek i\u00e7in \u00e7erezler kullan\u0131r. \u00c7erezler, sitenin nas\u0131l kullan\u0131ld\u0131\u011f\u0131n\u0131 anlamam\u0131za yard\u0131mc\u0131 olan, kullan\u0131c\u0131n\u0131n cihaz\u0131nda saklanan k\u00fc\u00e7\u00fck dosyalard\u0131r.<\/p>\n\n\n\n<p>Kullan\u0131c\u0131lar, taray\u0131c\u0131 ayarlar\u0131n\u0131 de\u011fi\u015ftirerek \u00e7erezleri devre d\u0131\u015f\u0131 b\u0131rakabilirler. Ancak, \u00e7erezlerin devre d\u0131\u015f\u0131 b\u0131rak\u0131lmas\u0131 web sitesinin baz\u0131 b\u00f6l\u00fcmlerinin i\u015flevselli\u011fini etkileyebilir.<\/p>\n\n\n\n<hr class=\"wp-block-separator has-alpha-channel-opacity\"\/>\n\n\n\n<h3 class=\"wp-block-heading\">\u00dc\u00e7\u00fcnc\u00fc taraf \u00e7erezleri ve reklamlar<\/h3>\n\n\n\n<p>Nerdzilla, a\u015fa\u011f\u0131dakiler gibi \u00fc\u00e7\u00fcnc\u00fc taraf hizmetlerini kullanmaktad\u0131r... <strong>Google Analytics<\/strong>Web sitesi trafi\u011fini ve kullan\u0131c\u0131 davran\u0131\u015f\u0131n\u0131 toplu ve anonim bir \u015fekilde analiz etmek.<\/p>\n\n\n\n<p>Ayr\u0131ca, a\u015fa\u011f\u0131dakiler gibi reklam hizmetlerinden de yararlan\u0131yoruz: <strong>Google AdSense<\/strong>Bu site, kullan\u0131c\u0131lar\u0131n bu ve di\u011fer web sitelerine yapt\u0131klar\u0131 ziyaretlere dayanarak ilgili reklamlar\u0131 g\u00f6stermek i\u00e7in \u00e7erezler, web i\u015faret\u00e7ileri veya benzer teknolojiler kullanabilir.<\/p>\n\n\n\n<p>Google \u00e7erezleri kullanabilir. <strong>DoubleClick DART<\/strong>Bu \u00e7erez, kullan\u0131c\u0131lara \u00f6nceki ziyaretlerine g\u00f6re reklam g\u00f6stermemizi sa\u011flar. Kullan\u0131c\u0131lar, Google reklam ayarlar\u0131ndan bu \u00e7erezin kullan\u0131m\u0131n\u0131 devre d\u0131\u015f\u0131 b\u0131rakabilirler.<\/p>\n\n\n\n<hr class=\"wp-block-separator has-alpha-channel-opacity\"\/>\n\n\n\n<h3 class=\"wp-block-heading\">Kullan\u0131c\u0131 taahh\u00fcd\u00fc<\/h3>\n\n\n\n<p>Kullan\u0131c\u0131, Nerdzilla taraf\u0131ndan sa\u011flanan i\u00e7erik ve bilgileri uygun \u015fekilde kullanmay\u0131 kabul eder ve a\u015fa\u011f\u0131dakileri yapmamay\u0131 taahh\u00fct eder:<\/p>\n\n\n\n<ul class=\"wp-block-list\">\n<li>Yasad\u0131\u015f\u0131 faaliyetlerde bulunmak veya iyi niyet ve kamu d\u00fczenine ayk\u0131r\u0131 faaliyetler ger\u00e7ekle\u015ftirmek;<\/li>\n\n\n\n<li>Ayr\u0131mc\u0131, sald\u0131rgan, yasad\u0131\u015f\u0131 i\u00e7erik veya insan haklar\u0131n\u0131 ihlal eden i\u00e7erik yaymak;<\/li>\n\n\n\n<li>Nerdzilla&#039;n\u0131n sistemlerine veya \u00fc\u00e7\u00fcnc\u00fc taraf sistemlere zararl\u0131 kod yerle\u015ftirerek zarar vermek.<\/li>\n<\/ul>\n\n\n\n<hr class=\"wp-block-separator has-alpha-channel-opacity\"\/>\n\n\n\n<h3 class=\"wp-block-heading\">Onay<\/h3>\n\n\n\n<p>Nerdzilla web sitesinin kullan\u0131m\u0131na devam edilmesi, bu Gizlilik Politikas\u0131&#039;n\u0131n kabul\u00fc olarak de\u011ferlendirilecektir.<\/p>\n\n\n\n<hr class=\"wp-block-separator has-alpha-channel-opacity\"\/>\n\n\n\n<h3 class=\"wp-block-heading\">Temas etmek<\/h3>\n\n\n\n<p>Bu Gizlilik Politikas\u0131 veya kullan\u0131c\u0131 verilerini nas\u0131l i\u015fledi\u011fimiz hakk\u0131nda herhangi bir sorunuz varsa, l\u00fctfen bizimle e-posta yoluyla ileti\u015fime ge\u00e7in:<\/p>\n\n\n\n<p><strong><a>contato@nerdzilla.com.br<\/a><\/strong><\/p>","protected":false},"excerpt":{"rendered":"<p>A sua privacidade \u00e9 importante para n\u00f3s. \u00c9 pol\u00edtica do Nerdzilla respeitar a sua privacidade em rela\u00e7\u00e3o a qualquer informa\u00e7\u00e3o que possamos coletar no site Nerdzilla. O Nerdzilla \u00e9 um site de car\u00e1ter informativo e editorial, dedicado \u00e0 publica\u00e7\u00e3o de an\u00e1lises, guias e recomenda\u00e7\u00f5es sobre aplicativos, tecnologia e ferramentas digitais. N\u00e3o comercializamos produtos ou servi\u00e7os [&hellip;]<\/p>","protected":false},"author":3,"featured_media":0,"parent":0,"menu_order":0,"comment_status":"closed","ping_status":"closed","template":"","meta":{"footnotes":""},"class_list":["post-882","page","type-page","status-publish"],"_links":{"self":[{"href":"https:\/\/nerdzilla.com.br\/tr\/wp-json\/wp\/v2\/pages\/882","targetHints":{"allow":["GET"]}}],"collection":[{"href":"https:\/\/nerdzilla.com.br\/tr\/wp-json\/wp\/v2\/pages"}],"about":[{"href":"https:\/\/nerdzilla.com.br\/tr\/wp-json\/wp\/v2\/types\/page"}],"author":[{"embeddable":true,"href":"https:\/\/nerdzilla.com.br\/tr\/wp-json\/wp\/v2\/users\/3"}],"replies":[{"embeddable":true,"href":"https:\/\/nerdzilla.com.br\/tr\/wp-json\/wp\/v2\/comments?post=882"}],"version-history":[{"count":5,"href":"https:\/\/nerdzilla.com.br\/tr\/wp-json\/wp\/v2\/pages\/882\/revisions"}],"predecessor-version":[{"id":5555,"href":"https:\/\/nerdzilla.com.br\/tr\/wp-json\/wp\/v2\/pages\/882\/revisions\/5555"}],"wp:attachment":[{"href":"https:\/\/nerdzilla.com.br\/tr\/wp-json\/wp\/v2\/media?parent=882"}],"curies":[{"name":"wp","href":"https:\/\/api.w.org\/{rel}","templated":true}]}}