{"id":880,"date":"2023-03-15T13:25:53","date_gmt":"2023-03-15T13:25:53","guid":{"rendered":"https:\/\/nerdzilla.com.br\/?page_id=880"},"modified":"2026-01-28T06:41:08","modified_gmt":"2026-01-28T06:41:08","slug":"hakkimizda","status":"publish","type":"page","link":"https:\/\/nerdzilla.com.br\/tr\/hakkimizda\/","title":{"rendered":"Biz Kimiz"},"content":{"rendered":"<p>Nerdzilla, dijital uygulamalar ve ara\u00e7lar i\u00e7in k\u0131lavuzlar, incelemeler ve \u00f6neriler \u00fcretmeye adanm\u0131\u015f bilgilendirici bir i\u00e7erik web sitesidir. Amac\u0131m\u0131z, kullan\u0131c\u0131lar\u0131n g\u00fcnl\u00fck teknoloji kullan\u0131mlar\u0131 hakk\u0131nda daha bilin\u00e7li kararlar vermelerine yard\u0131mc\u0131 olmakt\u0131r.<\/p>\n\n\n\n<p>Nerdzilla&#039;da yay\u0131nlanan i\u00e7erik, editoryal, e\u011fitici ve bilgilendirici bir yakla\u015f\u0131mla geli\u015ftirilmekte olup, her zaman a\u00e7\u0131kl\u0131k, kullan\u0131\u015fl\u0131l\u0131k ve s\u00fcrekli g\u00fcncellemeyi hedeflemektedir.<\/p>\n\n\n\n<p>Site, yay\u0131nlanan i\u00e7eri\u011fin ara\u015ft\u0131r\u0131lmas\u0131, \u00fcretilmesi ve incelenmesinden sorumlu ba\u011f\u0131ms\u0131z bir edit\u00f6r ekibi taraf\u0131ndan y\u00f6netilmektedir.<\/p>","protected":false},"excerpt":{"rendered":"<p>O Nerdzilla \u00e9 um site de conte\u00fado informativo dedicado \u00e0 produ\u00e7\u00e3o de guias, an\u00e1lises e recomenda\u00e7\u00f5es de aplicativos e ferramentas digitais. Nosso objetivo \u00e9 ajudar usu\u00e1rios a tomar decis\u00f5es mais conscientes sobre o uso da tecnologia no dia a dia. O conte\u00fado publicado no Nerdzilla \u00e9 desenvolvido com foco editorial, educacional e informativo, buscando sempre [&hellip;]<\/p>","protected":false},"author":3,"featured_media":0,"parent":0,"menu_order":0,"comment_status":"closed","ping_status":"closed","template":"","meta":{"footnotes":""},"class_list":["post-880","page","type-page","status-publish"],"_links":{"self":[{"href":"https:\/\/nerdzilla.com.br\/tr\/wp-json\/wp\/v2\/pages\/880","targetHints":{"allow":["GET"]}}],"collection":[{"href":"https:\/\/nerdzilla.com.br\/tr\/wp-json\/wp\/v2\/pages"}],"about":[{"href":"https:\/\/nerdzilla.com.br\/tr\/wp-json\/wp\/v2\/types\/page"}],"author":[{"embeddable":true,"href":"https:\/\/nerdzilla.com.br\/tr\/wp-json\/wp\/v2\/users\/3"}],"replies":[{"embeddable":true,"href":"https:\/\/nerdzilla.com.br\/tr\/wp-json\/wp\/v2\/comments?post=880"}],"version-history":[{"count":2,"href":"https:\/\/nerdzilla.com.br\/tr\/wp-json\/wp\/v2\/pages\/880\/revisions"}],"predecessor-version":[{"id":5561,"href":"https:\/\/nerdzilla.com.br\/tr\/wp-json\/wp\/v2\/pages\/880\/revisions\/5561"}],"wp:attachment":[{"href":"https:\/\/nerdzilla.com.br\/tr\/wp-json\/wp\/v2\/media?parent=880"}],"curies":[{"name":"wp","href":"https:\/\/api.w.org\/{rel}","templated":true}]}}