{"id":880,"date":"2023-03-15T13:25:53","date_gmt":"2023-03-15T13:25:53","guid":{"rendered":"https:\/\/nerdzilla.com.br\/?page_id=880"},"modified":"2026-01-28T06:41:08","modified_gmt":"2026-01-28T06:41:08","slug":"tungkol-sa-amin","status":"publish","type":"page","link":"https:\/\/nerdzilla.com.br\/tl\/tungkol-sa-amin\/","title":{"rendered":"Kung sino tayo"},"content":{"rendered":"<p>Ang Nerdzilla ay isang website na nagbibigay ng impormasyon at nakatuon sa paggawa ng mga gabay, review, at rekomendasyon para sa mga digital na aplikasyon at tool. Ang aming layunin ay tulungan ang mga gumagamit na gumawa ng mas matalinong mga desisyon tungkol sa kanilang pang-araw-araw na paggamit ng teknolohiya.<\/p>\n\n\n\n<p>Ang nilalamang inilathala sa Nerdzilla ay binuo nang may pokus na editoryal, pang-edukasyon, at nagbibigay-kaalaman, na palaging nagsusumikap para sa kalinawan, kapakinabangan, at patuloy na pag-update.<\/p>\n\n\n\n<p>Ang site ay pinapanatili ng isang independiyenteng pangkat ng editoryal, na responsable sa pagsasaliksik, paggawa, at pagsusuri ng nailathalang nilalaman.<\/p>","protected":false},"excerpt":{"rendered":"<p>O Nerdzilla \u00e9 um site de conte\u00fado informativo dedicado \u00e0 produ\u00e7\u00e3o de guias, an\u00e1lises e recomenda\u00e7\u00f5es de aplicativos e ferramentas digitais. Nosso objetivo \u00e9 ajudar usu\u00e1rios a tomar decis\u00f5es mais conscientes sobre o uso da tecnologia no dia a dia. O conte\u00fado publicado no Nerdzilla \u00e9 desenvolvido com foco editorial, educacional e informativo, buscando sempre [&hellip;]<\/p>","protected":false},"author":3,"featured_media":0,"parent":0,"menu_order":0,"comment_status":"closed","ping_status":"closed","template":"","meta":{"footnotes":""},"class_list":["post-880","page","type-page","status-publish"],"_links":{"self":[{"href":"https:\/\/nerdzilla.com.br\/tl\/wp-json\/wp\/v2\/pages\/880","targetHints":{"allow":["GET"]}}],"collection":[{"href":"https:\/\/nerdzilla.com.br\/tl\/wp-json\/wp\/v2\/pages"}],"about":[{"href":"https:\/\/nerdzilla.com.br\/tl\/wp-json\/wp\/v2\/types\/page"}],"author":[{"embeddable":true,"href":"https:\/\/nerdzilla.com.br\/tl\/wp-json\/wp\/v2\/users\/3"}],"replies":[{"embeddable":true,"href":"https:\/\/nerdzilla.com.br\/tl\/wp-json\/wp\/v2\/comments?post=880"}],"version-history":[{"count":2,"href":"https:\/\/nerdzilla.com.br\/tl\/wp-json\/wp\/v2\/pages\/880\/revisions"}],"predecessor-version":[{"id":5561,"href":"https:\/\/nerdzilla.com.br\/tl\/wp-json\/wp\/v2\/pages\/880\/revisions\/5561"}],"wp:attachment":[{"href":"https:\/\/nerdzilla.com.br\/tl\/wp-json\/wp\/v2\/media?parent=880"}],"curies":[{"name":"wp","href":"https:\/\/api.w.org\/{rel}","templated":true}]}}