{"id":882,"date":"2023-03-15T13:30:03","date_gmt":"2023-03-15T13:30:03","guid":{"rendered":"https:\/\/nerdzilla.com.br\/?page_id=882"},"modified":"2026-01-28T06:35:22","modified_gmt":"2026-01-28T06:35:22","slug":"%e0%b8%99%e0%b9%82%e0%b8%a2%e0%b8%9a%e0%b8%b2%e0%b8%a2%e0%b8%84%e0%b8%a7%e0%b8%b2%e0%b8%a1%e0%b9%80%e0%b8%9b%e0%b9%87%e0%b8%99%e0%b8%aa%e0%b9%88%e0%b8%a7%e0%b8%99%e0%b8%95%e0%b8%b1%e0%b8%a7-2","status":"publish","type":"page","link":"https:\/\/nerdzilla.com.br\/th\/%e0%b8%99%e0%b9%82%e0%b8%a2%e0%b8%9a%e0%b8%b2%e0%b8%a2%e0%b8%84%e0%b8%a7%e0%b8%b2%e0%b8%a1%e0%b9%80%e0%b8%9b%e0%b9%87%e0%b8%99%e0%b8%aa%e0%b9%88%e0%b8%a7%e0%b8%99%e0%b8%95%e0%b8%b1%e0%b8%a7-2\/","title":{"rendered":"\u0e19\u0e42\u0e22\u0e1a\u0e32\u0e22\u0e04\u0e27\u0e32\u0e21\u0e40\u0e1b\u0e47\u0e19\u0e2a\u0e48\u0e27\u0e19\u0e15\u0e31\u0e27"},"content":{"rendered":"<p>\u0e04\u0e27\u0e32\u0e21\u0e40\u0e1b\u0e47\u0e19\u0e2a\u0e48\u0e27\u0e19\u0e15\u0e31\u0e27\u0e02\u0e2d\u0e07\u0e04\u0e38\u0e13\u0e40\u0e1b\u0e47\u0e19\u0e2a\u0e34\u0e48\u0e07\u0e2a\u0e33\u0e04\u0e31\u0e0d\u0e2a\u0e33\u0e2b\u0e23\u0e31\u0e1a\u0e40\u0e23\u0e32 \u0e19\u0e35\u0e48\u0e04\u0e37\u0e2d\u0e19\u0e42\u0e22\u0e1a\u0e32\u0e22\u0e02\u0e2d\u0e07\u0e40\u0e23\u0e32 <strong>\u0e40\u0e19\u0e34\u0e23\u0e4c\u0e14\u0e0b\u0e34\u0e25\u0e48\u0e32<\/strong> \u0e40\u0e23\u0e32\u0e08\u0e30\u0e40\u0e04\u0e32\u0e23\u0e1e\u0e04\u0e27\u0e32\u0e21\u0e40\u0e1b\u0e47\u0e19\u0e2a\u0e48\u0e27\u0e19\u0e15\u0e31\u0e27\u0e02\u0e2d\u0e07\u0e04\u0e38\u0e13\u0e40\u0e01\u0e35\u0e48\u0e22\u0e27\u0e01\u0e31\u0e1a\u0e02\u0e49\u0e2d\u0e21\u0e39\u0e25\u0e43\u0e14\u0e46 \u0e17\u0e35\u0e48\u0e40\u0e23\u0e32\u0e2d\u0e32\u0e08\u0e40\u0e01\u0e47\u0e1a\u0e23\u0e27\u0e1a\u0e23\u0e27\u0e21\u0e1a\u0e19\u0e40\u0e27\u0e47\u0e1a\u0e44\u0e0b\u0e15\u0e4c Nerdzilla<\/p>\n\n\n\n<p>Nerdzilla \u0e40\u0e1b\u0e47\u0e19\u0e40\u0e27\u0e47\u0e1a\u0e44\u0e0b\u0e15\u0e4c\u0e17\u0e35\u0e48\u0e21\u0e35\u0e25\u0e31\u0e01\u0e29\u0e13\u0e30\u0e40\u0e09\u0e1e\u0e32\u0e30\u0e2d\u0e22\u0e48\u0e32\u0e07\u0e2b\u0e19\u0e36\u0e48\u0e07 <strong>\u0e43\u0e2b\u0e49\u0e02\u0e49\u0e2d\u0e21\u0e39\u0e25\u0e41\u0e25\u0e30\u0e1a\u0e17\u0e04\u0e27\u0e32\u0e21<\/strong>\u0e40\u0e27\u0e47\u0e1a\u0e44\u0e0b\u0e15\u0e4c\u0e19\u0e35\u0e49\u0e08\u0e31\u0e14\u0e17\u0e33\u0e02\u0e36\u0e49\u0e19\u0e40\u0e1e\u0e37\u0e48\u0e2d\u0e40\u0e1c\u0e22\u0e41\u0e1e\u0e23\u0e48\u0e1a\u0e17\u0e27\u0e34\u0e08\u0e32\u0e23\u0e13\u0e4c \u0e04\u0e39\u0e48\u0e21\u0e37\u0e2d \u0e41\u0e25\u0e30\u0e04\u0e33\u0e41\u0e19\u0e30\u0e19\u0e33\u0e40\u0e01\u0e35\u0e48\u0e22\u0e27\u0e01\u0e31\u0e1a\u0e41\u0e2d\u0e1b\u0e1e\u0e25\u0e34\u0e40\u0e04\u0e0a\u0e31\u0e19 \u0e40\u0e17\u0e04\u0e42\u0e19\u0e42\u0e25\u0e22\u0e35 \u0e41\u0e25\u0e30\u0e40\u0e04\u0e23\u0e37\u0e48\u0e2d\u0e07\u0e21\u0e37\u0e2d\u0e14\u0e34\u0e08\u0e34\u0e17\u0e31\u0e25 \u0e40\u0e23\u0e32\u0e44\u0e21\u0e48\u0e44\u0e14\u0e49\u0e08\u0e33\u0e2b\u0e19\u0e48\u0e32\u0e22\u0e1c\u0e25\u0e34\u0e15\u0e20\u0e31\u0e13\u0e11\u0e4c\u0e2b\u0e23\u0e37\u0e2d\u0e1a\u0e23\u0e34\u0e01\u0e32\u0e23\u0e42\u0e14\u0e22\u0e15\u0e23\u0e07\u0e1c\u0e48\u0e32\u0e19\u0e40\u0e27\u0e47\u0e1a\u0e44\u0e0b\u0e15\u0e4c\u0e19\u0e35\u0e49<\/p>\n\n\n\n<hr class=\"wp-block-separator has-alpha-channel-opacity\"\/>\n\n\n\n<h3 class=\"wp-block-heading\">\u0e01\u0e32\u0e23\u0e23\u0e27\u0e1a\u0e23\u0e27\u0e21\u0e02\u0e49\u0e2d\u0e21\u0e39\u0e25<\/h3>\n\n\n\n<p>\u0e40\u0e23\u0e32\u0e02\u0e2d\u0e02\u0e49\u0e2d\u0e21\u0e39\u0e25\u0e2a\u0e48\u0e27\u0e19\u0e1a\u0e38\u0e04\u0e04\u0e25\u0e40\u0e09\u0e1e\u0e32\u0e30\u0e40\u0e21\u0e37\u0e48\u0e2d\u0e08\u0e33\u0e40\u0e1b\u0e47\u0e19\u0e08\u0e23\u0e34\u0e07\u0e46 \u0e40\u0e17\u0e48\u0e32\u0e19\u0e31\u0e49\u0e19 \u0e40\u0e0a\u0e48\u0e19 \u0e40\u0e21\u0e37\u0e48\u0e2d\u0e15\u0e34\u0e14\u0e15\u0e48\u0e2d\u0e04\u0e38\u0e13\u0e17\u0e32\u0e07\u0e2d\u0e35\u0e40\u0e21\u0e25\u0e2b\u0e23\u0e37\u0e2d\u0e1c\u0e48\u0e32\u0e19\u0e41\u0e1a\u0e1a\u0e1f\u0e2d\u0e23\u0e4c\u0e21\u0e1a\u0e19\u0e40\u0e27\u0e47\u0e1a\u0e44\u0e0b\u0e15\u0e4c \u0e02\u0e49\u0e2d\u0e21\u0e39\u0e25\u0e14\u0e31\u0e07\u0e01\u0e25\u0e48\u0e32\u0e27\u0e16\u0e39\u0e01\u0e23\u0e27\u0e1a\u0e23\u0e27\u0e21\u0e2d\u0e22\u0e48\u0e32\u0e07\u0e40\u0e1b\u0e47\u0e19\u0e18\u0e23\u0e23\u0e21\u0e41\u0e25\u0e30\u0e16\u0e39\u0e01\u0e15\u0e49\u0e2d\u0e07\u0e15\u0e32\u0e21\u0e01\u0e0e\u0e2b\u0e21\u0e32\u0e22 \u0e42\u0e14\u0e22\u0e44\u0e14\u0e49\u0e23\u0e31\u0e1a\u0e04\u0e27\u0e32\u0e21\u0e23\u0e39\u0e49\u0e41\u0e25\u0e30\u0e04\u0e27\u0e32\u0e21\u0e22\u0e34\u0e19\u0e22\u0e2d\u0e21\u0e08\u0e32\u0e01\u0e1c\u0e39\u0e49\u0e43\u0e0a\u0e49<\/p>\n\n\n\n<p>\u0e02\u0e49\u0e2d\u0e21\u0e39\u0e25\u0e17\u0e35\u0e48\u0e23\u0e27\u0e1a\u0e23\u0e27\u0e21\u0e2d\u0e32\u0e08\u0e23\u0e27\u0e21\u0e16\u0e36\u0e07\u0e0a\u0e37\u0e48\u0e2d\u0e41\u0e25\u0e30\u0e17\u0e35\u0e48\u0e2d\u0e22\u0e39\u0e48\u0e2d\u0e35\u0e40\u0e21\u0e25 \u0e40\u0e1b\u0e47\u0e19\u0e15\u0e49\u0e19 \u0e42\u0e14\u0e22\u0e21\u0e35\u0e27\u0e31\u0e15\u0e16\u0e38\u0e1b\u0e23\u0e30\u0e2a\u0e07\u0e04\u0e4c\u0e40\u0e1e\u0e35\u0e22\u0e07\u0e40\u0e1e\u0e37\u0e48\u0e2d\u0e01\u0e32\u0e23\u0e15\u0e2d\u0e1a\u0e01\u0e25\u0e31\u0e1a \u0e01\u0e32\u0e23\u0e15\u0e34\u0e14\u0e15\u0e48\u0e2d\u0e2a\u0e37\u0e48\u0e2d\u0e2a\u0e32\u0e23 \u0e2b\u0e23\u0e37\u0e2d\u0e01\u0e32\u0e23\u0e1b\u0e23\u0e31\u0e1a\u0e1b\u0e23\u0e38\u0e07\u0e40\u0e19\u0e37\u0e49\u0e2d\u0e2b\u0e32\u0e1a\u0e23\u0e23\u0e13\u0e32\u0e18\u0e34\u0e01\u0e32\u0e23\u0e40\u0e17\u0e48\u0e32\u0e19\u0e31\u0e49\u0e19<\/p>\n\n\n\n<hr class=\"wp-block-separator has-alpha-channel-opacity\"\/>\n\n\n\n<h3 class=\"wp-block-heading\">\u0e01\u0e32\u0e23\u0e43\u0e0a\u0e49\u0e02\u0e49\u0e2d\u0e21\u0e39\u0e25<\/h3>\n\n\n\n<p>\u0e02\u0e49\u0e2d\u0e21\u0e39\u0e25\u0e17\u0e35\u0e48\u0e23\u0e27\u0e1a\u0e23\u0e27\u0e21\u0e44\u0e14\u0e49\u0e08\u0e30\u0e16\u0e39\u0e01\u0e19\u0e33\u0e44\u0e1b\u0e43\u0e0a\u0e49\u0e40\u0e1e\u0e37\u0e48\u0e2d:<\/p>\n\n\n\n<ul class=\"wp-block-list\">\n<li>\u0e15\u0e2d\u0e1a\u0e01\u0e25\u0e31\u0e1a\u0e02\u0e49\u0e2d\u0e04\u0e27\u0e32\u0e21\u0e17\u0e35\u0e48\u0e1c\u0e39\u0e49\u0e43\u0e0a\u0e49\u0e2a\u0e48\u0e07\u0e21\u0e32;<\/li>\n\n\n\n<li>\u0e1b\u0e23\u0e31\u0e1a\u0e1b\u0e23\u0e38\u0e07\u0e1b\u0e23\u0e30\u0e2a\u0e1a\u0e01\u0e32\u0e23\u0e13\u0e4c\u0e01\u0e32\u0e23\u0e17\u0e48\u0e2d\u0e07\u0e40\u0e27\u0e47\u0e1a\u0e43\u0e2b\u0e49\u0e14\u0e35\u0e22\u0e34\u0e48\u0e07\u0e02\u0e36\u0e49\u0e19<\/li>\n\n\n\n<li>\u0e40\u0e1e\u0e37\u0e48\u0e2d\u0e17\u0e33\u0e04\u0e27\u0e32\u0e21\u0e40\u0e02\u0e49\u0e32\u0e43\u0e08\u0e27\u0e34\u0e18\u0e35\u0e01\u0e32\u0e23\u0e43\u0e0a\u0e49\u0e07\u0e32\u0e19\u0e40\u0e27\u0e47\u0e1a\u0e44\u0e0b\u0e15\u0e4c\u0e43\u0e19\u0e23\u0e39\u0e1b\u0e41\u0e1a\u0e1a\u0e20\u0e32\u0e1e\u0e23\u0e27\u0e21\u0e41\u0e25\u0e30\u0e44\u0e21\u0e48\u0e23\u0e30\u0e1a\u0e38\u0e15\u0e31\u0e27\u0e15\u0e19<\/li>\n<\/ul>\n\n\n\n<p>\u0e40\u0e23\u0e32\u0e44\u0e21\u0e48\u0e44\u0e14\u0e49\u0e43\u0e0a\u0e49\u0e02\u0e49\u0e2d\u0e21\u0e39\u0e25\u0e40\u0e1e\u0e37\u0e48\u0e2d\u0e27\u0e31\u0e15\u0e16\u0e38\u0e1b\u0e23\u0e30\u0e2a\u0e07\u0e04\u0e4c\u0e17\u0e32\u0e07\u0e01\u0e32\u0e23\u0e04\u0e49\u0e32\u0e42\u0e14\u0e22\u0e15\u0e23\u0e07<\/p>\n\n\n\n<hr class=\"wp-block-separator has-alpha-channel-opacity\"\/>\n\n\n\n<h3 class=\"wp-block-heading\">\u0e01\u0e32\u0e23\u0e08\u0e31\u0e14\u0e40\u0e01\u0e47\u0e1a\u0e41\u0e25\u0e30\u0e1b\u0e01\u0e1b\u0e49\u0e2d\u0e07\u0e02\u0e49\u0e2d\u0e21\u0e39\u0e25<\/h3>\n\n\n\n<p>\u0e40\u0e23\u0e32\u0e40\u0e01\u0e47\u0e1a\u0e23\u0e31\u0e01\u0e29\u0e32\u0e02\u0e49\u0e2d\u0e21\u0e39\u0e25\u0e17\u0e35\u0e48\u0e23\u0e27\u0e1a\u0e23\u0e27\u0e21\u0e44\u0e27\u0e49\u0e40\u0e09\u0e1e\u0e32\u0e30\u0e40\u0e17\u0e48\u0e32\u0e17\u0e35\u0e48\u0e08\u0e33\u0e40\u0e1b\u0e47\u0e19\u0e40\u0e1e\u0e37\u0e48\u0e2d\u0e1a\u0e23\u0e23\u0e25\u0e38\u0e27\u0e31\u0e15\u0e16\u0e38\u0e1b\u0e23\u0e30\u0e2a\u0e07\u0e04\u0e4c\u0e17\u0e35\u0e48\u0e23\u0e49\u0e2d\u0e07\u0e02\u0e2d\u0e40\u0e17\u0e48\u0e32\u0e19\u0e31\u0e49\u0e19 \u0e40\u0e23\u0e32\u0e43\u0e0a\u0e49\u0e21\u0e32\u0e15\u0e23\u0e01\u0e32\u0e23\u0e23\u0e31\u0e01\u0e29\u0e32\u0e04\u0e27\u0e32\u0e21\u0e1b\u0e25\u0e2d\u0e14\u0e20\u0e31\u0e22\u0e17\u0e35\u0e48\u0e40\u0e2b\u0e21\u0e32\u0e30\u0e2a\u0e21\u0e40\u0e1e\u0e37\u0e48\u0e2d\u0e1b\u0e01\u0e1b\u0e49\u0e2d\u0e07\u0e02\u0e49\u0e2d\u0e21\u0e39\u0e25\u0e08\u0e32\u0e01\u0e01\u0e32\u0e23\u0e40\u0e02\u0e49\u0e32\u0e16\u0e36\u0e07 \u0e01\u0e32\u0e23\u0e40\u0e1b\u0e34\u0e14\u0e40\u0e1c\u0e22 \u0e01\u0e32\u0e23\u0e40\u0e1b\u0e25\u0e35\u0e48\u0e22\u0e19\u0e41\u0e1b\u0e25\u0e07 \u0e2b\u0e23\u0e37\u0e2d\u0e01\u0e32\u0e23\u0e17\u0e33\u0e25\u0e32\u0e22\u0e42\u0e14\u0e22\u0e44\u0e21\u0e48\u0e44\u0e14\u0e49\u0e23\u0e31\u0e1a\u0e2d\u0e19\u0e38\u0e0d\u0e32\u0e15<\/p>\n\n\n\n<hr class=\"wp-block-separator has-alpha-channel-opacity\"\/>\n\n\n\n<h3 class=\"wp-block-heading\">\u0e01\u0e32\u0e23\u0e41\u0e1a\u0e48\u0e07\u0e1b\u0e31\u0e19\u0e02\u0e49\u0e2d\u0e21\u0e39\u0e25<\/h3>\n\n\n\n<p>\u0e40\u0e23\u0e32\u0e08\u0e30\u0e44\u0e21\u0e48\u0e40\u0e1b\u0e34\u0e14\u0e40\u0e1c\u0e22\u0e02\u0e49\u0e2d\u0e21\u0e39\u0e25\u0e2a\u0e48\u0e27\u0e19\u0e1a\u0e38\u0e04\u0e04\u0e25\u0e15\u0e48\u0e2d\u0e2a\u0e32\u0e18\u0e32\u0e23\u0e13\u0e30\u0e2b\u0e23\u0e37\u0e2d\u0e1a\u0e38\u0e04\u0e04\u0e25\u0e17\u0e35\u0e48\u0e2a\u0e32\u0e21 \u0e40\u0e27\u0e49\u0e19\u0e41\u0e15\u0e48\u0e08\u0e30\u0e16\u0e39\u0e01\u0e01\u0e33\u0e2b\u0e19\u0e14\u0e42\u0e14\u0e22\u0e01\u0e0e\u0e2b\u0e21\u0e32\u0e22<\/p>\n\n\n\n<hr class=\"wp-block-separator has-alpha-channel-opacity\"\/>\n\n\n\n<h3 class=\"wp-block-heading\">\u0e25\u0e34\u0e07\u0e01\u0e4c\u0e44\u0e1b\u0e22\u0e31\u0e07\u0e40\u0e27\u0e47\u0e1a\u0e44\u0e0b\u0e15\u0e4c\u0e20\u0e32\u0e22\u0e19\u0e2d\u0e01<\/h3>\n\n\n\n<p>\u0e40\u0e27\u0e47\u0e1a\u0e44\u0e0b\u0e15\u0e4c Nerdzilla \u0e2d\u0e32\u0e08\u0e21\u0e35\u0e25\u0e34\u0e07\u0e01\u0e4c\u0e44\u0e1b\u0e22\u0e31\u0e07\u0e40\u0e27\u0e47\u0e1a\u0e44\u0e0b\u0e15\u0e4c\u0e20\u0e32\u0e22\u0e19\u0e2d\u0e01\u0e17\u0e35\u0e48\u0e44\u0e21\u0e48\u0e43\u0e0a\u0e48\u0e40\u0e27\u0e47\u0e1a\u0e44\u0e0b\u0e15\u0e4c\u0e02\u0e2d\u0e07\u0e40\u0e23\u0e32 \u0e40\u0e23\u0e32\u0e44\u0e21\u0e48\u0e2a\u0e32\u0e21\u0e32\u0e23\u0e16\u0e04\u0e27\u0e1a\u0e04\u0e38\u0e21\u0e40\u0e19\u0e37\u0e49\u0e2d\u0e2b\u0e32\u0e41\u0e25\u0e30\u0e41\u0e19\u0e27\u0e1b\u0e0f\u0e34\u0e1a\u0e31\u0e15\u0e34\u0e02\u0e2d\u0e07\u0e40\u0e27\u0e47\u0e1a\u0e44\u0e0b\u0e15\u0e4c\u0e40\u0e2b\u0e25\u0e48\u0e32\u0e19\u0e31\u0e49\u0e19 \u0e41\u0e25\u0e30\u0e40\u0e23\u0e32\u0e44\u0e21\u0e48\u0e23\u0e31\u0e1a\u0e1c\u0e34\u0e14\u0e0a\u0e2d\u0e1a\u0e15\u0e48\u0e2d\u0e19\u0e42\u0e22\u0e1a\u0e32\u0e22\u0e04\u0e27\u0e32\u0e21\u0e40\u0e1b\u0e47\u0e19\u0e2a\u0e48\u0e27\u0e19\u0e15\u0e31\u0e27\u0e02\u0e2d\u0e07\u0e40\u0e27\u0e47\u0e1a\u0e44\u0e0b\u0e15\u0e4c\u0e40\u0e2b\u0e25\u0e48\u0e32\u0e19\u0e31\u0e49\u0e19<\/p>\n\n\n\n<hr class=\"wp-block-separator has-alpha-channel-opacity\"\/>\n\n\n\n<h3 class=\"wp-block-heading\">\u0e04\u0e38\u0e01\u0e01\u0e35\u0e49<\/h3>\n\n\n\n<p>Nerdzilla \u0e43\u0e0a\u0e49\u0e04\u0e38\u0e01\u0e01\u0e35\u0e49\u0e40\u0e1e\u0e37\u0e48\u0e2d\u0e1b\u0e23\u0e31\u0e1a\u0e1b\u0e23\u0e38\u0e07\u0e1b\u0e23\u0e30\u0e2a\u0e1a\u0e01\u0e32\u0e23\u0e13\u0e4c\u0e01\u0e32\u0e23\u0e43\u0e0a\u0e49\u0e07\u0e32\u0e19\u0e02\u0e2d\u0e07\u0e1c\u0e39\u0e49\u0e43\u0e0a\u0e49 \u0e04\u0e38\u0e01\u0e01\u0e35\u0e49\u0e40\u0e1b\u0e47\u0e19\u0e44\u0e1f\u0e25\u0e4c\u0e02\u0e19\u0e32\u0e14\u0e40\u0e25\u0e47\u0e01\u0e17\u0e35\u0e48\u0e08\u0e31\u0e14\u0e40\u0e01\u0e47\u0e1a\u0e44\u0e27\u0e49\u0e43\u0e19\u0e2d\u0e38\u0e1b\u0e01\u0e23\u0e13\u0e4c\u0e02\u0e2d\u0e07\u0e1c\u0e39\u0e49\u0e43\u0e0a\u0e49 \u0e0b\u0e36\u0e48\u0e07\u0e0a\u0e48\u0e27\u0e22\u0e43\u0e2b\u0e49\u0e40\u0e23\u0e32\u0e40\u0e02\u0e49\u0e32\u0e43\u0e08\u0e27\u0e34\u0e18\u0e35\u0e01\u0e32\u0e23\u0e43\u0e0a\u0e49\u0e07\u0e32\u0e19\u0e40\u0e27\u0e47\u0e1a\u0e44\u0e0b\u0e15\u0e4c<\/p>\n\n\n\n<p>\u0e1c\u0e39\u0e49\u0e43\u0e0a\u0e49\u0e2a\u0e32\u0e21\u0e32\u0e23\u0e16\u0e1b\u0e34\u0e14\u0e43\u0e0a\u0e49\u0e07\u0e32\u0e19\u0e04\u0e38\u0e01\u0e01\u0e35\u0e49\u0e44\u0e14\u0e49\u0e42\u0e14\u0e22\u0e01\u0e32\u0e23\u0e1b\u0e23\u0e31\u0e1a\u0e01\u0e32\u0e23\u0e15\u0e31\u0e49\u0e07\u0e04\u0e48\u0e32\u0e40\u0e1a\u0e23\u0e32\u0e27\u0e4c\u0e40\u0e0b\u0e2d\u0e23\u0e4c \u0e2d\u0e22\u0e48\u0e32\u0e07\u0e44\u0e23\u0e01\u0e47\u0e15\u0e32\u0e21 \u0e01\u0e32\u0e23\u0e1b\u0e34\u0e14\u0e43\u0e0a\u0e49\u0e07\u0e32\u0e19\u0e04\u0e38\u0e01\u0e01\u0e35\u0e49\u0e2d\u0e32\u0e08\u0e2a\u0e48\u0e07\u0e1c\u0e25\u0e15\u0e48\u0e2d\u0e01\u0e32\u0e23\u0e17\u0e33\u0e07\u0e32\u0e19\u0e02\u0e2d\u0e07\u0e1a\u0e32\u0e07\u0e2a\u0e48\u0e27\u0e19\u0e02\u0e2d\u0e07\u0e40\u0e27\u0e47\u0e1a\u0e44\u0e0b\u0e15\u0e4c<\/p>\n\n\n\n<hr class=\"wp-block-separator has-alpha-channel-opacity\"\/>\n\n\n\n<h3 class=\"wp-block-heading\">\u0e04\u0e38\u0e01\u0e01\u0e35\u0e49\u0e41\u0e25\u0e30\u0e42\u0e06\u0e29\u0e13\u0e32\u0e08\u0e32\u0e01\u0e1a\u0e38\u0e04\u0e04\u0e25\u0e17\u0e35\u0e48\u0e2a\u0e32\u0e21<\/h3>\n\n\n\n<p>Nerdzilla \u0e43\u0e0a\u0e49\u0e1a\u0e23\u0e34\u0e01\u0e32\u0e23\u0e08\u0e32\u0e01\u0e1a\u0e38\u0e04\u0e04\u0e25\u0e17\u0e35\u0e48\u0e2a\u0e32\u0e21 \u0e40\u0e0a\u0e48\u0e19... <strong>Google Analytics<\/strong>\u0e40\u0e1e\u0e37\u0e48\u0e2d\u0e27\u0e34\u0e40\u0e04\u0e23\u0e32\u0e30\u0e2b\u0e4c\u0e1b\u0e23\u0e34\u0e21\u0e32\u0e13\u0e01\u0e32\u0e23\u0e40\u0e02\u0e49\u0e32\u0e0a\u0e21\u0e40\u0e27\u0e47\u0e1a\u0e44\u0e0b\u0e15\u0e4c\u0e41\u0e25\u0e30\u0e1e\u0e24\u0e15\u0e34\u0e01\u0e23\u0e23\u0e21\u0e02\u0e2d\u0e07\u0e1c\u0e39\u0e49\u0e43\u0e0a\u0e49\u0e43\u0e19\u0e23\u0e39\u0e1b\u0e41\u0e1a\u0e1a\u0e23\u0e27\u0e21\u0e41\u0e25\u0e30\u0e44\u0e21\u0e48\u0e23\u0e30\u0e1a\u0e38\u0e15\u0e31\u0e27\u0e15\u0e19<\/p>\n\n\n\n<p>\u0e19\u0e2d\u0e01\u0e08\u0e32\u0e01\u0e19\u0e35\u0e49\u0e40\u0e23\u0e32\u0e22\u0e31\u0e07\u0e43\u0e0a\u0e49\u0e1a\u0e23\u0e34\u0e01\u0e32\u0e23\u0e42\u0e06\u0e29\u0e13\u0e32\u0e15\u0e48\u0e32\u0e07\u0e46 \u0e40\u0e0a\u0e48\u0e19 <strong>Google AdSense<\/strong>\u0e0b\u0e36\u0e48\u0e07\u0e2d\u0e32\u0e08\u0e43\u0e0a\u0e49\u0e04\u0e38\u0e01\u0e01\u0e35\u0e49 \u0e40\u0e27\u0e47\u0e1a\u0e1a\u0e35\u0e04\u0e2d\u0e19 \u0e2b\u0e23\u0e37\u0e2d\u0e40\u0e17\u0e04\u0e42\u0e19\u0e42\u0e25\u0e22\u0e35\u0e17\u0e35\u0e48\u0e04\u0e25\u0e49\u0e32\u0e22\u0e04\u0e25\u0e36\u0e07\u0e01\u0e31\u0e19 \u0e40\u0e1e\u0e37\u0e48\u0e2d\u0e41\u0e2a\u0e14\u0e07\u0e42\u0e06\u0e29\u0e13\u0e32\u0e17\u0e35\u0e48\u0e40\u0e01\u0e35\u0e48\u0e22\u0e27\u0e02\u0e49\u0e2d\u0e07\u0e15\u0e32\u0e21\u0e01\u0e32\u0e23\u0e40\u0e02\u0e49\u0e32\u0e0a\u0e21\u0e40\u0e27\u0e47\u0e1a\u0e44\u0e0b\u0e15\u0e4c\u0e19\u0e35\u0e49\u0e41\u0e25\u0e30\u0e40\u0e27\u0e47\u0e1a\u0e44\u0e0b\u0e15\u0e4c\u0e2d\u0e37\u0e48\u0e19\u0e46 \u0e02\u0e2d\u0e07\u0e1c\u0e39\u0e49\u0e43\u0e0a\u0e49<\/p>\n\n\n\n<p>Google \u0e2d\u0e32\u0e08\u0e43\u0e0a\u0e49\u0e04\u0e38\u0e01\u0e01\u0e35\u0e49 <strong>DoubleClick DART<\/strong>\u0e04\u0e38\u0e01\u0e01\u0e35\u0e49\u0e15\u0e31\u0e27\u0e19\u0e35\u0e49\u0e0a\u0e48\u0e27\u0e22\u0e43\u0e2b\u0e49\u0e40\u0e23\u0e32\u0e41\u0e2a\u0e14\u0e07\u0e42\u0e06\u0e29\u0e13\u0e32\u0e41\u0e01\u0e48\u0e1c\u0e39\u0e49\u0e43\u0e0a\u0e49\u0e42\u0e14\u0e22\u0e2d\u0e34\u0e07\u0e08\u0e32\u0e01\u0e1b\u0e23\u0e30\u0e27\u0e31\u0e15\u0e34\u0e01\u0e32\u0e23\u0e40\u0e02\u0e49\u0e32\u0e0a\u0e21\u0e40\u0e27\u0e47\u0e1a\u0e44\u0e0b\u0e15\u0e4c \u0e1c\u0e39\u0e49\u0e43\u0e0a\u0e49\u0e2a\u0e32\u0e21\u0e32\u0e23\u0e16\u0e1b\u0e34\u0e14\u0e01\u0e32\u0e23\u0e43\u0e0a\u0e49\u0e07\u0e32\u0e19\u0e04\u0e38\u0e01\u0e01\u0e35\u0e49\u0e15\u0e31\u0e27\u0e19\u0e35\u0e49\u0e44\u0e14\u0e49\u0e42\u0e14\u0e22\u0e40\u0e02\u0e49\u0e32\u0e44\u0e1b\u0e17\u0e35\u0e48\u0e01\u0e32\u0e23\u0e15\u0e31\u0e49\u0e07\u0e04\u0e48\u0e32\u0e42\u0e06\u0e29\u0e13\u0e32\u0e02\u0e2d\u0e07 Google<\/p>\n\n\n\n<hr class=\"wp-block-separator has-alpha-channel-opacity\"\/>\n\n\n\n<h3 class=\"wp-block-heading\">\u0e04\u0e27\u0e32\u0e21\u0e21\u0e38\u0e48\u0e07\u0e21\u0e31\u0e48\u0e19\u0e02\u0e2d\u0e07\u0e1c\u0e39\u0e49\u0e43\u0e0a\u0e49<\/h3>\n\n\n\n<p>\u0e1c\u0e39\u0e49\u0e43\u0e0a\u0e49\u0e22\u0e34\u0e19\u0e22\u0e2d\u0e21\u0e17\u0e35\u0e48\u0e08\u0e30\u0e43\u0e0a\u0e49\u0e40\u0e19\u0e37\u0e49\u0e2d\u0e2b\u0e32\u0e41\u0e25\u0e30\u0e02\u0e49\u0e2d\u0e21\u0e39\u0e25\u0e17\u0e35\u0e48 Nerdzilla \u0e08\u0e31\u0e14\u0e43\u0e2b\u0e49\u0e44\u0e27\u0e49\u0e2d\u0e22\u0e48\u0e32\u0e07\u0e40\u0e2b\u0e21\u0e32\u0e30\u0e2a\u0e21 \u0e42\u0e14\u0e22\u0e43\u0e2b\u0e49\u0e04\u0e33\u0e21\u0e31\u0e48\u0e19\u0e27\u0e48\u0e32\u0e08\u0e30\u0e44\u0e21\u0e48:<\/p>\n\n\n\n<ul class=\"wp-block-list\">\n<li>\u0e40\u0e1e\u0e37\u0e48\u0e2d\u0e14\u0e33\u0e40\u0e19\u0e34\u0e19\u0e01\u0e34\u0e08\u0e01\u0e23\u0e23\u0e21\u0e17\u0e35\u0e48\u0e1c\u0e34\u0e14\u0e01\u0e0e\u0e2b\u0e21\u0e32\u0e22\u0e2b\u0e23\u0e37\u0e2d\u0e01\u0e34\u0e08\u0e01\u0e23\u0e23\u0e21\u0e17\u0e35\u0e48\u0e02\u0e31\u0e14\u0e15\u0e48\u0e2d\u0e2b\u0e25\u0e31\u0e01\u0e04\u0e27\u0e32\u0e21\u0e2a\u0e38\u0e08\u0e23\u0e34\u0e15\u0e41\u0e25\u0e30\u0e04\u0e27\u0e32\u0e21\u0e2a\u0e07\u0e1a\u0e40\u0e23\u0e35\u0e22\u0e1a\u0e23\u0e49\u0e2d\u0e22\u0e02\u0e2d\u0e07\u0e1b\u0e23\u0e30\u0e0a\u0e32\u0e0a\u0e19;<\/li>\n\n\n\n<li>\u0e01\u0e32\u0e23\u0e40\u0e1c\u0e22\u0e41\u0e1e\u0e23\u0e48\u0e40\u0e19\u0e37\u0e49\u0e2d\u0e2b\u0e32\u0e17\u0e35\u0e48\u0e40\u0e25\u0e37\u0e2d\u0e01\u0e1b\u0e0f\u0e34\u0e1a\u0e31\u0e15\u0e34 \u0e44\u0e21\u0e48\u0e40\u0e2b\u0e21\u0e32\u0e30\u0e2a\u0e21 \u0e1c\u0e34\u0e14\u0e01\u0e0e\u0e2b\u0e21\u0e32\u0e22 \u0e2b\u0e23\u0e37\u0e2d\u0e25\u0e30\u0e40\u0e21\u0e34\u0e14\u0e2a\u0e34\u0e17\u0e18\u0e34\u0e21\u0e19\u0e38\u0e29\u0e22\u0e0a\u0e19;<\/li>\n\n\n\n<li>\u0e40\u0e1e\u0e37\u0e48\u0e2d\u0e01\u0e48\u0e2d\u0e43\u0e2b\u0e49\u0e40\u0e01\u0e34\u0e14\u0e04\u0e27\u0e32\u0e21\u0e40\u0e2a\u0e35\u0e22\u0e2b\u0e32\u0e22\u0e15\u0e48\u0e2d\u0e23\u0e30\u0e1a\u0e1a\u0e02\u0e2d\u0e07 Nerdzilla \u0e2b\u0e23\u0e37\u0e2d\u0e23\u0e30\u0e1a\u0e1a\u0e02\u0e2d\u0e07\u0e1a\u0e38\u0e04\u0e04\u0e25\u0e17\u0e35\u0e48\u0e2a\u0e32\u0e21\u0e42\u0e14\u0e22\u0e01\u0e32\u0e23\u0e41\u0e17\u0e23\u0e01\u0e42\u0e04\u0e49\u0e14\u0e17\u0e35\u0e48\u0e40\u0e1b\u0e47\u0e19\u0e2d\u0e31\u0e19\u0e15\u0e23\u0e32\u0e22<\/li>\n<\/ul>\n\n\n\n<hr class=\"wp-block-separator has-alpha-channel-opacity\"\/>\n\n\n\n<h3 class=\"wp-block-heading\">\u0e22\u0e34\u0e19\u0e22\u0e2d\u0e21<\/h3>\n\n\n\n<p>\u0e01\u0e32\u0e23\u0e43\u0e0a\u0e49\u0e07\u0e32\u0e19\u0e40\u0e27\u0e47\u0e1a\u0e44\u0e0b\u0e15\u0e4c Nerdzilla \u0e2d\u0e22\u0e48\u0e32\u0e07\u0e15\u0e48\u0e2d\u0e40\u0e19\u0e37\u0e48\u0e2d\u0e07\u0e08\u0e30\u0e16\u0e37\u0e2d\u0e27\u0e48\u0e32\u0e40\u0e1b\u0e47\u0e19\u0e01\u0e32\u0e23\u0e22\u0e2d\u0e21\u0e23\u0e31\u0e1a\u0e19\u0e42\u0e22\u0e1a\u0e32\u0e22\u0e04\u0e27\u0e32\u0e21\u0e40\u0e1b\u0e47\u0e19\u0e2a\u0e48\u0e27\u0e19\u0e15\u0e31\u0e27\u0e19\u0e35\u0e49<\/p>\n\n\n\n<hr class=\"wp-block-separator has-alpha-channel-opacity\"\/>\n\n\n\n<h3 class=\"wp-block-heading\">\u0e15\u0e34\u0e14\u0e15\u0e48\u0e2d<\/h3>\n\n\n\n<p>\u0e2b\u0e32\u0e01\u0e04\u0e38\u0e13\u0e21\u0e35\u0e04\u0e33\u0e16\u0e32\u0e21\u0e43\u0e14\u0e46 \u0e40\u0e01\u0e35\u0e48\u0e22\u0e27\u0e01\u0e31\u0e1a\u0e19\u0e42\u0e22\u0e1a\u0e32\u0e22\u0e04\u0e27\u0e32\u0e21\u0e40\u0e1b\u0e47\u0e19\u0e2a\u0e48\u0e27\u0e19\u0e15\u0e31\u0e27\u0e19\u0e35\u0e49 \u0e2b\u0e23\u0e37\u0e2d\u0e27\u0e34\u0e18\u0e35\u0e01\u0e32\u0e23\u0e17\u0e35\u0e48\u0e40\u0e23\u0e32\u0e08\u0e31\u0e14\u0e01\u0e32\u0e23\u0e02\u0e49\u0e2d\u0e21\u0e39\u0e25\u0e1c\u0e39\u0e49\u0e43\u0e0a\u0e49 \u0e42\u0e1b\u0e23\u0e14\u0e15\u0e34\u0e14\u0e15\u0e48\u0e2d\u0e40\u0e23\u0e32\u0e17\u0e32\u0e07\u0e2d\u0e35\u0e40\u0e21\u0e25:<\/p>\n\n\n\n<p><strong><a>contato@nerdzilla.com.br<\/a><\/strong><\/p>","protected":false},"excerpt":{"rendered":"<p>A sua privacidade \u00e9 importante para n\u00f3s. \u00c9 pol\u00edtica do Nerdzilla respeitar a sua privacidade em rela\u00e7\u00e3o a qualquer informa\u00e7\u00e3o que possamos coletar no site Nerdzilla. O Nerdzilla \u00e9 um site de car\u00e1ter informativo e editorial, dedicado \u00e0 publica\u00e7\u00e3o de an\u00e1lises, guias e recomenda\u00e7\u00f5es sobre aplicativos, tecnologia e ferramentas digitais. N\u00e3o comercializamos produtos ou servi\u00e7os [&hellip;]<\/p>","protected":false},"author":3,"featured_media":0,"parent":0,"menu_order":0,"comment_status":"closed","ping_status":"closed","template":"","meta":{"footnotes":""},"class_list":["post-882","page","type-page","status-publish"],"_links":{"self":[{"href":"https:\/\/nerdzilla.com.br\/th\/wp-json\/wp\/v2\/pages\/882","targetHints":{"allow":["GET"]}}],"collection":[{"href":"https:\/\/nerdzilla.com.br\/th\/wp-json\/wp\/v2\/pages"}],"about":[{"href":"https:\/\/nerdzilla.com.br\/th\/wp-json\/wp\/v2\/types\/page"}],"author":[{"embeddable":true,"href":"https:\/\/nerdzilla.com.br\/th\/wp-json\/wp\/v2\/users\/3"}],"replies":[{"embeddable":true,"href":"https:\/\/nerdzilla.com.br\/th\/wp-json\/wp\/v2\/comments?post=882"}],"version-history":[{"count":5,"href":"https:\/\/nerdzilla.com.br\/th\/wp-json\/wp\/v2\/pages\/882\/revisions"}],"predecessor-version":[{"id":5555,"href":"https:\/\/nerdzilla.com.br\/th\/wp-json\/wp\/v2\/pages\/882\/revisions\/5555"}],"wp:attachment":[{"href":"https:\/\/nerdzilla.com.br\/th\/wp-json\/wp\/v2\/media?parent=882"}],"curies":[{"name":"wp","href":"https:\/\/api.w.org\/{rel}","templated":true}]}}