{"id":880,"date":"2023-03-15T13:25:53","date_gmt":"2023-03-15T13:25:53","guid":{"rendered":"https:\/\/nerdzilla.com.br\/?page_id=880"},"modified":"2026-01-28T06:41:08","modified_gmt":"2026-01-28T06:41:08","slug":"%e0%b9%80%e0%b8%81%e0%b8%b5%e0%b9%88%e0%b8%a2%e0%b8%a7%e0%b8%81%e0%b8%b1%e0%b8%9a%e0%b9%80%e0%b8%a3%e0%b8%b2","status":"publish","type":"page","link":"https:\/\/nerdzilla.com.br\/th\/%e0%b9%80%e0%b8%81%e0%b8%b5%e0%b9%88%e0%b8%a2%e0%b8%a7%e0%b8%81%e0%b8%b1%e0%b8%9a%e0%b9%80%e0%b8%a3%e0%b8%b2\/","title":{"rendered":"\u0e1e\u0e27\u0e01\u0e40\u0e23\u0e32\u0e40\u0e1b\u0e47\u0e19\u0e43\u0e04\u0e23"},"content":{"rendered":"<p>Nerdzilla \u0e04\u0e37\u0e2d\u0e40\u0e27\u0e47\u0e1a\u0e44\u0e0b\u0e15\u0e4c\u0e40\u0e19\u0e37\u0e49\u0e2d\u0e2b\u0e32\u0e43\u0e2b\u0e49\u0e04\u0e27\u0e32\u0e21\u0e23\u0e39\u0e49\u0e17\u0e35\u0e48\u0e21\u0e38\u0e48\u0e07\u0e40\u0e19\u0e49\u0e19\u0e01\u0e32\u0e23\u0e2a\u0e23\u0e49\u0e32\u0e07\u0e04\u0e39\u0e48\u0e21\u0e37\u0e2d \u0e1a\u0e17\u0e27\u0e34\u0e08\u0e32\u0e23\u0e13\u0e4c \u0e41\u0e25\u0e30\u0e04\u0e33\u0e41\u0e19\u0e30\u0e19\u0e33\u0e2a\u0e33\u0e2b\u0e23\u0e31\u0e1a\u0e41\u0e2d\u0e1b\u0e1e\u0e25\u0e34\u0e40\u0e04\u0e0a\u0e31\u0e19\u0e41\u0e25\u0e30\u0e40\u0e04\u0e23\u0e37\u0e48\u0e2d\u0e07\u0e21\u0e37\u0e2d\u0e14\u0e34\u0e08\u0e34\u0e17\u0e31\u0e25 \u0e40\u0e1b\u0e49\u0e32\u0e2b\u0e21\u0e32\u0e22\u0e02\u0e2d\u0e07\u0e40\u0e23\u0e32\u0e04\u0e37\u0e2d\u0e01\u0e32\u0e23\u0e0a\u0e48\u0e27\u0e22\u0e43\u0e2b\u0e49\u0e1c\u0e39\u0e49\u0e43\u0e0a\u0e49\u0e15\u0e31\u0e14\u0e2a\u0e34\u0e19\u0e43\u0e08\u0e44\u0e14\u0e49\u0e2d\u0e22\u0e48\u0e32\u0e07\u0e0a\u0e32\u0e0d\u0e09\u0e25\u0e32\u0e14\u0e21\u0e32\u0e01\u0e02\u0e36\u0e49\u0e19\u0e40\u0e01\u0e35\u0e48\u0e22\u0e27\u0e01\u0e31\u0e1a\u0e01\u0e32\u0e23\u0e43\u0e0a\u0e49\u0e40\u0e17\u0e04\u0e42\u0e19\u0e42\u0e25\u0e22\u0e35\u0e43\u0e19\u0e0a\u0e35\u0e27\u0e34\u0e15\u0e1b\u0e23\u0e30\u0e08\u0e33\u0e27\u0e31\u0e19<\/p>\n\n\n\n<p>\u0e40\u0e19\u0e37\u0e49\u0e2d\u0e2b\u0e32\u0e17\u0e35\u0e48\u0e40\u0e1c\u0e22\u0e41\u0e1e\u0e23\u0e48\u0e1a\u0e19 Nerdzilla \u0e1e\u0e31\u0e12\u0e19\u0e32\u0e02\u0e36\u0e49\u0e19\u0e42\u0e14\u0e22\u0e21\u0e38\u0e48\u0e07\u0e40\u0e19\u0e49\u0e19\u0e14\u0e49\u0e32\u0e19\u0e1a\u0e23\u0e23\u0e13\u0e32\u0e18\u0e34\u0e01\u0e32\u0e23 \u0e01\u0e32\u0e23\u0e28\u0e36\u0e01\u0e29\u0e32 \u0e41\u0e25\u0e30\u0e01\u0e32\u0e23\u0e43\u0e2b\u0e49\u0e02\u0e49\u0e2d\u0e21\u0e39\u0e25 \u0e42\u0e14\u0e22\u0e1e\u0e22\u0e32\u0e22\u0e32\u0e21\u0e2d\u0e22\u0e48\u0e32\u0e07\u0e15\u0e48\u0e2d\u0e40\u0e19\u0e37\u0e48\u0e2d\u0e07\u0e40\u0e1e\u0e37\u0e48\u0e2d\u0e43\u0e2b\u0e49\u0e21\u0e35\u0e04\u0e27\u0e32\u0e21\u0e0a\u0e31\u0e14\u0e40\u0e08\u0e19 \u0e40\u0e1b\u0e47\u0e19\u0e1b\u0e23\u0e30\u0e42\u0e22\u0e0a\u0e19\u0e4c \u0e41\u0e25\u0e30\u0e2d\u0e31\u0e1b\u0e40\u0e14\u0e15\u0e2d\u0e22\u0e39\u0e48\u0e40\u0e2a\u0e21\u0e2d<\/p>\n\n\n\n<p>\u0e40\u0e27\u0e47\u0e1a\u0e44\u0e0b\u0e15\u0e4c\u0e19\u0e35\u0e49\u0e44\u0e14\u0e49\u0e23\u0e31\u0e1a\u0e01\u0e32\u0e23\u0e14\u0e39\u0e41\u0e25\u0e42\u0e14\u0e22\u0e17\u0e35\u0e21\u0e1a\u0e23\u0e23\u0e13\u0e32\u0e18\u0e34\u0e01\u0e32\u0e23\u0e2d\u0e34\u0e2a\u0e23\u0e30 \u0e0b\u0e36\u0e48\u0e07\u0e23\u0e31\u0e1a\u0e1c\u0e34\u0e14\u0e0a\u0e2d\u0e1a\u0e43\u0e19\u0e01\u0e32\u0e23\u0e04\u0e49\u0e19\u0e04\u0e27\u0e49\u0e32 \u0e1c\u0e25\u0e34\u0e15 \u0e41\u0e25\u0e30\u0e15\u0e23\u0e27\u0e08\u0e2a\u0e2d\u0e1a\u0e40\u0e19\u0e37\u0e49\u0e2d\u0e2b\u0e32\u0e17\u0e35\u0e48\u0e40\u0e1c\u0e22\u0e41\u0e1e\u0e23\u0e48<\/p>","protected":false},"excerpt":{"rendered":"<p>O Nerdzilla \u00e9 um site de conte\u00fado informativo dedicado \u00e0 produ\u00e7\u00e3o de guias, an\u00e1lises e recomenda\u00e7\u00f5es de aplicativos e ferramentas digitais. Nosso objetivo \u00e9 ajudar usu\u00e1rios a tomar decis\u00f5es mais conscientes sobre o uso da tecnologia no dia a dia. O conte\u00fado publicado no Nerdzilla \u00e9 desenvolvido com foco editorial, educacional e informativo, buscando sempre [&hellip;]<\/p>","protected":false},"author":3,"featured_media":0,"parent":0,"menu_order":0,"comment_status":"closed","ping_status":"closed","template":"","meta":{"footnotes":""},"class_list":["post-880","page","type-page","status-publish"],"_links":{"self":[{"href":"https:\/\/nerdzilla.com.br\/th\/wp-json\/wp\/v2\/pages\/880","targetHints":{"allow":["GET"]}}],"collection":[{"href":"https:\/\/nerdzilla.com.br\/th\/wp-json\/wp\/v2\/pages"}],"about":[{"href":"https:\/\/nerdzilla.com.br\/th\/wp-json\/wp\/v2\/types\/page"}],"author":[{"embeddable":true,"href":"https:\/\/nerdzilla.com.br\/th\/wp-json\/wp\/v2\/users\/3"}],"replies":[{"embeddable":true,"href":"https:\/\/nerdzilla.com.br\/th\/wp-json\/wp\/v2\/comments?post=880"}],"version-history":[{"count":2,"href":"https:\/\/nerdzilla.com.br\/th\/wp-json\/wp\/v2\/pages\/880\/revisions"}],"predecessor-version":[{"id":5561,"href":"https:\/\/nerdzilla.com.br\/th\/wp-json\/wp\/v2\/pages\/880\/revisions\/5561"}],"wp:attachment":[{"href":"https:\/\/nerdzilla.com.br\/th\/wp-json\/wp\/v2\/media?parent=880"}],"curies":[{"name":"wp","href":"https:\/\/api.w.org\/{rel}","templated":true}]}}