{"id":882,"date":"2023-03-15T13:30:03","date_gmt":"2023-03-15T13:30:03","guid":{"rendered":"https:\/\/nerdzilla.com.br\/?page_id=882"},"modified":"2026-01-28T06:35:22","modified_gmt":"2026-01-28T06:35:22","slug":"sekretesspolicy","status":"publish","type":"page","link":"https:\/\/nerdzilla.com.br\/sv\/sekretesspolicy\/","title":{"rendered":"Integritetspolicy"},"content":{"rendered":"<p>Din integritet \u00e4r viktig f\u00f6r oss. Det \u00e4r v\u00e5r policy. <strong>Nerdzilla<\/strong> Vi respekterar din integritet g\u00e4llande all information vi kan komma att samla in p\u00e5 Nerdzillas webbplats.<\/p>\n\n\n\n<p>Nerdzilla \u00e4r en webbplats av en viss karakt\u00e4r. <strong>informativ och redaktionell<\/strong>Den h\u00e4r webbplatsen \u00e4r avsedd att publicera recensioner, guider och rekommendationer om appar, teknik och digitala verktyg. Vi s\u00e4ljer inte produkter eller tj\u00e4nster direkt via denna webbplats.<\/p>\n\n\n\n<hr class=\"wp-block-separator has-alpha-channel-opacity\"\/>\n\n\n\n<h3 class=\"wp-block-heading\">Informationsinsamling<\/h3>\n\n\n\n<p>Vi beg\u00e4r endast personuppgifter n\u00e4r det verkligen \u00e4r n\u00f6dv\u00e4ndigt, till exempel n\u00e4r vi kontaktar dig via e-post eller via formul\u00e4r som finns tillg\u00e4ngliga p\u00e5 webbplatsen. Informationen samlas in p\u00e5 ett r\u00e4ttvist och lagligt s\u00e4tt, med anv\u00e4ndarens vetskap och samtycke.<\/p>\n\n\n\n<p>Den information som samlas in kan till exempel innefatta namn och e-postadress, uteslutande i syfte att svara, kommunicera eller f\u00f6rb\u00e4ttra redaktionellt inneh\u00e5ll.<\/p>\n\n\n\n<hr class=\"wp-block-separator has-alpha-channel-opacity\"\/>\n\n\n\n<h3 class=\"wp-block-heading\">Anv\u00e4ndning av information<\/h3>\n\n\n\n<p>Den insamlade informationen anv\u00e4nds f\u00f6r:<\/p>\n\n\n\n<ul class=\"wp-block-list\">\n<li>svara p\u00e5 meddelanden som skickas av anv\u00e4ndare;<\/li>\n\n\n\n<li>f\u00f6r att f\u00f6rb\u00e4ttra webbupplevelsen;<\/li>\n\n\n\n<li>F\u00f6r att f\u00f6rst\u00e5 hur webbplatsen anv\u00e4nds, p\u00e5 ett aggregerat och anonymt s\u00e4tt.<\/li>\n<\/ul>\n\n\n\n<p>Vi anv\u00e4nder inte uppgifterna f\u00f6r direkta kommersiella \u00e4ndam\u00e5l.<\/p>\n\n\n\n<hr class=\"wp-block-separator has-alpha-channel-opacity\"\/>\n\n\n\n<h3 class=\"wp-block-heading\">Datalagring och skydd<\/h3>\n\n\n\n<p>Vi beh\u00e5ller insamlad information endast s\u00e5 l\u00e4nge som det \u00e4r n\u00f6dv\u00e4ndigt f\u00f6r att uppfylla det syfte f\u00f6r vilket den beg\u00e4rdes. Vi vidtar rimliga s\u00e4kerhets\u00e5tg\u00e4rder f\u00f6r att skydda data mot obeh\u00f6rig \u00e5tkomst, avsl\u00f6jande, \u00e4ndring eller f\u00f6rst\u00f6relse.<\/p>\n\n\n\n<hr class=\"wp-block-separator has-alpha-channel-opacity\"\/>\n\n\n\n<h3 class=\"wp-block-heading\">Informationsdelning<\/h3>\n\n\n\n<p>Vi delar inte personligt identifierbar information offentligt eller med tredje part, f\u00f6rutom n\u00e4r det kr\u00e4vs enligt lag.<\/p>\n\n\n\n<hr class=\"wp-block-separator has-alpha-channel-opacity\"\/>\n\n\n\n<h3 class=\"wp-block-heading\">L\u00e4nkar till externa webbplatser<\/h3>\n\n\n\n<p>Nerdzilla kan inneh\u00e5lla l\u00e4nkar till externa webbplatser som inte drivs av oss. Vi har ingen kontroll \u00f6ver inneh\u00e5llet och praxisen p\u00e5 dessa webbplatser och ansvarar inte f\u00f6r deras respektive integritetspolicyer.<\/p>\n\n\n\n<hr class=\"wp-block-separator has-alpha-channel-opacity\"\/>\n\n\n\n<h3 class=\"wp-block-heading\">Sm\u00e5kakor<\/h3>\n\n\n\n<p>Nerdzilla anv\u00e4nder cookies f\u00f6r att f\u00f6rb\u00e4ttra anv\u00e4ndarupplevelsen. Cookies \u00e4r sm\u00e5 filer som lagras p\u00e5 anv\u00e4ndarens enhet och som hj\u00e4lper oss att f\u00f6rst\u00e5 hur webbplatsen anv\u00e4nds.<\/p>\n\n\n\n<p>Anv\u00e4ndare kan inaktivera cookies genom att justera sina webbl\u00e4sarinst\u00e4llningar. Att inaktivera cookies kan dock p\u00e5verka funktionaliteten hos vissa delar av webbplatsen.<\/p>\n\n\n\n<hr class=\"wp-block-separator has-alpha-channel-opacity\"\/>\n\n\n\n<h3 class=\"wp-block-heading\">Tredjepartscookies och reklam<\/h3>\n\n\n\n<p>Nerdzilla anv\u00e4nder tredjepartstj\u00e4nster, s\u00e5som... <strong>Google Analytics<\/strong>, f\u00f6r att analysera webbplatstrafik och anv\u00e4ndarbeteende p\u00e5 ett aggregerat och anonymt s\u00e4tt.<\/p>\n\n\n\n<p>Vi anv\u00e4nder \u00e4ven reklamtj\u00e4nster, som t.ex. <strong>Google AdSense<\/strong>, som kan anv\u00e4nda cookies, webbfyrar eller liknande tekniker f\u00f6r att visa relevanta annonser baserat p\u00e5 anv\u00e4ndarnas bes\u00f6k p\u00e5 denna och andra webbplatser.<\/p>\n\n\n\n<p>Google kan komma att anv\u00e4nda cookien. <strong>DoubleClick DART<\/strong>Denna cookie l\u00e5ter oss visa annonser f\u00f6r anv\u00e4ndare baserat p\u00e5 deras tidigare bes\u00f6k. Anv\u00e4ndare kan inaktivera anv\u00e4ndningen av denna cookie genom att g\u00e5 till sina Google-annonsinst\u00e4llningar.<\/p>\n\n\n\n<hr class=\"wp-block-separator has-alpha-channel-opacity\"\/>\n\n\n\n<h3 class=\"wp-block-heading\">Anv\u00e4ndarengagemang<\/h3>\n\n\n\n<p>Anv\u00e4ndaren samtycker till att anv\u00e4nda inneh\u00e5llet och informationen som tillhandah\u00e5lls av Nerdzilla p\u00e5 l\u00e4mpligt s\u00e4tt och f\u00f6rbinder sig att inte:<\/p>\n\n\n\n<ul class=\"wp-block-list\">\n<li>Att utf\u00f6ra olaglig verksamhet eller verksamhet som strider mot god tro och allm\u00e4n ordning;<\/li>\n\n\n\n<li>sprida diskriminerande, st\u00f6tande, olagligt inneh\u00e5ll eller inneh\u00e5ll som kr\u00e4nker m\u00e4nskliga r\u00e4ttigheter;<\/li>\n\n\n\n<li>att orsaka skada p\u00e5 Nerdzillas system eller tredjepartssystem genom att introducera skadlig kod.<\/li>\n<\/ul>\n\n\n\n<hr class=\"wp-block-separator has-alpha-channel-opacity\"\/>\n\n\n\n<h3 class=\"wp-block-heading\">Samtycke<\/h3>\n\n\n\n<p>Fortsatt anv\u00e4ndning av Nerdzilla-webbplatsen kommer att anses som godk\u00e4nnande av denna integritetspolicy.<\/p>\n\n\n\n<hr class=\"wp-block-separator has-alpha-channel-opacity\"\/>\n\n\n\n<h3 class=\"wp-block-heading\">Kontakt<\/h3>\n\n\n\n<p>Om du har n\u00e5gra fr\u00e5gor om denna integritetspolicy eller hur vi hanterar anv\u00e4ndardata, v\u00e4nligen kontakta oss via e-post:<\/p>\n\n\n\n<p><strong><a>contato@nerdzilla.com.br<\/a><\/strong><\/p>","protected":false},"excerpt":{"rendered":"<p>A sua privacidade \u00e9 importante para n\u00f3s. \u00c9 pol\u00edtica do Nerdzilla respeitar a sua privacidade em rela\u00e7\u00e3o a qualquer informa\u00e7\u00e3o que possamos coletar no site Nerdzilla. O Nerdzilla \u00e9 um site de car\u00e1ter informativo e editorial, dedicado \u00e0 publica\u00e7\u00e3o de an\u00e1lises, guias e recomenda\u00e7\u00f5es sobre aplicativos, tecnologia e ferramentas digitais. N\u00e3o comercializamos produtos ou servi\u00e7os [&hellip;]<\/p>","protected":false},"author":3,"featured_media":0,"parent":0,"menu_order":0,"comment_status":"closed","ping_status":"closed","template":"","meta":{"footnotes":""},"class_list":["post-882","page","type-page","status-publish"],"_links":{"self":[{"href":"https:\/\/nerdzilla.com.br\/sv\/wp-json\/wp\/v2\/pages\/882","targetHints":{"allow":["GET"]}}],"collection":[{"href":"https:\/\/nerdzilla.com.br\/sv\/wp-json\/wp\/v2\/pages"}],"about":[{"href":"https:\/\/nerdzilla.com.br\/sv\/wp-json\/wp\/v2\/types\/page"}],"author":[{"embeddable":true,"href":"https:\/\/nerdzilla.com.br\/sv\/wp-json\/wp\/v2\/users\/3"}],"replies":[{"embeddable":true,"href":"https:\/\/nerdzilla.com.br\/sv\/wp-json\/wp\/v2\/comments?post=882"}],"version-history":[{"count":5,"href":"https:\/\/nerdzilla.com.br\/sv\/wp-json\/wp\/v2\/pages\/882\/revisions"}],"predecessor-version":[{"id":5555,"href":"https:\/\/nerdzilla.com.br\/sv\/wp-json\/wp\/v2\/pages\/882\/revisions\/5555"}],"wp:attachment":[{"href":"https:\/\/nerdzilla.com.br\/sv\/wp-json\/wp\/v2\/media?parent=882"}],"curies":[{"name":"wp","href":"https:\/\/api.w.org\/{rel}","templated":true}]}}