{"id":880,"date":"2023-03-15T13:25:53","date_gmt":"2023-03-15T13:25:53","guid":{"rendered":"https:\/\/nerdzilla.com.br\/?page_id=880"},"modified":"2026-01-28T06:41:08","modified_gmt":"2026-01-28T06:41:08","slug":"om-oss","status":"publish","type":"page","link":"https:\/\/nerdzilla.com.br\/sv\/om-oss\/","title":{"rendered":"Vilka vi \u00e4r"},"content":{"rendered":"<p>Nerdzilla \u00e4r en informativ webbplats som \u00e4r dedikerad till att producera guider, recensioner och rekommendationer f\u00f6r digitala applikationer och verktyg. V\u00e5rt m\u00e5l \u00e4r att hj\u00e4lpa anv\u00e4ndare att fatta mer v\u00e4lgrundade beslut om sin dagliga teknikanv\u00e4ndning.<\/p>\n\n\n\n<p>Inneh\u00e5llet som publiceras p\u00e5 Nerdzilla \u00e4r utvecklat med ett redaktionellt, pedagogiskt och informativt fokus, och str\u00e4var alltid efter tydlighet, anv\u00e4ndbarhet och st\u00e4ndig uppdatering.<\/p>\n\n\n\n<p>Webbplatsen underh\u00e5lls av ett oberoende redaktionellt team som ansvarar f\u00f6r att unders\u00f6ka, producera och granska det publicerade inneh\u00e5llet.<\/p>","protected":false},"excerpt":{"rendered":"<p>O Nerdzilla \u00e9 um site de conte\u00fado informativo dedicado \u00e0 produ\u00e7\u00e3o de guias, an\u00e1lises e recomenda\u00e7\u00f5es de aplicativos e ferramentas digitais. Nosso objetivo \u00e9 ajudar usu\u00e1rios a tomar decis\u00f5es mais conscientes sobre o uso da tecnologia no dia a dia. O conte\u00fado publicado no Nerdzilla \u00e9 desenvolvido com foco editorial, educacional e informativo, buscando sempre [&hellip;]<\/p>","protected":false},"author":3,"featured_media":0,"parent":0,"menu_order":0,"comment_status":"closed","ping_status":"closed","template":"","meta":{"footnotes":""},"class_list":["post-880","page","type-page","status-publish"],"_links":{"self":[{"href":"https:\/\/nerdzilla.com.br\/sv\/wp-json\/wp\/v2\/pages\/880","targetHints":{"allow":["GET"]}}],"collection":[{"href":"https:\/\/nerdzilla.com.br\/sv\/wp-json\/wp\/v2\/pages"}],"about":[{"href":"https:\/\/nerdzilla.com.br\/sv\/wp-json\/wp\/v2\/types\/page"}],"author":[{"embeddable":true,"href":"https:\/\/nerdzilla.com.br\/sv\/wp-json\/wp\/v2\/users\/3"}],"replies":[{"embeddable":true,"href":"https:\/\/nerdzilla.com.br\/sv\/wp-json\/wp\/v2\/comments?post=880"}],"version-history":[{"count":2,"href":"https:\/\/nerdzilla.com.br\/sv\/wp-json\/wp\/v2\/pages\/880\/revisions"}],"predecessor-version":[{"id":5561,"href":"https:\/\/nerdzilla.com.br\/sv\/wp-json\/wp\/v2\/pages\/880\/revisions\/5561"}],"wp:attachment":[{"href":"https:\/\/nerdzilla.com.br\/sv\/wp-json\/wp\/v2\/media?parent=880"}],"curies":[{"name":"wp","href":"https:\/\/api.w.org\/{rel}","templated":true}]}}