{"id":880,"date":"2023-03-15T13:25:53","date_gmt":"2023-03-15T13:25:53","guid":{"rendered":"https:\/\/nerdzilla.com.br\/?page_id=880"},"modified":"2026-01-28T06:41:08","modified_gmt":"2026-01-28T06:41:08","slug":"%d0%be-%d0%bd%d0%b0%d0%bc%d0%b0","status":"publish","type":"page","link":"https:\/\/nerdzilla.com.br\/sr\/%d0%be-%d0%bd%d0%b0%d0%bc%d0%b0\/","title":{"rendered":"\u041a\u043e \u0441\u043c\u043e \u043c\u0438"},"content":{"rendered":"<p>Nerdzilla \u0458\u0435 \u0438\u043d\u0444\u043e\u0440\u043c\u0430\u0442\u0438\u0432\u043d\u0438 \u0432\u0435\u0431-\u0441\u0430\u0458\u0442 \u043f\u043e\u0441\u0432\u0435\u045b\u0435\u043d \u0438\u0437\u0440\u0430\u0434\u0438 \u0432\u043e\u0434\u0438\u0447\u0430, \u0440\u0435\u0446\u0435\u043d\u0437\u0438\u0458\u0430 \u0438 \u043f\u0440\u0435\u043f\u043e\u0440\u0443\u043a\u0430 \u0437\u0430 \u0434\u0438\u0433\u0438\u0442\u0430\u043b\u043d\u0435 \u0430\u043f\u043b\u0438\u043a\u0430\u0446\u0438\u0458\u0435 \u0438 \u0430\u043b\u0430\u0442\u0435. \u041d\u0430\u0448 \u0446\u0438\u0459 \u0458\u0435 \u0434\u0430 \u043f\u043e\u043c\u043e\u0433\u043d\u0435\u043c\u043e \u043a\u043e\u0440\u0438\u0441\u043d\u0438\u0446\u0438\u043c\u0430 \u0434\u0430 \u0434\u043e\u043d\u043e\u0441\u0435 \u0438\u043d\u0444\u043e\u0440\u043c\u0438\u0441\u0430\u043d\u0438\u0458\u0435 \u043e\u0434\u043b\u0443\u043a\u0435 \u043e \u0441\u0432\u0430\u043a\u043e\u0434\u043d\u0435\u0432\u043d\u043e\u0458 \u0443\u043f\u043e\u0442\u0440\u0435\u0431\u0438 \u0442\u0435\u0445\u043d\u043e\u043b\u043e\u0433\u0438\u0458\u0435.<\/p>\n\n\n\n<p>\u0421\u0430\u0434\u0440\u0436\u0430\u0458 \u043e\u0431\u0458\u0430\u0432\u0459\u0435\u043d \u043d\u0430 Nerdzilla-\u0438 \u0458\u0435 \u0440\u0430\u0437\u0432\u0438\u0458\u0435\u043d \u0441\u0430 \u0443\u0440\u0435\u0452\u0438\u0432\u0430\u0447\u043a\u0438\u043c, \u043e\u0431\u0440\u0430\u0437\u043e\u0432\u043d\u0438\u043c \u0438 \u0438\u043d\u0444\u043e\u0440\u043c\u0430\u0442\u0438\u0432\u043d\u0438\u043c \u0444\u043e\u043a\u0443\u0441\u043e\u043c, \u0443\u0432\u0435\u043a \u0442\u0435\u0436\u0435\u045b\u0438 \u0458\u0430\u0441\u043d\u043e\u045b\u0438, \u043a\u043e\u0440\u0438\u0441\u043d\u043e\u0441\u0442\u0438 \u0438 \u0441\u0442\u0430\u043b\u043d\u043e\u043c \u0430\u0436\u0443\u0440\u0438\u0440\u0430\u045a\u0443.<\/p>\n\n\n\n<p>\u0421\u0430\u0458\u0442 \u043e\u0434\u0440\u0436\u0430\u0432\u0430 \u043d\u0435\u0437\u0430\u0432\u0438\u0441\u043d\u0438 \u0443\u0440\u0435\u0434\u043d\u0438\u0447\u043a\u0438 \u0442\u0438\u043c, \u043e\u0434\u0433\u043e\u0432\u043e\u0440\u0430\u043d \u0437\u0430 \u0438\u0441\u0442\u0440\u0430\u0436\u0438\u0432\u0430\u045a\u0435, \u0438\u0437\u0440\u0430\u0434\u0443 \u0438 \u043f\u0440\u0435\u0433\u043b\u0435\u0434 \u043e\u0431\u0458\u0430\u0432\u0459\u0435\u043d\u043e\u0433 \u0441\u0430\u0434\u0440\u0436\u0430\u0458\u0430.<\/p>","protected":false},"excerpt":{"rendered":"<p>O Nerdzilla \u00e9 um site de conte\u00fado informativo dedicado \u00e0 produ\u00e7\u00e3o de guias, an\u00e1lises e recomenda\u00e7\u00f5es de aplicativos e ferramentas digitais. Nosso objetivo \u00e9 ajudar usu\u00e1rios a tomar decis\u00f5es mais conscientes sobre o uso da tecnologia no dia a dia. O conte\u00fado publicado no Nerdzilla \u00e9 desenvolvido com foco editorial, educacional e informativo, buscando sempre [&hellip;]<\/p>","protected":false},"author":3,"featured_media":0,"parent":0,"menu_order":0,"comment_status":"closed","ping_status":"closed","template":"","meta":{"footnotes":""},"class_list":["post-880","page","type-page","status-publish"],"_links":{"self":[{"href":"https:\/\/nerdzilla.com.br\/sr\/wp-json\/wp\/v2\/pages\/880","targetHints":{"allow":["GET"]}}],"collection":[{"href":"https:\/\/nerdzilla.com.br\/sr\/wp-json\/wp\/v2\/pages"}],"about":[{"href":"https:\/\/nerdzilla.com.br\/sr\/wp-json\/wp\/v2\/types\/page"}],"author":[{"embeddable":true,"href":"https:\/\/nerdzilla.com.br\/sr\/wp-json\/wp\/v2\/users\/3"}],"replies":[{"embeddable":true,"href":"https:\/\/nerdzilla.com.br\/sr\/wp-json\/wp\/v2\/comments?post=880"}],"version-history":[{"count":2,"href":"https:\/\/nerdzilla.com.br\/sr\/wp-json\/wp\/v2\/pages\/880\/revisions"}],"predecessor-version":[{"id":5561,"href":"https:\/\/nerdzilla.com.br\/sr\/wp-json\/wp\/v2\/pages\/880\/revisions\/5561"}],"wp:attachment":[{"href":"https:\/\/nerdzilla.com.br\/sr\/wp-json\/wp\/v2\/media?parent=880"}],"curies":[{"name":"wp","href":"https:\/\/api.w.org\/{rel}","templated":true}]}}