{"id":4388,"date":"2024-07-11T06:19:07","date_gmt":"2024-07-11T06:19:07","guid":{"rendered":"https:\/\/nerdzilla.com.br\/?page_id=4388"},"modified":"2026-01-28T06:36:27","modified_gmt":"2026-01-28T06:36:27","slug":"%d1%83%d1%81%d0%bb%d0%be%d0%b2%d0%b8-%d0%ba%d0%be%d1%80%d0%b8%d1%88%d1%9b%d0%b5%d1%9a%d0%b0-2","status":"publish","type":"page","link":"https:\/\/nerdzilla.com.br\/sr\/%d1%83%d1%81%d0%bb%d0%be%d0%b2%d0%b8-%d0%ba%d0%be%d1%80%d0%b8%d1%88%d1%9b%d0%b5%d1%9a%d0%b0-2\/","title":{"rendered":"\u0423\u0441\u043b\u043e\u0432\u0438 \u043a\u043e\u0440\u0438\u0448\u045b\u0435\u045a\u0430"},"content":{"rendered":"<p>\u041f\u0440\u0438\u0441\u0442\u0443\u043f\u0430\u045a\u0435\u043c \u0438 \u043a\u043e\u0440\u0438\u0448\u045b\u0435\u045a\u0435\u043c \u0432\u0435\u0431 \u0441\u0442\u0440\u0430\u043d\u0438\u0446\u0435 <strong>\u041d\u0435\u0440\u0434\u0437\u0438\u043b\u043b\u0430<\/strong>\u041a\u043e\u0440\u0438\u0448\u045b\u0435\u045a\u0435\u043c \u043e\u0432\u0435 \u0432\u0435\u0431 \u0441\u0442\u0440\u0430\u043d\u0438\u0446\u0435, \u043f\u0440\u0438\u0445\u0432\u0430\u0442\u0430\u0442\u0435 \u043e\u0432\u0435 \u0423\u0441\u043b\u043e\u0432\u0435 \u043a\u043e\u0440\u0438\u0448\u045b\u0435\u045a\u0430. \u0410\u043a\u043e \u0441\u0435 \u043d\u0435 \u0441\u043b\u0430\u0436\u0435\u0442\u0435 \u0441\u0430 \u0431\u0438\u043b\u043e \u043a\u043e\u0458\u0438\u043c \u0434\u0435\u043b\u043e\u043c \u043e\u0432\u0438\u0445 \u0443\u0441\u043b\u043e\u0432\u0430, \u043f\u0440\u0435\u043f\u043e\u0440\u0443\u0447\u0443\u0458\u0435\u043c\u043e \u0432\u0430\u043c \u0434\u0430 \u043d\u0435 \u043a\u043e\u0440\u0438\u0441\u0442\u0438\u0442\u0435 \u0441\u0430\u0458\u0442.<\/p>\n\n\n\n<p>\u041d\u0435\u0440\u0434\u0437\u0438\u043b\u0430 \u0458\u0435 \u0432\u0435\u0431 \u0441\u0442\u0440\u0430\u043d\u0438\u0446\u0430 \u043e\u0434\u0440\u0435\u0452\u0435\u043d\u0435 \u043f\u0440\u0438\u0440\u043e\u0434\u0435. <strong>\u0438\u043d\u0444\u043e\u0440\u043c\u0430\u0442\u0438\u0432\u043d\u0438 \u0438 \u0443\u0440\u0435\u0434\u043d\u0438\u0447\u043a\u0438<\/strong>, \u0444\u043e\u043a\u0443\u0441\u0438\u0440\u0430\u043d \u043d\u0430 \u043e\u0431\u0458\u0430\u0432\u0459\u0438\u0432\u0430\u045a\u0435 \u0430\u043d\u0430\u043b\u0438\u0437\u0430, \u0432\u043e\u0434\u0438\u0447\u0430 \u0438 \u043f\u0440\u0435\u043f\u043e\u0440\u0443\u043a\u0430 \u043e \u0430\u043f\u043b\u0438\u043a\u0430\u0446\u0438\u0458\u0430\u043c\u0430, \u0442\u0435\u0445\u043d\u043e\u043b\u043e\u0433\u0438\u0458\u0438 \u0438 \u0434\u0438\u0433\u0438\u0442\u0430\u043b\u043d\u0438\u043c \u0430\u043b\u0430\u0442\u0438\u043c\u0430.<\/p>\n\n\n\n<hr class=\"wp-block-separator has-alpha-channel-opacity\"\/>\n\n\n\n<h3 class=\"wp-block-heading\">\u0423\u043f\u043e\u0442\u0440\u0435\u0431\u0430 \u0441\u0430\u0434\u0440\u0436\u0430\u0458\u0430<\/h3>\n\n\n\n<p>\u0421\u0430\u0432 \u0441\u0430\u0434\u0440\u0436\u0430\u0458 \u043e\u0431\u0458\u0430\u0432\u0459\u0435\u043d \u043d\u0430 Nerdzilla-\u0438 \u0458\u0435 \u043d\u0430\u043c\u0435\u045a\u0435\u043d \u0438\u0441\u043a\u0459\u0443\u0447\u0438\u0432\u043e \u0443 \u0438\u043d\u0444\u043e\u0440\u043c\u0430\u0442\u0438\u0432\u043d\u0435 \u0441\u0432\u0440\u0445\u0435. <strong>\u0438\u043d\u0444\u043e\u0440\u043c\u0430\u0442\u0438\u0432\u043d\u043e \u0438 \u0435\u0434\u0443\u043a\u0430\u0442\u0438\u0432\u043d\u043e<\/strong>\u0418\u043d\u0444\u043e\u0440\u043c\u0430\u0446\u0438\u0458\u0435 \u043c\u043e\u0433\u0443 \u0431\u0438\u0442\u0438 \u043f\u0440\u043e\u043c\u0435\u045a\u0435\u043d\u0435, \u0430\u0436\u0443\u0440\u0438\u0440\u0430\u043d\u0435 \u0438\u043b\u0438 \u0443\u043a\u043b\u043e\u045a\u0435\u043d\u0435 \u0443 \u0431\u0438\u043b\u043e \u043a\u043e\u043c \u0442\u0440\u0435\u043d\u0443\u0442\u043a\u0443 \u0431\u0435\u0437 \u043f\u0440\u0435\u0442\u0445\u043e\u0434\u043d\u0435 \u043d\u0430\u0458\u0430\u0432\u0435.<\/p>\n\n\n\n<p>\u0423\u043f\u043e\u0442\u0440\u0435\u0431\u0430 \u0438\u043d\u0444\u043e\u0440\u043c\u0430\u0446\u0438\u0458\u0430 \u0434\u0430\u0442\u0438\u0445 \u043d\u0430 \u043e\u0432\u043e\u0458 \u0432\u0435\u0431 \u0441\u0442\u0440\u0430\u043d\u0438\u0446\u0438 \u0458\u0435 \u0438\u0441\u043a\u0459\u0443\u0447\u0438\u0432\u0430 \u043e\u0434\u0433\u043e\u0432\u043e\u0440\u043d\u043e\u0441\u0442 \u043a\u043e\u0440\u0438\u0441\u043d\u0438\u043a\u0430. Nerdzilla \u043d\u0435 \u0433\u0430\u0440\u0430\u043d\u0442\u0443\u0458\u0435 \u043a\u043e\u043d\u043a\u0440\u0435\u0442\u043d\u0435 \u0440\u0435\u0437\u0443\u043b\u0442\u0430\u0442\u0435 \u043a\u043e\u0440\u0438\u0448\u045b\u0435\u045a\u0430 \u043e\u0431\u0458\u0430\u0432\u0459\u0435\u043d\u043e\u0433 \u0441\u0430\u0434\u0440\u0436\u0430\u0458\u0430.<\/p>\n\n\n\n<hr class=\"wp-block-separator has-alpha-channel-opacity\"\/>\n\n\n\n<h3 class=\"wp-block-heading\">\u0418\u043d\u0442\u0435\u043b\u0435\u043a\u0442\u0443\u0430\u043b\u043d\u0430 \u0441\u0432\u043e\u0458\u0438\u043d\u0430<\/h3>\n\n\n\n<p>\u0421\u0430\u0432 \u0441\u0430\u0434\u0440\u0436\u0430\u0458 \u043d\u0430 Nerdzilla-\u0438, \u0443\u043a\u0459\u0443\u0447\u0443\u0458\u0443\u045b\u0438 \u0442\u0435\u043a\u0441\u0442, \u0441\u043b\u0438\u043a\u0435, \u043b\u043e\u0433\u043e\u0442\u0438\u043f\u0435 \u0438 \u0433\u0440\u0430\u0444\u0438\u0447\u043a\u0435 \u0435\u043b\u0435\u043c\u0435\u043d\u0442\u0435, \u0437\u0430\u0448\u0442\u0438\u045b\u0435\u043d \u0458\u0435 \u0430\u0443\u0442\u043e\u0440\u0441\u043a\u0438\u043c \u043f\u0440\u0430\u0432\u0438\u043c\u0430, \u043e\u0441\u0438\u043c \u0430\u043a\u043e \u043d\u0438\u0458\u0435 \u0434\u0440\u0443\u0433\u0430\u0447\u0438\u0458\u0435 \u043d\u0430\u0437\u043d\u0430\u0447\u0435\u043d\u043e.<\/p>\n\n\n\n<p>\u0420\u0435\u043f\u0440\u043e\u0434\u0443\u043a\u0446\u0438\u0458\u0430, \u0434\u0438\u0441\u0442\u0440\u0438\u0431\u0443\u0446\u0438\u0458\u0430 \u0438\u043b\u0438 \u043c\u043e\u0434\u0438\u0444\u0438\u043a\u0430\u0446\u0438\u0458\u0430 \u0441\u0430\u0434\u0440\u0436\u0430\u0458\u0430 \u0431\u0435\u0437 \u043f\u0440\u0435\u0442\u0445\u043e\u0434\u043d\u0435 \u0434\u043e\u0437\u0432\u043e\u043b\u0435 \u0458\u0435 \u0437\u0430\u0431\u0440\u0430\u045a\u0435\u043d\u0430, \u043e\u0441\u0438\u043c \u0443 \u0441\u043b\u0443\u0447\u0430\u0458\u0435\u0432\u0438\u043c\u0430 \u0434\u043e\u0437\u0432\u043e\u0459\u0435\u043d\u0438\u043c \u0437\u0430\u043a\u043e\u043d\u043e\u043c, \u043a\u0430\u043e \u0448\u0442\u043e \u0441\u0443 \u0446\u0438\u0442\u0430\u0442\u0438 \u0441\u0430 \u043e\u0434\u0433\u043e\u0432\u0430\u0440\u0430\u0458\u0443\u045b\u0438\u043c \u043d\u0430\u0432\u043e\u0452\u0435\u045a\u0435\u043c \u0438\u0437\u0432\u043e\u0440\u0430.<\/p>\n\n\n\n<hr class=\"wp-block-separator has-alpha-channel-opacity\"\/>\n\n\n\n<h3 class=\"wp-block-heading\">\u041e\u0433\u0440\u0430\u043d\u0438\u0447\u0435\u045a\u0435 \u043e\u0434\u0433\u043e\u0432\u043e\u0440\u043d\u043e\u0441\u0442\u0438<\/h3>\n\n\n\n<p>\u041d\u0435\u0440\u0434\u0437\u0438\u043b\u0430 \u043d\u0438\u0458\u0435 \u043e\u0434\u0433\u043e\u0432\u043e\u0440\u043d\u0430 \u0437\u0430 \u0431\u0438\u043b\u043e \u043a\u0430\u043a\u0432\u0443 \u0434\u0438\u0440\u0435\u043a\u0442\u043d\u0443 \u0438\u043b\u0438 \u0438\u043d\u0434\u0438\u0440\u0435\u043a\u0442\u043d\u0443 \u0448\u0442\u0435\u0442\u0443 \u043a\u043e\u0458\u0430 \u043f\u0440\u043e\u0438\u0437\u0438\u043b\u0430\u0437\u0438 \u0438\u0437 \u043a\u043e\u0440\u0438\u0448\u045b\u0435\u045a\u0430 \u0438\u043b\u0438 \u043d\u0435\u043c\u043e\u0433\u0443\u045b\u043d\u043e\u0441\u0442\u0438 \u043a\u043e\u0440\u0438\u0448\u045b\u0435\u045a\u0430 \u0438\u043d\u0444\u043e\u0440\u043c\u0430\u0446\u0438\u0458\u0430 \u0434\u0430\u0442\u0438\u0445 \u043d\u0430 \u0432\u0435\u0431 \u0441\u0442\u0440\u0430\u043d\u0438\u0446\u0438.<\/p>\n\n\n\n<p>\u041d\u0435 \u0433\u0430\u0440\u0430\u043d\u0442\u0443\u0458\u0435\u043c\u043e \u0434\u0430 \u045b\u0435 \u0441\u0430\u0434\u0440\u0436\u0430\u0458 \u0443\u0432\u0435\u043a \u0431\u0438\u0442\u0438 \u0431\u0435\u0437 \u0433\u0440\u0435\u0448\u0430\u043a\u0430, \u043f\u0440\u0435\u043a\u0438\u0434\u0430 \u0438\u043b\u0438 \u0437\u0430\u0441\u0442\u0430\u0440\u0435\u043b\u0438\u0445 \u0438\u043d\u0444\u043e\u0440\u043c\u0430\u0446\u0438\u0458\u0430, \u0438\u0430\u043a\u043e \u0441\u0435 \u0442\u0440\u0443\u0434\u0438\u043c\u043e \u0434\u0430 \u0438\u043d\u0444\u043e\u0440\u043c\u0430\u0446\u0438\u0458\u0435 \u0431\u0443\u0434\u0443 \u0442\u0430\u0447\u043d\u0435 \u0438 \u0430\u0436\u0443\u0440\u043d\u0435.<\/p>\n\n\n\n<hr class=\"wp-block-separator has-alpha-channel-opacity\"\/>\n\n\n\n<h3 class=\"wp-block-heading\">\u041b\u0438\u043d\u043a\u043e\u0432\u0438 \u043a\u0430 \u0435\u043a\u0441\u0442\u0435\u0440\u043d\u0438\u043c \u0432\u0435\u0431-\u0441\u0430\u0458\u0442\u043e\u0432\u0438\u043c\u0430<\/h3>\n\n\n\n<p>\u0421\u0430\u0458\u0442 \u043c\u043e\u0436\u0435 \u0434\u0430 \u0441\u0430\u0434\u0440\u0436\u0438 \u043b\u0438\u043d\u043a\u043e\u0432\u0435 \u043a\u0430 \u0432\u0435\u0431-\u0441\u0430\u0458\u0442\u043e\u0432\u0438\u043c\u0430 \u0442\u0440\u0435\u045b\u0438\u0445 \u0441\u0442\u0440\u0430\u043d\u0430. \u041e\u0432\u0438 \u043b\u0438\u043d\u043a\u043e\u0432\u0438 \u0441\u0443 \u043e\u0431\u0435\u0437\u0431\u0435\u0452\u0435\u043d\u0438 \u0438\u0441\u043a\u0459\u0443\u0447\u0438\u0432\u043e \u0440\u0430\u0434\u0438 \u043a\u043e\u0440\u0438\u0441\u043d\u0438\u0447\u043a\u0435 \u0443\u0434\u043e\u0431\u043d\u043e\u0441\u0442\u0438. Nerdzilla \u043d\u0435\u043c\u0430 \u043a\u043e\u043d\u0442\u0440\u043e\u043b\u0443 \u043d\u0430\u0434 \u0441\u0430\u0434\u0440\u0436\u0430\u0458\u0435\u043c \u0438\u043b\u0438 \u043f\u043e\u043b\u0438\u0442\u0438\u043a\u0430\u043c\u0430 \u043e\u0432\u0438\u0445 \u0441\u0430\u0458\u0442\u043e\u0432\u0430 \u0438 \u043d\u0438\u0458\u0435 \u043e\u0434\u0433\u043e\u0432\u043e\u0440\u0430\u043d \u0437\u0430 \u045a\u0438\u0445\u043e\u0432\u0435 \u043f\u0440\u0430\u043a\u0441\u0435.<\/p>\n\n\n\n<hr class=\"wp-block-separator has-alpha-channel-opacity\"\/>\n\n\n\n<h3 class=\"wp-block-heading\">\u041f\u043e\u043d\u0430\u0448\u0430\u045a\u0435 \u043a\u043e\u0440\u0438\u0441\u043d\u0438\u043a\u0430<\/h3>\n\n\n\n<p>\u041a\u043e\u0440\u0438\u0448\u045b\u0435\u045a\u0435\u043c Nerdzilla-\u0435, \u043a\u043e\u0440\u0438\u0441\u043d\u0438\u043a \u0441\u0435 \u0441\u043b\u0430\u0436\u0435 \u0441\u0430:<\/p>\n\n\n\n<ul class=\"wp-block-list\">\n<li>\u041d\u0435 \u043a\u043e\u0440\u0438\u0441\u0442\u0438\u0442\u0435 \u0441\u0430\u0458\u0442 \u0443 \u043d\u0435\u0437\u0430\u043a\u043e\u043d\u0438\u0442\u0435 \u0441\u0432\u0440\u0445\u0435 \u0438\u043b\u0438 \u0441\u0432\u0440\u0445\u0435 \u043a\u043e\u0458\u0435 \u043a\u0440\u0448\u0435 \u0432\u0430\u0436\u0435\u045b\u0435 \u0437\u0430\u043a\u043e\u043d\u0441\u043a\u0435 \u043f\u0440\u043e\u043f\u0438\u0441\u0435;<\/li>\n\n\n\n<li>\u041d\u0435 \u043e\u0431\u0458\u0430\u0432\u0459\u0438\u0432\u0430\u0442\u0438 \u043d\u0438\u0442\u0438 \u0448\u0438\u0440\u0438\u0442\u0438 \u0443\u0432\u0440\u0435\u0434\u0459\u0438\u0432, \u0434\u0438\u0441\u043a\u0440\u0438\u043c\u0438\u043d\u0430\u0442\u043e\u0440\u043d\u0438 \u0438\u043b\u0438 \u043d\u0435\u0437\u0430\u043a\u043e\u043d\u0438\u0442 \u0441\u0430\u0434\u0440\u0436\u0430\u0458;<\/li>\n\n\n\n<li>\u041d\u0435 \u043f\u043e\u043a\u0443\u0448\u0430\u0432\u0430\u0458\u0442\u0435 \u0434\u0430 \u0443\u0433\u0440\u043e\u0437\u0438\u0442\u0435 \u0431\u0435\u0437\u0431\u0435\u0434\u043d\u043e\u0441\u0442, \u0438\u043d\u0442\u0435\u0433\u0440\u0438\u0442\u0435\u0442 \u0438\u043b\u0438 \u0444\u0443\u043d\u043a\u0446\u0438\u043e\u043d\u0430\u043b\u043d\u043e\u0441\u0442 \u0441\u0430\u0458\u0442\u0430.<\/li>\n<\/ul>\n\n\n\n<hr class=\"wp-block-separator has-alpha-channel-opacity\"\/>\n\n\n\n<h3 class=\"wp-block-heading\">\u041f\u0440\u043e\u043c\u0435\u043d\u0435 \u0443\u0441\u043b\u043e\u0432\u0430<\/h3>\n\n\n\n<p>\u041d\u0435\u0440\u0434\u0437\u0438\u043b\u0430 \u043c\u043e\u0436\u0435 \u043f\u0435\u0440\u0438\u043e\u0434\u0438\u0447\u043d\u043e \u0430\u0436\u0443\u0440\u0438\u0440\u0430\u0442\u0438 \u043e\u0432\u0435 \u0423\u0441\u043b\u043e\u0432\u0435 \u043a\u043e\u0440\u0438\u0448\u045b\u0435\u045a\u0430. \u041a\u043e\u0440\u0438\u0441\u043d\u0438\u0446\u0438\u043c\u0430 \u0441\u0435 \u0441\u0430\u0432\u0435\u0442\u0443\u0458\u0435 \u0434\u0430 \u0440\u0435\u0434\u043e\u0432\u043d\u043e \u043f\u0440\u0435\u0433\u043b\u0435\u0434\u0430\u0458\u0443 \u043e\u0432\u0443 \u0441\u0442\u0440\u0430\u043d\u0438\u0446\u0443 \u043a\u0430\u043a\u043e \u0431\u0438 \u0431\u0438\u043b\u0438 \u0438\u043d\u0444\u043e\u0440\u043c\u0438\u0441\u0430\u043d\u0438 \u043e \u0441\u0432\u0438\u043c \u043f\u0440\u043e\u043c\u0435\u043d\u0430\u043c\u0430.<\/p>\n\n\n\n<hr class=\"wp-block-separator has-alpha-channel-opacity\"\/>\n\n\n\n<h3 class=\"wp-block-heading\">\u041a\u043e\u043d\u0442\u0430\u043a\u0442<\/h3>\n\n\n\n<p>\u0410\u043a\u043e \u0438\u043c\u0430\u0442\u0435 \u0431\u0438\u043b\u043e \u043a\u0430\u043a\u0432\u0438\u0445 \u043f\u0438\u0442\u0430\u045a\u0430 \u043e \u043e\u0432\u0438\u043c \u0423\u0441\u043b\u043e\u0432\u0438\u043c\u0430 \u043a\u043e\u0440\u0438\u0448\u045b\u0435\u045a\u0430, \u043a\u043e\u043d\u0442\u0430\u043a\u0442\u0438\u0440\u0430\u0458\u0442\u0435 \u043d\u0430\u0441 \u043f\u0443\u0442\u0435\u043c \u0435-\u043f\u043e\u0448\u0442\u0435:<\/p>\n\n\n\n<p><strong><a>\u0446\u043e\u043d\u0442\u0430\u0442\u043e@\u043d\u0435\u0440\u0434\u0437\u0438\u043b\u043b\u0430.\u0446\u043e\u043c.\u0431\u0440<\/a><\/strong><\/p>","protected":false},"excerpt":{"rendered":"<p>Ao acessar e utilizar o site Nerdzilla, voc\u00ea concorda com os presentes Termos de Uso. Caso n\u00e3o concorde com qualquer parte destes termos, recomendamos que n\u00e3o utilize o site. O Nerdzilla \u00e9 um site de car\u00e1ter informativo e editorial, voltado \u00e0 publica\u00e7\u00e3o de an\u00e1lises, guias e recomenda\u00e7\u00f5es sobre aplicativos, tecnologia e ferramentas digitais. Uso do [&hellip;]<\/p>","protected":false},"author":3,"featured_media":0,"parent":0,"menu_order":0,"comment_status":"closed","ping_status":"closed","template":"","meta":{"footnotes":""},"class_list":["post-4388","page","type-page","status-publish"],"_links":{"self":[{"href":"https:\/\/nerdzilla.com.br\/sr\/wp-json\/wp\/v2\/pages\/4388","targetHints":{"allow":["GET"]}}],"collection":[{"href":"https:\/\/nerdzilla.com.br\/sr\/wp-json\/wp\/v2\/pages"}],"about":[{"href":"https:\/\/nerdzilla.com.br\/sr\/wp-json\/wp\/v2\/types\/page"}],"author":[{"embeddable":true,"href":"https:\/\/nerdzilla.com.br\/sr\/wp-json\/wp\/v2\/users\/3"}],"replies":[{"embeddable":true,"href":"https:\/\/nerdzilla.com.br\/sr\/wp-json\/wp\/v2\/comments?post=4388"}],"version-history":[{"count":3,"href":"https:\/\/nerdzilla.com.br\/sr\/wp-json\/wp\/v2\/pages\/4388\/revisions"}],"predecessor-version":[{"id":5557,"href":"https:\/\/nerdzilla.com.br\/sr\/wp-json\/wp\/v2\/pages\/4388\/revisions\/5557"}],"wp:attachment":[{"href":"https:\/\/nerdzilla.com.br\/sr\/wp-json\/wp\/v2\/media?parent=4388"}],"curies":[{"name":"wp","href":"https:\/\/api.w.org\/{rel}","templated":true}]}}