{"id":882,"date":"2023-03-15T13:30:03","date_gmt":"2023-03-15T13:30:03","guid":{"rendered":"https:\/\/nerdzilla.com.br\/?page_id=882"},"modified":"2026-01-28T06:35:22","modified_gmt":"2026-01-28T06:35:22","slug":"politika-zasebnosti-2","status":"publish","type":"page","link":"https:\/\/nerdzilla.com.br\/sl\/politika-zasebnosti-2\/","title":{"rendered":"Politika zasebnosti"},"content":{"rendered":"<p>Va\u0161a zasebnost nam je pomembna. To je na\u0161a politika. <strong>Nerdzilla<\/strong> Spo\u0161tovali bomo va\u0161o zasebnost glede vseh informacij, ki jih bomo morda zbrali na spletni strani Nerdzilla.<\/p>\n\n\n\n<p>Nerdzilla je spletna stran dolo\u010dene narave. <strong>informativno in uredni\u0161ko<\/strong>To spletno mesto je namenjeno objavljanju ocen, vodnikov in priporo\u010dil o aplikacijah, tehnologiji in digitalnih orodjih. Prek tega spletnega mesta ne prodajamo izdelkov ali storitev neposredno.<\/p>\n\n\n\n<hr class=\"wp-block-separator has-alpha-channel-opacity\"\/>\n\n\n\n<h3 class=\"wp-block-heading\">Zbiranje informacij<\/h3>\n\n\n\n<p>Osebne podatke zahtevamo le, kadar so resni\u010dno potrebni, na primer ko vas kontaktiramo po e-po\u0161ti ali prek obrazcev, ki so na voljo na spletnem mestu. Podatki se zbirajo po\u0161teno in zakonito, z vednostjo in soglasjem uporabnika.<\/p>\n\n\n\n<p>Zbrane informacije lahko vklju\u010dujejo na primer ime in e-po\u0161tni naslov, izklju\u010dno za namene odgovarjanja, komunikacije ali izbolj\u0161anja uredni\u0161ke vsebine.<\/p>\n\n\n\n<hr class=\"wp-block-separator has-alpha-channel-opacity\"\/>\n\n\n\n<h3 class=\"wp-block-heading\">Uporaba informacij<\/h3>\n\n\n\n<p>Zbrane informacije se uporabljajo za:<\/p>\n\n\n\n<ul class=\"wp-block-list\">\n<li>odgovarjanje na sporo\u010dila, ki jih po\u0161ljejo uporabniki;<\/li>\n\n\n\n<li>izbolj\u0161ati izku\u0161njo brskanja;<\/li>\n\n\n\n<li>Za razumevanje uporabe spletnega mesta, na agregiran in anonimen na\u010din.<\/li>\n<\/ul>\n\n\n\n<p>Podatkov ne uporabljamo za neposredne komercialne namene.<\/p>\n\n\n\n<hr class=\"wp-block-separator has-alpha-channel-opacity\"\/>\n\n\n\n<h3 class=\"wp-block-heading\">Shranjevanje in za\u0161\u010dita podatkov<\/h3>\n\n\n\n<p>Zbrane podatke hranimo le toliko \u010dasa, kolikor je potrebno za izpolnitev namena, za katerega so bili zahtevani. Sprejemamo razumne varnostne ukrepe za za\u0161\u010dito podatkov pred nepoobla\u0161\u010denim dostopom, razkritjem, spremembo ali uni\u010denjem.<\/p>\n\n\n\n<hr class=\"wp-block-separator has-alpha-channel-opacity\"\/>\n\n\n\n<h3 class=\"wp-block-heading\">Izmenjava informacij<\/h3>\n\n\n\n<p>Osebnih podatkov ne delimo javno ali s tretjimi osebami, razen kadar to zahteva zakon.<\/p>\n\n\n\n<hr class=\"wp-block-separator has-alpha-channel-opacity\"\/>\n\n\n\n<h3 class=\"wp-block-heading\">Povezave do zunanjih spletnih mest<\/h3>\n\n\n\n<p>Nerdzilla lahko vsebuje povezave do zunanjih spletnih mest, ki jih ne upravljamo mi. Nad vsebino in praksami teh spletnih mest nimamo nadzora in nismo odgovorni za njihove politike zasebnosti.<\/p>\n\n\n\n<hr class=\"wp-block-separator has-alpha-channel-opacity\"\/>\n\n\n\n<h3 class=\"wp-block-heading\">Pi\u0161kotki<\/h3>\n\n\n\n<p>Nerdzilla uporablja pi\u0161kotke za izbolj\u0161anje uporabni\u0161ke izku\u0161nje. Pi\u0161kotki so majhne datoteke, shranjene na uporabnikovi napravi, ki nam pomagajo razumeti, kako se spletno mesto uporablja.<\/p>\n\n\n\n<p>Uporabniki lahko pi\u0161kotke onemogo\u010dijo s prilagoditvijo nastavitev brskalnika. Vendar pa lahko onemogo\u010danje pi\u0161kotkov vpliva na delovanje nekaterih delov spletnega mesta.<\/p>\n\n\n\n<hr class=\"wp-block-separator has-alpha-channel-opacity\"\/>\n\n\n\n<h3 class=\"wp-block-heading\">Pi\u0161kotki in ogla\u0161evanje tretjih oseb<\/h3>\n\n\n\n<p>Nerdzilla uporablja storitve tretjih oseb, kot so ... <strong>Google Analytics<\/strong>, za analizo prometa spletnega mesta in vedenja uporabnikov na agregiran in anonimen na\u010din.<\/p>\n\n\n\n<p>Uporabljamo tudi ogla\u0161evalske storitve, kot so npr. <strong>Google AdSense<\/strong>, ki lahko uporablja pi\u0161kotke, spletne svetilnike ali podobne tehnologije za prikazovanje ustreznih oglasov na podlagi obiskov uporabnikov tega in drugih spletnih mest.<\/p>\n\n\n\n<p>Google lahko uporablja pi\u0161kotek. <strong>DoubleClick DART<\/strong>Ta pi\u0161kotek nam omogo\u010da prikazovanje oglasov uporabnikom na podlagi njihovih prej\u0161njih obiskov. Uporabniki lahko uporabo tega pi\u0161kotka onemogo\u010dijo v nastavitvah oglasov Google.<\/p>\n\n\n\n<hr class=\"wp-block-separator has-alpha-channel-opacity\"\/>\n\n\n\n<h3 class=\"wp-block-heading\">Zaveza uporabnikov<\/h3>\n\n\n\n<p>Uporabnik se strinja, da bo ustrezno uporabljal vsebino in informacije, ki jih zagotavlja Nerdzilla, in se zavezuje, da ne bo:<\/p>\n\n\n\n<ul class=\"wp-block-list\">\n<li>Izvajanje nezakonitih dejavnosti ali dejavnosti, ki so v nasprotju z dobro vero in javnim redom;<\/li>\n\n\n\n<li>\u0161irjenje diskriminatornih, \u017ealjivih, nezakonitih vsebin ali vsebin, ki kr\u0161ijo \u010dlovekove pravice;<\/li>\n\n\n\n<li>povzro\u010diti \u0161kodo sistemom Nerdzille ali sistemom tretjih oseb z vnosom zlonamerne kode.<\/li>\n<\/ul>\n\n\n\n<hr class=\"wp-block-separator has-alpha-channel-opacity\"\/>\n\n\n\n<h3 class=\"wp-block-heading\">Soglasje<\/h3>\n\n\n\n<p>Nadaljnja uporaba spletnega mesta Nerdzilla se \u0161teje za sprejetje te politike zasebnosti.<\/p>\n\n\n\n<hr class=\"wp-block-separator has-alpha-channel-opacity\"\/>\n\n\n\n<h3 class=\"wp-block-heading\">Kontakt<\/h3>\n\n\n\n<p>\u010ce imate kakr\u0161na koli vpra\u0161anja o tej politiki zasebnosti ali o tem, kako ravnamo z uporabni\u0161kimi podatki, nas kontaktirajte po e-po\u0161ti:<\/p>\n\n\n\n<p><strong><a>contato@nerdzilla.com.br<\/a><\/strong><\/p>","protected":false},"excerpt":{"rendered":"<p>A sua privacidade \u00e9 importante para n\u00f3s. \u00c9 pol\u00edtica do Nerdzilla respeitar a sua privacidade em rela\u00e7\u00e3o a qualquer informa\u00e7\u00e3o que possamos coletar no site Nerdzilla. O Nerdzilla \u00e9 um site de car\u00e1ter informativo e editorial, dedicado \u00e0 publica\u00e7\u00e3o de an\u00e1lises, guias e recomenda\u00e7\u00f5es sobre aplicativos, tecnologia e ferramentas digitais. N\u00e3o comercializamos produtos ou servi\u00e7os [&hellip;]<\/p>","protected":false},"author":3,"featured_media":0,"parent":0,"menu_order":0,"comment_status":"closed","ping_status":"closed","template":"","meta":{"footnotes":""},"class_list":["post-882","page","type-page","status-publish"],"_links":{"self":[{"href":"https:\/\/nerdzilla.com.br\/sl\/wp-json\/wp\/v2\/pages\/882","targetHints":{"allow":["GET"]}}],"collection":[{"href":"https:\/\/nerdzilla.com.br\/sl\/wp-json\/wp\/v2\/pages"}],"about":[{"href":"https:\/\/nerdzilla.com.br\/sl\/wp-json\/wp\/v2\/types\/page"}],"author":[{"embeddable":true,"href":"https:\/\/nerdzilla.com.br\/sl\/wp-json\/wp\/v2\/users\/3"}],"replies":[{"embeddable":true,"href":"https:\/\/nerdzilla.com.br\/sl\/wp-json\/wp\/v2\/comments?post=882"}],"version-history":[{"count":5,"href":"https:\/\/nerdzilla.com.br\/sl\/wp-json\/wp\/v2\/pages\/882\/revisions"}],"predecessor-version":[{"id":5555,"href":"https:\/\/nerdzilla.com.br\/sl\/wp-json\/wp\/v2\/pages\/882\/revisions\/5555"}],"wp:attachment":[{"href":"https:\/\/nerdzilla.com.br\/sl\/wp-json\/wp\/v2\/media?parent=882"}],"curies":[{"name":"wp","href":"https:\/\/api.w.org\/{rel}","templated":true}]}}