{"id":882,"date":"2023-03-15T13:30:03","date_gmt":"2023-03-15T13:30:03","guid":{"rendered":"https:\/\/nerdzilla.com.br\/?page_id=882"},"modified":"2026-01-28T06:35:22","modified_gmt":"2026-01-28T06:35:22","slug":"zasady-ochrany-osobnych-udajov","status":"publish","type":"page","link":"https:\/\/nerdzilla.com.br\/sk\/zasady-ochrany-osobnych-udajov\/","title":{"rendered":"Z\u00e1sady ochrany osobn\u00fdch \u00fadajov"},"content":{"rendered":"<p>Va\u0161e s\u00fakromie je pre n\u00e1s d\u00f4le\u017eit\u00e9. Je to na\u0161a politika. <strong>Nerdzilla<\/strong> Budeme re\u0161pektova\u0165 va\u0161e s\u00fakromie, pokia\u013e ide o ak\u00e9ko\u013evek inform\u00e1cie, ktor\u00e9 m\u00f4\u017eeme zhroma\u017e\u010fova\u0165 na webovej str\u00e1nke Nerdzilla.<\/p>\n\n\n\n<p>Nerdzilla je webov\u00e1 str\u00e1nka ur\u010dit\u00e9ho charakteru. <strong>informat\u00edvne a redak\u010dn\u00e9<\/strong>T\u00e1to str\u00e1nka je venovan\u00e1 publikovaniu recenzi\u00ed, sprievodcov a odpor\u00fa\u010dan\u00ed t\u00fdkaj\u00facich sa aplik\u00e1ci\u00ed, technol\u00f3gi\u00ed a digit\u00e1lnych n\u00e1strojov. Prostredn\u00edctvom tejto webovej str\u00e1nky priamo nepred\u00e1vame produkty ani slu\u017eby.<\/p>\n\n\n\n<hr class=\"wp-block-separator has-alpha-channel-opacity\"\/>\n\n\n\n<h3 class=\"wp-block-heading\">Zhroma\u017e\u010fovanie inform\u00e1ci\u00ed<\/h3>\n\n\n\n<p>Osobn\u00e9 \u00fadaje po\u017eadujeme iba v pr\u00edpade skuto\u010dnej potreby, napr\u00edklad pri kontaktovan\u00ed e-mailom alebo prostredn\u00edctvom formul\u00e1rov dostupn\u00fdch na webovej str\u00e1nke. Inform\u00e1cie sa zhroma\u017e\u010fuj\u00fa spravodlivo a leg\u00e1lne s vedom\u00edm a s\u00fahlasom pou\u017e\u00edvate\u013ea.<\/p>\n\n\n\n<p>Zhroma\u017eden\u00e9 inform\u00e1cie m\u00f4\u017eu zah\u0155\u0148a\u0165 napr\u00edklad meno a e-mailov\u00fa adresu, a to v\u00fdlu\u010dne na \u00fa\u010dely odpovedania, komunik\u00e1cie alebo vylep\u0161enia redak\u010dn\u00e9ho obsahu.<\/p>\n\n\n\n<hr class=\"wp-block-separator has-alpha-channel-opacity\"\/>\n\n\n\n<h3 class=\"wp-block-heading\">Pou\u017eitie inform\u00e1ci\u00ed<\/h3>\n\n\n\n<p>Zhroma\u017eden\u00e9 inform\u00e1cie sa pou\u017e\u00edvaj\u00fa na:<\/p>\n\n\n\n<ul class=\"wp-block-list\">\n<li>odpoveda\u0165 na spr\u00e1vy odoslan\u00e9 pou\u017e\u00edvate\u013emi;<\/li>\n\n\n\n<li>na zlep\u0161enie z\u00e1\u017eitku z prehliadania;<\/li>\n\n\n\n<li>Aby sme pochopili, ako sa str\u00e1nka pou\u017e\u00edva, a to agregovan\u00fdm a anonymn\u00fdm sp\u00f4sobom.<\/li>\n<\/ul>\n\n\n\n<p>\u00dadaje nepou\u017e\u00edvame na priame komer\u010dn\u00e9 \u00fa\u010dely.<\/p>\n\n\n\n<hr class=\"wp-block-separator has-alpha-channel-opacity\"\/>\n\n\n\n<h3 class=\"wp-block-heading\">Ukladanie a ochrana \u00fadajov<\/h3>\n\n\n\n<p>Zhroma\u017eden\u00e9 inform\u00e1cie uchov\u00e1vame len tak dlho, ako je potrebn\u00e9 na splnenie \u00fa\u010delu, na ktor\u00fd boli vy\u017eiadan\u00e9. Prij\u00edmame primeran\u00e9 bezpe\u010dnostn\u00e9 opatrenia na ochranu \u00fadajov pred neopr\u00e1vnen\u00fdm pr\u00edstupom, zverejnen\u00edm, zmenou alebo zni\u010den\u00edm.<\/p>\n\n\n\n<hr class=\"wp-block-separator has-alpha-channel-opacity\"\/>\n\n\n\n<h3 class=\"wp-block-heading\">Zdie\u013eanie inform\u00e1ci\u00ed<\/h3>\n\n\n\n<p>Osobn\u00e9 \u00fadaje nezdie\u013eame verejne ani s tret\u00edmi stranami, s v\u00fdnimkou pr\u00edpadov, ke\u010f to vy\u017eaduje z\u00e1kon.<\/p>\n\n\n\n<hr class=\"wp-block-separator has-alpha-channel-opacity\"\/>\n\n\n\n<h3 class=\"wp-block-heading\">Odkazy na extern\u00e9 webov\u00e9 str\u00e1nky<\/h3>\n\n\n\n<p>Nerdzilla m\u00f4\u017ee obsahova\u0165 odkazy na extern\u00e9 webov\u00e9 str\u00e1nky, ktor\u00e9 neprev\u00e1dzkujeme. Nem\u00e1me \u017eiadnu kontrolu nad obsahom a postupmi t\u00fdchto str\u00e1nok a nezodpoved\u00e1me za ich pr\u00edslu\u0161n\u00e9 z\u00e1sady ochrany osobn\u00fdch \u00fadajov.<\/p>\n\n\n\n<hr class=\"wp-block-separator has-alpha-channel-opacity\"\/>\n\n\n\n<h3 class=\"wp-block-heading\">S\u00fabory cookie<\/h3>\n\n\n\n<p>Nerdzilla pou\u017e\u00edva s\u00fabory cookie na zlep\u0161enie pou\u017e\u00edvate\u013esk\u00e9ho z\u00e1\u017eitku. S\u00fabory cookie s\u00fa mal\u00e9 s\u00fabory ulo\u017een\u00e9 v zariaden\u00ed pou\u017e\u00edvate\u013ea, ktor\u00e9 n\u00e1m pom\u00e1haj\u00fa pochopi\u0165, ako sa str\u00e1nka pou\u017e\u00edva.<\/p>\n\n\n\n<p>Pou\u017e\u00edvatelia m\u00f4\u017eu zak\u00e1za\u0165 s\u00fabory cookie \u00fapravou nastaven\u00ed prehliada\u010da. Zak\u00e1zanie s\u00faborov cookie v\u0161ak m\u00f4\u017ee ovplyvni\u0165 funk\u010dnos\u0165 niektor\u00fdch \u010dast\u00ed webovej str\u00e1nky.<\/p>\n\n\n\n<hr class=\"wp-block-separator has-alpha-channel-opacity\"\/>\n\n\n\n<h3 class=\"wp-block-heading\">S\u00fabory cookie tret\u00edch str\u00e1n a reklama<\/h3>\n\n\n\n<p>Nerdzilla vyu\u017e\u00edva slu\u017eby tret\u00edch str\u00e1n, ako napr\u00edklad... <strong>Google Analytics<\/strong>, analyzova\u0165 n\u00e1v\u0161tevnos\u0165 webov\u00fdch str\u00e1nok a spr\u00e1vanie pou\u017e\u00edvate\u013eov s\u00fahrnn\u00fdm a anonymn\u00fdm sp\u00f4sobom.<\/p>\n\n\n\n<p>Vyu\u017e\u00edvame aj reklamn\u00e9 slu\u017eby, ako napr. <strong>Google AdSense<\/strong>, ktor\u00e9 m\u00f4\u017eu pou\u017e\u00edva\u0165 s\u00fabory cookie, webov\u00e9 maj\u00e1ky alebo podobn\u00e9 technol\u00f3gie na zobrazovanie relevantn\u00fdch rekl\u00e1m na z\u00e1klade n\u00e1v\u0161tev pou\u017e\u00edvate\u013eov tejto a in\u00fdch webov\u00fdch str\u00e1nok.<\/p>\n\n\n\n<p>Spolo\u010dnos\u0165 Google m\u00f4\u017ee pou\u017ei\u0165 s\u00fabor cookie. <strong>DoubleClick DART<\/strong>Tento s\u00fabor cookie n\u00e1m umo\u017e\u0148uje zobrazova\u0165 pou\u017e\u00edvate\u013eom reklamy na z\u00e1klade ich predch\u00e1dzaj\u00facich n\u00e1v\u0161tev. Pou\u017e\u00edvatelia m\u00f4\u017eu pou\u017e\u00edvanie tohto s\u00faboru cookie zak\u00e1za\u0165 v nastaveniach rekl\u00e1m Google.<\/p>\n\n\n\n<hr class=\"wp-block-separator has-alpha-channel-opacity\"\/>\n\n\n\n<h3 class=\"wp-block-heading\">Z\u00e1v\u00e4zok pou\u017e\u00edvate\u013ea<\/h3>\n\n\n\n<p>Pou\u017e\u00edvate\u013e s\u00fahlas\u00ed s vhodn\u00fdm pou\u017e\u00edvan\u00edm obsahu a inform\u00e1ci\u00ed poskytovan\u00fdch spolo\u010dnos\u0165ou Nerdzilla a zav\u00e4zuje sa, \u017ee nebude:<\/p>\n\n\n\n<ul class=\"wp-block-list\">\n<li>Vykon\u00e1va\u0165 nez\u00e1konn\u00e9 \u010dinnosti alebo \u010dinnosti, ktor\u00e9 s\u00fa v rozpore s dobrou vierou a verejn\u00fdm poriadkom;<\/li>\n\n\n\n<li>\u0161\u00edrenie diskrimina\u010dn\u00e9ho, ur\u00e1\u017eliv\u00e9ho, nez\u00e1konn\u00e9ho obsahu alebo obsahu, ktor\u00fd poru\u0161uje \u013eudsk\u00e9 pr\u00e1va;<\/li>\n\n\n\n<li>po\u0161kodi\u0165 syst\u00e9my spolo\u010dnosti Nerdzilla alebo syst\u00e9my tret\u00edch str\u00e1n zaveden\u00edm \u0161kodliv\u00e9ho k\u00f3du.<\/li>\n<\/ul>\n\n\n\n<hr class=\"wp-block-separator has-alpha-channel-opacity\"\/>\n\n\n\n<h3 class=\"wp-block-heading\">S\u00fahlas<\/h3>\n\n\n\n<p>Pokra\u010dovanie v pou\u017e\u00edvan\u00ed webovej str\u00e1nky Nerdzilla sa bude pova\u017eova\u0165 za s\u00fahlas s t\u00fdmito Z\u00e1sadami ochrany osobn\u00fdch \u00fadajov.<\/p>\n\n\n\n<hr class=\"wp-block-separator has-alpha-channel-opacity\"\/>\n\n\n\n<h3 class=\"wp-block-heading\">Kontakt<\/h3>\n\n\n\n<p>Ak m\u00e1te ak\u00e9ko\u013evek ot\u00e1zky t\u00fdkaj\u00face sa t\u00fdchto Z\u00e1sad ochrany osobn\u00fdch \u00fadajov alebo sp\u00f4sobu, ak\u00fdm naklad\u00e1me s pou\u017e\u00edvate\u013esk\u00fdmi \u00fadajmi, kontaktujte n\u00e1s e-mailom:<\/p>\n\n\n\n<p><strong><a>contato@nerdzilla.com.br<\/a><\/strong><\/p>","protected":false},"excerpt":{"rendered":"<p>A sua privacidade \u00e9 importante para n\u00f3s. \u00c9 pol\u00edtica do Nerdzilla respeitar a sua privacidade em rela\u00e7\u00e3o a qualquer informa\u00e7\u00e3o que possamos coletar no site Nerdzilla. O Nerdzilla \u00e9 um site de car\u00e1ter informativo e editorial, dedicado \u00e0 publica\u00e7\u00e3o de an\u00e1lises, guias e recomenda\u00e7\u00f5es sobre aplicativos, tecnologia e ferramentas digitais. N\u00e3o comercializamos produtos ou servi\u00e7os [&hellip;]<\/p>","protected":false},"author":3,"featured_media":0,"parent":0,"menu_order":0,"comment_status":"closed","ping_status":"closed","template":"","meta":{"footnotes":""},"class_list":["post-882","page","type-page","status-publish"],"_links":{"self":[{"href":"https:\/\/nerdzilla.com.br\/sk\/wp-json\/wp\/v2\/pages\/882","targetHints":{"allow":["GET"]}}],"collection":[{"href":"https:\/\/nerdzilla.com.br\/sk\/wp-json\/wp\/v2\/pages"}],"about":[{"href":"https:\/\/nerdzilla.com.br\/sk\/wp-json\/wp\/v2\/types\/page"}],"author":[{"embeddable":true,"href":"https:\/\/nerdzilla.com.br\/sk\/wp-json\/wp\/v2\/users\/3"}],"replies":[{"embeddable":true,"href":"https:\/\/nerdzilla.com.br\/sk\/wp-json\/wp\/v2\/comments?post=882"}],"version-history":[{"count":5,"href":"https:\/\/nerdzilla.com.br\/sk\/wp-json\/wp\/v2\/pages\/882\/revisions"}],"predecessor-version":[{"id":5555,"href":"https:\/\/nerdzilla.com.br\/sk\/wp-json\/wp\/v2\/pages\/882\/revisions\/5555"}],"wp:attachment":[{"href":"https:\/\/nerdzilla.com.br\/sk\/wp-json\/wp\/v2\/media?parent=882"}],"curies":[{"name":"wp","href":"https:\/\/api.w.org\/{rel}","templated":true}]}}