{"id":880,"date":"2023-03-15T13:25:53","date_gmt":"2023-03-15T13:25:53","guid":{"rendered":"https:\/\/nerdzilla.com.br\/?page_id=880"},"modified":"2026-01-28T06:41:08","modified_gmt":"2026-01-28T06:41:08","slug":"o-nas","status":"publish","type":"page","link":"https:\/\/nerdzilla.com.br\/sk\/o-nas\/","title":{"rendered":"Kto sme"},"content":{"rendered":"<p>Nerdzilla je webov\u00e1 str\u00e1nka s informa\u010dn\u00fdm obsahom, ktor\u00e1 sa venuje tvorbe sprievodcov, recenzi\u00ed a odpor\u00fa\u010dan\u00ed pre digit\u00e1lne aplik\u00e1cie a n\u00e1stroje. Na\u0161\u00edm cie\u013eom je pom\u00f4c\u0165 pou\u017e\u00edvate\u013eom robi\u0165 informovanej\u0161ie rozhodnutia o ich ka\u017edodennom pou\u017e\u00edvan\u00ed technol\u00f3gi\u00ed.<\/p>\n\n\n\n<p>Obsah publikovan\u00fd na Nerdzille je vyv\u00edjan\u00fd s redak\u010dn\u00fdm, vzdel\u00e1vac\u00edm a informa\u010dn\u00fdm zameran\u00edm, pri\u010dom sa v\u017edy sna\u017e\u00ed o jasnos\u0165, u\u017eito\u010dnos\u0165 a neust\u00e1lu aktualiz\u00e1ciu.<\/p>\n\n\n\n<p>Str\u00e1nku spravuje nez\u00e1visl\u00fd redak\u010dn\u00fd t\u00edm, ktor\u00fd je zodpovedn\u00fd za v\u00fdskum, tvorbu a kontrolu publikovan\u00e9ho obsahu.<\/p>","protected":false},"excerpt":{"rendered":"<p>O Nerdzilla \u00e9 um site de conte\u00fado informativo dedicado \u00e0 produ\u00e7\u00e3o de guias, an\u00e1lises e recomenda\u00e7\u00f5es de aplicativos e ferramentas digitais. Nosso objetivo \u00e9 ajudar usu\u00e1rios a tomar decis\u00f5es mais conscientes sobre o uso da tecnologia no dia a dia. O conte\u00fado publicado no Nerdzilla \u00e9 desenvolvido com foco editorial, educacional e informativo, buscando sempre [&hellip;]<\/p>","protected":false},"author":3,"featured_media":0,"parent":0,"menu_order":0,"comment_status":"closed","ping_status":"closed","template":"","meta":{"footnotes":""},"class_list":["post-880","page","type-page","status-publish"],"_links":{"self":[{"href":"https:\/\/nerdzilla.com.br\/sk\/wp-json\/wp\/v2\/pages\/880","targetHints":{"allow":["GET"]}}],"collection":[{"href":"https:\/\/nerdzilla.com.br\/sk\/wp-json\/wp\/v2\/pages"}],"about":[{"href":"https:\/\/nerdzilla.com.br\/sk\/wp-json\/wp\/v2\/types\/page"}],"author":[{"embeddable":true,"href":"https:\/\/nerdzilla.com.br\/sk\/wp-json\/wp\/v2\/users\/3"}],"replies":[{"embeddable":true,"href":"https:\/\/nerdzilla.com.br\/sk\/wp-json\/wp\/v2\/comments?post=880"}],"version-history":[{"count":2,"href":"https:\/\/nerdzilla.com.br\/sk\/wp-json\/wp\/v2\/pages\/880\/revisions"}],"predecessor-version":[{"id":5561,"href":"https:\/\/nerdzilla.com.br\/sk\/wp-json\/wp\/v2\/pages\/880\/revisions\/5561"}],"wp:attachment":[{"href":"https:\/\/nerdzilla.com.br\/sk\/wp-json\/wp\/v2\/media?parent=880"}],"curies":[{"name":"wp","href":"https:\/\/api.w.org\/{rel}","templated":true}]}}