{"id":4388,"date":"2024-07-11T06:19:07","date_gmt":"2024-07-11T06:19:07","guid":{"rendered":"https:\/\/nerdzilla.com.br\/?page_id=4388"},"modified":"2026-01-28T06:36:27","modified_gmt":"2026-01-28T06:36:27","slug":"%d1%83%d1%81%d0%bb%d0%be%d0%b2%d0%b8%d1%8f-%d1%8d%d0%ba%d1%81%d0%bf%d0%bb%d1%83%d0%b0%d1%82%d0%b0%d1%86%d0%b8%d0%b8-2","status":"publish","type":"page","link":"https:\/\/nerdzilla.com.br\/ru\/%d1%83%d1%81%d0%bb%d0%be%d0%b2%d0%b8%d1%8f-%d1%8d%d0%ba%d1%81%d0%bf%d0%bb%d1%83%d0%b0%d1%82%d0%b0%d1%86%d0%b8%d0%b8-2\/","title":{"rendered":"\u0423\u0441\u043b\u043e\u0432\u0438\u044f \u044d\u043a\u0441\u043f\u043b\u0443\u0430\u0442\u0430\u0446\u0438\u0438"},"content":{"rendered":"<p>\u041f\u043e\u043b\u0443\u0447\u0430\u044f \u0434\u043e\u0441\u0442\u0443\u043f \u043a \u0432\u0435\u0431-\u0441\u0430\u0439\u0442\u0443 \u0438 \u0438\u0441\u043f\u043e\u043b\u044c\u0437\u0443\u044f \u0435\u0433\u043e, \u0432\u044b \u0442\u0435\u043c \u0441\u0430\u043c\u044b\u043c \u043f\u043e\u0434\u0442\u0432\u0435\u0440\u0436\u0434\u0430\u0435\u0442\u0435 \u0441\u0432\u043e\u0435 \u0441\u043e\u0433\u043b\u0430\u0441\u0438\u0435 \u0441 \u0435\u0433\u043e \u0438\u0441\u043f\u043e\u043b\u044c\u0437\u043e\u0432\u0430\u043d\u0438\u0435\u043c. <strong>\u041d\u0435\u0440\u0434\u0437\u0438\u043b\u043b\u0430<\/strong>\u0418\u0441\u043f\u043e\u043b\u044c\u0437\u0443\u044f \u044d\u0442\u043e\u0442 \u0432\u0435\u0431-\u0441\u0430\u0439\u0442, \u0432\u044b \u0441\u043e\u0433\u043b\u0430\u0448\u0430\u0435\u0442\u0435\u0441\u044c \u0441 \u043d\u0430\u0441\u0442\u043e\u044f\u0449\u0438\u043c\u0438 \u0423\u0441\u043b\u043e\u0432\u0438\u044f\u043c\u0438 \u0438\u0441\u043f\u043e\u043b\u044c\u0437\u043e\u0432\u0430\u043d\u0438\u044f. \u0415\u0441\u043b\u0438 \u0432\u044b \u043d\u0435 \u0441\u043e\u0433\u043b\u0430\u0441\u043d\u044b \u0441 \u043a\u0430\u043a\u0438\u043c-\u043b\u0438\u0431\u043e \u043f\u0443\u043d\u043a\u0442\u043e\u043c \u044d\u0442\u0438\u0445 \u0443\u0441\u043b\u043e\u0432\u0438\u0439, \u043c\u044b \u0440\u0435\u043a\u043e\u043c\u0435\u043d\u0434\u0443\u0435\u043c \u0432\u0430\u043c \u043d\u0435 \u0438\u0441\u043f\u043e\u043b\u044c\u0437\u043e\u0432\u0430\u0442\u044c \u0441\u0430\u0439\u0442.<\/p>\n\n\n\n<p>Nerdzilla \u2014 \u044d\u0442\u043e \u0432\u0435\u0431-\u0441\u0430\u0439\u0442 \u043e\u043f\u0440\u0435\u0434\u0435\u043b\u0451\u043d\u043d\u043e\u0433\u043e \u0445\u0430\u0440\u0430\u043a\u0442\u0435\u0440\u0430. <strong>\u0438\u043d\u0444\u043e\u0440\u043c\u0430\u0442\u0438\u0432\u043d\u044b\u0439 \u0438 \u0440\u0435\u0434\u0430\u043a\u0446\u0438\u043e\u043d\u043d\u044b\u0439<\/strong>\u041a\u043e\u043c\u043f\u0430\u043d\u0438\u044f \u0441\u043f\u0435\u0446\u0438\u0430\u043b\u0438\u0437\u0438\u0440\u0443\u0435\u0442\u0441\u044f \u043d\u0430 \u043f\u0443\u0431\u043b\u0438\u043a\u0430\u0446\u0438\u0438 \u0430\u043d\u0430\u043b\u0438\u0442\u0438\u0447\u0435\u0441\u043a\u0438\u0445 \u043c\u0430\u0442\u0435\u0440\u0438\u0430\u043b\u043e\u0432, \u0440\u0443\u043a\u043e\u0432\u043e\u0434\u0441\u0442\u0432 \u0438 \u0440\u0435\u043a\u043e\u043c\u0435\u043d\u0434\u0430\u0446\u0438\u0439 \u043f\u043e \u043f\u0440\u0438\u043b\u043e\u0436\u0435\u043d\u0438\u044f\u043c, \u0442\u0435\u0445\u043d\u043e\u043b\u043e\u0433\u0438\u044f\u043c \u0438 \u0446\u0438\u0444\u0440\u043e\u0432\u044b\u043c \u0438\u043d\u0441\u0442\u0440\u0443\u043c\u0435\u043d\u0442\u0430\u043c.<\/p>\n\n\n\n<hr class=\"wp-block-separator has-alpha-channel-opacity\"\/>\n\n\n\n<h3 class=\"wp-block-heading\">\u0418\u0441\u043f\u043e\u043b\u044c\u0437\u043e\u0432\u0430\u043d\u0438\u0435 \u043a\u043e\u043d\u0442\u0435\u043d\u0442\u0430<\/h3>\n\n\n\n<p>\u0412\u0435\u0441\u044c \u043a\u043e\u043d\u0442\u0435\u043d\u0442, \u043f\u0443\u0431\u043b\u0438\u043a\u0443\u0435\u043c\u044b\u0439 \u043d\u0430 Nerdzilla, \u043f\u0440\u0435\u0434\u043d\u0430\u0437\u043d\u0430\u0447\u0435\u043d \u0438\u0441\u043a\u043b\u044e\u0447\u0438\u0442\u0435\u043b\u044c\u043d\u043e \u0434\u043b\u044f \u0438\u043d\u0444\u043e\u0440\u043c\u0430\u0446\u0438\u043e\u043d\u043d\u044b\u0445 \u0446\u0435\u043b\u0435\u0439. <strong>\u0438\u043d\u0444\u043e\u0440\u043c\u0430\u0442\u0438\u0432\u043d\u044b\u0439 \u0438 \u043e\u0431\u0440\u0430\u0437\u043e\u0432\u0430\u0442\u0435\u043b\u044c\u043d\u044b\u0439<\/strong>\u0418\u043d\u0444\u043e\u0440\u043c\u0430\u0446\u0438\u044f \u043c\u043e\u0436\u0435\u0442 \u0431\u044b\u0442\u044c \u0438\u0437\u043c\u0435\u043d\u0435\u043d\u0430, \u043e\u0431\u043d\u043e\u0432\u043b\u0435\u043d\u0430 \u0438\u043b\u0438 \u0443\u0434\u0430\u043b\u0435\u043d\u0430 \u0432 \u043b\u044e\u0431\u043e\u0435 \u0432\u0440\u0435\u043c\u044f \u0431\u0435\u0437 \u043f\u0440\u0435\u0434\u0432\u0430\u0440\u0438\u0442\u0435\u043b\u044c\u043d\u043e\u0433\u043e \u0443\u0432\u0435\u0434\u043e\u043c\u043b\u0435\u043d\u0438\u044f.<\/p>\n\n\n\n<p>\u041e\u0442\u0432\u0435\u0442\u0441\u0442\u0432\u0435\u043d\u043d\u043e\u0441\u0442\u044c \u0437\u0430 \u0438\u0441\u043f\u043e\u043b\u044c\u0437\u043e\u0432\u0430\u043d\u0438\u0435 \u0438\u043d\u0444\u043e\u0440\u043c\u0430\u0446\u0438\u0438, \u043f\u0440\u0435\u0434\u0441\u0442\u0430\u0432\u043b\u0435\u043d\u043d\u043e\u0439 \u043d\u0430 \u044d\u0442\u043e\u043c \u0441\u0430\u0439\u0442\u0435, \u043d\u0435\u0441\u0435\u0442 \u0438\u0441\u043a\u043b\u044e\u0447\u0438\u0442\u0435\u043b\u044c\u043d\u043e \u043f\u043e\u043b\u044c\u0437\u043e\u0432\u0430\u0442\u0435\u043b\u044c. Nerdzilla \u043d\u0435 \u0433\u0430\u0440\u0430\u043d\u0442\u0438\u0440\u0443\u0435\u0442 \u043a\u043e\u043d\u043a\u0440\u0435\u0442\u043d\u044b\u0445 \u0440\u0435\u0437\u0443\u043b\u044c\u0442\u0430\u0442\u043e\u0432 \u043e\u0442 \u0438\u0441\u043f\u043e\u043b\u044c\u0437\u043e\u0432\u0430\u043d\u0438\u044f \u043e\u043f\u0443\u0431\u043b\u0438\u043a\u043e\u0432\u0430\u043d\u043d\u043e\u0433\u043e \u043a\u043e\u043d\u0442\u0435\u043d\u0442\u0430.<\/p>\n\n\n\n<hr class=\"wp-block-separator has-alpha-channel-opacity\"\/>\n\n\n\n<h3 class=\"wp-block-heading\">\u0418\u043d\u0442\u0435\u043b\u043b\u0435\u043a\u0442\u0443\u0430\u043b\u044c\u043d\u0430\u044f \u0441\u043e\u0431\u0441\u0442\u0432\u0435\u043d\u043d\u043e\u0441\u0442\u044c<\/h3>\n\n\n\n<p>\u0412\u0435\u0441\u044c \u043a\u043e\u043d\u0442\u0435\u043d\u0442 \u043d\u0430 \u0441\u0430\u0439\u0442\u0435 Nerdzilla, \u0432\u043a\u043b\u044e\u0447\u0430\u044f \u0442\u0435\u043a\u0441\u0442, \u0438\u0437\u043e\u0431\u0440\u0430\u0436\u0435\u043d\u0438\u044f, \u043b\u043e\u0433\u043e\u0442\u0438\u043f\u044b \u0438 \u0433\u0440\u0430\u0444\u0438\u0447\u0435\u0441\u043a\u0438\u0435 \u044d\u043b\u0435\u043c\u0435\u043d\u0442\u044b, \u0437\u0430\u0449\u0438\u0449\u0435\u043d \u0430\u0432\u0442\u043e\u0440\u0441\u043a\u0438\u043c \u043f\u0440\u0430\u0432\u043e\u043c, \u0435\u0441\u043b\u0438 \u043d\u0435 \u0443\u043a\u0430\u0437\u0430\u043d\u043e \u0438\u043d\u043e\u0435.<\/p>\n\n\n\n<p>\u0412\u043e\u0441\u043f\u0440\u043e\u0438\u0437\u0432\u0435\u0434\u0435\u043d\u0438\u0435, \u0440\u0430\u0441\u043f\u0440\u043e\u0441\u0442\u0440\u0430\u043d\u0435\u043d\u0438\u0435 \u0438\u043b\u0438 \u0438\u0437\u043c\u0435\u043d\u0435\u043d\u0438\u0435 \u0441\u043e\u0434\u0435\u0440\u0436\u0438\u043c\u043e\u0433\u043e \u0431\u0435\u0437 \u043f\u0440\u0435\u0434\u0432\u0430\u0440\u0438\u0442\u0435\u043b\u044c\u043d\u043e\u0433\u043e \u0440\u0430\u0437\u0440\u0435\u0448\u0435\u043d\u0438\u044f \u0437\u0430\u043f\u0440\u0435\u0449\u0435\u043d\u043e, \u0437\u0430 \u0438\u0441\u043a\u043b\u044e\u0447\u0435\u043d\u0438\u0435\u043c \u0441\u043b\u0443\u0447\u0430\u0435\u0432, \u0440\u0430\u0437\u0440\u0435\u0448\u0435\u043d\u043d\u044b\u0445 \u0437\u0430\u043a\u043e\u043d\u043e\u043c, \u0442\u0430\u043a\u0438\u0445 \u043a\u0430\u043a \u0446\u0438\u0442\u0438\u0440\u043e\u0432\u0430\u043d\u0438\u0435 \u0441 \u0443\u043a\u0430\u0437\u0430\u043d\u0438\u0435\u043c \u0438\u0441\u0442\u043e\u0447\u043d\u0438\u043a\u0430.<\/p>\n\n\n\n<hr class=\"wp-block-separator has-alpha-channel-opacity\"\/>\n\n\n\n<h3 class=\"wp-block-heading\">\u041e\u0433\u0440\u0430\u043d\u0438\u0447\u0435\u043d\u0438\u0435 \u043e\u0442\u0432\u0435\u0442\u0441\u0442\u0432\u0435\u043d\u043d\u043e\u0441\u0442\u0438<\/h3>\n\n\n\n<p>\u041a\u043e\u043c\u043f\u0430\u043d\u0438\u044f Nerdzilla \u043d\u0435 \u043d\u0435\u0441\u0435\u0442 \u043e\u0442\u0432\u0435\u0442\u0441\u0442\u0432\u0435\u043d\u043d\u043e\u0441\u0442\u0438 \u0437\u0430 \u043b\u044e\u0431\u044b\u0435 \u043f\u0440\u044f\u043c\u044b\u0435 \u0438\u043b\u0438 \u043a\u043e\u0441\u0432\u0435\u043d\u043d\u044b\u0435 \u0443\u0431\u044b\u0442\u043a\u0438, \u0432\u043e\u0437\u043d\u0438\u043a\u0448\u0438\u0435 \u0432 \u0440\u0435\u0437\u0443\u043b\u044c\u0442\u0430\u0442\u0435 \u0438\u0441\u043f\u043e\u043b\u044c\u0437\u043e\u0432\u0430\u043d\u0438\u044f \u0438\u043b\u0438 \u043d\u0435\u0432\u043e\u0437\u043c\u043e\u0436\u043d\u043e\u0441\u0442\u0438 \u0438\u0441\u043f\u043e\u043b\u044c\u0437\u043e\u0432\u0430\u043d\u0438\u044f \u0438\u043d\u0444\u043e\u0440\u043c\u0430\u0446\u0438\u0438, \u043f\u0440\u0435\u0434\u0441\u0442\u0430\u0432\u043b\u0435\u043d\u043d\u043e\u0439 \u043d\u0430 \u0432\u0435\u0431-\u0441\u0430\u0439\u0442\u0435.<\/p>\n\n\n\n<p>\u041c\u044b \u043d\u0435 \u0433\u0430\u0440\u0430\u043d\u0442\u0438\u0440\u0443\u0435\u043c, \u0447\u0442\u043e \u043a\u043e\u043d\u0442\u0435\u043d\u0442 \u0432\u0441\u0435\u0433\u0434\u0430 \u0431\u0443\u0434\u0435\u0442 \u0441\u0432\u043e\u0431\u043e\u0434\u0435\u043d \u043e\u0442 \u043e\u0448\u0438\u0431\u043e\u043a, \u0441\u0431\u043e\u0435\u0432 \u0438\u043b\u0438 \u0443\u0441\u0442\u0430\u0440\u0435\u0432\u0448\u0435\u0439 \u0438\u043d\u0444\u043e\u0440\u043c\u0430\u0446\u0438\u0438, \u0445\u043e\u0442\u044f \u043c\u044b \u0441\u0442\u0440\u0435\u043c\u0438\u043c\u0441\u044f \u043a \u0442\u043e\u043c\u0443, \u0447\u0442\u043e\u0431\u044b \u0438\u043d\u0444\u043e\u0440\u043c\u0430\u0446\u0438\u044f \u0431\u044b\u043b\u0430 \u0442\u043e\u0447\u043d\u043e\u0439 \u0438 \u0430\u043a\u0442\u0443\u0430\u043b\u044c\u043d\u043e\u0439.<\/p>\n\n\n\n<hr class=\"wp-block-separator has-alpha-channel-opacity\"\/>\n\n\n\n<h3 class=\"wp-block-heading\">\u0421\u0441\u044b\u043b\u043a\u0438 \u043d\u0430 \u0432\u043d\u0435\u0448\u043d\u0438\u0435 \u0432\u0435\u0431-\u0441\u0430\u0439\u0442\u044b<\/h3>\n\n\n\n<p>\u0414\u0430\u043d\u043d\u044b\u0439 \u0441\u0430\u0439\u0442 \u043c\u043e\u0436\u0435\u0442 \u0441\u043e\u0434\u0435\u0440\u0436\u0430\u0442\u044c \u0441\u0441\u044b\u043b\u043a\u0438 \u043d\u0430 \u0441\u0442\u043e\u0440\u043e\u043d\u043d\u0438\u0435 \u0432\u0435\u0431-\u0441\u0430\u0439\u0442\u044b. \u042d\u0442\u0438 \u0441\u0441\u044b\u043b\u043a\u0438 \u043f\u0440\u0435\u0434\u043e\u0441\u0442\u0430\u0432\u043b\u044f\u044e\u0442\u0441\u044f \u0438\u0441\u043a\u043b\u044e\u0447\u0438\u0442\u0435\u043b\u044c\u043d\u043e \u0434\u043b\u044f \u0443\u0434\u043e\u0431\u0441\u0442\u0432\u0430 \u043f\u043e\u043b\u044c\u0437\u043e\u0432\u0430\u0442\u0435\u043b\u044f. Nerdzilla \u043d\u0435 \u043a\u043e\u043d\u0442\u0440\u043e\u043b\u0438\u0440\u0443\u0435\u0442 \u0441\u043e\u0434\u0435\u0440\u0436\u0438\u043c\u043e\u0435 \u0438\u043b\u0438 \u043f\u043e\u043b\u0438\u0442\u0438\u043a\u0443 \u044d\u0442\u0438\u0445 \u0441\u0430\u0439\u0442\u043e\u0432 \u0438 \u043d\u0435 \u043d\u0435\u0441\u0435\u0442 \u043e\u0442\u0432\u0435\u0442\u0441\u0442\u0432\u0435\u043d\u043d\u043e\u0441\u0442\u0438 \u0437\u0430 \u0438\u0445 \u0434\u0435\u0439\u0441\u0442\u0432\u0438\u044f.<\/p>\n\n\n\n<hr class=\"wp-block-separator has-alpha-channel-opacity\"\/>\n\n\n\n<h3 class=\"wp-block-heading\">\u041f\u043e\u0432\u0435\u0434\u0435\u043d\u0438\u0435 \u043f\u043e\u043b\u044c\u0437\u043e\u0432\u0430\u0442\u0435\u043b\u044f<\/h3>\n\n\n\n<p>\u0418\u0441\u043f\u043e\u043b\u044c\u0437\u0443\u044f Nerdzilla, \u043f\u043e\u043b\u044c\u0437\u043e\u0432\u0430\u0442\u0435\u043b\u044c \u0441\u043e\u0433\u043b\u0430\u0448\u0430\u0435\u0442\u0441\u044f \u0441\u043e \u0441\u043b\u0435\u0434\u0443\u044e\u0449\u0438\u043c:<\/p>\n\n\n\n<ul class=\"wp-block-list\">\n<li>\u041d\u0435 \u0438\u0441\u043f\u043e\u043b\u044c\u0437\u0443\u0439\u0442\u0435 \u0441\u0430\u0439\u0442 \u0432 \u043d\u0435\u0437\u0430\u043a\u043e\u043d\u043d\u044b\u0445 \u0446\u0435\u043b\u044f\u0445 \u0438\u043b\u0438 \u0446\u0435\u043b\u044f\u0445, \u043d\u0430\u0440\u0443\u0448\u0430\u044e\u0449\u0438\u0445 \u0434\u0435\u0439\u0441\u0442\u0432\u0443\u044e\u0449\u0435\u0435 \u0437\u0430\u043a\u043e\u043d\u043e\u0434\u0430\u0442\u0435\u043b\u044c\u0441\u0442\u0432\u043e;<\/li>\n\n\n\n<li>\u041d\u0435 \u043f\u0443\u0431\u043b\u0438\u043a\u0443\u0439\u0442\u0435 \u0438 \u043d\u0435 \u0440\u0430\u0441\u043f\u0440\u043e\u0441\u0442\u0440\u0430\u043d\u044f\u0439\u0442\u0435 \u043e\u0441\u043a\u043e\u0440\u0431\u0438\u0442\u0435\u043b\u044c\u043d\u044b\u0439, \u0434\u0438\u0441\u043a\u0440\u0438\u043c\u0438\u043d\u0430\u0446\u0438\u043e\u043d\u043d\u044b\u0439 \u0438\u043b\u0438 \u043d\u0435\u0437\u0430\u043a\u043e\u043d\u043d\u044b\u0439 \u043a\u043e\u043d\u0442\u0435\u043d\u0442;<\/li>\n\n\n\n<li>\u041d\u0435 \u043f\u044b\u0442\u0430\u0439\u0442\u0435\u0441\u044c \u043f\u043e\u0441\u0442\u0430\u0432\u0438\u0442\u044c \u043f\u043e\u0434 \u0443\u0433\u0440\u043e\u0437\u0443 \u0431\u0435\u0437\u043e\u043f\u0430\u0441\u043d\u043e\u0441\u0442\u044c, \u0446\u0435\u043b\u043e\u0441\u0442\u043d\u043e\u0441\u0442\u044c \u0438\u043b\u0438 \u0444\u0443\u043d\u043a\u0446\u0438\u043e\u043d\u0430\u043b\u044c\u043d\u043e\u0441\u0442\u044c \u0441\u0430\u0439\u0442\u0430.<\/li>\n<\/ul>\n\n\n\n<hr class=\"wp-block-separator has-alpha-channel-opacity\"\/>\n\n\n\n<h3 class=\"wp-block-heading\">\u0418\u0437\u043c\u0435\u043d\u0435\u043d\u0438\u044f \u0443\u0441\u043b\u043e\u0432\u0438\u0439<\/h3>\n\n\n\n<p>\u041a\u043e\u043c\u043f\u0430\u043d\u0438\u044f Nerdzilla \u043c\u043e\u0436\u0435\u0442 \u043f\u0435\u0440\u0438\u043e\u0434\u0438\u0447\u0435\u0441\u043a\u0438 \u043e\u0431\u043d\u043e\u0432\u043b\u044f\u0442\u044c \u043d\u0430\u0441\u0442\u043e\u044f\u0449\u0438\u0435 \u0423\u0441\u043b\u043e\u0432\u0438\u044f \u0438\u0441\u043f\u043e\u043b\u044c\u0437\u043e\u0432\u0430\u043d\u0438\u044f. \u041f\u043e\u043b\u044c\u0437\u043e\u0432\u0430\u0442\u0435\u043b\u044f\u043c \u0440\u0435\u043a\u043e\u043c\u0435\u043d\u0434\u0443\u0435\u0442\u0441\u044f \u0440\u0435\u0433\u0443\u043b\u044f\u0440\u043d\u043e \u043f\u0440\u043e\u0441\u043c\u0430\u0442\u0440\u0438\u0432\u0430\u0442\u044c \u044d\u0442\u0443 \u0441\u0442\u0440\u0430\u043d\u0438\u0446\u0443, \u0447\u0442\u043e\u0431\u044b \u0431\u044b\u0442\u044c \u0432 \u043a\u0443\u0440\u0441\u0435 \u043b\u044e\u0431\u044b\u0445 \u0438\u0437\u043c\u0435\u043d\u0435\u043d\u0438\u0439.<\/p>\n\n\n\n<hr class=\"wp-block-separator has-alpha-channel-opacity\"\/>\n\n\n\n<h3 class=\"wp-block-heading\">\u041a\u043e\u043d\u0442\u0430\u043a\u0442<\/h3>\n\n\n\n<p>\u0415\u0441\u043b\u0438 \u0443 \u0432\u0430\u0441 \u0432\u043e\u0437\u043d\u0438\u043a\u043d\u0443\u0442 \u043a\u0430\u043a\u0438\u0435-\u043b\u0438\u0431\u043e \u0432\u043e\u043f\u0440\u043e\u0441\u044b \u043e\u0442\u043d\u043e\u0441\u0438\u0442\u0435\u043b\u044c\u043d\u043e \u0434\u0430\u043d\u043d\u044b\u0445 \u0423\u0441\u043b\u043e\u0432\u0438\u0439 \u0438\u0441\u043f\u043e\u043b\u044c\u0437\u043e\u0432\u0430\u043d\u0438\u044f, \u043f\u043e\u0436\u0430\u043b\u0443\u0439\u0441\u0442\u0430, \u0441\u0432\u044f\u0436\u0438\u0442\u0435\u0441\u044c \u0441 \u043d\u0430\u043c\u0438 \u043f\u043e \u044d\u043b\u0435\u043a\u0442\u0440\u043e\u043d\u043d\u043e\u0439 \u043f\u043e\u0447\u0442\u0435:<\/p>\n\n\n\n<p><strong><a>contato@nerdzilla.com.br<\/a><\/strong><\/p>","protected":false},"excerpt":{"rendered":"<p>Ao acessar e utilizar o site Nerdzilla, voc\u00ea concorda com os presentes Termos de Uso. Caso n\u00e3o concorde com qualquer parte destes termos, recomendamos que n\u00e3o utilize o site. O Nerdzilla \u00e9 um site de car\u00e1ter informativo e editorial, voltado \u00e0 publica\u00e7\u00e3o de an\u00e1lises, guias e recomenda\u00e7\u00f5es sobre aplicativos, tecnologia e ferramentas digitais. Uso do [&hellip;]<\/p>","protected":false},"author":3,"featured_media":0,"parent":0,"menu_order":0,"comment_status":"closed","ping_status":"closed","template":"","meta":{"footnotes":""},"class_list":["post-4388","page","type-page","status-publish"],"_links":{"self":[{"href":"https:\/\/nerdzilla.com.br\/ru\/wp-json\/wp\/v2\/pages\/4388","targetHints":{"allow":["GET"]}}],"collection":[{"href":"https:\/\/nerdzilla.com.br\/ru\/wp-json\/wp\/v2\/pages"}],"about":[{"href":"https:\/\/nerdzilla.com.br\/ru\/wp-json\/wp\/v2\/types\/page"}],"author":[{"embeddable":true,"href":"https:\/\/nerdzilla.com.br\/ru\/wp-json\/wp\/v2\/users\/3"}],"replies":[{"embeddable":true,"href":"https:\/\/nerdzilla.com.br\/ru\/wp-json\/wp\/v2\/comments?post=4388"}],"version-history":[{"count":3,"href":"https:\/\/nerdzilla.com.br\/ru\/wp-json\/wp\/v2\/pages\/4388\/revisions"}],"predecessor-version":[{"id":5557,"href":"https:\/\/nerdzilla.com.br\/ru\/wp-json\/wp\/v2\/pages\/4388\/revisions\/5557"}],"wp:attachment":[{"href":"https:\/\/nerdzilla.com.br\/ru\/wp-json\/wp\/v2\/media?parent=4388"}],"curies":[{"name":"wp","href":"https:\/\/api.w.org\/{rel}","templated":true}]}}