{"id":882,"date":"2023-03-15T13:30:03","date_gmt":"2023-03-15T13:30:03","guid":{"rendered":"https:\/\/nerdzilla.com.br\/?page_id=882"},"modified":"2026-01-28T06:35:22","modified_gmt":"2026-01-28T06:35:22","slug":"politica-de-confidentialitate-2","status":"publish","type":"page","link":"https:\/\/nerdzilla.com.br\/ro\/politica-de-confidentialitate-2\/","title":{"rendered":"Politica de confiden\u021bialitate"},"content":{"rendered":"<p>Confiden\u021bialitatea dumneavoastr\u0103 este important\u0103 pentru noi. Aceasta este politica noastr\u0103. <strong>Nerdzilla<\/strong> Vom respecta confiden\u021bialitatea dumneavoastr\u0103 cu privire la orice informa\u021bii pe care le-am putea colecta pe site-ul Nerdzilla.<\/p>\n\n\n\n<p>Nerdzilla este un site web de o anumit\u0103 natur\u0103. <strong>informativ \u0219i editorial<\/strong>Acest site este dedicat public\u0103rii de recenzii, ghiduri \u0219i recomand\u0103ri despre aplica\u021bii, tehnologie \u0219i instrumente digitale. Nu vindem produse sau servicii direct prin intermediul acestui site web.<\/p>\n\n\n\n<hr class=\"wp-block-separator has-alpha-channel-opacity\"\/>\n\n\n\n<h3 class=\"wp-block-heading\">Colectarea de informa\u021bii<\/h3>\n\n\n\n<p>Solicit\u0103m informa\u021bii personale doar atunci c\u00e2nd este cu adev\u0103rat necesar, cum ar fi atunci c\u00e2nd v\u0103 contact\u0103m prin e-mail sau prin intermediul formularelor disponibile pe site. Informa\u021biile sunt colectate \u00een mod corect \u0219i legal, cu cuno\u0219tin\u021ba \u0219i consim\u021b\u0103m\u00e2ntul utilizatorului.<\/p>\n\n\n\n<p>Informa\u021biile colectate pot include, de exemplu, numele \u0219i adresa de e-mail, exclusiv \u00een scopul de a r\u0103spunde, de a comunica sau de a \u00eembun\u0103t\u0103\u021bi con\u021binutul editorial.<\/p>\n\n\n\n<hr class=\"wp-block-separator has-alpha-channel-opacity\"\/>\n\n\n\n<h3 class=\"wp-block-heading\">Utilizarea informa\u021biilor<\/h3>\n\n\n\n<p>Informa\u021biile colectate sunt utilizate pentru:<\/p>\n\n\n\n<ul class=\"wp-block-list\">\n<li>r\u0103spunde la mesajele trimise de utilizatori;<\/li>\n\n\n\n<li>pentru a \u00eembun\u0103t\u0103\u021bi experien\u021ba de navigare;<\/li>\n\n\n\n<li>Pentru a \u00een\u021belege cum este utilizat site-ul, \u00eentr-un mod agregat \u0219i anonim.<\/li>\n<\/ul>\n\n\n\n<p>Nu folosim datele \u00een scopuri comerciale directe.<\/p>\n\n\n\n<hr class=\"wp-block-separator has-alpha-channel-opacity\"\/>\n\n\n\n<h3 class=\"wp-block-heading\">Stocarea \u0219i protec\u021bia datelor<\/h3>\n\n\n\n<p>P\u0103str\u0103m informa\u021biile colectate doar at\u00e2t timp c\u00e2t este necesar pentru a \u00eendeplini scopul pentru care au fost solicitate. Adopt\u0103m m\u0103suri de securitate rezonabile pentru a proteja datele \u00eempotriva accesului, divulg\u0103rii, modific\u0103rii sau distrugerii neautorizate.<\/p>\n\n\n\n<hr class=\"wp-block-separator has-alpha-channel-opacity\"\/>\n\n\n\n<h3 class=\"wp-block-heading\">Partajarea informa\u021biilor<\/h3>\n\n\n\n<p>Nu \u00eemp\u0103rt\u0103\u0219im informa\u021bii personale de identificare public sau cu ter\u021be p\u0103r\u021bi, cu excep\u021bia cazurilor \u00een care legea o impune.<\/p>\n\n\n\n<hr class=\"wp-block-separator has-alpha-channel-opacity\"\/>\n\n\n\n<h3 class=\"wp-block-heading\">Linkuri c\u0103tre site-uri web externe<\/h3>\n\n\n\n<p>Nerdzilla poate con\u021bine linkuri c\u0103tre site-uri web externe care nu sunt operate de noi. Nu avem control asupra con\u021binutului \u0219i practicilor acestor site-uri \u0219i nu suntem responsabili pentru politicile lor de confiden\u021bialitate respective.<\/p>\n\n\n\n<hr class=\"wp-block-separator has-alpha-channel-opacity\"\/>\n\n\n\n<h3 class=\"wp-block-heading\">Cookie-uri<\/h3>\n\n\n\n<p>Nerdzilla folose\u0219te cookie-uri pentru a \u00eembun\u0103t\u0103\u021bi experien\u021ba utilizatorului. Cookie-urile sunt fi\u0219iere mici stocate pe dispozitivul utilizatorului care ne ajut\u0103 s\u0103 \u00een\u021belegem cum este utilizat site-ul.<\/p>\n\n\n\n<p>Utilizatorii pot dezactiva cookie-urile prin ajustarea set\u0103rilor browserului lor. Cu toate acestea, dezactivarea cookie-urilor poate afecta func\u021bionalitatea anumitor p\u0103r\u021bi ale site-ului web.<\/p>\n\n\n\n<hr class=\"wp-block-separator has-alpha-channel-opacity\"\/>\n\n\n\n<h3 class=\"wp-block-heading\">Cookie-uri \u0219i publicitate de la ter\u021bi<\/h3>\n\n\n\n<p>Nerdzilla folose\u0219te servicii ter\u021be, cum ar fi... <strong>Google Analytics<\/strong>, pentru a analiza traficul site-ului web \u0219i comportamentul utilizatorilor \u00eentr-un mod agregat \u0219i anonim.<\/p>\n\n\n\n<p>De asemenea, folosim servicii de publicitate, cum ar fi <strong>Google AdSense<\/strong>, care poate utiliza cookie-uri, semnalizatoare web sau tehnologii similare pentru a afi\u0219a reclame relevante pe baza vizitelor utilizatorilor pe acest site \u0219i pe alte site-uri web.<\/p>\n\n\n\n<p>Google poate utiliza cookie-ul. <strong>DoubleClick DART<\/strong>Acest cookie ne permite s\u0103 afi\u0219\u0103m reclame utilizatorilor pe baza vizitelor lor anterioare. Utilizatorii pot dezactiva utilizarea acestui cookie acces\u00e2nd set\u0103rile de anun\u021buri Google.<\/p>\n\n\n\n<hr class=\"wp-block-separator has-alpha-channel-opacity\"\/>\n\n\n\n<h3 class=\"wp-block-heading\">Angajamentul utilizatorului<\/h3>\n\n\n\n<p>Utilizatorul se angajeaz\u0103 s\u0103 utilizeze \u00een mod corespunz\u0103tor con\u021binutul \u0219i informa\u021biile furnizate de Nerdzilla, angaj\u00e2ndu-se s\u0103 nu:<\/p>\n\n\n\n<ul class=\"wp-block-list\">\n<li>S\u0103 desf\u0103\u0219oare activit\u0103\u021bi ilegale sau activit\u0103\u021bi contrare bunei-credin\u021be \u0219i ordinii publice;<\/li>\n\n\n\n<li>diseminarea de con\u021binut discriminatoriu, ofensator, ilegal sau care \u00eencalc\u0103 drepturile omului;<\/li>\n\n\n\n<li>s\u0103 provoace daune sistemelor Nerdzilla sau sistemelor ter\u021be prin introducerea de cod r\u0103u inten\u021bionat.<\/li>\n<\/ul>\n\n\n\n<hr class=\"wp-block-separator has-alpha-channel-opacity\"\/>\n\n\n\n<h3 class=\"wp-block-heading\">Consim\u0163\u0103m\u00e2nt<\/h3>\n\n\n\n<p>Utilizarea \u00een continuare a site-ului web Nerdzilla va fi considerat\u0103 o acceptare a acestei Politici de confiden\u021bialitate.<\/p>\n\n\n\n<hr class=\"wp-block-separator has-alpha-channel-opacity\"\/>\n\n\n\n<h3 class=\"wp-block-heading\">a lua legatura<\/h3>\n\n\n\n<p>Dac\u0103 ave\u021bi \u00eentreb\u0103ri despre aceast\u0103 Politic\u0103 de confiden\u021bialitate sau despre modul \u00een care gestion\u0103m datele utilizatorilor, v\u0103 rug\u0103m s\u0103 ne contacta\u021bi prin e-mail:<\/p>\n\n\n\n<p><strong><a>contato@nerdzilla.com.br<\/a><\/strong><\/p>","protected":false},"excerpt":{"rendered":"<p>A sua privacidade \u00e9 importante para n\u00f3s. \u00c9 pol\u00edtica do Nerdzilla respeitar a sua privacidade em rela\u00e7\u00e3o a qualquer informa\u00e7\u00e3o que possamos coletar no site Nerdzilla. O Nerdzilla \u00e9 um site de car\u00e1ter informativo e editorial, dedicado \u00e0 publica\u00e7\u00e3o de an\u00e1lises, guias e recomenda\u00e7\u00f5es sobre aplicativos, tecnologia e ferramentas digitais. N\u00e3o comercializamos produtos ou servi\u00e7os [&hellip;]<\/p>","protected":false},"author":3,"featured_media":0,"parent":0,"menu_order":0,"comment_status":"closed","ping_status":"closed","template":"","meta":{"footnotes":""},"class_list":["post-882","page","type-page","status-publish"],"_links":{"self":[{"href":"https:\/\/nerdzilla.com.br\/ro\/wp-json\/wp\/v2\/pages\/882","targetHints":{"allow":["GET"]}}],"collection":[{"href":"https:\/\/nerdzilla.com.br\/ro\/wp-json\/wp\/v2\/pages"}],"about":[{"href":"https:\/\/nerdzilla.com.br\/ro\/wp-json\/wp\/v2\/types\/page"}],"author":[{"embeddable":true,"href":"https:\/\/nerdzilla.com.br\/ro\/wp-json\/wp\/v2\/users\/3"}],"replies":[{"embeddable":true,"href":"https:\/\/nerdzilla.com.br\/ro\/wp-json\/wp\/v2\/comments?post=882"}],"version-history":[{"count":5,"href":"https:\/\/nerdzilla.com.br\/ro\/wp-json\/wp\/v2\/pages\/882\/revisions"}],"predecessor-version":[{"id":5555,"href":"https:\/\/nerdzilla.com.br\/ro\/wp-json\/wp\/v2\/pages\/882\/revisions\/5555"}],"wp:attachment":[{"href":"https:\/\/nerdzilla.com.br\/ro\/wp-json\/wp\/v2\/media?parent=882"}],"curies":[{"name":"wp","href":"https:\/\/api.w.org\/{rel}","templated":true}]}}