{"id":4654,"date":"2025-05-17T21:25:46","date_gmt":"2025-05-17T21:25:46","guid":{"rendered":"https:\/\/nerdzilla.com.br\/contato\/"},"modified":"2026-01-28T06:29:54","modified_gmt":"2026-01-28T06:29:54","slug":"contact","status":"publish","type":"page","link":"https:\/\/nerdzilla.com.br\/ro\/contact\/","title":{"rendered":"a lua legatura"},"content":{"rendered":"<p>Nerdzilla apreciaz\u0103 comunicarea cu cititorii s\u0103i.<\/p>\n\n\n\n<p>Dac\u0103 ave\u021bi \u00eentreb\u0103ri, sugestii, corec\u021bii sau dori\u021bi s\u0103 ne contacta\u021bi cu privire la con\u021binutul publicat pe site, v\u0103 rug\u0103m s\u0103 utiliza\u021bi unul dintre canalele de mai jos.<\/p>\n\n\n\n<p>R\u0103spundem ori de c\u00e2te ori este posibil \u0219i acord\u0103m prioritate mesajelor legate de con\u021binutul editorial.<\/p>\n\n\n\n<p>E-mail: contato@nerdzilla.com.br<\/p>\n\n\n<style id=\"wpforms-css-vars-1635-block-2d80c691-9f8a-40cd-8cbe-13aadfd56083\">\n\t\t\t\t#wpforms-1635.wpforms-block-2d80c691-9f8a-40cd-8cbe-13aadfd56083 {\n\t\t\t\t--wpforms-field-size-input-height: 43px;\n--wpforms-field-size-input-spacing: 15px;\n--wpforms-field-size-font-size: 16px;\n--wpforms-field-size-line-height: 19px;\n--wpforms-field-size-padding-h: 14px;\n--wpforms-field-size-checkbox-size: 16px;\n--wpforms-field-size-sublabel-spacing: 5px;\n--wpforms-field-size-icon-size: 1;\n--wpforms-label-size-font-size: 16px;\n--wpforms-label-size-line-height: 19px;\n--wpforms-label-size-sublabel-font-size: 14px;\n--wpforms-label-size-sublabel-line-height: 17px;\n--wpforms-button-size-font-size: 17px;\n--wpforms-button-size-height: 41px;\n--wpforms-button-size-padding-h: 15px;\n--wpforms-button-size-margin-top: 10px;\n\t\t\t}\n\t\t\t<\/style><div class=\"wpforms-container wpforms-container-full wpforms-block wpforms-block-2d80c691-9f8a-40cd-8cbe-13aadfd56083 wpforms-render-modern\" id=\"wpforms-1635\"><form id=\"wpforms-form-1635\" class=\"wpforms-validate wpforms-form wpforms-ajax-form\" data-formid=\"1635\" method=\"post\" enctype=\"multipart\/form-data\" action=\"\/ro\/wp-json\/wp\/v2\/pages\/4654\" data-token=\"294fd0a01ec42c79788c9d2041ea6ba7\" data-token-time=\"1775465644\" data-trp-original-action=\"\/ro\/wp-json\/wp\/v2\/pages\/4654\"><noscript class=\"wpforms-error-noscript\">Please enable JavaScript in your browser to complete this form.<\/noscript><div id=\"wpforms-error-noscript\" style=\"display: none;\">Please enable JavaScript in your browser to complete this form.<\/div><div class=\"wpforms-field-container\"><div id=\"wpforms-1635-field_0-container\" class=\"wpforms-field wpforms-field-name\" data-field-id=\"0\"><fieldset><legend class=\"wpforms-field-label\">Nume <span class=\"wpforms-required-label\" aria-hidden=\"true\">*<\/span><\/legend><div class=\"wpforms-field-row wpforms-field-medium\"><div class=\"wpforms-field-row-block wpforms-first wpforms-one-half\"><input type=\"text\" id=\"wpforms-1635-field_0\" class=\"wpforms-field-name-first wpforms-field-required\" name=\"wpforms[fields][0][first]\" aria-errormessage=\"wpforms-1635-field_0-error\" required><label for=\"wpforms-1635-field_0\" class=\"wpforms-field-sublabel after\">First<\/label><\/div><div class=\"wpforms-field-row-block wpforms-one-half\"><input type=\"text\" id=\"wpforms-1635-field_0-last\" class=\"wpforms-field-name-last wpforms-field-required\" name=\"wpforms[fields][0][last]\" aria-errormessage=\"wpforms-1635-field_0-last-error\" required><label for=\"wpforms-1635-field_0-last\" class=\"wpforms-field-sublabel after\">Last<\/label><\/div><\/div><\/fieldset><\/div><div id=\"wpforms-1635-field_1-container\" class=\"wpforms-field wpforms-field-email\" data-field-id=\"1\"><label class=\"wpforms-field-label\" for=\"wpforms-1635-field_1\">E-mail <span class=\"wpforms-required-label\" aria-hidden=\"true\">*<\/span><\/label><input type=\"email\" id=\"wpforms-1635-field_1\" class=\"wpforms-field-medium wpforms-field-required\" name=\"wpforms[fields][1]\" spellcheck=\"false\" aria-errormessage=\"wpforms-1635-field_1-error\" required><\/div><div id=\"wpforms-1635-field_2-container\" class=\"wpforms-field wpforms-field-textarea\" data-field-id=\"2\"><label class=\"wpforms-field-label\" for=\"wpforms-1635-field_2\">Comentariu sau Mesaj<\/label><textarea id=\"wpforms-1635-field_2\" class=\"wpforms-field-medium\" name=\"wpforms[fields][2]\" aria-errormessage=\"wpforms-1635-field_2-error\" ><\/textarea><\/div><\/div><!-- .wpforms-field-container --><div class=\"wpforms-submit-container\" ><input type=\"hidden\" name=\"wpforms[id]\" value=\"1635\"><input type=\"hidden\" name=\"page_title\" value=\"\"><input type=\"hidden\" name=\"page_url\" value=\"https:\/\/nerdzilla.com.br\/ro\/wp-json\/wp\/v2\/pages\/4654\"><input type=\"hidden\" name=\"url_referer\" value=\"\"><button type=\"submit\" name=\"wpforms[submit]\" id=\"wpforms-submit-1635\" class=\"wpforms-submit\" data-alt-text=\"Enviando\u2026\" data-submit-text=\"Enviar\" aria-live=\"assertive\" value=\"wpforms-submit\">A trimite<\/button><img loading=\"lazy\" decoding=\"async\" src=\"https:\/\/nerdzilla.com.br\/wp-content\/plugins\/wpforms-lite\/assets\/images\/submit-spin.svg\" class=\"wpforms-submit-spinner\" style=\"display: none;\" width=\"26\" height=\"26\" alt=\"Loading\"><\/div><input type=\"hidden\" name=\"trp-form-language\" value=\"ro\"\/><\/form><\/div>  <!-- .wpforms-container -->\n\n\n<p>Informa\u021biile pe care le furniza\u021bi sunt utilizate exclusiv pentru a r\u0103spunde solicit\u0103rii dumneavoastr\u0103.<\/p>","protected":false},"excerpt":{"rendered":"<p>O Nerdzilla valoriza a comunica\u00e7\u00e3o com seus leitores. Caso voc\u00ea tenha d\u00favidas, sugest\u00f5es, corre\u00e7\u00f5es ou queira entrar em contato sobre o conte\u00fado publicado no site, utilize um dos canais abaixo. Respondemos sempre que poss\u00edvel e priorizamos mensagens relacionadas ao conte\u00fado editorial. E-mail: contato@nerdzilla.com.br As informa\u00e7\u00f5es enviadas s\u00e3o utilizadas exclusivamente para responder ao contato.<\/p>","protected":false},"author":3,"featured_media":0,"parent":0,"menu_order":0,"comment_status":"closed","ping_status":"closed","template":"","meta":{"footnotes":""},"class_list":["post-4654","page","type-page","status-publish"],"_links":{"self":[{"href":"https:\/\/nerdzilla.com.br\/ro\/wp-json\/wp\/v2\/pages\/4654","targetHints":{"allow":["GET"]}}],"collection":[{"href":"https:\/\/nerdzilla.com.br\/ro\/wp-json\/wp\/v2\/pages"}],"about":[{"href":"https:\/\/nerdzilla.com.br\/ro\/wp-json\/wp\/v2\/types\/page"}],"author":[{"embeddable":true,"href":"https:\/\/nerdzilla.com.br\/ro\/wp-json\/wp\/v2\/users\/3"}],"replies":[{"embeddable":true,"href":"https:\/\/nerdzilla.com.br\/ro\/wp-json\/wp\/v2\/comments?post=4654"}],"version-history":[{"count":2,"href":"https:\/\/nerdzilla.com.br\/ro\/wp-json\/wp\/v2\/pages\/4654\/revisions"}],"predecessor-version":[{"id":5551,"href":"https:\/\/nerdzilla.com.br\/ro\/wp-json\/wp\/v2\/pages\/4654\/revisions\/5551"}],"wp:attachment":[{"href":"https:\/\/nerdzilla.com.br\/ro\/wp-json\/wp\/v2\/media?parent=4654"}],"curies":[{"name":"wp","href":"https:\/\/api.w.org\/{rel}","templated":true}]}}