{"id":882,"date":"2023-03-15T13:30:03","date_gmt":"2023-03-15T13:30:03","guid":{"rendered":"https:\/\/nerdzilla.com.br\/?page_id=882"},"modified":"2026-01-28T06:35:22","modified_gmt":"2026-01-28T06:35:22","slug":"polityka-prywatnosci-2","status":"publish","type":"page","link":"https:\/\/nerdzilla.com.br\/pl\/polityka-prywatnosci-2\/","title":{"rendered":"Polityka prywatno\u015bci"},"content":{"rendered":"<p>Twoja prywatno\u015b\u0107 jest dla nas wa\u017cna. To nasza polityka. <strong>Nerdzilla<\/strong> Szanujemy Twoj\u0105 prywatno\u015b\u0107 w kontek\u015bcie wszelkich informacji, kt\u00f3re mo\u017cemy gromadzi\u0107 na stronie internetowej Nerdzilla.<\/p>\n\n\n\n<p>Nerdzilla jest stron\u0105 internetow\u0105 o szczeg\u00f3lnym charakterze. <strong>informacyjne i redakcyjne<\/strong>Ta strona jest po\u015bwi\u0119cona publikowaniu recenzji, poradnik\u00f3w i rekomendacji dotycz\u0105cych aplikacji, technologii i narz\u0119dzi cyfrowych. Nie sprzedajemy produkt\u00f3w ani us\u0142ug bezpo\u015brednio za po\u015brednictwem tej strony.<\/p>\n\n\n\n<hr class=\"wp-block-separator has-alpha-channel-opacity\"\/>\n\n\n\n<h3 class=\"wp-block-heading\">Gromadzenie informacji<\/h3>\n\n\n\n<p>\u017b\u0105damy podania danych osobowych tylko wtedy, gdy jest to absolutnie konieczne, na przyk\u0142ad podczas kontaktu z Tob\u0105 za po\u015brednictwem poczty elektronicznej lub formularzy dost\u0119pnych na stronie internetowej. Dane s\u0105 gromadzone w spos\u00f3b uczciwy i zgodny z prawem, za wiedz\u0105 i zgod\u0105 u\u017cytkownika.<\/p>\n\n\n\n<p>Gromadzone informacje mog\u0105 obejmowa\u0107 na przyk\u0142ad imi\u0119 i nazwisko oraz adres e-mail, wy\u0142\u0105cznie w celu udzielania odpowiedzi, komunikowania si\u0119 lub poprawiania tre\u015bci redakcyjnych.<\/p>\n\n\n\n<hr class=\"wp-block-separator has-alpha-channel-opacity\"\/>\n\n\n\n<h3 class=\"wp-block-heading\">Wykorzystanie informacji<\/h3>\n\n\n\n<p>Zebrane informacje s\u0142u\u017c\u0105 do:<\/p>\n\n\n\n<ul class=\"wp-block-list\">\n<li>odpowiadanie na wiadomo\u015bci wysy\u0142ane przez u\u017cytkownik\u00f3w;<\/li>\n\n\n\n<li>poprawi\u0107 komfort przegl\u0105dania;<\/li>\n\n\n\n<li>Aby zrozumie\u0107, w jaki spos\u00f3b wykorzystywana jest witryna, w spos\u00f3b zagregowany i anonimowy.<\/li>\n<\/ul>\n\n\n\n<p>Nie wykorzystujemy danych do bezpo\u015brednich cel\u00f3w komercyjnych.<\/p>\n\n\n\n<hr class=\"wp-block-separator has-alpha-channel-opacity\"\/>\n\n\n\n<h3 class=\"wp-block-heading\">Przechowywanie i ochrona danych<\/h3>\n\n\n\n<p>Zebrane informacje przechowujemy tylko tak d\u0142ugo, jak jest to konieczne do realizacji celu, dla kt\u00f3rego zosta\u0142y zebrane. Stosujemy rozs\u0105dne \u015brodki bezpiecze\u0144stwa, aby chroni\u0107 dane przed nieautoryzowanym dost\u0119pem, ujawnieniem, zmian\u0105 lub zniszczeniem.<\/p>\n\n\n\n<hr class=\"wp-block-separator has-alpha-channel-opacity\"\/>\n\n\n\n<h3 class=\"wp-block-heading\">Udost\u0119pnianie informacji<\/h3>\n\n\n\n<p>Nie udost\u0119pniamy danych osobowych publicznie ani osobom trzecim, chyba \u017ce wymaga tego prawo.<\/p>\n\n\n\n<hr class=\"wp-block-separator has-alpha-channel-opacity\"\/>\n\n\n\n<h3 class=\"wp-block-heading\">Linki do zewn\u0119trznych stron internetowych<\/h3>\n\n\n\n<p>Nerdzilla mo\u017ce zawiera\u0107 linki do zewn\u0119trznych stron internetowych, kt\u00f3re nie s\u0105 przez nas obs\u0142ugiwane. Nie mamy kontroli nad tre\u015bci\u0105 ani praktykami stosowanymi na tych stronach i nie ponosimy odpowiedzialno\u015bci za ich polityk\u0119 prywatno\u015bci.<\/p>\n\n\n\n<hr class=\"wp-block-separator has-alpha-channel-opacity\"\/>\n\n\n\n<h3 class=\"wp-block-heading\">Ciastka<\/h3>\n\n\n\n<p>Nerdzilla u\u017cywa plik\u00f3w cookie, aby poprawi\u0107 komfort u\u017cytkowania. Pliki cookie to ma\u0142e pliki przechowywane na urz\u0105dzeniu u\u017cytkownika, kt\u00f3re pomagaj\u0105 nam zrozumie\u0107, w jaki spos\u00f3b korzysta on ze strony.<\/p>\n\n\n\n<p>U\u017cytkownicy mog\u0105 wy\u0142\u0105czy\u0107 obs\u0142ug\u0119 plik\u00f3w cookie, zmieniaj\u0105c ustawienia swojej przegl\u0105darki. Nale\u017cy jednak pami\u0119ta\u0107, \u017ce wy\u0142\u0105czenie obs\u0142ugi plik\u00f3w cookie mo\u017ce wp\u0142yn\u0105\u0107 na funkcjonalno\u015b\u0107 niekt\u00f3rych cz\u0119\u015bci witryny.<\/p>\n\n\n\n<hr class=\"wp-block-separator has-alpha-channel-opacity\"\/>\n\n\n\n<h3 class=\"wp-block-heading\">Pliki cookie i reklamy stron trzecich<\/h3>\n\n\n\n<p>Nerdzilla korzysta z us\u0142ug stron trzecich, takich jak... <strong>Google Analytics<\/strong>, aby analizowa\u0107 ruch na stronie internetowej i zachowania u\u017cytkownik\u00f3w w spos\u00f3b zagregowany i anonimowy.<\/p>\n\n\n\n<p>Korzystamy r\u00f3wnie\u017c z us\u0142ug reklamowych, takich jak: <strong>Google AdSense<\/strong>, kt\u00f3ra mo\u017ce u\u017cywa\u0107 plik\u00f3w cookie, sygna\u0142\u00f3w nawigacyjnych lub podobnych technologii w celu wy\u015bwietlania odpowiednich reklam na podstawie wizyt u\u017cytkownik\u00f3w na tej i innych stronach internetowych.<\/p>\n\n\n\n<p>Google mo\u017ce u\u017cywa\u0107 pliku cookie. <strong>DoubleClick DART<\/strong>Ten plik cookie pozwala nam wy\u015bwietla\u0107 u\u017cytkownikom reklamy na podstawie ich poprzednich wizyt. U\u017cytkownicy mog\u0105 wy\u0142\u0105czy\u0107 u\u017cywanie tego pliku cookie, wchodz\u0105c w ustawienia reklam Google.<\/p>\n\n\n\n<hr class=\"wp-block-separator has-alpha-channel-opacity\"\/>\n\n\n\n<h3 class=\"wp-block-heading\">Zaanga\u017cowanie u\u017cytkownika<\/h3>\n\n\n\n<p>U\u017cytkownik zgadza si\u0119 na w\u0142a\u015bciwe wykorzystanie tre\u015bci i informacji udost\u0119pnionych przez Nerdzilla, zobowi\u0105zuj\u0105c si\u0119 do:<\/p>\n\n\n\n<ul class=\"wp-block-list\">\n<li>Do prowadzenia dzia\u0142alno\u015bci niezgodnej z prawem lub sprzecznej z dobr\u0105 wiar\u0105 i porz\u0105dkiem publicznym;<\/li>\n\n\n\n<li>rozpowszechnianie tre\u015bci dyskryminuj\u0105cych, obra\u017aliwych, niezgodnych z prawem lub naruszaj\u0105cych prawa cz\u0142owieka;<\/li>\n\n\n\n<li>wyrz\u0105dzanie szk\u00f3d w systemach Nerdzilla lub systemach os\u00f3b trzecich poprzez wprowadzanie z\u0142o\u015bliwego kodu.<\/li>\n<\/ul>\n\n\n\n<hr class=\"wp-block-separator has-alpha-channel-opacity\"\/>\n\n\n\n<h3 class=\"wp-block-heading\">Zgoda<\/h3>\n\n\n\n<p>Dalsze korzystanie ze strony internetowej Nerdzilla b\u0119dzie traktowane jako akceptacja niniejszej Polityki Prywatno\u015bci.<\/p>\n\n\n\n<hr class=\"wp-block-separator has-alpha-channel-opacity\"\/>\n\n\n\n<h3 class=\"wp-block-heading\">Kontakt<\/h3>\n\n\n\n<p>Je\u015bli masz jakiekolwiek pytania dotycz\u0105ce niniejszej Polityki prywatno\u015bci lub sposobu, w jaki przetwarzamy dane u\u017cytkownik\u00f3w, skontaktuj si\u0119 z nami za po\u015brednictwem poczty elektronicznej:<\/p>\n\n\n\n<p><strong><a>kontakt@nerdzilla.com.br<\/a><\/strong><\/p>","protected":false},"excerpt":{"rendered":"<p>A sua privacidade \u00e9 importante para n\u00f3s. \u00c9 pol\u00edtica do Nerdzilla respeitar a sua privacidade em rela\u00e7\u00e3o a qualquer informa\u00e7\u00e3o que possamos coletar no site Nerdzilla. O Nerdzilla \u00e9 um site de car\u00e1ter informativo e editorial, dedicado \u00e0 publica\u00e7\u00e3o de an\u00e1lises, guias e recomenda\u00e7\u00f5es sobre aplicativos, tecnologia e ferramentas digitais. N\u00e3o comercializamos produtos ou servi\u00e7os [&hellip;]<\/p>","protected":false},"author":3,"featured_media":0,"parent":0,"menu_order":0,"comment_status":"closed","ping_status":"closed","template":"","meta":{"footnotes":""},"class_list":["post-882","page","type-page","status-publish"],"_links":{"self":[{"href":"https:\/\/nerdzilla.com.br\/pl\/wp-json\/wp\/v2\/pages\/882","targetHints":{"allow":["GET"]}}],"collection":[{"href":"https:\/\/nerdzilla.com.br\/pl\/wp-json\/wp\/v2\/pages"}],"about":[{"href":"https:\/\/nerdzilla.com.br\/pl\/wp-json\/wp\/v2\/types\/page"}],"author":[{"embeddable":true,"href":"https:\/\/nerdzilla.com.br\/pl\/wp-json\/wp\/v2\/users\/3"}],"replies":[{"embeddable":true,"href":"https:\/\/nerdzilla.com.br\/pl\/wp-json\/wp\/v2\/comments?post=882"}],"version-history":[{"count":5,"href":"https:\/\/nerdzilla.com.br\/pl\/wp-json\/wp\/v2\/pages\/882\/revisions"}],"predecessor-version":[{"id":5555,"href":"https:\/\/nerdzilla.com.br\/pl\/wp-json\/wp\/v2\/pages\/882\/revisions\/5555"}],"wp:attachment":[{"href":"https:\/\/nerdzilla.com.br\/pl\/wp-json\/wp\/v2\/media?parent=882"}],"curies":[{"name":"wp","href":"https:\/\/api.w.org\/{rel}","templated":true}]}}