{"id":882,"date":"2023-03-15T13:30:03","date_gmt":"2023-03-15T13:30:03","guid":{"rendered":"https:\/\/nerdzilla.com.br\/?page_id=882"},"modified":"2026-01-28T06:35:22","modified_gmt":"2026-01-28T06:35:22","slug":"privacybeleid-2","status":"publish","type":"page","link":"https:\/\/nerdzilla.com.br\/nl\/privacybeleid-2\/","title":{"rendered":"Privacybeleid"},"content":{"rendered":"<p>Uw privacy is belangrijk voor ons. Dat is ons beleid. <strong>Nerdzilla<\/strong> Wij respecteren uw privacy met betrekking tot alle informatie die we mogelijk verzamelen op de Nerdzilla-website.<\/p>\n\n\n\n<p>Nerdzilla is een website van een bepaald soort. <strong>informatief en redactioneel<\/strong>Deze site is bedoeld voor het publiceren van recensies, handleidingen en aanbevelingen over apps, technologie en digitale tools. We verkopen geen producten of diensten rechtstreeks via deze website.<\/p>\n\n\n\n<hr class=\"wp-block-separator has-alpha-channel-opacity\"\/>\n\n\n\n<h3 class=\"wp-block-heading\">Informatieverzameling<\/h3>\n\n\n\n<p>We vragen alleen om persoonlijke gegevens wanneer dat echt nodig is, bijvoorbeeld wanneer we contact met u opnemen via e-mail of via formulieren op de website. De gegevens worden op een eerlijke en rechtmatige manier verzameld, met medeweten en toestemming van de gebruiker.<\/p>\n\n\n\n<p>De verzamelde informatie kan bijvoorbeeld naam en e-mailadres omvatten, uitsluitend met het doel om te reageren, te communiceren of de redactionele inhoud te verbeteren.<\/p>\n\n\n\n<hr class=\"wp-block-separator has-alpha-channel-opacity\"\/>\n\n\n\n<h3 class=\"wp-block-heading\">Gebruik van informatie<\/h3>\n\n\n\n<p>De verzamelde informatie wordt gebruikt voor:<\/p>\n\n\n\n<ul class=\"wp-block-list\">\n<li>antwoorden op berichten die door gebruikers zijn verzonden;<\/li>\n\n\n\n<li>om de browse-ervaring te verbeteren;<\/li>\n\n\n\n<li>Om inzicht te krijgen in hoe de website wordt gebruikt, op een geaggregeerde en anonieme manier.<\/li>\n<\/ul>\n\n\n\n<p>Wij gebruiken de gegevens niet voor directe commerci\u00eble doeleinden.<\/p>\n\n\n\n<hr class=\"wp-block-separator has-alpha-channel-opacity\"\/>\n\n\n\n<h3 class=\"wp-block-heading\">Gegevensopslag en -beveiliging<\/h3>\n\n\n\n<p>We bewaren de verzamelde informatie alleen zo lang als nodig is om het doel waarvoor deze is opgevraagd te bereiken. We nemen redelijke beveiligingsmaatregelen om de gegevens te beschermen tegen ongeautoriseerde toegang, openbaarmaking, wijziging of vernietiging.<\/p>\n\n\n\n<hr class=\"wp-block-separator has-alpha-channel-opacity\"\/>\n\n\n\n<h3 class=\"wp-block-heading\">Informatie delen<\/h3>\n\n\n\n<p>Wij delen geen persoonsgegevens openbaar of met derden, tenzij dit wettelijk verplicht is.<\/p>\n\n\n\n<hr class=\"wp-block-separator has-alpha-channel-opacity\"\/>\n\n\n\n<h3 class=\"wp-block-heading\">Links naar externe websites<\/h3>\n\n\n\n<p>Nerdzilla kan links bevatten naar externe websites die niet door ons worden beheerd. Wij hebben geen controle over de inhoud en werkwijze van deze sites en zijn niet verantwoordelijk voor hun respectievelijke privacybeleid.<\/p>\n\n\n\n<hr class=\"wp-block-separator has-alpha-channel-opacity\"\/>\n\n\n\n<h3 class=\"wp-block-heading\">Cookies<\/h3>\n\n\n\n<p>Nerdzilla gebruikt cookies om de gebruikerservaring te verbeteren. Cookies zijn kleine bestandjes die op het apparaat van de gebruiker worden opgeslagen en ons helpen te begrijpen hoe de site wordt gebruikt.<\/p>\n\n\n\n<p>Gebruikers kunnen cookies uitschakelen door hun browserinstellingen aan te passen. Het uitschakelen van cookies kan echter de functionaliteit van sommige delen van de website be\u00efnvloeden.<\/p>\n\n\n\n<hr class=\"wp-block-separator has-alpha-channel-opacity\"\/>\n\n\n\n<h3 class=\"wp-block-heading\">Cookies en advertenties van derden<\/h3>\n\n\n\n<p>Nerdzilla maakt gebruik van diensten van derden, zoals... <strong>Google Analytics<\/strong>om websiteverkeer en gebruikersgedrag op een geaggregeerde en anonieme manier te analyseren.<\/p>\n\n\n\n<p>We maken ook gebruik van advertentiediensten, zoals <strong>Google AdSense<\/strong>, die mogelijk gebruikmaakt van cookies, webbakens of vergelijkbare technologie\u00ebn om relevante advertenties weer te geven op basis van de bezoeken van gebruikers aan deze en andere websites.<\/p>\n\n\n\n<p>Google kan de cookie gebruiken. <strong>DoubleClick DART<\/strong>Deze cookie stelt ons in staat om advertenties aan gebruikers te tonen op basis van hun eerdere bezoeken. Gebruikers kunnen het gebruik van deze cookie uitschakelen via hun Google-advertentie-instellingen.<\/p>\n\n\n\n<hr class=\"wp-block-separator has-alpha-channel-opacity\"\/>\n\n\n\n<h3 class=\"wp-block-heading\">Gebruikersbetrokkenheid<\/h3>\n\n\n\n<p>De gebruiker stemt ermee in om op gepaste wijze gebruik te maken van de door Nerdzilla verstrekte inhoud en informatie, en verbindt zich ertoe het volgende niet te doen:<\/p>\n\n\n\n<ul class=\"wp-block-list\">\n<li>Het uitvoeren van illegale activiteiten of activiteiten die in strijd zijn met de goede trouw en de openbare orde;<\/li>\n\n\n\n<li>het verspreiden van discriminerende, aanstootgevende, illegale inhoud of inhoud die de mensenrechten schendt;<\/li>\n\n\n\n<li>Het is verboden om schade toe te brengen aan de systemen van Nerdzilla of systemen van derden door het introduceren van kwaadaardige code.<\/li>\n<\/ul>\n\n\n\n<hr class=\"wp-block-separator has-alpha-channel-opacity\"\/>\n\n\n\n<h3 class=\"wp-block-heading\">Toestemming<\/h3>\n\n\n\n<p>Door de Nerdzilla-website te blijven gebruiken, gaat u akkoord met dit privacybeleid.<\/p>\n\n\n\n<hr class=\"wp-block-separator has-alpha-channel-opacity\"\/>\n\n\n\n<h3 class=\"wp-block-heading\">Contact<\/h3>\n\n\n\n<p>Heeft u vragen over dit privacybeleid of over hoe wij gebruikersgegevens verwerken, neem dan contact met ons op via e-mail:<\/p>\n\n\n\n<p><strong><a>contato@nerdzilla.com.br<\/a><\/strong><\/p>","protected":false},"excerpt":{"rendered":"<p>A sua privacidade \u00e9 importante para n\u00f3s. \u00c9 pol\u00edtica do Nerdzilla respeitar a sua privacidade em rela\u00e7\u00e3o a qualquer informa\u00e7\u00e3o que possamos coletar no site Nerdzilla. O Nerdzilla \u00e9 um site de car\u00e1ter informativo e editorial, dedicado \u00e0 publica\u00e7\u00e3o de an\u00e1lises, guias e recomenda\u00e7\u00f5es sobre aplicativos, tecnologia e ferramentas digitais. N\u00e3o comercializamos produtos ou servi\u00e7os [&hellip;]<\/p>","protected":false},"author":3,"featured_media":0,"parent":0,"menu_order":0,"comment_status":"closed","ping_status":"closed","template":"","meta":{"footnotes":""},"class_list":["post-882","page","type-page","status-publish"],"_links":{"self":[{"href":"https:\/\/nerdzilla.com.br\/nl\/wp-json\/wp\/v2\/pages\/882","targetHints":{"allow":["GET"]}}],"collection":[{"href":"https:\/\/nerdzilla.com.br\/nl\/wp-json\/wp\/v2\/pages"}],"about":[{"href":"https:\/\/nerdzilla.com.br\/nl\/wp-json\/wp\/v2\/types\/page"}],"author":[{"embeddable":true,"href":"https:\/\/nerdzilla.com.br\/nl\/wp-json\/wp\/v2\/users\/3"}],"replies":[{"embeddable":true,"href":"https:\/\/nerdzilla.com.br\/nl\/wp-json\/wp\/v2\/comments?post=882"}],"version-history":[{"count":5,"href":"https:\/\/nerdzilla.com.br\/nl\/wp-json\/wp\/v2\/pages\/882\/revisions"}],"predecessor-version":[{"id":5555,"href":"https:\/\/nerdzilla.com.br\/nl\/wp-json\/wp\/v2\/pages\/882\/revisions\/5555"}],"wp:attachment":[{"href":"https:\/\/nerdzilla.com.br\/nl\/wp-json\/wp\/v2\/media?parent=882"}],"curies":[{"name":"wp","href":"https:\/\/api.w.org\/{rel}","templated":true}]}}