{"id":882,"date":"2023-03-15T13:30:03","date_gmt":"2023-03-15T13:30:03","guid":{"rendered":"https:\/\/nerdzilla.com.br\/?page_id=882"},"modified":"2026-01-28T06:35:22","modified_gmt":"2026-01-28T06:35:22","slug":"privatumo-politika-2","status":"publish","type":"page","link":"https:\/\/nerdzilla.com.br\/lt\/privatumo-politika-2\/","title":{"rendered":"Privatumo politika"},"content":{"rendered":"<p>J\u016bs\u0173 privatumas mums svarbus. Tai m\u016bs\u0173 politika. <strong>Nerdzilla<\/strong> Gerbsime j\u016bs\u0173 privatum\u0105, susijus\u012f su bet kokia informacija, kuri\u0105 galime rinkti \u201eNerdzilla\u201c svetain\u0117je.<\/p>\n\n\n\n<p>\u201eNerdzilla\u201c yra tam tikro pob\u016bd\u017eio svetain\u0117. <strong>informatyvus ir redakcinis<\/strong>\u0160i svetain\u0117 skirta ap\u017evalgoms, vadovams ir rekomendacijoms apie programas, technologijas ir skaitmeninius \u012frankius publikuoti. Mes tiesiogiai per \u0161i\u0105 svetain\u0119 neparduodame produkt\u0173 ar paslaug\u0173.<\/p>\n\n\n\n<hr class=\"wp-block-separator has-alpha-channel-opacity\"\/>\n\n\n\n<h3 class=\"wp-block-heading\">Informacijos rinkimas<\/h3>\n\n\n\n<p>Asmenin\u0117s informacijos pra\u0161ome tik tada, kai to tikrai reikia, pavyzd\u017eiui, susisiekdami su jumis el. pa\u0161tu arba per svetain\u0117je esan\u010dias formas. Informacija renkama s\u0105\u017einingai ir teis\u0117tai, vartotojui \u017einant ir sutikus.<\/p>\n\n\n\n<p>Surinkta informacija gali apimti, pavyzd\u017eiui, vard\u0105, pavard\u0119 ir el. pa\u0161to adres\u0105, i\u0161imtinai siekiant atsakyti, bendrauti ar tobulinti redakcin\u012f turin\u012f.<\/p>\n\n\n\n<hr class=\"wp-block-separator has-alpha-channel-opacity\"\/>\n\n\n\n<h3 class=\"wp-block-heading\">Informacijos naudojimas<\/h3>\n\n\n\n<p>Surinkta informacija naudojama:<\/p>\n\n\n\n<ul class=\"wp-block-list\">\n<li>atsakyti \u012f vartotoj\u0173 i\u0161si\u0173stus prane\u0161imus;<\/li>\n\n\n\n<li>pagerinti nar\u0161ymo patirt\u012f;<\/li>\n\n\n\n<li>Suprasti, kaip naudojama svetain\u0117, apibendrintai ir anonimi\u0161kai.<\/li>\n<\/ul>\n\n\n\n<p>Mes nenaudojame duomen\u0173 tiesioginiais komerciniais tikslais.<\/p>\n\n\n\n<hr class=\"wp-block-separator has-alpha-channel-opacity\"\/>\n\n\n\n<h3 class=\"wp-block-heading\">Duomen\u0173 saugojimas ir apsauga<\/h3>\n\n\n\n<p>Surinkt\u0105 informacij\u0105 saugome tik tiek laiko, kiek reikia tikslui, kuriam jos buvo pra\u0161oma, \u012fgyvendinti. Imames pagr\u012fst\u0173 saugumo priemoni\u0173, kad apsaugotume duomenis nuo neteis\u0117tos prieigos, atskleidimo, pakeitimo ar sunaikinimo.<\/p>\n\n\n\n<hr class=\"wp-block-separator has-alpha-channel-opacity\"\/>\n\n\n\n<h3 class=\"wp-block-heading\">Informacijos dalijimasis<\/h3>\n\n\n\n<p>Mes vie\u0161ai ar su tre\u010diosiomis \u0161alimis nesidalijame asmenine informacija, i\u0161skyrus atvejus, kai to reikalauja \u012fstatymai.<\/p>\n\n\n\n<hr class=\"wp-block-separator has-alpha-channel-opacity\"\/>\n\n\n\n<h3 class=\"wp-block-heading\">Nuorodos \u012f i\u0161orines svetaines<\/h3>\n\n\n\n<p>\u201eNerdzilla\u201c gali b\u016bti nuorod\u0173 \u012f i\u0161orines svetaines, kuri\u0173 mes nevaldome. Mes nekontroliuojame \u0161i\u0173 svetaini\u0173 turinio ir praktikos ir neatsakome u\u017e j\u0173 atitinkam\u0105 privatumo politik\u0105.<\/p>\n\n\n\n<hr class=\"wp-block-separator has-alpha-channel-opacity\"\/>\n\n\n\n<h3 class=\"wp-block-heading\">Slapukai<\/h3>\n\n\n\n<p>\u201eNerdzilla\u201c naudoja slapukus, kad pagerint\u0173 naudotojo patirt\u012f. Slapukai yra ma\u017ei failai, saugomi naudotojo \u012frenginyje, kurie padeda mums suprasti, kaip naudojama svetain\u0117.<\/p>\n\n\n\n<p>Vartotojai gali i\u0161jungti slapukus pakeisdami savo nar\u0161ykl\u0117s nustatymus. Ta\u010diau slapuk\u0173 i\u0161jungimas gali tur\u0117ti \u012ftakos kai kuri\u0173 svetain\u0117s dali\u0173 veikimui.<\/p>\n\n\n\n<hr class=\"wp-block-separator has-alpha-channel-opacity\"\/>\n\n\n\n<h3 class=\"wp-block-heading\">Tre\u010di\u0173j\u0173 \u0161ali\u0173 slapukai ir reklama<\/h3>\n\n\n\n<p>\u201eNerdzilla\u201c naudoja tre\u010di\u0173j\u0173 \u0161ali\u0173 paslaugas, tokias kaip... <strong>Google analiz\u0117<\/strong>, siekiant apibendrintai ir anonimi\u0161kai analizuoti svetain\u0117s sraut\u0105 ir naudotoj\u0173 elgsen\u0105.<\/p>\n\n\n\n<p>Taip pat naudojam\u0117s reklamos paslaugomis, tokiomis kaip <strong>\u201eGoogle AdSense\u201c<\/strong>, kuri gali naudoti slapukus, \u017einiatinklio \u0161vytur\u0117lius ar pana\u0161ias technologijas, kad rodyt\u0173 atitinkamus skelbimus, pagr\u012fstus naudotoj\u0173 apsilankymais \u0161ioje ir kitose svetain\u0117se.<\/p>\n\n\n\n<p>\u201eGoogle\u201c gali naudoti slapuk\u0105. <strong>\u201eDoubleClick DART\u201c<\/strong>\u0160is slapukas leid\u017eia mums rodyti vartotojams skelbimus, pagr\u012fstus j\u0173 ankstesniais apsilankymais. Vartotojai gali i\u0161jungti \u0161io slapuko naudojim\u0105 apsilank\u0119 savo \u201eGoogle\u201c skelbim\u0173 nustatymuose.<\/p>\n\n\n\n<hr class=\"wp-block-separator has-alpha-channel-opacity\"\/>\n\n\n\n<h3 class=\"wp-block-heading\">Vartotojo \u012fsipareigojimas<\/h3>\n\n\n\n<p>Vartotojas sutinka tinkamai naudoti \u201eNerdzilla\u201c pateikt\u0105 turin\u012f ir informacij\u0105, \u012fsipareigodamas ne:<\/p>\n\n\n\n<ul class=\"wp-block-list\">\n<li>Vykdyti neteis\u0117t\u0105 veikl\u0105 arba veikl\u0105, prie\u0161taraujan\u010di\u0105 s\u0105\u017einingumui ir vie\u0161ajai tvarkai;<\/li>\n\n\n\n<li>diskriminacinio, \u012f\u017eeid\u017eian\u010dio, neteis\u0117to turinio arba \u017emogaus teises pa\u017eeid\u017eian\u010dio turinio skleidimas;<\/li>\n\n\n\n<li>pakenkti \u201eNerdzilla\u201c arba tre\u010di\u0173j\u0173 \u0161ali\u0173 sistemoms, \u012fvedant kenk\u0117ji\u0161k\u0105 kod\u0105.<\/li>\n<\/ul>\n\n\n\n<hr class=\"wp-block-separator has-alpha-channel-opacity\"\/>\n\n\n\n<h3 class=\"wp-block-heading\">Sutikimas<\/h3>\n\n\n\n<p>Tolesnis \u201eNerdzilla\u201c svetain\u0117s naudojimas bus laikomas \u0161ios privatumo politikos sutikimu.<\/p>\n\n\n\n<hr class=\"wp-block-separator has-alpha-channel-opacity\"\/>\n\n\n\n<h3 class=\"wp-block-heading\">kontaktas<\/h3>\n\n\n\n<p>Jei turite klausim\u0173 apie \u0161i\u0105 privatumo politik\u0105 arba kaip tvarkome naudotoj\u0173 duomenis, susisiekite su mumis el. pa\u0161tu:<\/p>\n\n\n\n<p><strong><a>contato@nerdzilla.com.br<\/a><\/strong><\/p>","protected":false},"excerpt":{"rendered":"<p>A sua privacidade \u00e9 importante para n\u00f3s. \u00c9 pol\u00edtica do Nerdzilla respeitar a sua privacidade em rela\u00e7\u00e3o a qualquer informa\u00e7\u00e3o que possamos coletar no site Nerdzilla. O Nerdzilla \u00e9 um site de car\u00e1ter informativo e editorial, dedicado \u00e0 publica\u00e7\u00e3o de an\u00e1lises, guias e recomenda\u00e7\u00f5es sobre aplicativos, tecnologia e ferramentas digitais. N\u00e3o comercializamos produtos ou servi\u00e7os [&hellip;]<\/p>","protected":false},"author":3,"featured_media":0,"parent":0,"menu_order":0,"comment_status":"closed","ping_status":"closed","template":"","meta":{"footnotes":""},"class_list":["post-882","page","type-page","status-publish"],"_links":{"self":[{"href":"https:\/\/nerdzilla.com.br\/lt\/wp-json\/wp\/v2\/pages\/882","targetHints":{"allow":["GET"]}}],"collection":[{"href":"https:\/\/nerdzilla.com.br\/lt\/wp-json\/wp\/v2\/pages"}],"about":[{"href":"https:\/\/nerdzilla.com.br\/lt\/wp-json\/wp\/v2\/types\/page"}],"author":[{"embeddable":true,"href":"https:\/\/nerdzilla.com.br\/lt\/wp-json\/wp\/v2\/users\/3"}],"replies":[{"embeddable":true,"href":"https:\/\/nerdzilla.com.br\/lt\/wp-json\/wp\/v2\/comments?post=882"}],"version-history":[{"count":5,"href":"https:\/\/nerdzilla.com.br\/lt\/wp-json\/wp\/v2\/pages\/882\/revisions"}],"predecessor-version":[{"id":5555,"href":"https:\/\/nerdzilla.com.br\/lt\/wp-json\/wp\/v2\/pages\/882\/revisions\/5555"}],"wp:attachment":[{"href":"https:\/\/nerdzilla.com.br\/lt\/wp-json\/wp\/v2\/media?parent=882"}],"curies":[{"name":"wp","href":"https:\/\/api.w.org\/{rel}","templated":true}]}}