{"id":882,"date":"2023-03-15T13:30:03","date_gmt":"2023-03-15T13:30:03","guid":{"rendered":"https:\/\/nerdzilla.com.br\/?page_id=882"},"modified":"2026-01-28T06:35:22","modified_gmt":"2026-01-28T06:35:22","slug":"%ea%b0%9c%ec%9d%b8-%ec%a0%95%eb%b3%b4-%ec%a0%95%ec%b1%85-2","status":"publish","type":"page","link":"https:\/\/nerdzilla.com.br\/ko\/%ea%b0%9c%ec%9d%b8-%ec%a0%95%eb%b3%b4-%ec%a0%95%ec%b1%85-2\/","title":{"rendered":"\uac1c\uc778 \uc815\ubcf4 \uc815\ucc45"},"content":{"rendered":"<p>\uc800\ud76c\ub294 \uace0\uac1d\ub2d8\uc758 \uac1c\uc778\uc815\ubcf4 \ubcf4\ud638\ub97c \uc911\uc694\ud558\uac8c \uc0dd\uac01\ud558\uba70, \uc774\ub97c \uc815\ucc45\uc73c\ub85c \uc0bc\uace0 \uc788\uc2b5\ub2c8\ub2e4. <strong>\ub124\ub974\uc9c8\ub77c<\/strong> Nerdzilla \uc6f9\uc0ac\uc774\ud2b8\uc5d0\uc11c \uc218\uc9d1\ud558\ub294 \ubaa8\ub4e0 \uc815\ubcf4\uc640 \uad00\ub828\ud558\uc5ec \uadc0\ud558\uc758 \uac1c\uc778 \uc815\ubcf4\ub97c \uc874\uc911\ud558\uaca0\uc2b5\ub2c8\ub2e4.<\/p>\n\n\n\n<p>Nerdzilla\ub294 \ud2b9\uc815\ud55c \uc131\uaca9\uc744 \uc9c0\ub2cc \uc6f9\uc0ac\uc774\ud2b8\uc785\ub2c8\ub2e4. <strong>\uc815\ubcf4 \uc81c\uacf5 \ubc0f \ud3b8\uc9d1<\/strong>\ubcf8 \uc0ac\uc774\ud2b8\ub294 \uc571, \uae30\uc220 \ubc0f \ub514\uc9c0\ud138 \ub3c4\uad6c\uc5d0 \ub300\ud55c \ub9ac\ubdf0, \uac00\uc774\ub4dc \ubc0f \ucd94\ucc9c \uc815\ubcf4\ub97c \uc81c\uacf5\ud558\ub294 \ub370 \uc911\uc810\uc744 \ub450\uace0 \uc788\uc2b5\ub2c8\ub2e4. \ubcf8 \uc6f9\uc0ac\uc774\ud2b8\ub97c \ud1b5\ud574 \uc9c1\uc811 \uc81c\ud488\uc774\ub098 \uc11c\ube44\uc2a4\ub97c \ud310\ub9e4\ud558\uc9c0 \uc54a\uc2b5\ub2c8\ub2e4.<\/p>\n\n\n\n<hr class=\"wp-block-separator has-alpha-channel-opacity\"\/>\n\n\n\n<h3 class=\"wp-block-heading\">\uc815\ubcf4 \uc218\uc9d1<\/h3>\n\n\n\n<p>\ub2f9\uc0ac\ub294 \uc774\uba54\uc77c\uc774\ub098 \uc6f9\uc0ac\uc774\ud2b8\uc758 \uc591\uc2dd\uc744 \ud1b5\ud574 \uadc0\ud558\uc5d0\uac8c \uc5f0\ub77d\ud558\ub294 \uacbd\uc6b0\uc640 \uac19\uc774 \uc815\ub9d0 \ud544\uc694\ud55c \uacbd\uc6b0\uc5d0\ub9cc \uac1c\uc778 \uc815\ubcf4\ub97c \uc694\uccad\ud569\ub2c8\ub2e4. \uc815\ubcf4\ub294 \uc0ac\uc6a9\uc790\uc758 \uc778\uc9c0 \ubc0f \ub3d9\uc758 \ud558\uc5d0 \uacf5\uc815\ud558\uace0 \ud569\ubc95\uc801\uc73c\ub85c \uc218\uc9d1\ub429\ub2c8\ub2e4.<\/p>\n\n\n\n<p>\uc218\uc9d1\ub418\ub294 \uc815\ubcf4\uc5d0\ub294 \uc608\ub97c \ub4e4\uc5b4 \uc774\ub984\uacfc \uc774\uba54\uc77c \uc8fc\uc18c\uac00 \ud3ec\ud568\ub420 \uc218 \uc788\uc73c\uba70, \uc774\ub294 \uc624\ub85c\uc9c0 \ub2f5\ubcc0, \uc18c\ud1b5 \ub610\ub294 \ud3b8\uc9d1 \ucf58\ud150\uce20 \uac1c\uc120\uc744 \uc704\ud55c \ubaa9\uc801\uc73c\ub85c\ub9cc \uc0ac\uc6a9\ub429\ub2c8\ub2e4.<\/p>\n\n\n\n<hr class=\"wp-block-separator has-alpha-channel-opacity\"\/>\n\n\n\n<h3 class=\"wp-block-heading\">\uc815\ubcf4\uc758 \ud65c\uc6a9<\/h3>\n\n\n\n<p>\uc218\uc9d1\ub41c \uc815\ubcf4\ub294 \ub2e4\uc74c\uacfc \uac19\uc740 \ubaa9\uc801\uc73c\ub85c \uc0ac\uc6a9\ub429\ub2c8\ub2e4.<\/p>\n\n\n\n<ul class=\"wp-block-list\">\n<li>\uc0ac\uc6a9\uc790\uac00 \ubcf4\ub0b8 \uba54\uc2dc\uc9c0\uc5d0 \ub2f5\uc7a5\ud558\uae30;<\/li>\n\n\n\n<li>\ube0c\ub77c\uc6b0\uc9d5 \uacbd\ud5d8\uc744 \uac1c\uc120\ud558\uae30 \uc704\ud574;<\/li>\n\n\n\n<li>\uc0ac\uc774\ud2b8 \uc774\uc6a9 \ubc29\uc2dd\uc744 \uc9d1\uacc4\ub418\uace0 \uc775\uba85\ud654\ub41c \ubc29\uc2dd\uc73c\ub85c \uc774\ud574\ud558\uae30 \uc704\ud574\uc11c\uc785\ub2c8\ub2e4.<\/li>\n<\/ul>\n\n\n\n<p>\uc800\ud76c\ub294 \ub370\uc774\ud130\ub97c \uc9c1\uc811\uc801\uc778 \uc0c1\uc5c5\uc801 \ubaa9\uc801\uc73c\ub85c \uc0ac\uc6a9\ud558\uc9c0 \uc54a\uc2b5\ub2c8\ub2e4.<\/p>\n\n\n\n<hr class=\"wp-block-separator has-alpha-channel-opacity\"\/>\n\n\n\n<h3 class=\"wp-block-heading\">\ub370\uc774\ud130 \uc800\uc7a5 \ubc0f \ubcf4\ud638<\/h3>\n\n\n\n<p>\uc218\uc9d1\ub41c \uc815\ubcf4\ub294 \uc694\uccad \ubaa9\uc801\uc744 \ub2ec\uc131\ud558\ub294 \ub370 \ud544\uc694\ud55c \uae30\uac04 \ub3d9\uc548\ub9cc \ubcf4\uad00\ud569\ub2c8\ub2e4. \ub610\ud55c, \ubb34\ub2e8 \uc811\uadfc, \uacf5\uac1c, \ubcc0\uacbd \ub610\ub294 \ud30c\uad34\ub85c\ubd80\ud130 \ub370\uc774\ud130\ub97c \ubcf4\ud638\ud558\uae30 \uc704\ud574 \ud569\ub9ac\uc801\uc778 \ubcf4\uc548 \uc870\uce58\ub97c \ucde8\ud569\ub2c8\ub2e4.<\/p>\n\n\n\n<hr class=\"wp-block-separator has-alpha-channel-opacity\"\/>\n\n\n\n<h3 class=\"wp-block-heading\">\uc815\ubcf4 \uacf5\uc720<\/h3>\n\n\n\n<p>\ubc95\ub960\uc5d0 \uc758\ud574 \uc694\uad6c\ub418\ub294 \uacbd\uc6b0\ub97c \uc81c\uc678\ud558\uace0\ub294 \uac1c\uc778 \uc2dd\ubcc4 \uc815\ubcf4\ub97c \uacf5\uac1c\uc801\uc73c\ub85c \ub610\ub294 \uc81c3\uc790\uc640 \uacf5\uc720\ud558\uc9c0 \uc54a\uc2b5\ub2c8\ub2e4.<\/p>\n\n\n\n<hr class=\"wp-block-separator has-alpha-channel-opacity\"\/>\n\n\n\n<h3 class=\"wp-block-heading\">\uc678\ubd80 \uc6f9\uc0ac\uc774\ud2b8 \ub9c1\ud06c<\/h3>\n\n\n\n<p>Nerdzilla\uc5d0\ub294 \ub2f9\uc0ac\uac00 \uc6b4\uc601\ud558\uc9c0 \uc54a\ub294 \uc678\ubd80 \uc6f9\uc0ac\uc774\ud2b8 \ub9c1\ud06c\uac00 \ud3ec\ud568\ub420 \uc218 \uc788\uc2b5\ub2c8\ub2e4. \ub2f9\uc0ac\ub294 \uc774\ub7ec\ud55c \uc0ac\uc774\ud2b8\uc758 \ucf58\ud150\uce20 \ubc0f \uc6b4\uc601 \ubc29\uc2dd\uc5d0 \ub300\ud55c \ud1b5\uc81c\uad8c\uc774 \uc5c6\uc73c\uba70, \ud574\ub2f9 \uc0ac\uc774\ud2b8\uc758 \uac1c\uc778\uc815\ubcf4 \ubcf4\ud638\uc815\ucc45\uc5d0 \ub300\ud574 \ucc45\uc784\uc744 \uc9c0\uc9c0 \uc54a\uc2b5\ub2c8\ub2e4.<\/p>\n\n\n\n<hr class=\"wp-block-separator has-alpha-channel-opacity\"\/>\n\n\n\n<h3 class=\"wp-block-heading\">\ucfe0\ud0a4<\/h3>\n\n\n\n<p>Nerdzilla\ub294 \uc0ac\uc6a9\uc790 \uacbd\ud5d8 \uac1c\uc120\uc744 \uc704\ud574 \ucfe0\ud0a4\ub97c \uc0ac\uc6a9\ud569\ub2c8\ub2e4. \ucfe0\ud0a4\ub294 \uc0ac\uc6a9\uc790\uc758 \uae30\uae30\uc5d0 \uc800\uc7a5\ub418\ub294 \uc791\uc740 \ud30c\uc77c\ub85c, \uc0ac\uc774\ud2b8 \uc774\uc6a9 \ubc29\uc2dd\uc744 \ud30c\uc545\ud558\ub294 \ub370 \ub3c4\uc6c0\uc774 \ub429\ub2c8\ub2e4.<\/p>\n\n\n\n<p>\uc0ac\uc6a9\uc790\ub294 \ube0c\ub77c\uc6b0\uc800 \uc124\uc815\uc744 \uc870\uc815\ud558\uc5ec \ucfe0\ud0a4\ub97c \ube44\ud65c\uc131\ud654\ud560 \uc218 \uc788\uc2b5\ub2c8\ub2e4. \uadf8\ub7ec\ub098 \ucfe0\ud0a4\ub97c \ube44\ud65c\uc131\ud654\ud558\uba74 \uc6f9\uc0ac\uc774\ud2b8\uc758 \uc77c\ubd80 \uae30\ub2a5\uc774 \uc81c\ub300\ub85c \uc791\ub3d9\ud558\uc9c0 \uc54a\uc744 \uc218 \uc788\uc2b5\ub2c8\ub2e4.<\/p>\n\n\n\n<hr class=\"wp-block-separator has-alpha-channel-opacity\"\/>\n\n\n\n<h3 class=\"wp-block-heading\">\uc81c3\uc790 \ucfe0\ud0a4 \ubc0f \uad11\uace0<\/h3>\n\n\n\n<p>Nerdzilla\ub294 \ub2e4\uc74c\uacfc \uac19\uc740 \ud0c0\uc0ac \uc11c\ube44\uc2a4\ub97c \uc774\uc6a9\ud569\ub2c8\ub2e4... <strong>\uad6c\uae00\uc560\ub110\ub9ac\ud2f1\uc2a4<\/strong>\uc6f9\uc0ac\uc774\ud2b8 \ud2b8\ub798\ud53d\uacfc \uc0ac\uc6a9\uc790 \ud589\ub3d9\uc744 \uc9d1\uacc4\ub418\uace0 \uc775\uba85\ud654\ub41c \ubc29\uc2dd\uc73c\ub85c \ubd84\uc11d\ud558\uae30 \uc704\ud574\uc11c\uc785\ub2c8\ub2e4.<\/p>\n\n\n\n<p>\uc800\ud76c\ub294 \ub2e4\uc74c\uacfc \uac19\uc740 \uad11\uace0 \uc11c\ube44\uc2a4\ub3c4 \uc774\uc6a9\ud569\ub2c8\ub2e4. <strong>\uad6c\uae00 \uc560\ub4dc\uc13c\uc2a4<\/strong>\uc774 \uc6f9\uc0ac\uc774\ud2b8 \ubc0f \ub2e4\ub978 \uc6f9\uc0ac\uc774\ud2b8 \ubc29\ubb38 \uae30\ub85d\uc744 \uae30\ubc18\uc73c\ub85c \uad00\ub828 \uad11\uace0\ub97c \ud45c\uc2dc\ud558\uae30 \uc704\ud574 \ucfe0\ud0a4, \uc6f9 \ube44\ucf58 \ub610\ub294 \uc720\uc0ac\ud55c \uae30\uc220\uc744 \uc0ac\uc6a9\ud560 \uc218 \uc788\uc2b5\ub2c8\ub2e4.<\/p>\n\n\n\n<p>\uad6c\uae00\uc740 \ucfe0\ud0a4\ub97c \uc0ac\uc6a9\ud560 \uc218 \uc788\uc2b5\ub2c8\ub2e4. <strong>\ub354\ube14\ud074\ub9ad \ub2e4\ud2b8<\/strong>\uc774 \ucfe0\ud0a4\ub97c \uc0ac\uc6a9\ud558\uba74 \uc0ac\uc6a9\uc790\uc758 \uc774\uc804 \ubc29\ubb38 \uae30\ub85d\uc744 \uae30\ubc18\uc73c\ub85c \ub9de\ucda4\ud615 \uad11\uace0\ub97c \ud45c\uc2dc\ud560 \uc218 \uc788\uc2b5\ub2c8\ub2e4. \uc0ac\uc6a9\uc790\ub294 Google \uad11\uace0 \uc124\uc815\uc5d0\uc11c \uc774 \ucfe0\ud0a4 \uc0ac\uc6a9\uc744 \ube44\ud65c\uc131\ud654\ud560 \uc218 \uc788\uc2b5\ub2c8\ub2e4.<\/p>\n\n\n\n<hr class=\"wp-block-separator has-alpha-channel-opacity\"\/>\n\n\n\n<h3 class=\"wp-block-heading\">\uc0ac\uc6a9\uc790 \ucc38\uc5ec<\/h3>\n\n\n\n<p>\uc0ac\uc6a9\uc790\ub294 Nerdzilla\uac00 \uc81c\uacf5\ud558\ub294 \ucf58\ud150\uce20 \ubc0f \uc815\ubcf4\ub97c \uc801\uc808\ud558\uac8c \uc0ac\uc6a9\ud558\uae30\ub85c \ub3d9\uc758\ud558\uba70, \ub2e4\uc74c \uc0ac\ud56d\uc744 \uc900\uc218\ud560 \uac83\uc744 \uc57d\uc18d\ud569\ub2c8\ub2e4.<\/p>\n\n\n\n<ul class=\"wp-block-list\">\n<li>\ubd88\ubc95\uc801\uc778 \ud65c\ub3d9\uc774\ub098 \uc2e0\uc758\uc131\uc2e4 \ubc0f \uacf5\uacf5\uc9c8\uc11c\uc5d0 \ubc18\ud558\ub294 \ud65c\ub3d9\uc744 \uc218\ud589\ud558\ub294 \uac83;<\/li>\n\n\n\n<li>\ucc28\ubcc4\uc801\uc774\uace0, \ubaa8\uc695\uc801\uc774\uba70, \ubd88\ubc95\uc801\uc778 \ucf58\ud150\uce20 \ub610\ub294 \uc778\uad8c\uc744 \uce68\ud574\ud558\ub294 \ucf58\ud150\uce20\ub97c \uc720\ud3ec\ud558\ub294 \ud589\uc704;<\/li>\n\n\n\n<li>\uc545\uc131 \ucf54\ub4dc\ub97c \uc0bd\uc785\ud558\uc5ec Nerdzilla\uc758 \uc2dc\uc2a4\ud15c \ub610\ub294 \uc81c3\uc790 \uc2dc\uc2a4\ud15c\uc5d0 \uc190\uc0c1\uc744 \uc785\ud788\ub294 \ud589\uc704.<\/li>\n<\/ul>\n\n\n\n<hr class=\"wp-block-separator has-alpha-channel-opacity\"\/>\n\n\n\n<h3 class=\"wp-block-heading\">\ub3d9\uc758<\/h3>\n\n\n\n<p>Nerdzilla \uc6f9\uc0ac\uc774\ud2b8\ub97c \uacc4\uc18d \uc0ac\uc6a9\ud558\uc2dc\uba74 \ubcf8 \uac1c\uc778\uc815\ubcf4 \ubcf4\ud638\uc815\ucc45\uc5d0 \ub3d9\uc758\ud558\ub294 \uac83\uc73c\ub85c \uac04\uc8fc\ub429\ub2c8\ub2e4.<\/p>\n\n\n\n<hr class=\"wp-block-separator has-alpha-channel-opacity\"\/>\n\n\n\n<h3 class=\"wp-block-heading\">\uc5f0\ub77d\ud558\ub2e4<\/h3>\n\n\n\n<p>\ubcf8 \uac1c\uc778\uc815\ubcf4 \ubcf4\ud638\uc815\ucc45 \ub610\ub294 \uc0ac\uc6a9\uc790 \ub370\uc774\ud130 \ucc98\ub9ac \ubc29\uc2dd\uc5d0 \ub300\ud574 \uad81\uae08\ud55c \uc810\uc774 \uc788\uc73c\uba74 \uc774\uba54\uc77c\ub85c \ubb38\uc758\ud574 \uc8fc\uc138\uc694.<\/p>\n\n\n\n<p><strong><a>contato@nerdzilla.com.br<\/a><\/strong><\/p>","protected":false},"excerpt":{"rendered":"<p>A sua privacidade \u00e9 importante para n\u00f3s. \u00c9 pol\u00edtica do Nerdzilla respeitar a sua privacidade em rela\u00e7\u00e3o a qualquer informa\u00e7\u00e3o que possamos coletar no site Nerdzilla. O Nerdzilla \u00e9 um site de car\u00e1ter informativo e editorial, dedicado \u00e0 publica\u00e7\u00e3o de an\u00e1lises, guias e recomenda\u00e7\u00f5es sobre aplicativos, tecnologia e ferramentas digitais. N\u00e3o comercializamos produtos ou servi\u00e7os [&hellip;]<\/p>","protected":false},"author":3,"featured_media":0,"parent":0,"menu_order":0,"comment_status":"closed","ping_status":"closed","template":"","meta":{"footnotes":""},"class_list":["post-882","page","type-page","status-publish"],"_links":{"self":[{"href":"https:\/\/nerdzilla.com.br\/ko\/wp-json\/wp\/v2\/pages\/882","targetHints":{"allow":["GET"]}}],"collection":[{"href":"https:\/\/nerdzilla.com.br\/ko\/wp-json\/wp\/v2\/pages"}],"about":[{"href":"https:\/\/nerdzilla.com.br\/ko\/wp-json\/wp\/v2\/types\/page"}],"author":[{"embeddable":true,"href":"https:\/\/nerdzilla.com.br\/ko\/wp-json\/wp\/v2\/users\/3"}],"replies":[{"embeddable":true,"href":"https:\/\/nerdzilla.com.br\/ko\/wp-json\/wp\/v2\/comments?post=882"}],"version-history":[{"count":5,"href":"https:\/\/nerdzilla.com.br\/ko\/wp-json\/wp\/v2\/pages\/882\/revisions"}],"predecessor-version":[{"id":5555,"href":"https:\/\/nerdzilla.com.br\/ko\/wp-json\/wp\/v2\/pages\/882\/revisions\/5555"}],"wp:attachment":[{"href":"https:\/\/nerdzilla.com.br\/ko\/wp-json\/wp\/v2\/media?parent=882"}],"curies":[{"name":"wp","href":"https:\/\/api.w.org\/{rel}","templated":true}]}}