{"id":880,"date":"2023-03-15T13:25:53","date_gmt":"2023-03-15T13:25:53","guid":{"rendered":"https:\/\/nerdzilla.com.br\/?page_id=880"},"modified":"2026-01-28T06:41:08","modified_gmt":"2026-01-28T06:41:08","slug":"%ec%9a%b0%eb%a6%ac%ec%97%90-%eb%8c%80%ed%95%b4","status":"publish","type":"page","link":"https:\/\/nerdzilla.com.br\/ko\/%ec%9a%b0%eb%a6%ac%ec%97%90-%eb%8c%80%ed%95%b4\/","title":{"rendered":"\uc6b0\ub9ac\ub294 \ub204\uad6c\uc778\uac00"},"content":{"rendered":"<p>Nerdzilla\ub294 \ub514\uc9c0\ud138 \uc560\ud50c\ub9ac\ucf00\uc774\uc158\uacfc \ub3c4\uad6c\uc5d0 \ub300\ud55c \uac00\uc774\ub4dc, \ub9ac\ubdf0, \ucd94\ucc9c \uc815\ubcf4\ub97c \uc81c\uacf5\ud558\ub294 \uc6f9\uc0ac\uc774\ud2b8\uc785\ub2c8\ub2e4. \uc800\ud76c\uc758 \ubaa9\ud45c\ub294 \uc0ac\uc6a9\uc790\ub4e4\uc774 \uc77c\uc0c1\uc801\uc778 \uae30\uc220 \uc0ac\uc6a9\uc5d0 \ub300\ud574 \ub354 \ub098\uc740 \uc815\ubcf4\uc5d0 \uae30\ubc18\ud55c \uacb0\uc815\uc744 \ub0b4\ub9b4 \uc218 \uc788\ub3c4\ub85d \ub3d5\ub294 \uac83\uc785\ub2c8\ub2e4.<\/p>\n\n\n\n<p>Nerdzilla\uc5d0 \uac8c\uc2dc\ub418\ub294 \ucf58\ud150\uce20\ub294 \ud3b8\uc9d1, \uad50\uc721 \ubc0f \uc815\ubcf4 \uc81c\uacf5\uc5d0 \uc911\uc810\uc744 \ub450\uace0 \uac1c\ubc1c\ub418\uba70, \ud56d\uc0c1 \uba85\ud655\uc131, \uc720\uc6a9\uc131 \ubc0f \uc9c0\uc18d\uc801\uc778 \uc5c5\ub370\uc774\ud2b8\ub97c \uc704\ud574 \ub178\ub825\ud569\ub2c8\ub2e4.<\/p>\n\n\n\n<p>\ud574\ub2f9 \uc0ac\uc774\ud2b8\ub294 \ub3c5\ub9bd\uc801\uc778 \ud3b8\uc9d1\ud300\uc774 \uad00\ub9ac\ud558\uba70, \uac8c\uc2dc\ub418\ub294 \ucf58\ud150\uce20\uc5d0 \ub300\ud55c \uc870\uc0ac, \uc81c\uc791 \ubc0f \uac80\ud1a0\ub97c \ub2f4\ub2f9\ud569\ub2c8\ub2e4.<\/p>","protected":false},"excerpt":{"rendered":"<p>O Nerdzilla \u00e9 um site de conte\u00fado informativo dedicado \u00e0 produ\u00e7\u00e3o de guias, an\u00e1lises e recomenda\u00e7\u00f5es de aplicativos e ferramentas digitais. Nosso objetivo \u00e9 ajudar usu\u00e1rios a tomar decis\u00f5es mais conscientes sobre o uso da tecnologia no dia a dia. O conte\u00fado publicado no Nerdzilla \u00e9 desenvolvido com foco editorial, educacional e informativo, buscando sempre [&hellip;]<\/p>","protected":false},"author":3,"featured_media":0,"parent":0,"menu_order":0,"comment_status":"closed","ping_status":"closed","template":"","meta":{"footnotes":""},"class_list":["post-880","page","type-page","status-publish"],"_links":{"self":[{"href":"https:\/\/nerdzilla.com.br\/ko\/wp-json\/wp\/v2\/pages\/880","targetHints":{"allow":["GET"]}}],"collection":[{"href":"https:\/\/nerdzilla.com.br\/ko\/wp-json\/wp\/v2\/pages"}],"about":[{"href":"https:\/\/nerdzilla.com.br\/ko\/wp-json\/wp\/v2\/types\/page"}],"author":[{"embeddable":true,"href":"https:\/\/nerdzilla.com.br\/ko\/wp-json\/wp\/v2\/users\/3"}],"replies":[{"embeddable":true,"href":"https:\/\/nerdzilla.com.br\/ko\/wp-json\/wp\/v2\/comments?post=880"}],"version-history":[{"count":2,"href":"https:\/\/nerdzilla.com.br\/ko\/wp-json\/wp\/v2\/pages\/880\/revisions"}],"predecessor-version":[{"id":5561,"href":"https:\/\/nerdzilla.com.br\/ko\/wp-json\/wp\/v2\/pages\/880\/revisions\/5561"}],"wp:attachment":[{"href":"https:\/\/nerdzilla.com.br\/ko\/wp-json\/wp\/v2\/media?parent=880"}],"curies":[{"name":"wp","href":"https:\/\/api.w.org\/{rel}","templated":true}]}}