{"id":4388,"date":"2024-07-11T06:19:07","date_gmt":"2024-07-11T06:19:07","guid":{"rendered":"https:\/\/nerdzilla.com.br\/?page_id=4388"},"modified":"2026-01-28T06:36:27","modified_gmt":"2026-01-28T06:36:27","slug":"%ec%9d%b4%ec%9a%a9-%ec%95%bd%ea%b4%80-2","status":"publish","type":"page","link":"https:\/\/nerdzilla.com.br\/ko\/%ec%9d%b4%ec%9a%a9-%ec%95%bd%ea%b4%80-2\/","title":{"rendered":"\uc774\uc6a9\uc57d\uad00"},"content":{"rendered":"<p>\uc6f9\uc0ac\uc774\ud2b8\uc5d0 \uc811\uc18d\ud558\uace0 \uc774\uc6a9\ud568\uc73c\ub85c\uc368 <strong>\ub124\ub974\uc9c8\ub77c<\/strong>\uc774 \uc6f9\uc0ac\uc774\ud2b8\ub97c \uc774\uc6a9\ud568\uc73c\ub85c\uc368 \uadc0\ud558\ub294 \ubcf8 \uc774\uc6a9\uc57d\uad00\uc5d0 \ub3d9\uc758\ud558\ub294 \uac83\uc73c\ub85c \uac04\uc8fc\ub429\ub2c8\ub2e4. \ubcf8 \uc57d\uad00\uc758 \uc5b4\ub5a4 \ubd80\ubd84\uc5d0\ub77c\ub3c4 \ub3d9\uc758\ud558\uc9c0 \uc54a\uc73c\uc2dc\ub294 \uacbd\uc6b0, \uc0ac\uc774\ud2b8 \uc774\uc6a9\uc744 \uc790\uc81c\ud574 \uc8fc\uc2dc\uae30 \ubc14\ub78d\ub2c8\ub2e4.<\/p>\n\n\n\n<p>Nerdzilla\ub294 \ud2b9\uc815\ud55c \uc131\uaca9\uc744 \uc9c0\ub2cc \uc6f9\uc0ac\uc774\ud2b8\uc785\ub2c8\ub2e4. <strong>\uc815\ubcf4 \uc81c\uacf5 \ubc0f \ud3b8\uc9d1<\/strong>\uc751\uc6a9 \ud504\ub85c\uadf8\ub7a8, \uae30\uc220 \ubc0f \ub514\uc9c0\ud138 \ub3c4\uad6c\uc5d0 \ub300\ud55c \ubd84\uc11d, \uac00\uc774\ub4dc \ubc0f \uad8c\uc7a5 \uc0ac\ud56d\uc744 \uac8c\uc2dc\ud558\ub294 \ub370 \uc911\uc810\uc744 \ub461\ub2c8\ub2e4.<\/p>\n\n\n\n<hr class=\"wp-block-separator has-alpha-channel-opacity\"\/>\n\n\n\n<h3 class=\"wp-block-heading\">\ucf58\ud150\uce20 \uc0ac\uc6a9<\/h3>\n\n\n\n<p>Nerdzilla\uc5d0 \uac8c\uc2dc\ub41c \ubaa8\ub4e0 \ucf58\ud150\uce20\ub294 \uc815\ubcf4 \uc81c\uacf5\ub9cc\uc744 \ubaa9\uc801\uc73c\ub85c \ud569\ub2c8\ub2e4. <strong>\uc720\uc775\ud558\uace0 \uad50\uc721\uc801\uc778<\/strong>\ubcf8 \uc815\ubcf4\ub294 \uc0ac\uc804 \uace0\uc9c0 \uc5c6\uc774 \uc5b8\uc81c\ub4e0\uc9c0 \ubcc0\uacbd, \uc5c5\ub370\uc774\ud2b8 \ub610\ub294 \uc0ad\uc81c\ub420 \uc218 \uc788\uc2b5\ub2c8\ub2e4.<\/p>\n\n\n\n<p>\ubcf8 \uc6f9\uc0ac\uc774\ud2b8\uc5d0 \uc81c\uacf5\ub41c \uc815\ubcf4\uc758 \uc0ac\uc6a9\uc5d0 \ub300\ud55c \ucc45\uc784\uc740 \uc804\uc801\uc73c\ub85c \uc0ac\uc6a9\uc790\uc5d0\uac8c \uc788\uc2b5\ub2c8\ub2e4. Nerdzilla\ub294 \uac8c\uc2dc\ub41c \ucf58\ud150\uce20 \uc0ac\uc6a9\uc73c\ub85c \uc778\ud55c \ud2b9\uc815 \uacb0\uacfc\ub97c \ubcf4\uc7a5\ud558\uc9c0 \uc54a\uc2b5\ub2c8\ub2e4.<\/p>\n\n\n\n<hr class=\"wp-block-separator has-alpha-channel-opacity\"\/>\n\n\n\n<h3 class=\"wp-block-heading\">\uc9c0\uc801 \uc7ac\uc0b0\uad8c<\/h3>\n\n\n\n<p>Nerdzilla\uc758 \ubaa8\ub4e0 \ucf58\ud150\uce20(\ud14d\uc2a4\ud2b8, \uc774\ubbf8\uc9c0, \ub85c\uace0 \ubc0f \uadf8\ub798\ud53d \uc694\uc18c \ud3ec\ud568)\ub294 \ubcc4\ub3c4\uc758 \ud45c\uc2dc\uac00 \uc5c6\ub294 \ud55c \uc800\uc791\uad8c\uc73c\ub85c \ubcf4\ud638\ub429\ub2c8\ub2e4.<\/p>\n\n\n\n<p>\ubc95\ub960\uc5d0\uc11c \ud5c8\uc6a9\ud558\ub294 \uacbd\uc6b0(\ucd9c\ucc98\ub97c \uba85\ud655\ud788 \ubc1d\ud788\ub294 \uc778\uc6a9 \ub4f1)\ub97c \uc81c\uc678\ud558\uace0, \uc0ac\uc804 \ud5c8\uac00 \uc5c6\uc774 \ucf58\ud150\uce20\ub97c \ubcf5\uc81c, \ubc30\ud3ec \ub610\ub294 \uc218\uc815\ud558\ub294 \uac83\uc740 \uae08\uc9c0\ub429\ub2c8\ub2e4.<\/p>\n\n\n\n<hr class=\"wp-block-separator has-alpha-channel-opacity\"\/>\n\n\n\n<h3 class=\"wp-block-heading\">\ucc45\uc784 \uc81c\ud55c<\/h3>\n\n\n\n<p>Nerdzilla\ub294 \uc6f9\uc0ac\uc774\ud2b8\uc5d0 \uc81c\uacf5\ub41c \uc815\ubcf4\uc758 \uc0ac\uc6a9 \ub610\ub294 \uc0ac\uc6a9 \ubd88\uac00\ub85c \uc778\ud574 \ubc1c\uc0dd\ud558\ub294 \uc9c1\uac04\uc811\uc801\uc778 \uc190\ud574\uc5d0 \ub300\ud574 \ucc45\uc784\uc744 \uc9c0\uc9c0 \uc54a\uc2b5\ub2c8\ub2e4.<\/p>\n\n\n\n<p>\uc800\ud76c\ub294 \uc815\ubcf4\uc758 \uc815\ud655\uc131\uacfc \ucd5c\uc2e0\uc131\uc744 \uc720\uc9c0\ud558\uae30 \uc704\ud574 \ub178\ub825\ud558\uace0 \uc788\uc9c0\ub9cc, \ucf58\ud150\uce20\uc5d0 \uc624\ub958, \uc911\ub2e8 \ub610\ub294 \uc624\ub798\ub41c \uc815\ubcf4\uac00 \ud56d\uc0c1 \uc5c6\uc744 \uac83\uc774\ub77c\uace0 \ubcf4\uc7a5\ud558\uc9c0\ub294 \uc54a\uc2b5\ub2c8\ub2e4.<\/p>\n\n\n\n<hr class=\"wp-block-separator has-alpha-channel-opacity\"\/>\n\n\n\n<h3 class=\"wp-block-heading\">\uc678\ubd80 \uc6f9\uc0ac\uc774\ud2b8 \ub9c1\ud06c<\/h3>\n\n\n\n<p>\ubcf8 \uc0ac\uc774\ud2b8\uc5d0\ub294 \uc81c3\uc790 \uc6f9\uc0ac\uc774\ud2b8 \ub9c1\ud06c\uac00 \ud3ec\ud568\ub420 \uc218 \uc788\uc2b5\ub2c8\ub2e4. \uc774\ub7ec\ud55c \ub9c1\ud06c\ub294 \uc804\uc801\uc73c\ub85c \uc0ac\uc6a9\uc790\uc758 \ud3b8\uc758\ub97c \uc704\ud574 \uc81c\uacf5\ub418\ub294 \uac83\uc774\uba70, Nerdzilla\ub294 \ud574\ub2f9 \uc0ac\uc774\ud2b8\uc758 \ucf58\ud150\uce20\ub098 \uc815\ucc45\uc744 \ud1b5\uc81c\ud558\uc9c0 \uc54a\uc73c\uba70 \uadf8 \uc6b4\uc601 \ubc29\uc2dd\uc5d0 \ub300\ud574 \ucc45\uc784\uc744 \uc9c0\uc9c0 \uc54a\uc2b5\ub2c8\ub2e4.<\/p>\n\n\n\n<hr class=\"wp-block-separator has-alpha-channel-opacity\"\/>\n\n\n\n<h3 class=\"wp-block-heading\">\uc0ac\uc6a9\uc790 \ud589\ub3d9<\/h3>\n\n\n\n<p>Nerdzilla\ub97c \uc0ac\uc6a9\ud568\uc73c\ub85c\uc368 \uc0ac\uc6a9\uc790\ub294 \ub2e4\uc74c \uc0ac\ud56d\uc5d0 \ub3d9\uc758\ud569\ub2c8\ub2e4.<\/p>\n\n\n\n<ul class=\"wp-block-list\">\n<li>\ubd88\ubc95\uc801\uc778 \ubaa9\uc801\uc774\ub098 \ud604\ud589 \ubc95\ub960\uc744 \uc704\ubc18\ud558\ub294 \ubaa9\uc801\uc73c\ub85c \ubcf8 \uc0ac\uc774\ud2b8\ub97c \uc774\uc6a9\ud558\uc9c0 \ub9c8\uc2ed\uc2dc\uc624.<\/li>\n\n\n\n<li>\uacf5\uaca9\uc801\uc774\uac70\ub098 \ucc28\ubcc4\uc801\uc774\uac70\ub098 \ubd88\ubc95\uc801\uc778 \ucf58\ud150\uce20\ub97c \uac8c\uc2dc\ud558\uac70\ub098 \uc720\ud3ec\ud558\uc9c0 \ub9c8\uc2ed\uc2dc\uc624.<\/li>\n\n\n\n<li>\uc0ac\uc774\ud2b8\uc758 \ubcf4\uc548, \ubb34\uacb0\uc131 \ub610\ub294 \uae30\ub2a5\uc744 \uc190\uc0c1\uc2dc\ud0a4\ub824\ub294 \uc2dc\ub3c4\ub97c \ud558\uc9c0 \ub9c8\uc2ed\uc2dc\uc624.<\/li>\n<\/ul>\n\n\n\n<hr class=\"wp-block-separator has-alpha-channel-opacity\"\/>\n\n\n\n<h3 class=\"wp-block-heading\">\uc57d\uad00 \ubcc0\uacbd<\/h3>\n\n\n\n<p>Nerdzilla\ub294 \ubcf8 \uc774\uc6a9\uc57d\uad00\uc744 \uc8fc\uae30\uc801\uc73c\ub85c \uc5c5\ub370\uc774\ud2b8\ud560 \uc218 \uc788\uc2b5\ub2c8\ub2e4. \uc0ac\uc6a9\uc790\ub294 \ubcc0\uacbd \uc0ac\ud56d\uc744 \ud655\uc778\ud558\uae30 \uc704\ud574 \uc774 \ud398\uc774\uc9c0\ub97c \uc815\uae30\uc801\uc73c\ub85c \uac80\ud1a0\ud558\ub294 \uac83\uc774 \uc88b\uc2b5\ub2c8\ub2e4.<\/p>\n\n\n\n<hr class=\"wp-block-separator has-alpha-channel-opacity\"\/>\n\n\n\n<h3 class=\"wp-block-heading\">\uc5f0\ub77d\ud558\ub2e4<\/h3>\n\n\n\n<p>\uc774\uc6a9\uc57d\uad00\uc5d0 \ub300\ud574 \uad81\uae08\ud55c \uc810\uc774 \uc788\uc73c\uba74 \uc774\uba54\uc77c\ub85c \ubb38\uc758\ud574 \uc8fc\uc138\uc694.<\/p>\n\n\n\n<p><strong><a>contato@nerdzilla.com.br<\/a><\/strong><\/p>","protected":false},"excerpt":{"rendered":"<p>Ao acessar e utilizar o site Nerdzilla, voc\u00ea concorda com os presentes Termos de Uso. Caso n\u00e3o concorde com qualquer parte destes termos, recomendamos que n\u00e3o utilize o site. O Nerdzilla \u00e9 um site de car\u00e1ter informativo e editorial, voltado \u00e0 publica\u00e7\u00e3o de an\u00e1lises, guias e recomenda\u00e7\u00f5es sobre aplicativos, tecnologia e ferramentas digitais. Uso do [&hellip;]<\/p>","protected":false},"author":3,"featured_media":0,"parent":0,"menu_order":0,"comment_status":"closed","ping_status":"closed","template":"","meta":{"footnotes":""},"class_list":["post-4388","page","type-page","status-publish"],"_links":{"self":[{"href":"https:\/\/nerdzilla.com.br\/ko\/wp-json\/wp\/v2\/pages\/4388","targetHints":{"allow":["GET"]}}],"collection":[{"href":"https:\/\/nerdzilla.com.br\/ko\/wp-json\/wp\/v2\/pages"}],"about":[{"href":"https:\/\/nerdzilla.com.br\/ko\/wp-json\/wp\/v2\/types\/page"}],"author":[{"embeddable":true,"href":"https:\/\/nerdzilla.com.br\/ko\/wp-json\/wp\/v2\/users\/3"}],"replies":[{"embeddable":true,"href":"https:\/\/nerdzilla.com.br\/ko\/wp-json\/wp\/v2\/comments?post=4388"}],"version-history":[{"count":3,"href":"https:\/\/nerdzilla.com.br\/ko\/wp-json\/wp\/v2\/pages\/4388\/revisions"}],"predecessor-version":[{"id":5557,"href":"https:\/\/nerdzilla.com.br\/ko\/wp-json\/wp\/v2\/pages\/4388\/revisions\/5557"}],"wp:attachment":[{"href":"https:\/\/nerdzilla.com.br\/ko\/wp-json\/wp\/v2\/media?parent=4388"}],"curies":[{"name":"wp","href":"https:\/\/api.w.org\/{rel}","templated":true}]}}