{"id":882,"date":"2023-03-15T13:30:03","date_gmt":"2023-03-15T13:30:03","guid":{"rendered":"https:\/\/nerdzilla.com.br\/?page_id=882"},"modified":"2026-01-28T06:35:22","modified_gmt":"2026-01-28T06:35:22","slug":"%e3%83%97%e3%83%a9%e3%82%a4%e3%83%90%e3%82%b7%e3%83%bc%e3%83%9d%e3%83%aa%e3%82%b7%e3%83%bc-2","status":"publish","type":"page","link":"https:\/\/nerdzilla.com.br\/ja\/%e3%83%97%e3%83%a9%e3%82%a4%e3%83%90%e3%82%b7%e3%83%bc%e3%83%9d%e3%83%aa%e3%82%b7%e3%83%bc-2\/","title":{"rendered":"\u30d7\u30e9\u30a4\u30d0\u30b7\u30fc\u30dd\u30ea\u30b7\u30fc"},"content":{"rendered":"<p>\u304a\u5ba2\u69d8\u306e\u30d7\u30e9\u30a4\u30d0\u30b7\u30fc\u306f\u5f53\u793e\u306b\u3068\u3063\u3066\u91cd\u8981\u3067\u3059\u3002\u305d\u308c\u304c\u5f53\u793e\u306e\u30dd\u30ea\u30b7\u30fc\u3067\u3059\u3002 <strong>\u30cd\u30eb\u30b8\u30e9<\/strong> \u5f53\u793e\u306f\u3001Nerdzilla \u30a6\u30a7\u30d6\u30b5\u30a4\u30c8\u3067\u53ce\u96c6\u3059\u308b\u3042\u3089\u3086\u308b\u60c5\u5831\u306b\u95a2\u3057\u3066\u3001\u304a\u5ba2\u69d8\u306e\u30d7\u30e9\u30a4\u30d0\u30b7\u30fc\u3092\u5c0a\u91cd\u3057\u307e\u3059\u3002<\/p>\n\n\n\n<p>Nerdzilla \u306f\u3042\u308b\u6027\u8cea\u306e\u30a6\u30a7\u30d6\u30b5\u30a4\u30c8\u3067\u3059\u3002 <strong>\u60c5\u5831\u63d0\u4f9b\u3068\u7de8\u96c6<\/strong>\u3053\u306e\u30b5\u30a4\u30c8\u306f\u3001\u30a2\u30d7\u30ea\u3001\u30c6\u30af\u30ce\u30ed\u30b8\u30fc\u3001\u30c7\u30b8\u30bf\u30eb\u30c4\u30fc\u30eb\u306b\u95a2\u3059\u308b\u30ec\u30d3\u30e5\u30fc\u3001\u30ac\u30a4\u30c9\u3001\u63a8\u5968\u4e8b\u9805\u3092\u516c\u958b\u3059\u308b\u3053\u3068\u3092\u76ee\u7684\u3068\u3057\u3066\u304a\u308a\u3001\u672c\u30a6\u30a7\u30d6\u30b5\u30a4\u30c8\u3092\u901a\u3058\u3066\u88fd\u54c1\u3084\u30b5\u30fc\u30d3\u30b9\u3092\u76f4\u63a5\u8ca9\u58f2\u3059\u308b\u3053\u3068\u306f\u3042\u308a\u307e\u305b\u3093\u3002<\/p>\n\n\n\n<hr class=\"wp-block-separator has-alpha-channel-opacity\"\/>\n\n\n\n<h3 class=\"wp-block-heading\">\u60c5\u5831\u53ce\u96c6<\/h3>\n\n\n\n<p>\u5f53\u793e\u306f\u3001\u30e1\u30fc\u30eb\u3084\u30a6\u30a7\u30d6\u30b5\u30a4\u30c8\u4e0a\u306e\u30d5\u30a9\u30fc\u30e0\u3092\u901a\u3058\u3066\u304a\u5ba2\u69d8\u306b\u3054\u9023\u7d61\u3059\u308b\u5834\u5408\u306a\u3069\u3001\u771f\u306b\u5fc5\u8981\u306a\u5834\u5408\u306b\u306e\u307f\u500b\u4eba\u60c5\u5831\u3092\u8981\u6c42\u3057\u307e\u3059\u3002\u60c5\u5831\u306f\u3001\u304a\u5ba2\u69d8\u306e\u4e86\u627f\u3068\u540c\u610f\u306b\u57fa\u3065\u304d\u3001\u516c\u6b63\u304b\u3064\u5408\u6cd5\u7684\u306b\u53ce\u96c6\u3055\u308c\u307e\u3059\u3002<\/p>\n\n\n\n<p>\u53ce\u96c6\u3055\u308c\u308b\u60c5\u5831\u306b\u306f\u3001\u8fd4\u4fe1\u3001\u9023\u7d61\u3001\u307e\u305f\u306f\u7de8\u96c6\u30b3\u30f3\u30c6\u30f3\u30c4\u306e\u6539\u5584\u306e\u307f\u3092\u76ee\u7684\u3068\u3057\u3066\u3001\u540d\u524d\u3084\u96fb\u5b50\u30e1\u30fc\u30eb \u30a2\u30c9\u30ec\u30b9\u306a\u3069\u304c\u542b\u307e\u308c\u308b\u5834\u5408\u304c\u3042\u308a\u307e\u3059\u3002<\/p>\n\n\n\n<hr class=\"wp-block-separator has-alpha-channel-opacity\"\/>\n\n\n\n<h3 class=\"wp-block-heading\">\u60c5\u5831\u306e\u5229\u7528<\/h3>\n\n\n\n<p>\u53ce\u96c6\u3055\u308c\u305f\u60c5\u5831\u306f\u4ee5\u4e0b\u306e\u76ee\u7684\u3067\u4f7f\u7528\u3055\u308c\u307e\u3059\u3002<\/p>\n\n\n\n<ul class=\"wp-block-list\">\n<li>\u30e6\u30fc\u30b6\u30fc\u304b\u3089\u9001\u4fe1\u3055\u308c\u305f\u30e1\u30c3\u30bb\u30fc\u30b8\u306b\u8fd4\u4fe1\u3059\u308b;<\/li>\n\n\n\n<li>\u30d6\u30e9\u30a6\u30b8\u30f3\u30b0\u30a8\u30af\u30b9\u30da\u30ea\u30a8\u30f3\u30b9\u3092\u5411\u4e0a\u3057\u307e\u3059\u3002<\/li>\n\n\n\n<li>\u30b5\u30a4\u30c8\u304c\u3069\u306e\u3088\u3046\u306b\u4f7f\u7528\u3055\u308c\u3066\u3044\u308b\u304b\u3092\u96c6\u8a08\u3057\u3066\u533f\u540d\u3067\u628a\u63e1\u3059\u308b\u305f\u3081\u3002<\/li>\n<\/ul>\n\n\n\n<p>\u5f53\u793e\u306f\u30c7\u30fc\u30bf\u3092\u76f4\u63a5\u5546\u696d\u76ee\u7684\u3067\u4f7f\u7528\u3059\u308b\u3053\u3068\u306f\u3042\u308a\u307e\u305b\u3093\u3002<\/p>\n\n\n\n<hr class=\"wp-block-separator has-alpha-channel-opacity\"\/>\n\n\n\n<h3 class=\"wp-block-heading\">\u30c7\u30fc\u30bf\u306e\u4fdd\u5b58\u3068\u4fdd\u8b77<\/h3>\n\n\n\n<p>\u53ce\u96c6\u3057\u305f\u60c5\u5831\u306f\u3001\u3054\u4f9d\u983c\u3044\u305f\u3060\u3044\u305f\u76ee\u7684\u3092\u9054\u6210\u3059\u308b\u305f\u3081\u306b\u5fc5\u8981\u306a\u671f\u9593\u306e\u307f\u4fdd\u6301\u3044\u305f\u3057\u307e\u3059\u3002\u5f53\u793e\u306f\u3001\u4e0d\u6b63\u30a2\u30af\u30bb\u30b9\u3001\u958b\u793a\u3001\u6539\u3056\u3093\u3001\u7834\u58ca\u304b\u3089\u30c7\u30fc\u30bf\u3092\u4fdd\u8b77\u3059\u308b\u305f\u3081\u306b\u3001\u5408\u7406\u7684\u306a\u30bb\u30ad\u30e5\u30ea\u30c6\u30a3\u5bfe\u7b56\u3092\u8b1b\u3058\u3066\u3044\u307e\u3059\u3002<\/p>\n\n\n\n<hr class=\"wp-block-separator has-alpha-channel-opacity\"\/>\n\n\n\n<h3 class=\"wp-block-heading\">\u60c5\u5831\u5171\u6709<\/h3>\n\n\n\n<p>\u5f53\u793e\u306f\u3001\u6cd5\u5f8b\u3067\u7fa9\u52d9\u4ed8\u3051\u3089\u308c\u3066\u3044\u308b\u5834\u5408\u3092\u9664\u304d\u3001\u500b\u4eba\u60c5\u5831\u3092\u516c\u8868\u3057\u305f\u308a\u7b2c\u4e09\u8005\u3068\u5171\u6709\u3057\u305f\u308a\u3059\u308b\u3053\u3068\u306f\u3042\u308a\u307e\u305b\u3093\u3002<\/p>\n\n\n\n<hr class=\"wp-block-separator has-alpha-channel-opacity\"\/>\n\n\n\n<h3 class=\"wp-block-heading\">\u5916\u90e8\u30a6\u30a7\u30d6\u30b5\u30a4\u30c8\u3078\u306e\u30ea\u30f3\u30af<\/h3>\n\n\n\n<p>Nerdzilla\u306b\u306f\u3001\u5f53\u793e\u304c\u904b\u55b6\u3057\u3066\u3044\u306a\u3044\u5916\u90e8\u30a6\u30a7\u30d6\u30b5\u30a4\u30c8\u3078\u306e\u30ea\u30f3\u30af\u304c\u542b\u307e\u308c\u3066\u3044\u308b\u5834\u5408\u304c\u3042\u308a\u307e\u3059\u3002\u5f53\u793e\u306f\u3053\u308c\u3089\u306e\u30a6\u30a7\u30d6\u30b5\u30a4\u30c8\u306e\u30b3\u30f3\u30c6\u30f3\u30c4\u3084\u904b\u55b6\u65b9\u6cd5\u3092\u7ba1\u7406\u3057\u3066\u304a\u3089\u305a\u3001\u305d\u308c\u305e\u308c\u306e\u30d7\u30e9\u30a4\u30d0\u30b7\u30fc\u30dd\u30ea\u30b7\u30fc\u306b\u3064\u3044\u3066\u3082\u8cac\u4efb\u3092\u8ca0\u3044\u307e\u305b\u3093\u3002<\/p>\n\n\n\n<hr class=\"wp-block-separator has-alpha-channel-opacity\"\/>\n\n\n\n<h3 class=\"wp-block-heading\">\u30af\u30c3\u30ad\u30fc<\/h3>\n\n\n\n<p>Nerdzilla\u306f\u30e6\u30fc\u30b6\u30fc\u30a8\u30af\u30b9\u30da\u30ea\u30a8\u30f3\u30b9\u306e\u5411\u4e0a\u306e\u305f\u3081\u306bCookie\u3092\u4f7f\u7528\u3057\u3066\u3044\u307e\u3059\u3002Cookie\u306f\u30e6\u30fc\u30b6\u30fc\u306e\u30c7\u30d0\u30a4\u30b9\u306b\u4fdd\u5b58\u3055\u308c\u308b\u5c0f\u3055\u306a\u30d5\u30a1\u30a4\u30eb\u3067\u3001\u30b5\u30a4\u30c8\u306e\u5229\u7528\u72b6\u6cc1\u3092\u628a\u63e1\u3059\u308b\u306e\u306b\u5f79\u7acb\u3061\u307e\u3059\u3002<\/p>\n\n\n\n<p>\u30e6\u30fc\u30b6\u30fc\u306f\u30d6\u30e9\u30a6\u30b6\u306e\u8a2d\u5b9a\u3092\u5909\u66f4\u3059\u308b\u3053\u3068\u3067Cookie\u3092\u7121\u52b9\u306b\u3059\u308b\u3053\u3068\u304c\u3067\u304d\u307e\u3059\u3002\u305f\u3060\u3057\u3001Cookie\u3092\u7121\u52b9\u306b\u3059\u308b\u3068\u3001\u30a6\u30a7\u30d6\u30b5\u30a4\u30c8\u306e\u4e00\u90e8\u306e\u6a5f\u80fd\u304c\u5236\u9650\u3055\u308c\u308b\u5834\u5408\u304c\u3042\u308a\u307e\u3059\u3002<\/p>\n\n\n\n<hr class=\"wp-block-separator has-alpha-channel-opacity\"\/>\n\n\n\n<h3 class=\"wp-block-heading\">\u30b5\u30fc\u30c9\u30d1\u30fc\u30c6\u30a3\u306eCookie\u3068\u5e83\u544a<\/h3>\n\n\n\n<p>Nerdzilla \u306f\u6b21\u306e\u3088\u3046\u306a\u30b5\u30fc\u30c9\u30d1\u30fc\u30c6\u30a3 \u30b5\u30fc\u30d3\u30b9\u3092\u4f7f\u7528\u3057\u307e\u3059... <strong>\u30b0\u30fc\u30b0\u30eb\u30a2\u30ca\u30ea\u30c6\u30a3\u30af\u30b9<\/strong>\u30a6\u30a7\u30d6\u30b5\u30a4\u30c8\u306e\u30c8\u30e9\u30d5\u30a3\u30c3\u30af\u3068\u30e6\u30fc\u30b6\u30fc\u306e\u884c\u52d5\u3092\u96c6\u8a08\u3057\u3066\u533f\u540d\u3067\u5206\u6790\u3057\u307e\u3059\u3002<\/p>\n\n\n\n<p>\u5f53\u793e\u306f\u3001\u6b21\u306e\u3088\u3046\u306a\u5e83\u544a\u30b5\u30fc\u30d3\u30b9\u3082\u5229\u7528\u3057\u3066\u3044\u307e\u3059\u3002 <strong>Google\u30a2\u30c9\u30bb\u30f3\u30b9<\/strong>\u306f\u3001Cookie\u3001\u30a6\u30a7\u30d6\u30d3\u30fc\u30b3\u30f3\u3001\u307e\u305f\u306f\u540c\u69d8\u306e\u30c6\u30af\u30ce\u30ed\u30b8\u30fc\u3092\u4f7f\u7528\u3057\u3066\u3001\u5f53\u30b5\u30a4\u30c8\u3084\u4ed6\u306e\u30a6\u30a7\u30d6\u30b5\u30a4\u30c8\u3078\u306e\u30e6\u30fc\u30b6\u30fc\u306e\u30a2\u30af\u30bb\u30b9\u306b\u57fa\u3065\u3044\u3066\u95a2\u9023\u6027\u306e\u9ad8\u3044\u5e83\u544a\u3092\u8868\u793a\u3059\u308b\u5834\u5408\u304c\u3042\u308a\u307e\u3059\u3002<\/p>\n\n\n\n<p>Google \u306f Cookie \u3092\u4f7f\u7528\u3059\u308b\u5834\u5408\u304c\u3042\u308a\u307e\u3059\u3002 <strong>\u30c0\u30d6\u30eb\u30af\u30ea\u30c3\u30afDART<\/strong>\u3053\u306eCookie\u306b\u3088\u308a\u3001\u30e6\u30fc\u30b6\u30fc\u306e\u904e\u53bb\u306e\u8a2a\u554f\u5c65\u6b74\u306b\u57fa\u3065\u3044\u3066\u5e83\u544a\u3092\u8868\u793a\u3067\u304d\u307e\u3059\u3002\u30e6\u30fc\u30b6\u30fc\u306fGoogle\u306e\u5e83\u544a\u8a2d\u5b9a\u306b\u30a2\u30af\u30bb\u30b9\u3057\u3066\u3001\u3053\u306eCookie\u306e\u4f7f\u7528\u3092\u7121\u52b9\u306b\u3059\u308b\u3053\u3068\u304c\u3067\u304d\u307e\u3059\u3002<\/p>\n\n\n\n<hr class=\"wp-block-separator has-alpha-channel-opacity\"\/>\n\n\n\n<h3 class=\"wp-block-heading\">\u30e6\u30fc\u30b6\u30fc\u306e\u30b3\u30df\u30c3\u30c8\u30e1\u30f3\u30c8<\/h3>\n\n\n\n<p>\u30e6\u30fc\u30b6\u30fc\u306f\u3001Nerdzilla \u304c\u63d0\u4f9b\u3059\u308b\u30b3\u30f3\u30c6\u30f3\u30c4\u304a\u3088\u3073\u60c5\u5831\u3092\u9069\u5207\u306b\u4f7f\u7528\u3057\u3001\u4ee5\u4e0b\u306e\u884c\u70ba\u3092\u884c\u308f\u306a\u3044\u3053\u3068\u306b\u540c\u610f\u3057\u3001<\/p>\n\n\n\n<ul class=\"wp-block-list\">\n<li>\u9055\u6cd5\u306a\u884c\u70ba\u307e\u305f\u306f\u4fe1\u7fa9\u8aa0\u5b9f\u306e\u79e9\u5e8f\u306b\u53cd\u3059\u308b\u884c\u70ba\u3092\u884c\u3046\u3053\u3068\u3002<\/li>\n\n\n\n<li>\u5dee\u5225\u7684\u3001\u4e0d\u5feb\u3001\u9055\u6cd5\u306a\u30b3\u30f3\u30c6\u30f3\u30c4\u307e\u305f\u306f\u4eba\u6a29\u3092\u4fb5\u5bb3\u3059\u308b\u30b3\u30f3\u30c6\u30f3\u30c4\u3092\u767a\u4fe1\u3059\u308b\u3053\u3068\u3002<\/li>\n\n\n\n<li>\u60aa\u610f\u306e\u3042\u308b\u30b3\u30fc\u30c9\u3092\u5c0e\u5165\u3057\u3066 Nerdzilla \u306e\u30b7\u30b9\u30c6\u30e0\u307e\u305f\u306f\u30b5\u30fc\u30c9\u30d1\u30fc\u30c6\u30a3\u306e\u30b7\u30b9\u30c6\u30e0\u306b\u640d\u5bb3\u3092\u4e0e\u3048\u308b\u3053\u3068\u3002<\/li>\n<\/ul>\n\n\n\n<hr class=\"wp-block-separator has-alpha-channel-opacity\"\/>\n\n\n\n<h3 class=\"wp-block-heading\">\u540c\u610f<\/h3>\n\n\n\n<p>Nerdzilla \u30a6\u30a7\u30d6\u30b5\u30a4\u30c8\u3092\u5f15\u304d\u7d9a\u304d\u4f7f\u7528\u3059\u308b\u3053\u3068\u306f\u3001\u672c\u30d7\u30e9\u30a4\u30d0\u30b7\u30fc \u30dd\u30ea\u30b7\u30fc\u306b\u540c\u610f\u3057\u305f\u3082\u306e\u3068\u307f\u306a\u3055\u308c\u307e\u3059\u3002<\/p>\n\n\n\n<hr class=\"wp-block-separator has-alpha-channel-opacity\"\/>\n\n\n\n<h3 class=\"wp-block-heading\">\u63a5\u89e6<\/h3>\n\n\n\n<p>\u672c\u30d7\u30e9\u30a4\u30d0\u30b7\u30fc\u30dd\u30ea\u30b7\u30fc\u307e\u305f\u306f\u30e6\u30fc\u30b6\u30fc\u30c7\u30fc\u30bf\u306e\u53d6\u308a\u6271\u3044\u65b9\u6cd5\u306b\u3064\u3044\u3066\u3054\u8cea\u554f\u304c\u3042\u308b\u5834\u5408\u306f\u3001\u30e1\u30fc\u30eb\u3067\u304a\u554f\u3044\u5408\u308f\u305b\u304f\u3060\u3055\u3044\u3002<\/p>\n\n\n\n<p><strong><a>contato@nerdzilla.com.br<\/a><\/strong><\/p>","protected":false},"excerpt":{"rendered":"<p>A sua privacidade \u00e9 importante para n\u00f3s. \u00c9 pol\u00edtica do Nerdzilla respeitar a sua privacidade em rela\u00e7\u00e3o a qualquer informa\u00e7\u00e3o que possamos coletar no site Nerdzilla. O Nerdzilla \u00e9 um site de car\u00e1ter informativo e editorial, dedicado \u00e0 publica\u00e7\u00e3o de an\u00e1lises, guias e recomenda\u00e7\u00f5es sobre aplicativos, tecnologia e ferramentas digitais. N\u00e3o comercializamos produtos ou servi\u00e7os diretamente por meio do site. Coleta de informa\u00e7\u00f5es Solicitamos informa\u00e7\u00f5es pessoais apenas quando realmente necess\u00e1rio, como nos casos de contato por e-mail ou formul\u00e1rios dispon\u00edveis no site. A coleta \u00e9 feita de forma justa e legal, com o conhecimento e consentimento do usu\u00e1rio. As informa\u00e7\u00f5es coletadas podem incluir, por exemplo, nome e endere\u00e7o de e-mail, [&hellip;]<\/p>","protected":false},"author":3,"featured_media":0,"parent":0,"menu_order":0,"comment_status":"closed","ping_status":"closed","template":"","meta":{"footnotes":""},"class_list":["post-882","page","type-page","status-publish"],"_links":{"self":[{"href":"https:\/\/nerdzilla.com.br\/ja\/wp-json\/wp\/v2\/pages\/882","targetHints":{"allow":["GET"]}}],"collection":[{"href":"https:\/\/nerdzilla.com.br\/ja\/wp-json\/wp\/v2\/pages"}],"about":[{"href":"https:\/\/nerdzilla.com.br\/ja\/wp-json\/wp\/v2\/types\/page"}],"author":[{"embeddable":true,"href":"https:\/\/nerdzilla.com.br\/ja\/wp-json\/wp\/v2\/users\/3"}],"replies":[{"embeddable":true,"href":"https:\/\/nerdzilla.com.br\/ja\/wp-json\/wp\/v2\/comments?post=882"}],"version-history":[{"count":5,"href":"https:\/\/nerdzilla.com.br\/ja\/wp-json\/wp\/v2\/pages\/882\/revisions"}],"predecessor-version":[{"id":5555,"href":"https:\/\/nerdzilla.com.br\/ja\/wp-json\/wp\/v2\/pages\/882\/revisions\/5555"}],"wp:attachment":[{"href":"https:\/\/nerdzilla.com.br\/ja\/wp-json\/wp\/v2\/media?parent=882"}],"curies":[{"name":"wp","href":"https:\/\/api.w.org\/{rel}","templated":true}]}}