{"id":880,"date":"2023-03-15T13:25:53","date_gmt":"2023-03-15T13:25:53","guid":{"rendered":"https:\/\/nerdzilla.com.br\/?page_id=880"},"modified":"2026-01-28T06:41:08","modified_gmt":"2026-01-28T06:41:08","slug":"%e7%a7%81%e3%81%9f%e3%81%a1%e3%81%ab%e3%81%a4%e3%81%84%e3%81%a6","status":"publish","type":"page","link":"https:\/\/nerdzilla.com.br\/ja\/%e7%a7%81%e3%81%9f%e3%81%a1%e3%81%ab%e3%81%a4%e3%81%84%e3%81%a6\/","title":{"rendered":"\u79c1\u305f\u3061\u306f\u8ab0\u306a\u306e\u304b"},"content":{"rendered":"<p>Nerdzilla\u306f\u3001\u30c7\u30b8\u30bf\u30eb\u30a2\u30d7\u30ea\u30b1\u30fc\u30b7\u30e7\u30f3\u3084\u30c4\u30fc\u30eb\u306b\u95a2\u3059\u308b\u30ac\u30a4\u30c9\u3001\u30ec\u30d3\u30e5\u30fc\u3001\u63a8\u5968\u4e8b\u9805\u3092\u63d0\u4f9b\u3059\u308b\u3053\u3068\u306b\u7279\u5316\u3057\u305f\u60c5\u5831\u30b3\u30f3\u30c6\u30f3\u30c4\u30a6\u30a7\u30d6\u30b5\u30a4\u30c8\u3067\u3059\u3002\u79c1\u305f\u3061\u306e\u76ee\u6a19\u306f\u3001\u30e6\u30fc\u30b6\u30fc\u304c\u65e5\u3005\u306e\u30c6\u30af\u30ce\u30ed\u30b8\u30fc\u5229\u7528\u306b\u3064\u3044\u3066\u3001\u3088\u308a\u60c5\u5831\u306b\u57fa\u3065\u3044\u305f\u610f\u601d\u6c7a\u5b9a\u3092\u884c\u3048\u308b\u3088\u3046\u652f\u63f4\u3059\u308b\u3053\u3068\u3067\u3059\u3002<\/p>\n\n\n\n<p>Nerdzilla \u3067\u516c\u958b\u3055\u308c\u308b\u30b3\u30f3\u30c6\u30f3\u30c4\u306f\u3001\u7de8\u96c6\u3001\u6559\u80b2\u3001\u60c5\u5831\u63d0\u4f9b\u306b\u91cd\u70b9\u3092\u7f6e\u3044\u3066\u958b\u767a\u3055\u308c\u3066\u304a\u308a\u3001\u5e38\u306b\u660e\u78ba\u3055\u3001\u6709\u7528\u6027\u3001\u7d99\u7d9a\u7684\u306a\u66f4\u65b0\u3092\u76ee\u6307\u3057\u3066\u3044\u307e\u3059\u3002<\/p>\n\n\n\n<p>\u3053\u306e\u30b5\u30a4\u30c8\u306f\u3001\u516c\u958b\u3055\u308c\u308b\u30b3\u30f3\u30c6\u30f3\u30c4\u306e\u8abf\u67fb\u3001\u5236\u4f5c\u3001\u30ec\u30d3\u30e5\u30fc\u3092\u62c5\u5f53\u3059\u308b\u72ec\u7acb\u3057\u305f\u7de8\u96c6\u30c1\u30fc\u30e0\u306b\u3088\u3063\u3066\u7ba1\u7406\u3055\u308c\u3066\u3044\u307e\u3059\u3002<\/p>","protected":false},"excerpt":{"rendered":"<p>O Nerdzilla \u00e9 um site de conte\u00fado informativo dedicado \u00e0 produ\u00e7\u00e3o de guias, an\u00e1lises e recomenda\u00e7\u00f5es de aplicativos e ferramentas digitais. Nosso objetivo \u00e9 ajudar usu\u00e1rios a tomar decis\u00f5es mais conscientes sobre o uso da tecnologia no dia a dia. O conte\u00fado publicado no Nerdzilla \u00e9 desenvolvido com foco editorial, educacional e informativo, buscando sempre clareza, utilidade e atualiza\u00e7\u00e3o constante. O site \u00e9 mantido por uma equipe editorial independente, respons\u00e1vel pela pesquisa, produ\u00e7\u00e3o e revis\u00e3o dos conte\u00fados publicados.<\/p>","protected":false},"author":3,"featured_media":0,"parent":0,"menu_order":0,"comment_status":"closed","ping_status":"closed","template":"","meta":{"footnotes":""},"class_list":["post-880","page","type-page","status-publish"],"_links":{"self":[{"href":"https:\/\/nerdzilla.com.br\/ja\/wp-json\/wp\/v2\/pages\/880","targetHints":{"allow":["GET"]}}],"collection":[{"href":"https:\/\/nerdzilla.com.br\/ja\/wp-json\/wp\/v2\/pages"}],"about":[{"href":"https:\/\/nerdzilla.com.br\/ja\/wp-json\/wp\/v2\/types\/page"}],"author":[{"embeddable":true,"href":"https:\/\/nerdzilla.com.br\/ja\/wp-json\/wp\/v2\/users\/3"}],"replies":[{"embeddable":true,"href":"https:\/\/nerdzilla.com.br\/ja\/wp-json\/wp\/v2\/comments?post=880"}],"version-history":[{"count":2,"href":"https:\/\/nerdzilla.com.br\/ja\/wp-json\/wp\/v2\/pages\/880\/revisions"}],"predecessor-version":[{"id":5561,"href":"https:\/\/nerdzilla.com.br\/ja\/wp-json\/wp\/v2\/pages\/880\/revisions\/5561"}],"wp:attachment":[{"href":"https:\/\/nerdzilla.com.br\/ja\/wp-json\/wp\/v2\/media?parent=880"}],"curies":[{"name":"wp","href":"https:\/\/api.w.org\/{rel}","templated":true}]}}