{"id":4388,"date":"2024-07-11T06:19:07","date_gmt":"2024-07-11T06:19:07","guid":{"rendered":"https:\/\/nerdzilla.com.br\/?page_id=4388"},"modified":"2026-01-28T06:36:27","modified_gmt":"2026-01-28T06:36:27","slug":"%e5%88%a9%e7%94%a8%e8%a6%8f%e7%b4%84-2","status":"publish","type":"page","link":"https:\/\/nerdzilla.com.br\/ja\/%e5%88%a9%e7%94%a8%e8%a6%8f%e7%b4%84-2\/","title":{"rendered":"\u5229\u7528\u898f\u7d04"},"content":{"rendered":"<p>\u30a6\u30a7\u30d6\u30b5\u30a4\u30c8\u306b\u30a2\u30af\u30bb\u30b9\u3057\u3001\u4f7f\u7528\u3059\u308b\u3053\u3068\u306b\u3088\u308a <strong>\u30cd\u30eb\u30b8\u30e9<\/strong>\u672c\u30a6\u30a7\u30d6\u30b5\u30a4\u30c8\u3092\u3054\u5229\u7528\u3044\u305f\u3060\u304f\u3053\u3068\u3067\u3001\u672c\u5229\u7528\u898f\u7d04\u306b\u540c\u610f\u3044\u305f\u3060\u3044\u305f\u3082\u306e\u3068\u307f\u306a\u3055\u308c\u307e\u3059\u3002\u672c\u5229\u7528\u898f\u7d04\u306e\u3044\u305a\u308c\u304b\u306e\u6761\u9805\u306b\u540c\u610f\u3044\u305f\u3060\u3051\u306a\u3044\u5834\u5408\u306f\u3001\u672c\u30b5\u30a4\u30c8\u306e\u3054\u5229\u7528\u3092\u304a\u63a7\u3048\u3044\u305f\u3060\u304f\u3053\u3068\u3092\u304a\u52e7\u3081\u3057\u307e\u3059\u3002<\/p>\n\n\n\n<p>Nerdzilla \u306f\u3042\u308b\u6027\u8cea\u306e\u30a6\u30a7\u30d6\u30b5\u30a4\u30c8\u3067\u3059\u3002 <strong>\u60c5\u5831\u63d0\u4f9b\u3068\u7de8\u96c6<\/strong>\u30a2\u30d7\u30ea\u30b1\u30fc\u30b7\u30e7\u30f3\u3001\u30c6\u30af\u30ce\u30ed\u30b8\u30fc\u3001\u30c7\u30b8\u30bf\u30eb\u30c4\u30fc\u30eb\u306b\u95a2\u3059\u308b\u5206\u6790\u3001\u30ac\u30a4\u30c9\u3001\u63a8\u5968\u4e8b\u9805\u306e\u516c\u958b\u306b\u91cd\u70b9\u3092\u7f6e\u3044\u3066\u3044\u307e\u3059\u3002<\/p>\n\n\n\n<hr class=\"wp-block-separator has-alpha-channel-opacity\"\/>\n\n\n\n<h3 class=\"wp-block-heading\">\u30b3\u30f3\u30c6\u30f3\u30c4\u306e\u4f7f\u7528<\/h3>\n\n\n\n<p>Nerdzilla \u3067\u516c\u958b\u3055\u308c\u308b\u3059\u3079\u3066\u306e\u30b3\u30f3\u30c6\u30f3\u30c4\u306f\u3001\u60c5\u5831\u63d0\u4f9b\u306e\u307f\u3092\u76ee\u7684\u3068\u3057\u3066\u3044\u307e\u3059\u3002 <strong>\u6709\u76ca\u3067\u6559\u80b2\u7684\u306a<\/strong>\u60c5\u5831\u306f\u4e88\u544a\u306a\u304f\u5909\u66f4\u3001\u66f4\u65b0\u3001\u524a\u9664\u3055\u308c\u308b\u3053\u3068\u304c\u3042\u308a\u307e\u3059\u3002<\/p>\n\n\n\n<p>\u672c\u30a6\u30a7\u30d6\u30b5\u30a4\u30c8\u3067\u63d0\u4f9b\u3055\u308c\u308b\u60c5\u5831\u306e\u5229\u7528\u306f\u3001\u30e6\u30fc\u30b6\u30fc\u81ea\u8eab\u306e\u8cac\u4efb\u306b\u304a\u3044\u3066\u884c\u308f\u308c\u308b\u3082\u306e\u3068\u3057\u307e\u3059\u3002Nerdzilla\u306f\u3001\u63b2\u8f09\u30b3\u30f3\u30c6\u30f3\u30c4\u306e\u5229\u7528\u306b\u3088\u308b\u7279\u5b9a\u306e\u7d50\u679c\u3092\u4fdd\u8a3c\u3059\u308b\u3082\u306e\u3067\u306f\u3042\u308a\u307e\u305b\u3093\u3002<\/p>\n\n\n\n<hr class=\"wp-block-separator has-alpha-channel-opacity\"\/>\n\n\n\n<h3 class=\"wp-block-heading\">\u77e5\u7684\u8ca1\u7523<\/h3>\n\n\n\n<p>\u30c6\u30ad\u30b9\u30c8\u3001\u753b\u50cf\u3001\u30ed\u30b4\u3001\u30b0\u30e9\u30d5\u30a3\u30c3\u30af\u8981\u7d20\u3092\u542b\u3080 Nerdzilla \u306e\u3059\u3079\u3066\u306e\u30b3\u30f3\u30c6\u30f3\u30c4\u306f\u3001\u7279\u306b\u660e\u8a18\u3055\u308c\u3066\u3044\u306a\u3044\u9650\u308a\u3001\u8457\u4f5c\u6a29\u3067\u4fdd\u8b77\u3055\u308c\u3066\u3044\u307e\u3059\u3002<\/p>\n\n\n\n<p>\u51fa\u5178\u3092\u660e\u8a18\u3057\u305f\u5f15\u7528\u306a\u3069\u3001\u6cd5\u5f8b\u3067\u8a8d\u3081\u3089\u308c\u305f\u5834\u5408\u3092\u9664\u304d\u3001\u4e8b\u524d\u306e\u8a31\u53ef\u306a\u304f\u30b3\u30f3\u30c6\u30f3\u30c4\u3092\u8907\u88fd\u3001\u9812\u5e03\u3001\u6539\u5909\u3059\u308b\u3053\u3068\u306f\u7981\u6b62\u3057\u307e\u3059\u3002<\/p>\n\n\n\n<hr class=\"wp-block-separator has-alpha-channel-opacity\"\/>\n\n\n\n<h3 class=\"wp-block-heading\">\u8cac\u4efb\u306e\u5236\u9650<\/h3>\n\n\n\n<p>Nerdzilla \u306f\u3001\u30a6\u30a7\u30d6\u30b5\u30a4\u30c8\u4e0a\u3067\u63d0\u4f9b\u3055\u308c\u308b\u60c5\u5831\u306e\u4f7f\u7528\u307e\u305f\u306f\u4f7f\u7528\u4e0d\u80fd\u304b\u3089\u751f\u3058\u308b\u76f4\u63a5\u7684\u307e\u305f\u306f\u9593\u63a5\u7684\u306a\u640d\u5bb3\u306b\u3064\u3044\u3066\u4e00\u5207\u8cac\u4efb\u3092\u8ca0\u3044\u307e\u305b\u3093\u3002<\/p>\n\n\n\n<p>\u5f53\u793e\u306f\u60c5\u5831\u306e\u6b63\u78ba\u6027\u3068\u6700\u65b0\u6027\u3092\u7dad\u6301\u3059\u308b\u3088\u3046\u52aa\u3081\u3066\u304a\u308a\u307e\u3059\u304c\u3001\u30b3\u30f3\u30c6\u30f3\u30c4\u306b\u8aa4\u308a\u3001\u4e2d\u65ad\u3001\u53e4\u3044\u60c5\u5831\u304c\u542b\u307e\u308c\u3066\u3044\u306a\u3044\u3053\u3068\u3092\u4fdd\u8a3c\u3059\u308b\u3082\u306e\u3067\u306f\u3042\u308a\u307e\u305b\u3093\u3002<\/p>\n\n\n\n<hr class=\"wp-block-separator has-alpha-channel-opacity\"\/>\n\n\n\n<h3 class=\"wp-block-heading\">\u5916\u90e8\u30a6\u30a7\u30d6\u30b5\u30a4\u30c8\u3078\u306e\u30ea\u30f3\u30af<\/h3>\n\n\n\n<p>\u5f53\u30b5\u30a4\u30c8\u306b\u306f\u7b2c\u4e09\u8005\u306e\u30a6\u30a7\u30d6\u30b5\u30a4\u30c8\u3078\u306e\u30ea\u30f3\u30af\u304c\u542b\u307e\u308c\u3066\u3044\u308b\u5834\u5408\u304c\u3042\u308a\u307e\u3059\u3002\u3053\u308c\u3089\u306e\u30ea\u30f3\u30af\u306f\u30e6\u30fc\u30b6\u30fc\u306e\u4fbf\u5b9c\u306e\u305f\u3081\u306b\u306e\u307f\u63d0\u4f9b\u3055\u308c\u3066\u3044\u307e\u3059\u3002Nerdzilla\u306f\u3053\u308c\u3089\u306e\u30b5\u30a4\u30c8\u306e\u30b3\u30f3\u30c6\u30f3\u30c4\u3084\u30dd\u30ea\u30b7\u30fc\u3092\u7ba1\u7406\u3057\u3066\u304a\u3089\u305a\u3001\u305d\u308c\u3089\u306e\u30b5\u30a4\u30c8\u306e\u6d3b\u52d5\u306b\u3064\u3044\u3066\u8cac\u4efb\u3092\u8ca0\u3044\u307e\u305b\u3093\u3002<\/p>\n\n\n\n<hr class=\"wp-block-separator has-alpha-channel-opacity\"\/>\n\n\n\n<h3 class=\"wp-block-heading\">\u30e6\u30fc\u30b6\u30fc\u306e\u884c\u52d5<\/h3>\n\n\n\n<p>Nerdzilla \u3092\u4f7f\u7528\u3059\u308b\u3053\u3068\u306b\u3088\u308a\u3001\u30e6\u30fc\u30b6\u30fc\u306f\u4ee5\u4e0b\u306b\u540c\u610f\u3059\u308b\u3082\u306e\u3068\u3057\u307e\u3059\u3002<\/p>\n\n\n\n<ul class=\"wp-block-list\">\n<li>\u9055\u6cd5\u306a\u76ee\u7684\u307e\u305f\u306f\u73fe\u884c\u306e\u6cd5\u5f8b\u306b\u9055\u53cd\u3059\u308b\u76ee\u7684\u3067\u672c\u30b5\u30a4\u30c8\u3092\u4f7f\u7528\u3057\u306a\u3044\u3067\u304f\u3060\u3055\u3044\u3002<\/li>\n\n\n\n<li>\u4e0d\u5feb\u3001\u5dee\u5225\u7684\u3001\u307e\u305f\u306f\u9055\u6cd5\u306a\u30b3\u30f3\u30c6\u30f3\u30c4\u3092\u516c\u958b\u307e\u305f\u306f\u914d\u5e03\u3057\u306a\u3044\u3067\u304f\u3060\u3055\u3044\u3002<\/li>\n\n\n\n<li>\u30b5\u30a4\u30c8\u306e\u30bb\u30ad\u30e5\u30ea\u30c6\u30a3\u3001\u6574\u5408\u6027\u3001\u307e\u305f\u306f\u6a5f\u80fd\u6027\u3092\u640d\u306a\u3046\u884c\u70ba\u306f\u884c\u308f\u306a\u3044\u3067\u304f\u3060\u3055\u3044\u3002<\/li>\n<\/ul>\n\n\n\n<hr class=\"wp-block-separator has-alpha-channel-opacity\"\/>\n\n\n\n<h3 class=\"wp-block-heading\">\u898f\u7d04\u306e\u5909\u66f4<\/h3>\n\n\n\n<p>Nerdzilla\u306f\u672c\u5229\u7528\u898f\u7d04\u3092\u5b9a\u671f\u7684\u306b\u66f4\u65b0\u3059\u308b\u3053\u3068\u304c\u3042\u308a\u307e\u3059\u3002\u5909\u66f4\u5185\u5bb9\u3092\u628a\u63e1\u3059\u308b\u305f\u3081\u306b\u3001\u3053\u306e\u30da\u30fc\u30b8\u3092\u5b9a\u671f\u7684\u306b\u3054\u78ba\u8a8d\u304f\u3060\u3055\u3044\u3002<\/p>\n\n\n\n<hr class=\"wp-block-separator has-alpha-channel-opacity\"\/>\n\n\n\n<h3 class=\"wp-block-heading\">\u63a5\u89e6<\/h3>\n\n\n\n<p>\u672c\u5229\u7528\u898f\u7d04\u306b\u3064\u3044\u3066\u3054\u8cea\u554f\u304c\u3042\u308b\u5834\u5408\u306f\u3001\u30e1\u30fc\u30eb\u3067\u304a\u554f\u3044\u5408\u308f\u305b\u304f\u3060\u3055\u3044\u3002<\/p>\n\n\n\n<p><strong><a>contato@nerdzilla.com.br<\/a><\/strong><\/p>","protected":false},"excerpt":{"rendered":"<p>Ao acessar e utilizar o site Nerdzilla, voc\u00ea concorda com os presentes Termos de Uso. Caso n\u00e3o concorde com qualquer parte destes termos, recomendamos que n\u00e3o utilize o site. O Nerdzilla \u00e9 um site de car\u00e1ter informativo e editorial, voltado \u00e0 publica\u00e7\u00e3o de an\u00e1lises, guias e recomenda\u00e7\u00f5es sobre aplicativos, tecnologia e ferramentas digitais. Uso do conte\u00fado Todo o conte\u00fado publicado no Nerdzilla \u00e9 destinado exclusivamente a fins informativos e educacionais. As informa\u00e7\u00f5es podem ser alteradas, atualizadas ou removidas a qualquer momento, sem aviso pr\u00e9vio. O uso das informa\u00e7\u00f5es disponibilizadas no site \u00e9 de responsabilidade exclusiva do usu\u00e1rio. O Nerdzilla n\u00e3o garante resultados espec\u00edficos a partir da utiliza\u00e7\u00e3o do conte\u00fado publicado. [&hellip;]<\/p>","protected":false},"author":3,"featured_media":0,"parent":0,"menu_order":0,"comment_status":"closed","ping_status":"closed","template":"","meta":{"footnotes":""},"class_list":["post-4388","page","type-page","status-publish"],"_links":{"self":[{"href":"https:\/\/nerdzilla.com.br\/ja\/wp-json\/wp\/v2\/pages\/4388","targetHints":{"allow":["GET"]}}],"collection":[{"href":"https:\/\/nerdzilla.com.br\/ja\/wp-json\/wp\/v2\/pages"}],"about":[{"href":"https:\/\/nerdzilla.com.br\/ja\/wp-json\/wp\/v2\/types\/page"}],"author":[{"embeddable":true,"href":"https:\/\/nerdzilla.com.br\/ja\/wp-json\/wp\/v2\/users\/3"}],"replies":[{"embeddable":true,"href":"https:\/\/nerdzilla.com.br\/ja\/wp-json\/wp\/v2\/comments?post=4388"}],"version-history":[{"count":3,"href":"https:\/\/nerdzilla.com.br\/ja\/wp-json\/wp\/v2\/pages\/4388\/revisions"}],"predecessor-version":[{"id":5557,"href":"https:\/\/nerdzilla.com.br\/ja\/wp-json\/wp\/v2\/pages\/4388\/revisions\/5557"}],"wp:attachment":[{"href":"https:\/\/nerdzilla.com.br\/ja\/wp-json\/wp\/v2\/media?parent=4388"}],"curies":[{"name":"wp","href":"https:\/\/api.w.org\/{rel}","templated":true}]}}