{"id":882,"date":"2023-03-15T13:30:03","date_gmt":"2023-03-15T13:30:03","guid":{"rendered":"https:\/\/nerdzilla.com.br\/?page_id=882"},"modified":"2026-01-28T06:35:22","modified_gmt":"2026-01-28T06:35:22","slug":"adatvedelmi-iranyelvek-2","status":"publish","type":"page","link":"https:\/\/nerdzilla.com.br\/hu\/adatvedelmi-iranyelvek-2\/","title":{"rendered":"Adatv\u00e9delmi ir\u00e1nyelvek"},"content":{"rendered":"<p>Az \u00d6n adatainak v\u00e9delme fontos sz\u00e1munkra. Ez a szab\u00e1lyzatunk. <strong>Nerdzilla<\/strong> Tiszteletben tartjuk az \u00d6n adatainak v\u00e9delm\u00e9t a Nerdzilla weboldal\u00e1n gy\u0171jt\u00f6tt inform\u00e1ci\u00f3kkal kapcsolatban.<\/p>\n\n\n\n<p>A Nerdzilla egy bizonyos jelleg\u0171 weboldal. <strong>informat\u00edv \u00e9s szerkeszt\u0151i<\/strong>Ez az oldal alkalmaz\u00e1sokr\u00f3l, technol\u00f3gi\u00e1kr\u00f3l \u00e9s digit\u00e1lis eszk\u00f6z\u00f6kr\u0151l sz\u00f3l\u00f3 v\u00e9lem\u00e9nyek, \u00fatmutat\u00f3k \u00e9s aj\u00e1nl\u00e1sok k\u00f6zz\u00e9t\u00e9tel\u00e9re szolg\u00e1l. Nem \u00e9rt\u00e9kes\u00edt\u00fcnk term\u00e9keket vagy szolg\u00e1ltat\u00e1sokat k\u00f6zvetlen\u00fcl ezen a weboldalon kereszt\u00fcl.<\/p>\n\n\n\n<hr class=\"wp-block-separator has-alpha-channel-opacity\"\/>\n\n\n\n<h3 class=\"wp-block-heading\">Inform\u00e1ci\u00f3gy\u0171jt\u00e9s<\/h3>\n\n\n\n<p>Szem\u00e9lyes adatokat csak akkor k\u00e9r\u00fcnk, ha az val\u00f3ban sz\u00fcks\u00e9ges, p\u00e9ld\u00e1ul amikor e-mailben vagy a weboldalon el\u00e9rhet\u0151 \u0171rlapokon kereszt\u00fcl vessz\u00fck fel \u00d6nnel a kapcsolatot. Az inform\u00e1ci\u00f3kat tisztess\u00e9gesen \u00e9s jogszer\u0171en gy\u0171jtj\u00fck, a felhaszn\u00e1l\u00f3 tudt\u00e1val \u00e9s hozz\u00e1j\u00e1rul\u00e1s\u00e1val.<\/p>\n\n\n\n<p>A gy\u0171jt\u00f6tt inform\u00e1ci\u00f3k magukban foglalhatj\u00e1k p\u00e9ld\u00e1ul a nevet \u00e9s az e-mail c\u00edmet, kiz\u00e1r\u00f3lag a v\u00e1laszad\u00e1s, a kommunik\u00e1ci\u00f3 vagy a szerkeszt\u0151i tartalom jav\u00edt\u00e1sa c\u00e9lj\u00e1b\u00f3l.<\/p>\n\n\n\n<hr class=\"wp-block-separator has-alpha-channel-opacity\"\/>\n\n\n\n<h3 class=\"wp-block-heading\">Inform\u00e1ci\u00f3k felhaszn\u00e1l\u00e1sa<\/h3>\n\n\n\n<p>A gy\u0171jt\u00f6tt inform\u00e1ci\u00f3kat a k\u00f6vetkez\u0151kre haszn\u00e1ljuk fel:<\/p>\n\n\n\n<ul class=\"wp-block-list\">\n<li>v\u00e1laszolni a felhaszn\u00e1l\u00f3k \u00e1ltal k\u00fcld\u00f6tt \u00fczenetekre;<\/li>\n\n\n\n<li>jav\u00edtja a b\u00f6ng\u00e9sz\u00e9si \u00e9lm\u00e9nyt;<\/li>\n\n\n\n<li>Az oldal haszn\u00e1lat\u00e1nak meg\u00e9rt\u00e9se \u00f6sszes\u00edtett \u00e9s anonim m\u00f3don.<\/li>\n<\/ul>\n\n\n\n<p>Az adatokat nem haszn\u00e1ljuk fel k\u00f6zvetlen kereskedelmi c\u00e9lokra.<\/p>\n\n\n\n<hr class=\"wp-block-separator has-alpha-channel-opacity\"\/>\n\n\n\n<h3 class=\"wp-block-heading\">Adatt\u00e1rol\u00e1s \u00e9s -v\u00e9delem<\/h3>\n\n\n\n<p>A gy\u0171jt\u00f6tt inform\u00e1ci\u00f3kat csak addig \u0151rizz\u00fck meg, ameddig az a k\u00e9r\u00e9s c\u00e9lj\u00e1nak teljes\u00edt\u00e9s\u00e9hez sz\u00fcks\u00e9ges. \u00c9sszer\u0171 biztons\u00e1gi int\u00e9zked\u00e9seket tesz\u00fcnk az adatok jogosulatlan hozz\u00e1f\u00e9r\u00e9s, nyilv\u00e1noss\u00e1gra hozatal, megv\u00e1ltoztat\u00e1s vagy megsemmis\u00edt\u00e9s elleni v\u00e9delme \u00e9rdek\u00e9ben.<\/p>\n\n\n\n<hr class=\"wp-block-separator has-alpha-channel-opacity\"\/>\n\n\n\n<h3 class=\"wp-block-heading\">Inform\u00e1ci\u00f3megoszt\u00e1s<\/h3>\n\n\n\n<p>Szem\u00e9lyazonos\u00edt\u00e1sra alkalmas adatokat nem osztunk meg nyilv\u00e1nosan vagy harmadik felekkel, kiv\u00e9ve, ha azt t\u00f6rv\u00e9ny \u00edrja el\u0151.<\/p>\n\n\n\n<hr class=\"wp-block-separator has-alpha-channel-opacity\"\/>\n\n\n\n<h3 class=\"wp-block-heading\">K\u00fcls\u0151 weboldalakra mutat\u00f3 linkek<\/h3>\n\n\n\n<p>A Nerdzilla tartalmazhat olyan k\u00fcls\u0151 weboldalakra mutat\u00f3 linkeket, amelyeket nem mi \u00fczemeltet\u00fcnk. Nincs befoly\u00e1sunk ezen oldalak tartalm\u00e1ra \u00e9s gyakorlat\u00e1ra, \u00e9s nem v\u00e1llalunk felel\u0151ss\u00e9get a vonatkoz\u00f3 adatv\u00e9delmi ir\u00e1nyelveik\u00e9rt.<\/p>\n\n\n\n<hr class=\"wp-block-separator has-alpha-channel-opacity\"\/>\n\n\n\n<h3 class=\"wp-block-heading\">S\u00fctik<\/h3>\n\n\n\n<p>A Nerdzilla s\u00fctiket haszn\u00e1l a felhaszn\u00e1l\u00f3i \u00e9lm\u00e9ny jav\u00edt\u00e1sa \u00e9rdek\u00e9ben. A s\u00fctik kis f\u00e1jlok, amelyek a felhaszn\u00e1l\u00f3 eszk\u00f6z\u00e9n t\u00e1rol\u00f3dnak, \u00e9s seg\u00edtenek meg\u00e9rteni, hogyan haszn\u00e1lj\u00e1k a webhelyet.<\/p>\n\n\n\n<p>A felhaszn\u00e1l\u00f3k letilthatj\u00e1k a s\u00fctiket a b\u00f6ng\u00e9sz\u0151j\u00fck be\u00e1ll\u00edt\u00e1sainak m\u00f3dos\u00edt\u00e1s\u00e1val. A s\u00fctik letilt\u00e1sa azonban befoly\u00e1solhatja a weboldal egyes r\u00e9szeinek m\u0171k\u00f6d\u00e9s\u00e9t.<\/p>\n\n\n\n<hr class=\"wp-block-separator has-alpha-channel-opacity\"\/>\n\n\n\n<h3 class=\"wp-block-heading\">Harmadik f\u00e9lt\u0151l sz\u00e1rmaz\u00f3 s\u00fctik \u00e9s hirdet\u00e9sek<\/h3>\n\n\n\n<p>A Nerdzilla harmadik f\u00e9lt\u0151l sz\u00e1rmaz\u00f3 szolg\u00e1ltat\u00e1sokat haszn\u00e1l, p\u00e9ld\u00e1ul... <strong>A Google Analytics<\/strong>, a weboldal forgalm\u00e1nak \u00e9s a felhaszn\u00e1l\u00f3i viselked\u00e9snek \u00f6sszes\u00edtett \u00e9s n\u00e9vtelen m\u00f3don t\u00f6rt\u00e9n\u0151 elemz\u00e9se c\u00e9lj\u00e1b\u00f3l.<\/p>\n\n\n\n<p>Emellett rekl\u00e1mszolg\u00e1ltat\u00e1sokat is ig\u00e9nybe vesz\u00fcnk, mint p\u00e9ld\u00e1ul <strong>Google AdSense<\/strong>, amely s\u00fctiket, webjelz\u0151ket vagy hasonl\u00f3 technol\u00f3gi\u00e1kat haszn\u00e1lhat a felhaszn\u00e1l\u00f3k ezen \u00e9s m\u00e1s webhelyeken tett l\u00e1togat\u00e1sai alapj\u00e1n relev\u00e1ns hirdet\u00e9sek megjelen\u00edt\u00e9s\u00e9hez.<\/p>\n\n\n\n<p>A Google haszn\u00e1lhatja a s\u00fctit. <strong>DoubleClick DART<\/strong>Ez a s\u00fcti lehet\u0151v\u00e9 teszi sz\u00e1munkra, hogy a felhaszn\u00e1l\u00f3knak a kor\u00e1bbi l\u00e1togat\u00e1saik alapj\u00e1n hirdet\u00e9seket jelen\u00edts\u00fcnk meg. A felhaszn\u00e1l\u00f3k letilthatj\u00e1k a s\u00fcti haszn\u00e1lat\u00e1t a Google hirdet\u00e9si be\u00e1ll\u00edt\u00e1saikban.<\/p>\n\n\n\n<hr class=\"wp-block-separator has-alpha-channel-opacity\"\/>\n\n\n\n<h3 class=\"wp-block-heading\">Felhaszn\u00e1l\u00f3i elk\u00f6telezetts\u00e9g<\/h3>\n\n\n\n<p>A felhaszn\u00e1l\u00f3 beleegyezik abba, hogy megfelel\u0151en haszn\u00e1lja a Nerdzilla \u00e1ltal biztos\u00edtott tartalmat \u00e9s inform\u00e1ci\u00f3kat, \u00e9s v\u00e1llalja, hogy nem:<\/p>\n\n\n\n<ul class=\"wp-block-list\">\n<li>Illeg\u00e1lis vagy a j\u00f3hiszem\u0171s\u00e9ggel \u00e9s a k\u00f6zrenddel ellent\u00e9tes tev\u00e9kenys\u00e9gek v\u00e9grehajt\u00e1sa;<\/li>\n\n\n\n<li>diszkriminat\u00edv, s\u00e9rt\u0151, illeg\u00e1lis vagy emberi jogokat s\u00e9rt\u0151 tartalom terjeszt\u00e9se;<\/li>\n\n\n\n<li>k\u00e1rt\u00e9kony k\u00f3d bevezet\u00e9s\u00e9vel k\u00e1rt okozni a Nerdzilla rendszereiben vagy harmadik f\u00e9l rendszereiben.<\/li>\n<\/ul>\n\n\n\n<hr class=\"wp-block-separator has-alpha-channel-opacity\"\/>\n\n\n\n<h3 class=\"wp-block-heading\">Hozz\u00e1j\u00e1rul<\/h3>\n\n\n\n<p>A Nerdzilla weboldal tov\u00e1bbi haszn\u00e1lat\u00e1t a jelen Adatv\u00e9delmi Szab\u00e1lyzat elfogad\u00e1s\u00e1nak tekintj\u00fck.<\/p>\n\n\n\n<hr class=\"wp-block-separator has-alpha-channel-opacity\"\/>\n\n\n\n<h3 class=\"wp-block-heading\">Kapcsolatba l\u00e9pni<\/h3>\n\n\n\n<p>Ha b\u00e1rmilyen k\u00e9rd\u00e9se van az Adatv\u00e9delmi Szab\u00e1lyzattal vagy a felhaszn\u00e1l\u00f3i adatok kezel\u00e9s\u00e9vel kapcsolatban, k\u00e9rj\u00fck, vegye fel vel\u00fcnk a kapcsolatot e-mailben:<\/p>\n\n\n\n<p><strong><a>contato@nerdzilla.com.br<\/a><\/strong><\/p>","protected":false},"excerpt":{"rendered":"<p>A sua privacidade \u00e9 importante para n\u00f3s. \u00c9 pol\u00edtica do Nerdzilla respeitar a sua privacidade em rela\u00e7\u00e3o a qualquer informa\u00e7\u00e3o que possamos coletar no site Nerdzilla. O Nerdzilla \u00e9 um site de car\u00e1ter informativo e editorial, dedicado \u00e0 publica\u00e7\u00e3o de an\u00e1lises, guias e recomenda\u00e7\u00f5es sobre aplicativos, tecnologia e ferramentas digitais. N\u00e3o comercializamos produtos ou servi\u00e7os [&hellip;]<\/p>","protected":false},"author":3,"featured_media":0,"parent":0,"menu_order":0,"comment_status":"closed","ping_status":"closed","template":"","meta":{"footnotes":""},"class_list":["post-882","page","type-page","status-publish"],"_links":{"self":[{"href":"https:\/\/nerdzilla.com.br\/hu\/wp-json\/wp\/v2\/pages\/882","targetHints":{"allow":["GET"]}}],"collection":[{"href":"https:\/\/nerdzilla.com.br\/hu\/wp-json\/wp\/v2\/pages"}],"about":[{"href":"https:\/\/nerdzilla.com.br\/hu\/wp-json\/wp\/v2\/types\/page"}],"author":[{"embeddable":true,"href":"https:\/\/nerdzilla.com.br\/hu\/wp-json\/wp\/v2\/users\/3"}],"replies":[{"embeddable":true,"href":"https:\/\/nerdzilla.com.br\/hu\/wp-json\/wp\/v2\/comments?post=882"}],"version-history":[{"count":5,"href":"https:\/\/nerdzilla.com.br\/hu\/wp-json\/wp\/v2\/pages\/882\/revisions"}],"predecessor-version":[{"id":5555,"href":"https:\/\/nerdzilla.com.br\/hu\/wp-json\/wp\/v2\/pages\/882\/revisions\/5555"}],"wp:attachment":[{"href":"https:\/\/nerdzilla.com.br\/hu\/wp-json\/wp\/v2\/media?parent=882"}],"curies":[{"name":"wp","href":"https:\/\/api.w.org\/{rel}","templated":true}]}}