{"id":880,"date":"2023-03-15T13:25:53","date_gmt":"2023-03-15T13:25:53","guid":{"rendered":"https:\/\/nerdzilla.com.br\/?page_id=880"},"modified":"2026-01-28T06:41:08","modified_gmt":"2026-01-28T06:41:08","slug":"rolunk","status":"publish","type":"page","link":"https:\/\/nerdzilla.com.br\/hu\/rolunk\/","title":{"rendered":"Kik vagyunk"},"content":{"rendered":"<p>A Nerdzilla egy informat\u00edv tartalm\u00fa weboldal, amely \u00fatmutat\u00f3kat, v\u00e9lem\u00e9nyeket \u00e9s aj\u00e1nl\u00e1sokat k\u00e9sz\u00edt digit\u00e1lis alkalmaz\u00e1sokhoz \u00e9s eszk\u00f6z\u00f6kh\u00f6z. C\u00e9lunk, hogy seg\u00edts\u00fcnk a felhaszn\u00e1l\u00f3knak megalapozottabb d\u00f6nt\u00e9seket hozni a mindennapi technol\u00f3giahaszn\u00e1lattal kapcsolatban.<\/p>\n\n\n\n<p>A Nerdzill\u00e1n k\u00f6zz\u00e9tett tartalmak szerkeszt\u0151i, oktat\u00e1si \u00e9s informat\u00edv f\u00f3kuszban k\u00e9sz\u00fclnek, mindig az \u00e9rthet\u0151s\u00e9gre, a hasznoss\u00e1gra \u00e9s az \u00e1lland\u00f3 friss\u00edt\u00e9sre t\u00f6rekedve.<\/p>\n\n\n\n<p>Az oldalt egy f\u00fcggetlen szerkeszt\u0151i csapat tartja karban, amely a k\u00f6zz\u00e9tett tartalom kutat\u00e1s\u00e1\u00e9rt, elk\u00e9sz\u00edt\u00e9s\u00e9\u00e9rt \u00e9s ellen\u0151rz\u00e9s\u00e9\u00e9rt felel\u0151s.<\/p>","protected":false},"excerpt":{"rendered":"<p>O Nerdzilla \u00e9 um site de conte\u00fado informativo dedicado \u00e0 produ\u00e7\u00e3o de guias, an\u00e1lises e recomenda\u00e7\u00f5es de aplicativos e ferramentas digitais. Nosso objetivo \u00e9 ajudar usu\u00e1rios a tomar decis\u00f5es mais conscientes sobre o uso da tecnologia no dia a dia. O conte\u00fado publicado no Nerdzilla \u00e9 desenvolvido com foco editorial, educacional e informativo, buscando sempre [&hellip;]<\/p>","protected":false},"author":3,"featured_media":0,"parent":0,"menu_order":0,"comment_status":"closed","ping_status":"closed","template":"","meta":{"footnotes":""},"class_list":["post-880","page","type-page","status-publish"],"_links":{"self":[{"href":"https:\/\/nerdzilla.com.br\/hu\/wp-json\/wp\/v2\/pages\/880","targetHints":{"allow":["GET"]}}],"collection":[{"href":"https:\/\/nerdzilla.com.br\/hu\/wp-json\/wp\/v2\/pages"}],"about":[{"href":"https:\/\/nerdzilla.com.br\/hu\/wp-json\/wp\/v2\/types\/page"}],"author":[{"embeddable":true,"href":"https:\/\/nerdzilla.com.br\/hu\/wp-json\/wp\/v2\/users\/3"}],"replies":[{"embeddable":true,"href":"https:\/\/nerdzilla.com.br\/hu\/wp-json\/wp\/v2\/comments?post=880"}],"version-history":[{"count":2,"href":"https:\/\/nerdzilla.com.br\/hu\/wp-json\/wp\/v2\/pages\/880\/revisions"}],"predecessor-version":[{"id":5561,"href":"https:\/\/nerdzilla.com.br\/hu\/wp-json\/wp\/v2\/pages\/880\/revisions\/5561"}],"wp:attachment":[{"href":"https:\/\/nerdzilla.com.br\/hu\/wp-json\/wp\/v2\/media?parent=880"}],"curies":[{"name":"wp","href":"https:\/\/api.w.org\/{rel}","templated":true}]}}