{"id":882,"date":"2023-03-15T13:30:03","date_gmt":"2023-03-15T13:30:03","guid":{"rendered":"https:\/\/nerdzilla.com.br\/?page_id=882"},"modified":"2026-01-28T06:35:22","modified_gmt":"2026-01-28T06:35:22","slug":"politika-privatnosti-2","status":"publish","type":"page","link":"https:\/\/nerdzilla.com.br\/hr\/politika-privatnosti-2\/","title":{"rendered":"Politika privatnosti"},"content":{"rendered":"<p>Va\u0161a privatnost nam je va\u017ena. To je na\u0161a politika. <strong>Nerdzilla<\/strong> Po\u0161tovat \u0107emo va\u0161u privatnost u vezi sa svim informacijama koje mo\u017eemo prikupiti na web stranici Nerdzilla.<\/p>\n\n\n\n<p>Nerdzilla je web stranica odre\u0111ene prirode. <strong>informativni i uredni\u010dki<\/strong>Ova stranica posve\u0107ena je objavljivanju recenzija, vodi\u010da i preporuka o aplikacijama, tehnologiji i digitalnim alatima. Ne prodajemo proizvode ili usluge izravno putem ove web stranice.<\/p>\n\n\n\n<hr class=\"wp-block-separator has-alpha-channel-opacity\"\/>\n\n\n\n<h3 class=\"wp-block-heading\">Prikupljanje informacija<\/h3>\n\n\n\n<p>Osobne podatke tra\u017eimo samo kada je to zaista potrebno, primjerice kada vas kontaktiramo putem e-po\u0161te ili obrazaca dostupnih na web stranici. Podaci se prikupljaju po\u0161teno i zakonito, uz znanje i pristanak korisnika.<\/p>\n\n\n\n<p>Prikupljene informacije mogu uklju\u010divati, na primjer, ime i adresu e-po\u0161te, isklju\u010divo u svrhu odgovaranja, komunikacije ili pobolj\u0161anja uredni\u010dkog sadr\u017eaja.<\/p>\n\n\n\n<hr class=\"wp-block-separator has-alpha-channel-opacity\"\/>\n\n\n\n<h3 class=\"wp-block-heading\">Kori\u0161tenje informacija<\/h3>\n\n\n\n<p>Prikupljene informacije koriste se za:<\/p>\n\n\n\n<ul class=\"wp-block-list\">\n<li>odgovaranje na poruke koje \u0161alju korisnici;<\/li>\n\n\n\n<li>za pobolj\u0161anje iskustva pregledavanja;<\/li>\n\n\n\n<li>Kako bismo razumjeli kako se stranica koristi, na agregirani i anonimni na\u010din.<\/li>\n<\/ul>\n\n\n\n<p>Podatke ne koristimo u izravne komercijalne svrhe.<\/p>\n\n\n\n<hr class=\"wp-block-separator has-alpha-channel-opacity\"\/>\n\n\n\n<h3 class=\"wp-block-heading\">Pohrana i za\u0161tita podataka<\/h3>\n\n\n\n<p>Prikupljene podatke \u010duvamo samo onoliko dugo koliko je potrebno za ispunjenje svrhe za koju su zatra\u017eeni. Poduzimamo razumne sigurnosne mjere kako bismo za\u0161titili podatke od neovla\u0161tenog pristupa, otkrivanja, izmjene ili uni\u0161tenja.<\/p>\n\n\n\n<hr class=\"wp-block-separator has-alpha-channel-opacity\"\/>\n\n\n\n<h3 class=\"wp-block-heading\">Dijeljenje informacija<\/h3>\n\n\n\n<p>Ne dijelimo osobne podatke javno ili s tre\u0107im stranama, osim kada je to zakonom propisano.<\/p>\n\n\n\n<hr class=\"wp-block-separator has-alpha-channel-opacity\"\/>\n\n\n\n<h3 class=\"wp-block-heading\">Linkovi na vanjske web stranice<\/h3>\n\n\n\n<p>Nerdzilla mo\u017ee sadr\u017eavati poveznice na vanjske web-stranice kojima ne upravljamo mi. Nemamo kontrolu nad sadr\u017eajem i praksama tih stranica i nismo odgovorni za njihove odgovaraju\u0107e politike privatnosti.<\/p>\n\n\n\n<hr class=\"wp-block-separator has-alpha-channel-opacity\"\/>\n\n\n\n<h3 class=\"wp-block-heading\">Kola\u010di\u0107i<\/h3>\n\n\n\n<p>Nerdzilla koristi kola\u010di\u0107e za pobolj\u0161anje korisni\u010dkog iskustva. Kola\u010di\u0107i su male datoteke pohranjene na korisnikovom ure\u0111aju koje nam poma\u017eu razumjeti kako se stranica koristi.<\/p>\n\n\n\n<p>Korisnici mogu onemogu\u0107iti kola\u010di\u0107e pode\u0161avanjem postavki svog preglednika. Me\u0111utim, onemogu\u0107avanje kola\u010di\u0107a mo\u017ee utjecati na funkcionalnost nekih dijelova web stranice.<\/p>\n\n\n\n<hr class=\"wp-block-separator has-alpha-channel-opacity\"\/>\n\n\n\n<h3 class=\"wp-block-heading\">Kola\u010di\u0107i i ogla\u0161avanje tre\u0107ih strana<\/h3>\n\n\n\n<p>Nerdzilla koristi usluge tre\u0107ih strana, kao \u0161to su... <strong>Google Analytics<\/strong>, analizirati promet web stranice i pona\u0161anje korisnika na agregiran i anoniman na\u010din.<\/p>\n\n\n\n<p>Tako\u0111er koristimo usluge ogla\u0161avanja, kao \u0161to su <strong>Google AdSense<\/strong>, koji mogu koristiti kola\u010di\u0107e, web-pratilice ili sli\u010dne tehnologije za prikazivanje relevantnih oglasa na temelju posjeta korisnika ovoj i drugim web-stranicama.<\/p>\n\n\n\n<p>Google mo\u017ee koristiti kola\u010di\u0107. <strong>DoubleClick DART<\/strong>Ovaj kola\u010di\u0107 nam omogu\u0107uje prikazivanje oglasa korisnicima na temelju njihovih prethodnih posjeta. Korisnici mogu onemogu\u0107iti kori\u0161tenje ovog kola\u010di\u0107a pristupom svojim postavkama Google oglasa.<\/p>\n\n\n\n<hr class=\"wp-block-separator has-alpha-channel-opacity\"\/>\n\n\n\n<h3 class=\"wp-block-heading\">Obveza korisnika<\/h3>\n\n\n\n<p>Korisnik se sla\u017ee da \u0107e na odgovaraju\u0107i na\u010din koristiti sadr\u017eaj i informacije koje pru\u017ea Nerdzilla, obvezuju\u0107i se da ne\u0107e:<\/p>\n\n\n\n<ul class=\"wp-block-list\">\n<li>Obavljati nezakonite aktivnosti ili aktivnosti suprotne dobroj vjeri i javnom redu;<\/li>\n\n\n\n<li>\u0161irenje diskriminiraju\u0107eg, uvredljivog, nezakonitog sadr\u017eaja ili sadr\u017eaja koji kr\u0161i ljudska prava;<\/li>\n\n\n\n<li>uzrokovati \u0161tetu Nerdzilinim sustavima ili sustavima tre\u0107ih strana uvo\u0111enjem zlonamjernog koda.<\/li>\n<\/ul>\n\n\n\n<hr class=\"wp-block-separator has-alpha-channel-opacity\"\/>\n\n\n\n<h3 class=\"wp-block-heading\">Pristanak<\/h3>\n\n\n\n<p>Daljnje kori\u0161tenje Nerdzilla web stranice smatrat \u0107e se prihva\u0107anjem ovih Pravila o privatnosti.<\/p>\n\n\n\n<hr class=\"wp-block-separator has-alpha-channel-opacity\"\/>\n\n\n\n<h3 class=\"wp-block-heading\">Kontakt<\/h3>\n\n\n\n<p>Ako imate bilo kakvih pitanja o ovim Pravilima o privatnosti ili o tome kako postupamo s korisni\u010dkim podacima, kontaktirajte nas putem e-po\u0161te:<\/p>\n\n\n\n<p><strong><a>kontakt@nerdzilla.com.br<\/a><\/strong><\/p>","protected":false},"excerpt":{"rendered":"<p>A sua privacidade \u00e9 importante para n\u00f3s. \u00c9 pol\u00edtica do Nerdzilla respeitar a sua privacidade em rela\u00e7\u00e3o a qualquer informa\u00e7\u00e3o que possamos coletar no site Nerdzilla. O Nerdzilla \u00e9 um site de car\u00e1ter informativo e editorial, dedicado \u00e0 publica\u00e7\u00e3o de an\u00e1lises, guias e recomenda\u00e7\u00f5es sobre aplicativos, tecnologia e ferramentas digitais. N\u00e3o comercializamos produtos ou servi\u00e7os [&hellip;]<\/p>","protected":false},"author":3,"featured_media":0,"parent":0,"menu_order":0,"comment_status":"closed","ping_status":"closed","template":"","meta":{"footnotes":""},"class_list":["post-882","page","type-page","status-publish"],"_links":{"self":[{"href":"https:\/\/nerdzilla.com.br\/hr\/wp-json\/wp\/v2\/pages\/882","targetHints":{"allow":["GET"]}}],"collection":[{"href":"https:\/\/nerdzilla.com.br\/hr\/wp-json\/wp\/v2\/pages"}],"about":[{"href":"https:\/\/nerdzilla.com.br\/hr\/wp-json\/wp\/v2\/types\/page"}],"author":[{"embeddable":true,"href":"https:\/\/nerdzilla.com.br\/hr\/wp-json\/wp\/v2\/users\/3"}],"replies":[{"embeddable":true,"href":"https:\/\/nerdzilla.com.br\/hr\/wp-json\/wp\/v2\/comments?post=882"}],"version-history":[{"count":5,"href":"https:\/\/nerdzilla.com.br\/hr\/wp-json\/wp\/v2\/pages\/882\/revisions"}],"predecessor-version":[{"id":5555,"href":"https:\/\/nerdzilla.com.br\/hr\/wp-json\/wp\/v2\/pages\/882\/revisions\/5555"}],"wp:attachment":[{"href":"https:\/\/nerdzilla.com.br\/hr\/wp-json\/wp\/v2\/media?parent=882"}],"curies":[{"name":"wp","href":"https:\/\/api.w.org\/{rel}","templated":true}]}}