{"id":882,"date":"2023-03-15T13:30:03","date_gmt":"2023-03-15T13:30:03","guid":{"rendered":"https:\/\/nerdzilla.com.br\/?page_id=882"},"modified":"2026-01-28T06:35:22","modified_gmt":"2026-01-28T06:35:22","slug":"%e0%a4%97%e0%a5%8b%e0%a4%aa%e0%a4%a8%e0%a5%80%e0%a4%af%e0%a4%a4%e0%a4%be-%e0%a4%a8%e0%a5%80%e0%a4%a4%e0%a4%bf-2","status":"publish","type":"page","link":"https:\/\/nerdzilla.com.br\/hi\/%e0%a4%97%e0%a5%8b%e0%a4%aa%e0%a4%a8%e0%a5%80%e0%a4%af%e0%a4%a4%e0%a4%be-%e0%a4%a8%e0%a5%80%e0%a4%a4%e0%a4%bf-2\/","title":{"rendered":"\u0917\u094b\u092a\u0928\u0940\u092f\u0924\u093e \u0928\u0940\u0924\u093f"},"content":{"rendered":"<p>\u0906\u092a\u0915\u0940 \u0917\u094b\u092a\u0928\u0940\u092f\u0924\u093e \u0939\u092e\u093e\u0930\u0947 \u0932\u093f\u090f \u092e\u0939\u0924\u094d\u0935\u092a\u0942\u0930\u094d\u0923 \u0939\u0948\u0964 \u092f\u0939 \u0939\u092e\u093e\u0930\u0940 \u0928\u0940\u0924\u093f \u0939\u0948\u0964 <strong>Nerdzilla<\/strong> \u0939\u092e Nerdzilla \u0935\u0947\u092c\u0938\u093e\u0907\u091f \u092a\u0930 \u090f\u0915\u0924\u094d\u0930\u093f\u0924 \u0915\u0940 \u091c\u093e\u0928\u0947 \u0935\u093e\u0932\u0940 \u0915\u093f\u0938\u0940 \u092d\u0940 \u091c\u093e\u0928\u0915\u093e\u0930\u0940 \u0915\u0947 \u0938\u0902\u092c\u0902\u0927 \u092e\u0947\u0902 \u0906\u092a\u0915\u0940 \u0917\u094b\u092a\u0928\u0940\u092f\u0924\u093e \u0915\u093e \u0938\u092e\u094d\u092e\u093e\u0928 \u0915\u0930\u0947\u0902\u0917\u0947\u0964<\/p>\n\n\n\n<p>\u0928\u0930\u094d\u0921\u091c\u093c\u093f\u0932\u093e \u090f\u0915 \u0935\u093f\u0936\u093f\u0937\u094d\u091f \u092a\u094d\u0930\u0915\u093e\u0930 \u0915\u0940 \u0935\u0947\u092c\u0938\u093e\u0907\u091f \u0939\u0948\u0964 <strong>\u0938\u0942\u091a\u0928\u093e\u0924\u094d\u092e\u0915 \u0914\u0930 \u0938\u0902\u092a\u093e\u0926\u0915\u0940\u092f<\/strong>\u092f\u0939 \u0938\u093e\u0907\u091f \u0910\u092a\u094d\u0938, \u092a\u094d\u0930\u094c\u0926\u094d\u092f\u094b\u0917\u093f\u0915\u0940 \u0914\u0930 \u0921\u093f\u091c\u093f\u091f\u0932 \u0909\u092a\u0915\u0930\u0923\u094b\u0902 \u092a\u0930 \u0938\u092e\u0940\u0915\u094d\u0937\u093e\u090f\u0902, \u0917\u093e\u0907\u0921 \u0914\u0930 \u0905\u0928\u0941\u0936\u0902\u0938\u093e\u090f\u0902 \u092a\u094d\u0930\u0915\u093e\u0936\u093f\u0924 \u0915\u0930\u0928\u0947 \u0915\u0947 \u0932\u093f\u090f \u0938\u092e\u0930\u094d\u092a\u093f\u0924 \u0939\u0948\u0964 \u0939\u092e \u0907\u0938 \u0935\u0947\u092c\u0938\u093e\u0907\u091f \u0915\u0947 \u092e\u093e\u0927\u094d\u092f\u092e \u0938\u0947 \u0938\u0940\u0927\u0947 \u0909\u0924\u094d\u092a\u093e\u0926 \u092f\u093e \u0938\u0947\u0935\u093e\u090f\u0902 \u0928\u0939\u0940\u0902 \u092c\u0947\u091a\u0924\u0947 \u0939\u0948\u0902\u0964<\/p>\n\n\n\n<hr class=\"wp-block-separator has-alpha-channel-opacity\"\/>\n\n\n\n<h3 class=\"wp-block-heading\">\u091c\u093e\u0928\u0915\u093e\u0930\u0940 \u090f\u0915\u091f\u094d\u091f\u093e \u0915\u0930\u0928\u093e<\/h3>\n\n\n\n<p>\u0939\u092e \u0906\u092a\u0938\u0947 \u0935\u094d\u092f\u0915\u094d\u0924\u093f\u0917\u0924 \u091c\u093e\u0928\u0915\u093e\u0930\u0940 \u0924\u092d\u0940 \u092e\u093e\u0902\u0917\u0924\u0947 \u0939\u0948\u0902 \u091c\u092c \u092f\u0939 \u0935\u093e\u0938\u094d\u0924\u0935 \u092e\u0947\u0902 \u0906\u0935\u0936\u094d\u092f\u0915 \u0939\u094b, \u091c\u0948\u0938\u0947 \u0915\u093f \u0908\u092e\u0947\u0932 \u0915\u0947 \u092e\u093e\u0927\u094d\u092f\u092e \u0938\u0947 \u092f\u093e \u0935\u0947\u092c\u0938\u093e\u0907\u091f \u092a\u0930 \u0909\u092a\u0932\u092c\u094d\u0927 \u092b\u0949\u0930\u094d\u092e \u0915\u0947 \u092e\u093e\u0927\u094d\u092f\u092e \u0938\u0947 \u0906\u092a\u0938\u0947 \u0938\u0902\u092a\u0930\u094d\u0915 \u0915\u0930\u0928\u093e\u0964 \u092f\u0939 \u091c\u093e\u0928\u0915\u093e\u0930\u0940 \u0909\u092a\u092f\u094b\u0917\u0915\u0930\u094d\u0924\u093e \u0915\u0940 \u091c\u093e\u0928\u0915\u093e\u0930\u0940 \u0914\u0930 \u0938\u0939\u092e\u0924\u093f \u0938\u0947 \u0928\u093f\u0937\u094d\u092a\u0915\u094d\u0937 \u0914\u0930 \u0915\u093e\u0928\u0942\u0928\u0940 \u0930\u0942\u092a \u0938\u0947 \u090f\u0915\u0924\u094d\u0930 \u0915\u0940 \u091c\u093e\u0924\u0940 \u0939\u0948\u0964<\/p>\n\n\n\n<p>\u090f\u0915\u0924\u094d\u0930\u093f\u0924 \u0915\u0940 \u0917\u0908 \u091c\u093e\u0928\u0915\u093e\u0930\u0940 \u092e\u0947\u0902, \u0909\u0926\u093e\u0939\u0930\u0923 \u0915\u0947 \u0932\u093f\u090f, \u0928\u093e\u092e \u0914\u0930 \u0908\u092e\u0947\u0932 \u092a\u0924\u093e \u0936\u093e\u092e\u093f\u0932 \u0939\u094b \u0938\u0915\u0924\u093e \u0939\u0948, \u091c\u093f\u0938\u0915\u093e \u0909\u092a\u092f\u094b\u0917 \u0915\u0947\u0935\u0932 \u092a\u094d\u0930\u0924\u093f\u0915\u094d\u0930\u093f\u092f\u093e \u0926\u0947\u0928\u0947, \u0938\u0902\u0935\u093e\u0926 \u0915\u0930\u0928\u0947 \u092f\u093e \u0938\u0902\u092a\u093e\u0926\u0915\u0940\u092f \u0938\u093e\u092e\u0917\u094d\u0930\u0940 \u092e\u0947\u0902 \u0938\u0941\u0927\u093e\u0930 \u0915\u0930\u0928\u0947 \u0915\u0947 \u0909\u0926\u094d\u0926\u0947\u0936\u094d\u092f \u0938\u0947 \u0915\u093f\u092f\u093e \u091c\u093e\u0924\u093e \u0939\u0948\u0964<\/p>\n\n\n\n<hr class=\"wp-block-separator has-alpha-channel-opacity\"\/>\n\n\n\n<h3 class=\"wp-block-heading\">\u0938\u0942\u091a\u0928\u093e \u0915\u093e \u0909\u092a\u092f\u094b\u0917<\/h3>\n\n\n\n<p>\u090f\u0915\u0924\u094d\u0930\u093f\u0924 \u0915\u0940 \u0917\u0908 \u091c\u093e\u0928\u0915\u093e\u0930\u0940 \u0915\u093e \u0909\u092a\u092f\u094b\u0917 \u0928\u093f\u092e\u094d\u0928\u0932\u093f\u0916\u093f\u0924 \u0909\u0926\u094d\u0926\u0947\u0936\u094d\u092f\u094b\u0902 \u0915\u0947 \u0932\u093f\u090f \u0915\u093f\u092f\u093e \u091c\u093e\u0924\u093e \u0939\u0948:<\/p>\n\n\n\n<ul class=\"wp-block-list\">\n<li>\u0909\u092a\u092f\u094b\u0917\u0915\u0930\u094d\u0924\u093e\u0913\u0902 \u0926\u094d\u0935\u093e\u0930\u093e \u092d\u0947\u091c\u0947 \u0917\u090f \u0938\u0902\u0926\u0947\u0936\u094b\u0902 \u0915\u093e \u0909\u0924\u094d\u0924\u0930 \u0926\u0947\u0928\u093e;<\/li>\n\n\n\n<li>\u092c\u094d\u0930\u093e\u0909\u091c\u093c\u093f\u0902\u0917 \u0905\u0928\u0941\u092d\u0935 \u0915\u094b \u092c\u0947\u0939\u0924\u0930 \u092c\u0928\u093e\u0928\u093e;<\/li>\n\n\n\n<li>\u0938\u093e\u0907\u091f \u0915\u093e \u0909\u092a\u092f\u094b\u0917 \u0915\u093f\u0938 \u092a\u094d\u0930\u0915\u093e\u0930 \u0915\u093f\u092f\u093e \u091c\u093e\u0924\u093e \u0939\u0948, \u0907\u0938\u0947 \u0938\u092e\u0917\u094d\u0930 \u0914\u0930 \u0917\u0941\u092e\u0928\u093e\u092e \u0924\u0930\u0940\u0915\u0947 \u0938\u0947 \u0938\u092e\u091d\u0928\u0947 \u0915\u0947 \u0932\u093f\u090f\u0964<\/li>\n<\/ul>\n\n\n\n<p>\u0939\u092e \u0921\u0947\u091f\u093e \u0915\u093e \u0909\u092a\u092f\u094b\u0917 \u092a\u094d\u0930\u0924\u094d\u092f\u0915\u094d\u0937 \u0935\u094d\u092f\u093e\u0935\u0938\u093e\u092f\u093f\u0915 \u0909\u0926\u094d\u0926\u0947\u0936\u094d\u092f\u094b\u0902 \u0915\u0947 \u0932\u093f\u090f \u0928\u0939\u0940\u0902 \u0915\u0930\u0924\u0947 \u0939\u0948\u0902\u0964<\/p>\n\n\n\n<hr class=\"wp-block-separator has-alpha-channel-opacity\"\/>\n\n\n\n<h3 class=\"wp-block-heading\">\u0921\u0947\u091f\u093e \u0938\u0902\u0917\u094d\u0930\u0939\u0923 \u0914\u0930 \u0938\u0941\u0930\u0915\u094d\u0937\u093e<\/h3>\n\n\n\n<p>\u0939\u092e \u090f\u0915\u0924\u094d\u0930\u093f\u0924 \u091c\u093e\u0928\u0915\u093e\u0930\u0940 \u0915\u094b \u0915\u0947\u0935\u0932 \u0909\u0938 \u0909\u0926\u094d\u0926\u0947\u0936\u094d\u092f \u0915\u0940 \u092a\u0942\u0930\u094d\u0924\u093f \u0915\u0947 \u0932\u093f\u090f \u0906\u0935\u0936\u094d\u092f\u0915 \u0938\u092e\u092f \u0924\u0915 \u0939\u0940 \u0938\u0941\u0930\u0915\u094d\u0937\u093f\u0924 \u0930\u0916\u0924\u0947 \u0939\u0948\u0902 \u091c\u093f\u0938\u0915\u0947 \u0932\u093f\u090f \u0907\u0938\u0947 \u092e\u093e\u0902\u0917\u093e \u0917\u092f\u093e \u0925\u093e\u0964 \u0939\u092e \u0905\u0928\u0927\u093f\u0915\u0943\u0924 \u092a\u0939\u0941\u0902\u091a, \u092a\u094d\u0930\u0915\u091f\u0940\u0915\u0930\u0923, \u092a\u0930\u093f\u0935\u0930\u094d\u0924\u0928 \u092f\u093e \u0935\u093f\u0928\u093e\u0936 \u0938\u0947 \u0921\u0947\u091f\u093e \u0915\u0940 \u0938\u0941\u0930\u0915\u094d\u0937\u093e \u0915\u0947 \u0932\u093f\u090f \u0909\u091a\u093f\u0924 \u0938\u0941\u0930\u0915\u094d\u0937\u093e \u0909\u092a\u093e\u092f \u0905\u092a\u0928\u093e\u0924\u0947 \u0939\u0948\u0902\u0964<\/p>\n\n\n\n<hr class=\"wp-block-separator has-alpha-channel-opacity\"\/>\n\n\n\n<h3 class=\"wp-block-heading\">\u091c\u093e\u0928\u0915\u093e\u0930\u0940 \u0938\u093e\u091d\u093e\u0915\u0930\u0923<\/h3>\n\n\n\n<p>\u0939\u092e \u0935\u094d\u092f\u0915\u094d\u0924\u093f\u0917\u0924 \u0930\u0942\u092a \u0938\u0947 \u092a\u0939\u091a\u093e\u0928 \u092f\u094b\u0917\u094d\u092f \u091c\u093e\u0928\u0915\u093e\u0930\u0940 \u0915\u094b \u0938\u093e\u0930\u094d\u0935\u091c\u0928\u093f\u0915 \u0930\u0942\u092a \u0938\u0947 \u092f\u093e \u0924\u0940\u0938\u0930\u0947 \u092a\u0915\u094d\u0937 \u0915\u0947 \u0938\u093e\u0925 \u0938\u093e\u091d\u093e \u0928\u0939\u0940\u0902 \u0915\u0930\u0924\u0947 \u0939\u0948\u0902, \u0938\u093f\u0935\u093e\u092f \u0924\u092c \u091c\u092c \u0915\u093e\u0928\u0942\u0928 \u0926\u094d\u0935\u093e\u0930\u093e \u0907\u0938\u0915\u0940 \u0906\u0935\u0936\u094d\u092f\u0915\u0924\u093e \u0939\u094b\u0964<\/p>\n\n\n\n<hr class=\"wp-block-separator has-alpha-channel-opacity\"\/>\n\n\n\n<h3 class=\"wp-block-heading\">\u092c\u093e\u0939\u0930\u0940 \u0935\u0947\u092c\u0938\u093e\u0907\u091f\u094b\u0902 \u0915\u0947 \u0932\u093f\u0902\u0915<\/h3>\n\n\n\n<p>Nerdzilla \u092e\u0947\u0902 \u0910\u0938\u0940 \u092c\u093e\u0939\u0930\u0940 \u0935\u0947\u092c\u0938\u093e\u0907\u091f\u094b\u0902 \u0915\u0947 \u0932\u093f\u0902\u0915 \u0939\u094b \u0938\u0915\u0924\u0947 \u0939\u0948\u0902 \u091c\u094b \u0939\u092e\u093e\u0930\u0947 \u0926\u094d\u0935\u093e\u0930\u093e \u0938\u0902\u091a\u093e\u0932\u093f\u0924 \u0928\u0939\u0940\u0902 \u0939\u0948\u0902\u0964 \u0907\u0928 \u0938\u093e\u0907\u091f\u094b\u0902 \u0915\u0940 \u0938\u093e\u092e\u0917\u094d\u0930\u0940 \u0914\u0930 \u0915\u093e\u0930\u094d\u092f\u092a\u094d\u0930\u0923\u093e\u0932\u0940 \u092a\u0930 \u0939\u092e\u093e\u0930\u093e \u0915\u094b\u0908 \u0928\u093f\u092f\u0902\u0924\u094d\u0930\u0923 \u0928\u0939\u0940\u0902 \u0939\u0948 \u0914\u0930 \u0939\u092e \u0909\u0928\u0915\u0940 \u0917\u094b\u092a\u0928\u0940\u092f\u0924\u093e \u0928\u0940\u0924\u093f\u092f\u094b\u0902 \u0915\u0947 \u0932\u093f\u090f \u091c\u093f\u092e\u094d\u092e\u0947\u0926\u093e\u0930 \u0928\u0939\u0940\u0902 \u0939\u0948\u0902\u0964<\/p>\n\n\n\n<hr class=\"wp-block-separator has-alpha-channel-opacity\"\/>\n\n\n\n<h3 class=\"wp-block-heading\">\u0915\u0941\u0915\u0940\u091c\u093c<\/h3>\n\n\n\n<p>Nerdzilla \u0909\u092a\u092f\u094b\u0917\u0915\u0930\u094d\u0924\u093e \u0905\u0928\u0941\u092d\u0935 \u0915\u094b \u092c\u0947\u0939\u0924\u0930 \u092c\u0928\u093e\u0928\u0947 \u0915\u0947 \u0932\u093f\u090f \u0915\u0941\u0915\u0940\u091c\u093c \u0915\u093e \u0909\u092a\u092f\u094b\u0917 \u0915\u0930\u0924\u093e \u0939\u0948\u0964 \u0915\u0941\u0915\u0940\u091c\u093c \u0909\u092a\u092f\u094b\u0917\u0915\u0930\u094d\u0924\u093e \u0915\u0947 \u0921\u093f\u0935\u093e\u0907\u0938 \u092a\u0930 \u0938\u0902\u0917\u094d\u0930\u0939\u0940\u0924 \u091b\u094b\u091f\u0940 \u092b\u093c\u093e\u0907\u0932\u0947\u0902 \u0939\u094b\u0924\u0940 \u0939\u0948\u0902 \u091c\u094b \u0939\u092e\u0947\u0902 \u092f\u0939 \u0938\u092e\u091d\u0928\u0947 \u092e\u0947\u0902 \u092e\u0926\u0926 \u0915\u0930\u0924\u0940 \u0939\u0948\u0902 \u0915\u093f \u0938\u093e\u0907\u091f \u0915\u093e \u0909\u092a\u092f\u094b\u0917 \u0915\u0948\u0938\u0947 \u0915\u093f\u092f\u093e \u091c\u093e\u0924\u093e \u0939\u0948\u0964<\/p>\n\n\n\n<p>\u0909\u092a\u092f\u094b\u0917\u0915\u0930\u094d\u0924\u093e \u0905\u092a\u0928\u0947 \u092c\u094d\u0930\u093e\u0909\u091c\u093c\u0930 \u0915\u0940 \u0938\u0947\u091f\u093f\u0902\u0917 \u092c\u0926\u0932\u0915\u0930 \u0915\u0941\u0915\u0940\u091c\u093c \u0915\u094b \u0905\u0915\u094d\u0937\u092e \u0915\u0930 \u0938\u0915\u0924\u0947 \u0939\u0948\u0902\u0964 \u0939\u093e\u0932\u093e\u0902\u0915\u093f, \u0915\u0941\u0915\u0940\u091c\u093c \u0915\u094b \u0905\u0915\u094d\u0937\u092e \u0915\u0930\u0928\u0947 \u0938\u0947 \u0935\u0947\u092c\u0938\u093e\u0907\u091f \u0915\u0947 \u0915\u0941\u091b \u0939\u093f\u0938\u094d\u0938\u094b\u0902 \u0915\u0940 \u0915\u093e\u0930\u094d\u092f\u0915\u094d\u0937\u092e\u0924\u093e \u092a\u094d\u0930\u092d\u093e\u0935\u093f\u0924 \u0939\u094b \u0938\u0915\u0924\u0940 \u0939\u0948\u0964<\/p>\n\n\n\n<hr class=\"wp-block-separator has-alpha-channel-opacity\"\/>\n\n\n\n<h3 class=\"wp-block-heading\">\u0924\u0943\u0924\u0940\u092f-\u092a\u0915\u094d\u0937 \u0915\u0941\u0915\u0940\u091c\u093c \u0914\u0930 \u0935\u093f\u091c\u094d\u091e\u093e\u092a\u0928<\/h3>\n\n\n\n<p>Nerdzilla \u0924\u0943\u0924\u0940\u092f-\u092a\u0915\u094d\u0937 \u0938\u0947\u0935\u093e\u0913\u0902 \u0915\u093e \u0909\u092a\u092f\u094b\u0917 \u0915\u0930\u0924\u093e \u0939\u0948, \u091c\u0948\u0938\u0947 \u0915\u093f... <strong>\u0917\u0942\u0917\u0932 \u090f\u0928\u093e\u0932\u093f\u091f\u093f\u0915\u094d\u0938<\/strong>\u0935\u0947\u092c\u0938\u093e\u0907\u091f \u091f\u094d\u0930\u0948\u092b\u093f\u0915 \u0914\u0930 \u0909\u092a\u092f\u094b\u0917\u0915\u0930\u094d\u0924\u093e \u0935\u094d\u092f\u0935\u0939\u093e\u0930 \u0915\u093e \u0938\u092e\u0917\u094d\u0930 \u0914\u0930 \u0917\u0941\u092e\u0928\u093e\u092e \u0924\u0930\u0940\u0915\u0947 \u0938\u0947 \u0935\u093f\u0936\u094d\u0932\u0947\u0937\u0923 \u0915\u0930\u0928\u0947 \u0915\u0947 \u0932\u093f\u090f\u0964<\/p>\n\n\n\n<p>\u0939\u092e \u0935\u093f\u091c\u094d\u091e\u093e\u092a\u0928 \u0938\u0947\u0935\u093e\u0913\u0902 \u0915\u093e \u092d\u0940 \u0909\u092a\u092f\u094b\u0917 \u0915\u0930\u0924\u0947 \u0939\u0948\u0902, \u091c\u0948\u0938\u0947 \u0915\u093f <strong>\u0917\u0942\u0917\u0932 \u090f\u0921\u0938\u0947\u0902\u0938<\/strong>\u091c\u094b \u0907\u0938 \u0914\u0930 \u0905\u0928\u094d\u092f \u0935\u0947\u092c\u0938\u093e\u0907\u091f\u094b\u0902 \u092a\u0930 \u0909\u092a\u092f\u094b\u0917\u0915\u0930\u094d\u0924\u093e\u0913\u0902 \u0915\u0940 \u092f\u093e\u0924\u094d\u0930\u093e\u0913\u0902 \u0915\u0947 \u0906\u0927\u093e\u0930 \u092a\u0930 \u092a\u094d\u0930\u093e\u0938\u0902\u0917\u093f\u0915 \u0935\u093f\u091c\u094d\u091e\u093e\u092a\u0928 \u092a\u094d\u0930\u0926\u0930\u094d\u0936\u093f\u0924 \u0915\u0930\u0928\u0947 \u0915\u0947 \u0932\u093f\u090f \u0915\u0941\u0915\u0940\u091c\u093c, \u0935\u0947\u092c \u092c\u0940\u0915\u0928 \u092f\u093e \u0907\u0938\u0940 \u0924\u0930\u0939 \u0915\u0940 \u0924\u0915\u0928\u0940\u0915\u094b\u0902 \u0915\u093e \u0909\u092a\u092f\u094b\u0917 \u0915\u0930 \u0938\u0915\u0924\u093e \u0939\u0948\u0964<\/p>\n\n\n\n<p>\u0917\u0942\u0917\u0932 \u0915\u0941\u0915\u0940 \u0915\u093e \u0909\u092a\u092f\u094b\u0917 \u0915\u0930 \u0938\u0915\u0924\u093e \u0939\u0948\u0964 <strong>\u0921\u092c\u0932\u0915\u094d\u0932\u093f\u0915 \u0921\u093e\u0930\u094d\u091f<\/strong>\u092f\u0939 \u0915\u0941\u0915\u0940 \u0939\u092e\u0947\u0902 \u0909\u092a\u092f\u094b\u0917\u0915\u0930\u094d\u0924\u093e\u0913\u0902 \u0915\u094b \u0909\u0928\u0915\u0940 \u092a\u093f\u091b\u0932\u0940 \u0935\u093f\u091c\u093c\u093f\u091f \u0915\u0947 \u0906\u0927\u093e\u0930 \u092a\u0930 \u0935\u093f\u091c\u094d\u091e\u093e\u092a\u0928 \u0926\u093f\u0916\u093e\u0928\u0947 \u0915\u0940 \u0905\u0928\u0941\u092e\u0924\u093f \u0926\u0947\u0924\u0940 \u0939\u0948\u0964 \u0909\u092a\u092f\u094b\u0917\u0915\u0930\u094d\u0924\u093e \u0905\u092a\u0928\u0940 Google \u0935\u093f\u091c\u094d\u091e\u093e\u092a\u0928 \u0938\u0947\u091f\u093f\u0902\u0917 \u092e\u0947\u0902 \u091c\u093e\u0915\u0930 \u0907\u0938 \u0915\u0941\u0915\u0940 \u0915\u093e \u0909\u092a\u092f\u094b\u0917 \u092c\u0902\u0926 \u0915\u0930 \u0938\u0915\u0924\u0947 \u0939\u0948\u0902\u0964<\/p>\n\n\n\n<hr class=\"wp-block-separator has-alpha-channel-opacity\"\/>\n\n\n\n<h3 class=\"wp-block-heading\">\u0909\u092a\u092f\u094b\u0917\u0915\u0930\u094d\u0924\u093e \u092a\u094d\u0930\u0924\u093f\u092c\u0926\u094d\u0927\u0924\u093e<\/h3>\n\n\n\n<p>\u0909\u092a\u092f\u094b\u0917\u0915\u0930\u094d\u0924\u093e \u0928\u0930\u094d\u0921\u091c\u093c\u093f\u0932\u093e \u0926\u094d\u0935\u093e\u0930\u093e \u092a\u094d\u0930\u0926\u093e\u0928 \u0915\u0940 \u0917\u0908 \u0938\u093e\u092e\u0917\u094d\u0930\u0940 \u0914\u0930 \u091c\u093e\u0928\u0915\u093e\u0930\u0940 \u0915\u093e \u0909\u091a\u093f\u0924 \u0909\u092a\u092f\u094b\u0917 \u0915\u0930\u0928\u0947 \u0915\u0947 \u0932\u093f\u090f \u0938\u0939\u092e\u0924 \u0939\u0948, \u0914\u0930 \u092f\u0939 \u092a\u094d\u0930\u0924\u093f\u092c\u0926\u094d\u0927\u0924\u093e \u091c\u0924\u093e\u0924\u093e \u0939\u0948 \u0915\u093f \u0935\u0939 \u0928\u093f\u092e\u094d\u0928\u0932\u093f\u0916\u093f\u0924 \u0915\u093e\u0930\u094d\u092f \u0928\u0939\u0940\u0902 \u0915\u0930\u0947\u0917\u093e:<\/p>\n\n\n\n<ul class=\"wp-block-list\">\n<li>\u0905\u0935\u0948\u0927 \u0917\u0924\u093f\u0935\u093f\u0927\u093f\u092f\u094b\u0902 \u092f\u093e \u0938\u0926\u094d\u092d\u093e\u0935\u0928\u093e \u0914\u0930 \u0938\u093e\u0930\u094d\u0935\u091c\u0928\u093f\u0915 \u0935\u094d\u092f\u0935\u0938\u094d\u0925\u093e \u0915\u0947 \u0935\u093f\u092a\u0930\u0940\u0924 \u0917\u0924\u093f\u0935\u093f\u0927\u093f\u092f\u094b\u0902 \u0915\u094b \u0905\u0902\u091c\u093e\u092e \u0926\u0947\u0928\u093e;<\/li>\n\n\n\n<li>\u092d\u0947\u0926\u092d\u093e\u0935\u092a\u0942\u0930\u094d\u0923, \u0906\u092a\u0924\u094d\u0924\u093f\u091c\u0928\u0915, \u0905\u0935\u0948\u0927 \u0938\u093e\u092e\u0917\u094d\u0930\u0940 \u092f\u093e \u092e\u093e\u0928\u0935\u093e\u0927\u093f\u0915\u093e\u0930\u094b\u0902 \u0915\u093e \u0909\u0932\u094d\u0932\u0902\u0918\u0928 \u0915\u0930\u0928\u0947 \u0935\u093e\u0932\u0940 \u0938\u093e\u092e\u0917\u094d\u0930\u0940 \u0915\u093e \u092a\u094d\u0930\u0938\u093e\u0930 \u0915\u0930\u0928\u093e;<\/li>\n\n\n\n<li>\u0926\u0941\u0930\u094d\u092d\u093e\u0935\u0928\u093e\u092a\u0942\u0930\u094d\u0923 \u0915\u094b\u0921 \u0921\u093e\u0932\u0915\u0930 \u0928\u0930\u094d\u0921\u091c\u093c\u093f\u0932\u093e \u0915\u0947 \u0938\u093f\u0938\u094d\u091f\u092e \u092f\u093e \u0924\u0943\u0924\u0940\u092f-\u092a\u0915\u094d\u0937 \u0938\u093f\u0938\u094d\u091f\u092e \u0915\u094b \u0928\u0941\u0915\u0938\u093e\u0928 \u092a\u0939\u0941\u0902\u091a\u093e\u0928\u093e\u0964<\/li>\n<\/ul>\n\n\n\n<hr class=\"wp-block-separator has-alpha-channel-opacity\"\/>\n\n\n\n<h3 class=\"wp-block-heading\">\u0938\u0939\u092e\u0924\u093f<\/h3>\n\n\n\n<p>Nerdzilla \u0935\u0947\u092c\u0938\u093e\u0907\u091f \u0915\u093e \u0928\u093f\u0930\u0902\u0924\u0930 \u0909\u092a\u092f\u094b\u0917 \u0907\u0938 \u0917\u094b\u092a\u0928\u0940\u092f\u0924\u093e \u0928\u0940\u0924\u093f \u0915\u0940 \u0938\u094d\u0935\u0940\u0915\u0943\u0924\u093f \u092e\u093e\u0928\u093e \u091c\u093e\u090f\u0917\u093e\u0964<\/p>\n\n\n\n<hr class=\"wp-block-separator has-alpha-channel-opacity\"\/>\n\n\n\n<h3 class=\"wp-block-heading\">\u0938\u0902\u092a\u0930\u094d\u0915<\/h3>\n\n\n\n<p>\u092f\u0926\u093f \u0907\u0938 \u0917\u094b\u092a\u0928\u0940\u092f\u0924\u093e \u0928\u0940\u0924\u093f \u092f\u093e \u0909\u092a\u092f\u094b\u0917\u0915\u0930\u094d\u0924\u093e \u0921\u0947\u091f\u093e \u0915\u094b \u0938\u0902\u092d\u093e\u0932\u0928\u0947 \u0915\u0947 \u0924\u0930\u0940\u0915\u0947 \u0915\u0947 \u092c\u093e\u0930\u0947 \u092e\u0947\u0902 \u0906\u092a\u0915\u0947 \u0915\u094b\u0908 \u092a\u094d\u0930\u0936\u094d\u0928 \u0939\u0948\u0902, \u0924\u094b \u0915\u0943\u092a\u092f\u093e \u0939\u092e\u0947\u0902 \u0908\u092e\u0947\u0932 \u0926\u094d\u0935\u093e\u0930\u093e \u0938\u0902\u092a\u0930\u094d\u0915 \u0915\u0930\u0947\u0902:<\/p>\n\n\n\n<p><strong><a>contato@nerdzilla.com.br<\/a><\/strong><\/p>","protected":false},"excerpt":{"rendered":"<p>A sua privacidade \u00e9 importante para n\u00f3s. \u00c9 pol\u00edtica do Nerdzilla respeitar a sua privacidade em rela\u00e7\u00e3o a qualquer informa\u00e7\u00e3o que possamos coletar no site Nerdzilla. O Nerdzilla \u00e9 um site de car\u00e1ter informativo e editorial, dedicado \u00e0 publica\u00e7\u00e3o de an\u00e1lises, guias e recomenda\u00e7\u00f5es sobre aplicativos, tecnologia e ferramentas digitais. N\u00e3o comercializamos produtos ou servi\u00e7os [&hellip;]<\/p>","protected":false},"author":3,"featured_media":0,"parent":0,"menu_order":0,"comment_status":"closed","ping_status":"closed","template":"","meta":{"footnotes":""},"class_list":["post-882","page","type-page","status-publish"],"_links":{"self":[{"href":"https:\/\/nerdzilla.com.br\/hi\/wp-json\/wp\/v2\/pages\/882","targetHints":{"allow":["GET"]}}],"collection":[{"href":"https:\/\/nerdzilla.com.br\/hi\/wp-json\/wp\/v2\/pages"}],"about":[{"href":"https:\/\/nerdzilla.com.br\/hi\/wp-json\/wp\/v2\/types\/page"}],"author":[{"embeddable":true,"href":"https:\/\/nerdzilla.com.br\/hi\/wp-json\/wp\/v2\/users\/3"}],"replies":[{"embeddable":true,"href":"https:\/\/nerdzilla.com.br\/hi\/wp-json\/wp\/v2\/comments?post=882"}],"version-history":[{"count":5,"href":"https:\/\/nerdzilla.com.br\/hi\/wp-json\/wp\/v2\/pages\/882\/revisions"}],"predecessor-version":[{"id":5555,"href":"https:\/\/nerdzilla.com.br\/hi\/wp-json\/wp\/v2\/pages\/882\/revisions\/5555"}],"wp:attachment":[{"href":"https:\/\/nerdzilla.com.br\/hi\/wp-json\/wp\/v2\/media?parent=882"}],"curies":[{"name":"wp","href":"https:\/\/api.w.org\/{rel}","templated":true}]}}