{"id":880,"date":"2023-03-15T13:25:53","date_gmt":"2023-03-15T13:25:53","guid":{"rendered":"https:\/\/nerdzilla.com.br\/?page_id=880"},"modified":"2026-01-28T06:41:08","modified_gmt":"2026-01-28T06:41:08","slug":"%e0%a4%b9%e0%a4%ae%e0%a4%be%e0%a4%b0%e0%a5%87-%e0%a4%ac%e0%a4%be%e0%a4%b0%e0%a5%87-%e0%a4%ae%e0%a5%87%e0%a4%82","status":"publish","type":"page","link":"https:\/\/nerdzilla.com.br\/hi\/%e0%a4%b9%e0%a4%ae%e0%a4%be%e0%a4%b0%e0%a5%87-%e0%a4%ac%e0%a4%be%e0%a4%b0%e0%a5%87-%e0%a4%ae%e0%a5%87%e0%a4%82\/","title":{"rendered":"\u0939\u092e \u091c\u094b \u0939\u0948\u0902"},"content":{"rendered":"<p>Nerdzilla \u090f\u0915 \u0938\u0942\u091a\u0928\u093e\u0924\u094d\u092e\u0915 \u0935\u0947\u092c\u0938\u093e\u0907\u091f \u0939\u0948 \u091c\u094b \u0921\u093f\u091c\u093f\u091f\u0932 \u090f\u092a\u094d\u0932\u093f\u0915\u0947\u0936\u0928 \u0914\u0930 \u091f\u0942\u0932\u094d\u0938 \u0915\u0947 \u0932\u093f\u090f \u0917\u093e\u0907\u0921, \u0938\u092e\u0940\u0915\u094d\u0937\u093e\u090f\u0902 \u0914\u0930 \u0905\u0928\u0941\u0936\u0902\u0938\u093e\u090f\u0902 \u0924\u0948\u092f\u093e\u0930 \u0915\u0930\u0928\u0947 \u0915\u0947 \u0932\u093f\u090f \u0938\u092e\u0930\u094d\u092a\u093f\u0924 \u0939\u0948\u0964 \u0939\u092e\u093e\u0930\u093e \u0932\u0915\u094d\u0937\u094d\u092f \u0909\u092a\u092f\u094b\u0917\u0915\u0930\u094d\u0924\u093e\u0913\u0902 \u0915\u094b \u0909\u0928\u0915\u0940 \u0926\u0948\u0928\u093f\u0915 \u092a\u094d\u0930\u094c\u0926\u094d\u092f\u094b\u0917\u093f\u0915\u0940 \u0909\u092a\u092f\u094b\u0917 \u0915\u0947 \u092c\u093e\u0930\u0947 \u092e\u0947\u0902 \u0905\u0927\u093f\u0915 \u091c\u093e\u0928\u0915\u093e\u0930\u0940\u092a\u0942\u0930\u094d\u0923 \u0928\u093f\u0930\u094d\u0923\u092f \u0932\u0947\u0928\u0947 \u092e\u0947\u0902 \u092e\u0926\u0926 \u0915\u0930\u0928\u093e \u0939\u0948\u0964<\/p>\n\n\n\n<p>Nerdzilla \u092a\u0930 \u092a\u094d\u0930\u0915\u093e\u0936\u093f\u0924 \u0938\u093e\u092e\u0917\u094d\u0930\u0940 \u0938\u0902\u092a\u093e\u0926\u0915\u0940\u092f, \u0936\u0948\u0915\u094d\u0937\u093f\u0915 \u0914\u0930 \u0938\u0942\u091a\u0928\u093e\u0924\u094d\u092e\u0915 \u0926\u0943\u0937\u094d\u091f\u093f\u0915\u094b\u0923 \u0938\u0947 \u0935\u093f\u0915\u0938\u093f\u0924 \u0915\u0940 \u091c\u093e\u0924\u0940 \u0939\u0948, \u0914\u0930 \u0938\u094d\u092a\u0937\u094d\u091f\u0924\u093e, \u0909\u092a\u092f\u094b\u0917\u093f\u0924\u093e \u0914\u0930 \u0928\u093f\u0930\u0902\u0924\u0930 \u0905\u0926\u094d\u092f\u0924\u0928 \u0915\u0947 \u0932\u093f\u090f \u0939\u092e\u0947\u0936\u093e \u092a\u094d\u0930\u092f\u093e\u0938\u0930\u0924 \u0930\u0939\u0924\u0940 \u0939\u0948\u0964<\/p>\n\n\n\n<p>\u0907\u0938 \u0935\u0947\u092c\u0938\u093e\u0907\u091f \u0915\u093e \u0930\u0916\u0930\u0916\u093e\u0935 \u090f\u0915 \u0938\u094d\u0935\u0924\u0902\u0924\u094d\u0930 \u0938\u0902\u092a\u093e\u0926\u0915\u0940\u092f \u091f\u0940\u092e \u0926\u094d\u0935\u093e\u0930\u093e \u0915\u093f\u092f\u093e \u091c\u093e\u0924\u093e \u0939\u0948, \u091c\u094b \u092a\u094d\u0930\u0915\u093e\u0936\u093f\u0924 \u0938\u093e\u092e\u0917\u094d\u0930\u0940 \u0915\u0947 \u0905\u0928\u0941\u0938\u0902\u0927\u093e\u0928, \u0928\u093f\u0930\u094d\u092e\u093e\u0923 \u0914\u0930 \u0938\u092e\u0940\u0915\u094d\u0937\u093e \u0915\u0947 \u0932\u093f\u090f \u091c\u093f\u092e\u094d\u092e\u0947\u0926\u093e\u0930 \u0939\u0948\u0964<\/p>","protected":false},"excerpt":{"rendered":"<p>O Nerdzilla \u00e9 um site de conte\u00fado informativo dedicado \u00e0 produ\u00e7\u00e3o de guias, an\u00e1lises e recomenda\u00e7\u00f5es de aplicativos e ferramentas digitais. Nosso objetivo \u00e9 ajudar usu\u00e1rios a tomar decis\u00f5es mais conscientes sobre o uso da tecnologia no dia a dia. O conte\u00fado publicado no Nerdzilla \u00e9 desenvolvido com foco editorial, educacional e informativo, buscando sempre [&hellip;]<\/p>","protected":false},"author":3,"featured_media":0,"parent":0,"menu_order":0,"comment_status":"closed","ping_status":"closed","template":"","meta":{"footnotes":""},"class_list":["post-880","page","type-page","status-publish"],"_links":{"self":[{"href":"https:\/\/nerdzilla.com.br\/hi\/wp-json\/wp\/v2\/pages\/880","targetHints":{"allow":["GET"]}}],"collection":[{"href":"https:\/\/nerdzilla.com.br\/hi\/wp-json\/wp\/v2\/pages"}],"about":[{"href":"https:\/\/nerdzilla.com.br\/hi\/wp-json\/wp\/v2\/types\/page"}],"author":[{"embeddable":true,"href":"https:\/\/nerdzilla.com.br\/hi\/wp-json\/wp\/v2\/users\/3"}],"replies":[{"embeddable":true,"href":"https:\/\/nerdzilla.com.br\/hi\/wp-json\/wp\/v2\/comments?post=880"}],"version-history":[{"count":2,"href":"https:\/\/nerdzilla.com.br\/hi\/wp-json\/wp\/v2\/pages\/880\/revisions"}],"predecessor-version":[{"id":5561,"href":"https:\/\/nerdzilla.com.br\/hi\/wp-json\/wp\/v2\/pages\/880\/revisions\/5561"}],"wp:attachment":[{"href":"https:\/\/nerdzilla.com.br\/hi\/wp-json\/wp\/v2\/media?parent=880"}],"curies":[{"name":"wp","href":"https:\/\/api.w.org\/{rel}","templated":true}]}}