{"id":4388,"date":"2024-07-11T06:19:07","date_gmt":"2024-07-11T06:19:07","guid":{"rendered":"https:\/\/nerdzilla.com.br\/?page_id=4388"},"modified":"2026-01-28T06:36:27","modified_gmt":"2026-01-28T06:36:27","slug":"%e0%a4%89%e0%a4%aa%e0%a4%af%e0%a5%8b%e0%a4%97-%e0%a4%95%e0%a5%80-%e0%a4%b6%e0%a4%b0%e0%a5%8d%e0%a4%a4%e0%a5%87%e0%a4%82-2","status":"publish","type":"page","link":"https:\/\/nerdzilla.com.br\/hi\/%e0%a4%89%e0%a4%aa%e0%a4%af%e0%a5%8b%e0%a4%97-%e0%a4%95%e0%a5%80-%e0%a4%b6%e0%a4%b0%e0%a5%8d%e0%a4%a4%e0%a5%87%e0%a4%82-2\/","title":{"rendered":"\u0909\u092a\u092f\u094b\u0917 \u0915\u0940 \u0936\u0930\u094d\u0924\u0947\u0902"},"content":{"rendered":"<p>\u0935\u0947\u092c\u0938\u093e\u0907\u091f \u0924\u0915 \u092a\u0939\u0941\u0901\u091a\u0928\u0947 \u0914\u0930 \u0909\u0938\u0915\u093e \u0909\u092a\u092f\u094b\u0917 \u0915\u0930\u0928\u0947 \u0938\u0947 <strong>Nerdzilla<\/strong>\u0907\u0938 \u0935\u0947\u092c\u0938\u093e\u0907\u091f \u0915\u093e \u0909\u092a\u092f\u094b\u0917 \u0915\u0930\u0915\u0947, \u0906\u092a \u0907\u0928 \u0909\u092a\u092f\u094b\u0917 \u0915\u0940 \u0936\u0930\u094d\u0924\u094b\u0902 \u0938\u0947 \u0938\u0939\u092e\u0924 \u0939\u094b\u0924\u0947 \u0939\u0948\u0902\u0964 \u092f\u0926\u093f \u0906\u092a \u0907\u0928 \u0936\u0930\u094d\u0924\u094b\u0902 \u0915\u0947 \u0915\u093f\u0938\u0940 \u092d\u0940 \u092d\u093e\u0917 \u0938\u0947 \u0938\u0939\u092e\u0924 \u0928\u0939\u0940\u0902 \u0939\u0948\u0902, \u0924\u094b \u0939\u092e \u0906\u092a\u0915\u094b \u0938\u0932\u093e\u0939 \u0926\u0947\u0924\u0947 \u0939\u0948\u0902 \u0915\u093f \u0906\u092a \u0938\u093e\u0907\u091f \u0915\u093e \u0909\u092a\u092f\u094b\u0917 \u0928 \u0915\u0930\u0947\u0902\u0964<\/p>\n\n\n\n<p>\u0928\u0930\u094d\u0921\u091c\u093c\u093f\u0932\u093e \u090f\u0915 \u0935\u093f\u0936\u093f\u0937\u094d\u091f \u092a\u094d\u0930\u0915\u093e\u0930 \u0915\u0940 \u0935\u0947\u092c\u0938\u093e\u0907\u091f \u0939\u0948\u0964 <strong>\u0938\u0942\u091a\u0928\u093e\u0924\u094d\u092e\u0915 \u0914\u0930 \u0938\u0902\u092a\u093e\u0926\u0915\u0940\u092f<\/strong>\u092f\u0939 \u0938\u0902\u0938\u094d\u0925\u093e \u0905\u0928\u0941\u092a\u094d\u0930\u092f\u094b\u0917\u094b\u0902, \u092a\u094d\u0930\u094c\u0926\u094d\u092f\u094b\u0917\u093f\u0915\u0940 \u0914\u0930 \u0921\u093f\u091c\u093f\u091f\u0932 \u0909\u092a\u0915\u0930\u0923\u094b\u0902 \u092a\u0930 \u0935\u093f\u0936\u094d\u0932\u0947\u0937\u0923, \u092e\u093e\u0930\u094d\u0917\u0926\u0930\u094d\u0936\u093f\u0915\u093e\u090f\u0901 \u0914\u0930 \u0905\u0928\u0941\u0936\u0902\u0938\u093e\u090f\u0901 \u092a\u094d\u0930\u0915\u093e\u0936\u093f\u0924 \u0915\u0930\u0928\u0947 \u092a\u0930 \u0915\u0947\u0902\u0926\u094d\u0930\u093f\u0924 \u0939\u0948\u0964<\/p>\n\n\n\n<hr class=\"wp-block-separator has-alpha-channel-opacity\"\/>\n\n\n\n<h3 class=\"wp-block-heading\">\u0938\u093e\u092e\u0917\u094d\u0930\u0940 \u0915\u093e \u0909\u092a\u092f\u094b\u0917<\/h3>\n\n\n\n<p>Nerdzilla \u092a\u0930 \u092a\u094d\u0930\u0915\u093e\u0936\u093f\u0924 \u0938\u092d\u0940 \u0938\u093e\u092e\u0917\u094d\u0930\u0940 \u0915\u0947\u0935\u0932 \u0938\u0942\u091a\u0928\u093e\u0924\u094d\u092e\u0915 \u0909\u0926\u094d\u0926\u0947\u0936\u094d\u092f\u094b\u0902 \u0915\u0947 \u0932\u093f\u090f \u0939\u0948\u0964 <strong>\u091c\u093e\u0928\u0915\u093e\u0930\u0940\u092a\u0942\u0930\u094d\u0923 \u0914\u0930 \u0936\u0948\u0915\u094d\u0937\u093f\u0915<\/strong>\u092f\u0939 \u091c\u093e\u0928\u0915\u093e\u0930\u0940 \u092c\u093f\u0928\u093e \u0915\u093f\u0938\u0940 \u092a\u0942\u0930\u094d\u0935 \u0938\u0942\u091a\u0928\u093e \u0915\u0947 \u0915\u093f\u0938\u0940 \u092d\u0940 \u0938\u092e\u092f \u092c\u0926\u0932\u0940, \u0905\u092a\u0921\u0947\u091f \u0915\u0940 \u092f\u093e \u0939\u091f\u093e\u0908 \u091c\u093e \u0938\u0915\u0924\u0940 \u0939\u0948\u0964<\/p>\n\n\n\n<p>\u0907\u0938 \u0935\u0947\u092c\u0938\u093e\u0907\u091f \u092a\u0930 \u0926\u0940 \u0917\u0908 \u091c\u093e\u0928\u0915\u093e\u0930\u0940 \u0915\u093e \u0909\u092a\u092f\u094b\u0917 \u0915\u0930\u0928\u0947 \u0915\u0940 \u092a\u0942\u0930\u094d\u0923 \u091c\u093f\u092e\u094d\u092e\u0947\u0926\u093e\u0930\u0940 \u0909\u092a\u092f\u094b\u0917\u0915\u0930\u094d\u0924\u093e \u0915\u0940 \u0939\u0948\u0964 \u0928\u0930\u094d\u0921\u091c\u093c\u093f\u0932\u093e \u092a\u094d\u0930\u0915\u093e\u0936\u093f\u0924 \u0938\u093e\u092e\u0917\u094d\u0930\u0940 \u0915\u0947 \u0909\u092a\u092f\u094b\u0917 \u0938\u0947 \u0935\u093f\u0936\u093f\u0937\u094d\u091f \u092a\u0930\u093f\u0923\u093e\u092e\u094b\u0902 \u0915\u0940 \u0917\u093e\u0930\u0902\u091f\u0940 \u0928\u0939\u0940\u0902 \u0926\u0947\u0924\u093e \u0939\u0948\u0964<\/p>\n\n\n\n<hr class=\"wp-block-separator has-alpha-channel-opacity\"\/>\n\n\n\n<h3 class=\"wp-block-heading\">\u092c\u094c\u0926\u094d\u0927\u093f\u0915 \u0938\u0902\u092a\u0926\u093e<\/h3>\n\n\n\n<p>\u091c\u092c \u0924\u0915 \u0905\u0928\u094d\u092f\u0925\u093e \u0907\u0902\u0917\u093f\u0924 \u0928 \u0915\u093f\u092f\u093e \u091c\u093e\u090f, Nerdzilla \u092a\u0930 \u092e\u094c\u091c\u0942\u0926 \u0938\u092d\u0940 \u0938\u093e\u092e\u0917\u094d\u0930\u0940, \u091c\u093f\u0938\u092e\u0947\u0902 \u092a\u093e\u0920, \u091a\u093f\u0924\u094d\u0930, \u0932\u094b\u0917\u094b \u0914\u0930 \u0917\u094d\u0930\u093e\u092b\u093f\u0915 \u0924\u0924\u094d\u0935 \u0936\u093e\u092e\u093f\u0932 \u0939\u0948\u0902, \u0915\u0949\u092a\u0940\u0930\u093e\u0907\u091f \u0926\u094d\u0935\u093e\u0930\u093e \u0938\u0902\u0930\u0915\u094d\u0937\u093f\u0924 \u0939\u0948\u0902\u0964<\/p>\n\n\n\n<p>\u092a\u0942\u0930\u094d\u0935 \u0905\u0928\u0941\u092e\u0924\u093f \u0915\u0947 \u092c\u093f\u0928\u093e \u0938\u093e\u092e\u0917\u094d\u0930\u0940 \u0915\u093e \u092a\u0941\u0928\u0930\u0941\u0924\u094d\u092a\u093e\u0926\u0928, \u0935\u093f\u0924\u0930\u0923 \u092f\u093e \u0938\u0902\u0936\u094b\u0927\u0928 \u0928\u093f\u0937\u093f\u0926\u094d\u0927 \u0939\u0948, \u0938\u093f\u0935\u093e\u092f \u0909\u0928 \u092e\u093e\u092e\u0932\u094b\u0902 \u0915\u0947 \u091c\u094b \u0915\u093e\u0928\u0942\u0928 \u0926\u094d\u0935\u093e\u0930\u093e \u0905\u0928\u0941\u092e\u0924 \u0939\u0948\u0902, \u091c\u0948\u0938\u0947 \u0915\u093f \u0938\u094d\u0930\u094b\u0924 \u0915\u093e \u0909\u091a\u093f\u0924 \u0909\u0932\u094d\u0932\u0947\u0916 \u0915\u0930\u0924\u0947 \u0939\u0941\u090f \u0909\u0926\u094d\u0927\u0930\u0923 \u0926\u0947\u0928\u093e\u0964<\/p>\n\n\n\n<hr class=\"wp-block-separator has-alpha-channel-opacity\"\/>\n\n\n\n<h3 class=\"wp-block-heading\">\u0926\u093e\u092f\u093f\u0924\u094d\u0935 \u0915\u0940 \u0938\u0940\u092e\u093e<\/h3>\n\n\n\n<p>\u0935\u0947\u092c\u0938\u093e\u0907\u091f \u092a\u0930 \u0926\u0940 \u0917\u0908 \u091c\u093e\u0928\u0915\u093e\u0930\u0940 \u0915\u0947 \u0909\u092a\u092f\u094b\u0917 \u092f\u093e \u0909\u092a\u092f\u094b\u0917 \u0915\u0930\u0928\u0947 \u092e\u0947\u0902 \u0905\u0938\u092e\u0930\u094d\u0925\u0924\u093e \u0938\u0947 \u0909\u0924\u094d\u092a\u0928\u094d\u0928 \u0939\u094b\u0928\u0947 \u0935\u093e\u0932\u0940 \u0915\u093f\u0938\u0940 \u092d\u0940 \u092a\u094d\u0930\u0924\u094d\u092f\u0915\u094d\u0937 \u092f\u093e \u0905\u092a\u094d\u0930\u0924\u094d\u092f\u0915\u094d\u0937 \u0915\u094d\u0937\u0924\u093f \u0915\u0947 \u0932\u093f\u090f \u0928\u0930\u094d\u0921\u091c\u093c\u093f\u0932\u093e \u091c\u093f\u092e\u094d\u092e\u0947\u0926\u093e\u0930 \u0928\u0939\u0940\u0902 \u0939\u0948\u0964<\/p>\n\n\n\n<p>\u0939\u092e \u0907\u0938 \u092c\u093e\u0924 \u0915\u0940 \u0917\u093e\u0930\u0902\u091f\u0940 \u0928\u0939\u0940\u0902 \u0926\u0947\u0924\u0947 \u0915\u093f \u0938\u093e\u092e\u0917\u094d\u0930\u0940 \u0939\u092e\u0947\u0936\u093e \u0924\u094d\u0930\u0941\u091f\u093f\u092f\u094b\u0902, \u0930\u0941\u0915\u093e\u0935\u091f\u094b\u0902 \u092f\u093e \u092a\u0941\u0930\u093e\u0928\u0940 \u091c\u093e\u0928\u0915\u093e\u0930\u0940 \u0938\u0947 \u092e\u0941\u0915\u094d\u0924 \u0939\u094b\u0917\u0940, \u0939\u093e\u0932\u093e\u0902\u0915\u093f \u0939\u092e \u091c\u093e\u0928\u0915\u093e\u0930\u0940 \u0915\u094b \u0938\u091f\u0940\u0915 \u0914\u0930 \u0905\u0926\u094d\u092f\u0924\u0928 \u0930\u0916\u0928\u0947 \u0915\u093e \u092a\u094d\u0930\u092f\u093e\u0938 \u0915\u0930\u0924\u0947 \u0939\u0948\u0902\u0964<\/p>\n\n\n\n<hr class=\"wp-block-separator has-alpha-channel-opacity\"\/>\n\n\n\n<h3 class=\"wp-block-heading\">\u092c\u093e\u0939\u0930\u0940 \u0935\u0947\u092c\u0938\u093e\u0907\u091f\u094b\u0902 \u0915\u0947 \u0932\u093f\u0902\u0915<\/h3>\n\n\n\n<p>\u0907\u0938 \u0938\u093e\u0907\u091f \u092a\u0930 \u0924\u0943\u0924\u0940\u092f-\u092a\u0915\u094d\u0937 \u0935\u0947\u092c\u0938\u093e\u0907\u091f\u094b\u0902 \u0915\u0947 \u0932\u093f\u0902\u0915 \u0939\u094b \u0938\u0915\u0924\u0947 \u0939\u0948\u0902\u0964 \u092f\u0947 \u0932\u093f\u0902\u0915 \u0915\u0947\u0935\u0932 \u0909\u092a\u092f\u094b\u0917\u0915\u0930\u094d\u0924\u093e \u0915\u0940 \u0938\u0941\u0935\u093f\u0927\u093e \u0915\u0947 \u0932\u093f\u090f \u0926\u093f\u090f \u0917\u090f \u0939\u0948\u0902\u0964 \u0928\u0930\u094d\u0921\u091c\u093c\u093f\u0932\u093e \u0915\u093e \u0907\u0928 \u0938\u093e\u0907\u091f\u094b\u0902 \u0915\u0940 \u0938\u093e\u092e\u0917\u094d\u0930\u0940 \u092f\u093e \u0928\u0940\u0924\u093f\u092f\u094b\u0902 \u092a\u0930 \u0915\u094b\u0908 \u0928\u093f\u092f\u0902\u0924\u094d\u0930\u0923 \u0928\u0939\u0940\u0902 \u0939\u0948 \u0914\u0930 \u0928 \u0939\u0940 \u0935\u0939 \u0909\u0928\u0915\u0947 \u0924\u094c\u0930-\u0924\u0930\u0940\u0915\u094b\u0902 \u0915\u0947 \u0932\u093f\u090f \u091c\u093c\u093f\u092e\u094d\u092e\u0947\u0926\u093e\u0930 \u0939\u0948\u0964<\/p>\n\n\n\n<hr class=\"wp-block-separator has-alpha-channel-opacity\"\/>\n\n\n\n<h3 class=\"wp-block-heading\">\u0909\u092a\u092f\u094b\u0917\u0915\u0930\u094d\u0924\u093e \u0906\u091a\u0930\u0923<\/h3>\n\n\n\n<p>Nerdzilla \u0915\u093e \u0909\u092a\u092f\u094b\u0917 \u0915\u0930\u0915\u0947, \u0909\u092a\u092f\u094b\u0917\u0915\u0930\u094d\u0924\u093e \u0928\u093f\u092e\u094d\u0928\u0932\u093f\u0916\u093f\u0924 \u092c\u093e\u0924\u094b\u0902 \u0938\u0947 \u0938\u0939\u092e\u0924 \u0939\u094b\u0924\u093e \u0939\u0948:<\/p>\n\n\n\n<ul class=\"wp-block-list\">\n<li>\u0907\u0938 \u0938\u093e\u0907\u091f \u0915\u093e \u0909\u092a\u092f\u094b\u0917 \u0905\u0935\u0948\u0927 \u0909\u0926\u094d\u0926\u0947\u0936\u094d\u092f\u094b\u0902 \u092f\u093e \u0935\u0930\u094d\u0924\u092e\u093e\u0928 \u0915\u093e\u0928\u0942\u0928 \u0915\u093e \u0909\u0932\u094d\u0932\u0902\u0918\u0928 \u0915\u0930\u0928\u0947 \u0935\u093e\u0932\u0947 \u0909\u0926\u094d\u0926\u0947\u0936\u094d\u092f\u094b\u0902 \u0915\u0947 \u0932\u093f\u090f \u0928 \u0915\u0930\u0947\u0902;<\/li>\n\n\n\n<li>\u0906\u092a\u0924\u094d\u0924\u093f\u091c\u0928\u0915, \u092d\u0947\u0926\u092d\u093e\u0935\u092a\u0942\u0930\u094d\u0923 \u092f\u093e \u0905\u0935\u0948\u0927 \u0938\u093e\u092e\u0917\u094d\u0930\u0940 \u092a\u094d\u0930\u0915\u093e\u0936\u093f\u0924 \u092f\u093e \u092a\u094d\u0930\u0938\u093e\u0930\u093f\u0924 \u0928 \u0915\u0930\u0947\u0902;<\/li>\n\n\n\n<li>\u0938\u093e\u0907\u091f \u0915\u0940 \u0938\u0941\u0930\u0915\u094d\u0937\u093e, \u0905\u0916\u0902\u0921\u0924\u093e \u092f\u093e \u0915\u093e\u0930\u094d\u092f\u0915\u094d\u0937\u092e\u0924\u093e \u0938\u0947 \u0938\u092e\u091d\u094c\u0924\u093e \u0915\u0930\u0928\u0947 \u0915\u093e \u092a\u094d\u0930\u092f\u093e\u0938 \u0928 \u0915\u0930\u0947\u0902\u0964<\/li>\n<\/ul>\n\n\n\n<hr class=\"wp-block-separator has-alpha-channel-opacity\"\/>\n\n\n\n<h3 class=\"wp-block-heading\">\u0936\u0930\u094d\u0924\u094b\u0902 \u092e\u0947\u0902 \u092a\u0930\u093f\u0935\u0930\u094d\u0924\u0928<\/h3>\n\n\n\n<p>Nerdzilla \u0938\u092e\u092f-\u0938\u092e\u092f \u092a\u0930 \u0907\u0928 \u0909\u092a\u092f\u094b\u0917 \u0915\u0940 \u0936\u0930\u094d\u0924\u094b\u0902 \u0915\u094b \u0905\u092a\u0921\u0947\u091f \u0915\u0930 \u0938\u0915\u0924\u093e \u0939\u0948\u0964 \u0909\u092a\u092f\u094b\u0917\u0915\u0930\u094d\u0924\u093e\u0913\u0902 \u0915\u094b \u0938\u0932\u093e\u0939 \u0926\u0940 \u091c\u093e\u0924\u0940 \u0939\u0948 \u0915\u093f \u0935\u0947 \u0915\u093f\u0938\u0940 \u092d\u0940 \u092c\u0926\u0932\u093e\u0935 \u0915\u0940 \u091c\u093e\u0928\u0915\u093e\u0930\u0940 \u0915\u0947 \u0932\u093f\u090f \u0907\u0938 \u092a\u0943\u0937\u094d\u0920 \u0915\u0940 \u0928\u093f\u092f\u092e\u093f\u0924 \u0930\u0942\u092a \u0938\u0947 \u0938\u092e\u0940\u0915\u094d\u0937\u093e \u0915\u0930\u0947\u0902\u0964<\/p>\n\n\n\n<hr class=\"wp-block-separator has-alpha-channel-opacity\"\/>\n\n\n\n<h3 class=\"wp-block-heading\">\u0938\u0902\u092a\u0930\u094d\u0915<\/h3>\n\n\n\n<p>\u092f\u0926\u093f \u0907\u0928 \u0909\u092a\u092f\u094b\u0917 \u0915\u0940 \u0936\u0930\u094d\u0924\u094b\u0902 \u0915\u0947 \u092c\u093e\u0930\u0947 \u092e\u0947\u0902 \u0906\u092a\u0915\u0947 \u0915\u094b\u0908 \u092a\u094d\u0930\u0936\u094d\u0928 \u0939\u0948\u0902, \u0924\u094b \u0915\u0943\u092a\u092f\u093e \u0939\u092e\u0947\u0902 \u0908\u092e\u0947\u0932 \u0926\u094d\u0935\u093e\u0930\u093e \u0938\u0902\u092a\u0930\u094d\u0915 \u0915\u0930\u0947\u0902:<\/p>\n\n\n\n<p><strong><a>contato@nerdzilla.com.br<\/a><\/strong><\/p>","protected":false},"excerpt":{"rendered":"<p>Ao acessar e utilizar o site Nerdzilla, voc\u00ea concorda com os presentes Termos de Uso. Caso n\u00e3o concorde com qualquer parte destes termos, recomendamos que n\u00e3o utilize o site. O Nerdzilla \u00e9 um site de car\u00e1ter informativo e editorial, voltado \u00e0 publica\u00e7\u00e3o de an\u00e1lises, guias e recomenda\u00e7\u00f5es sobre aplicativos, tecnologia e ferramentas digitais. Uso do [&hellip;]<\/p>","protected":false},"author":3,"featured_media":0,"parent":0,"menu_order":0,"comment_status":"closed","ping_status":"closed","template":"","meta":{"footnotes":""},"class_list":["post-4388","page","type-page","status-publish"],"_links":{"self":[{"href":"https:\/\/nerdzilla.com.br\/hi\/wp-json\/wp\/v2\/pages\/4388","targetHints":{"allow":["GET"]}}],"collection":[{"href":"https:\/\/nerdzilla.com.br\/hi\/wp-json\/wp\/v2\/pages"}],"about":[{"href":"https:\/\/nerdzilla.com.br\/hi\/wp-json\/wp\/v2\/types\/page"}],"author":[{"embeddable":true,"href":"https:\/\/nerdzilla.com.br\/hi\/wp-json\/wp\/v2\/users\/3"}],"replies":[{"embeddable":true,"href":"https:\/\/nerdzilla.com.br\/hi\/wp-json\/wp\/v2\/comments?post=4388"}],"version-history":[{"count":3,"href":"https:\/\/nerdzilla.com.br\/hi\/wp-json\/wp\/v2\/pages\/4388\/revisions"}],"predecessor-version":[{"id":5557,"href":"https:\/\/nerdzilla.com.br\/hi\/wp-json\/wp\/v2\/pages\/4388\/revisions\/5557"}],"wp:attachment":[{"href":"https:\/\/nerdzilla.com.br\/hi\/wp-json\/wp\/v2\/media?parent=4388"}],"curies":[{"name":"wp","href":"https:\/\/api.w.org\/{rel}","templated":true}]}}