{"id":882,"date":"2023-03-15T13:30:03","date_gmt":"2023-03-15T13:30:03","guid":{"rendered":"https:\/\/nerdzilla.com.br\/?page_id=882"},"modified":"2026-01-28T06:35:22","modified_gmt":"2026-01-28T06:35:22","slug":"%d7%9e%d7%93%d7%99%d7%a0%d7%99%d7%95%d7%aa-%d7%94%d7%a4%d7%a8%d7%98%d7%99%d7%95%d7%aa-2","status":"publish","type":"page","link":"https:\/\/nerdzilla.com.br\/he\/%d7%9e%d7%93%d7%99%d7%a0%d7%99%d7%95%d7%aa-%d7%94%d7%a4%d7%a8%d7%98%d7%99%d7%95%d7%aa-2\/","title":{"rendered":"\u05de\u05d3\u05d9\u05e0\u05d9\u05d5\u05ea \u05d4\u05e4\u05e8\u05d8\u05d9\u05d5\u05ea"},"content":{"rendered":"<p>\u05d4\u05e4\u05e8\u05d8\u05d9\u05d5\u05ea \u05e9\u05dc\u05da \u05d7\u05e9\u05d5\u05d1\u05d4 \u05dc\u05e0\u05d5. \u05d6\u05d5\u05d4\u05d9 \u05d4\u05de\u05d3\u05d9\u05e0\u05d9\u05d5\u05ea \u05e9\u05dc\u05e0\u05d5. <strong>\u05e0\u05e8\u05d3\u05d6\u05d9\u05dc\u05d4<\/strong> \u05d0\u05e0\u05d5 \u05e0\u05db\u05d1\u05d3 \u05d0\u05ea \u05e4\u05e8\u05d8\u05d9\u05d5\u05ea\u05da \u05d1\u05e0\u05d5\u05d2\u05e2 \u05dc\u05db\u05dc \u05de\u05d9\u05d3\u05e2 \u05e9\u05d0\u05e0\u05d5 \u05e2\u05e9\u05d5\u05d9\u05d9\u05dd \u05dc\u05d0\u05e1\u05d5\u05e3 \u05d1\u05d0\u05ea\u05e8 \u05d4\u05d0\u05d9\u05e0\u05d8\u05e8\u05e0\u05d8 \u05e9\u05dc Nerdzilla.<\/p>\n\n\n\n<p>Nerdzilla \u05d4\u05d5\u05d0 \u05d0\u05ea\u05e8 \u05d0\u05d9\u05e0\u05d8\u05e8\u05e0\u05d8 \u05d1\u05e2\u05dc \u05d0\u05d5\u05e4\u05d9 \u05de\u05e1\u05d5\u05d9\u05dd. <strong>\u05d0\u05d9\u05e0\u05e4\u05d5\u05e8\u05de\u05d8\u05d9\u05d1\u05d9 \u05d5\u05e2\u05e8\u05d9\u05db\u05d4<\/strong>\u05d0\u05ea\u05e8 \u05d6\u05d4 \u05de\u05d5\u05e7\u05d3\u05e9 \u05dc\u05e4\u05e8\u05e1\u05d5\u05dd \u05d1\u05d9\u05e7\u05d5\u05e8\u05d5\u05ea, \u05de\u05d3\u05e8\u05d9\u05db\u05d9\u05dd \u05d5\u05d4\u05de\u05dc\u05e6\u05d5\u05ea \u05e2\u05dc \u05d0\u05e4\u05dc\u05d9\u05e7\u05e6\u05d9\u05d5\u05ea, \u05d8\u05db\u05e0\u05d5\u05dc\u05d5\u05d2\u05d9\u05d4 \u05d5\u05db\u05dc\u05d9\u05dd \u05d3\u05d9\u05d2\u05d9\u05d8\u05dc\u05d9\u05d9\u05dd. \u05d0\u05d9\u05e0\u05e0\u05d5 \u05de\u05d5\u05db\u05e8\u05d9\u05dd \u05de\u05d5\u05e6\u05e8\u05d9\u05dd \u05d0\u05d5 \u05e9\u05d9\u05e8\u05d5\u05ea\u05d9\u05dd \u05d9\u05e9\u05d9\u05e8\u05d5\u05ea \u05d3\u05e8\u05da \u05d0\u05ea\u05e8 \u05d6\u05d4.<\/p>\n\n\n\n<hr class=\"wp-block-separator has-alpha-channel-opacity\"\/>\n\n\n\n<h3 class=\"wp-block-heading\">\u05d0\u05d9\u05e1\u05d5\u05e3 \u05de\u05d9\u05d3\u05e2<\/h3>\n\n\n\n<p>\u05d0\u05e0\u05d5 \u05de\u05d1\u05e7\u05e9\u05d9\u05dd \u05de\u05d9\u05d3\u05e2 \u05d0\u05d9\u05e9\u05d9 \u05e8\u05e7 \u05db\u05d0\u05e9\u05e8 \u05d1\u05d0\u05de\u05ea \u05e0\u05d7\u05d5\u05e5, \u05db\u05d2\u05d5\u05df \u05d1\u05e2\u05ea \u05e4\u05e0\u05d9\u05d9\u05d4 \u05d0\u05dc\u05d9\u05da \u05d1\u05d0\u05de\u05e6\u05e2\u05d5\u05ea \u05d3\u05d5\u05d0&quot;\u05dc \u05d0\u05d5 \u05d1\u05d0\u05de\u05e6\u05e2\u05d5\u05ea \u05d8\u05e4\u05e1\u05d9\u05dd \u05d4\u05d6\u05de\u05d9\u05e0\u05d9\u05dd \u05d1\u05d0\u05ea\u05e8. \u05d4\u05de\u05d9\u05d3\u05e2 \u05e0\u05d0\u05e1\u05e3 \u05d1\u05e6\u05d5\u05e8\u05d4 \u05d4\u05d5\u05d2\u05e0\u05ea \u05d5\u05d7\u05d5\u05e7\u05d9, \u05d1\u05d9\u05d3\u05d9\u05e2\u05ea \u05d4\u05de\u05e9\u05ea\u05de\u05e9 \u05d5\u05d1\u05d4\u05e1\u05db\u05de\u05ea\u05d5.<\/p>\n\n\n\n<p>\u05d4\u05de\u05d9\u05d3\u05e2 \u05e9\u05e0\u05d0\u05e1\u05e3 \u05e2\u05e9\u05d5\u05d9 \u05dc\u05db\u05dc\u05d5\u05dc, \u05dc\u05de\u05e9\u05dc, \u05e9\u05dd \u05d5\u05db\u05ea\u05d5\u05d1\u05ea \u05d3\u05d5\u05d0&quot;\u05dc, \u05d0\u05da \u05d5\u05e8\u05e7 \u05dc\u05de\u05d8\u05e8\u05d5\u05ea \u05ea\u05d2\u05d5\u05d1\u05d4, \u05ea\u05e7\u05e9\u05d5\u05e8\u05ea \u05d0\u05d5 \u05e9\u05d9\u05e4\u05d5\u05e8 \u05ea\u05d5\u05db\u05df \u05e2\u05e8\u05d9\u05db\u05d4.<\/p>\n\n\n\n<hr class=\"wp-block-separator has-alpha-channel-opacity\"\/>\n\n\n\n<h3 class=\"wp-block-heading\">\u05e9\u05d9\u05de\u05d5\u05e9 \u05d1\u05de\u05d9\u05d3\u05e2<\/h3>\n\n\n\n<p>\u05d4\u05de\u05d9\u05d3\u05e2 \u05e9\u05e0\u05d0\u05e1\u05e3 \u05de\u05e9\u05de\u05e9 \u05dc\u05de\u05d8\u05e8\u05d5\u05ea \u05d4\u05d1\u05d0\u05d5\u05ea:<\/p>\n\n\n\n<ul class=\"wp-block-list\">\n<li>\u05de\u05e2\u05e0\u05d4 \u05dc\u05d4\u05d5\u05d3\u05e2\u05d5\u05ea \u05e9\u05e0\u05e9\u05dc\u05d7\u05d5 \u05e2\u05dc \u05d9\u05d3\u05d9 \u05de\u05e9\u05ea\u05de\u05e9\u05d9\u05dd;<\/li>\n\n\n\n<li>\u05dc\u05e9\u05e4\u05e8 \u05d0\u05ea \u05d7\u05d5\u05d5\u05d9\u05d9\u05ea \u05d4\u05d2\u05dc\u05d9\u05e9\u05d4;<\/li>\n\n\n\n<li>\u05db\u05d3\u05d9 \u05dc\u05d4\u05d1\u05d9\u05df \u05db\u05d9\u05e6\u05d3 \u05e0\u05e2\u05e9\u05d4 \u05e9\u05d9\u05de\u05d5\u05e9 \u05d1\u05d0\u05ea\u05e8, \u05d1\u05d0\u05d5\u05e4\u05df \u05de\u05e6\u05d8\u05d1\u05e8 \u05d5\u05d0\u05e0\u05d5\u05e0\u05d9\u05de\u05d9.<\/li>\n<\/ul>\n\n\n\n<p>\u05d0\u05d9\u05e0\u05e0\u05d5 \u05de\u05e9\u05ea\u05de\u05e9\u05d9\u05dd \u05d1\u05e0\u05ea\u05d5\u05e0\u05d9\u05dd \u05dc\u05de\u05d8\u05e8\u05d5\u05ea \u05de\u05e1\u05d7\u05e8\u05d9\u05d5\u05ea \u05d9\u05e9\u05d9\u05e8\u05d5\u05ea.<\/p>\n\n\n\n<hr class=\"wp-block-separator has-alpha-channel-opacity\"\/>\n\n\n\n<h3 class=\"wp-block-heading\">\u05d0\u05d7\u05e1\u05d5\u05df \u05d5\u05d4\u05d2\u05e0\u05d4 \u05e2\u05dc \u05e0\u05ea\u05d5\u05e0\u05d9\u05dd<\/h3>\n\n\n\n<p>\u05d0\u05e0\u05d5 \u05e9\u05d5\u05de\u05e8\u05d9\u05dd \u05d0\u05ea \u05d4\u05de\u05d9\u05d3\u05e2 \u05e9\u05e0\u05d0\u05e1\u05e3 \u05e8\u05e7 \u05db\u05dc \u05e2\u05d5\u05d3 \u05d4\u05d5\u05d0 \u05e0\u05d7\u05d5\u05e5 \u05db\u05d3\u05d9 \u05dc\u05de\u05dc\u05d0 \u05d0\u05ea \u05d4\u05de\u05d8\u05e8\u05d4 \u05e9\u05dc\u05e9\u05de\u05d4 \u05d4\u05d5\u05d0 \u05d4\u05ea\u05d1\u05e7\u05e9. \u05d0\u05e0\u05d5 \u05e0\u05d5\u05e7\u05d8\u05d9\u05dd \u05d1\u05d0\u05de\u05e6\u05e2\u05d9 \u05d0\u05d1\u05d8\u05d7\u05d4 \u05e1\u05d1\u05d9\u05e8\u05d9\u05dd \u05db\u05d3\u05d9 \u05dc\u05d4\u05d2\u05df \u05e2\u05dc \u05d4\u05e0\u05ea\u05d5\u05e0\u05d9\u05dd \u05de\u05e4\u05e0\u05d9 \u05d2\u05d9\u05e9\u05d4 \u05d1\u05dc\u05ea\u05d9 \u05de\u05d5\u05e8\u05e9\u05d9\u05ea, \u05d2\u05d9\u05dc\u05d5\u05d9, \u05e9\u05d9\u05e0\u05d5\u05d9 \u05d0\u05d5 \u05d4\u05e9\u05de\u05d3\u05d4.<\/p>\n\n\n\n<hr class=\"wp-block-separator has-alpha-channel-opacity\"\/>\n\n\n\n<h3 class=\"wp-block-heading\">\u05e9\u05d9\u05ea\u05d5\u05e3 \u05de\u05d9\u05d3\u05e2<\/h3>\n\n\n\n<p>\u05d0\u05d9\u05e0\u05e0\u05d5 \u05de\u05e9\u05ea\u05e4\u05d9\u05dd \u05de\u05d9\u05d3\u05e2 \u05d4\u05de\u05d0\u05e4\u05e9\u05e8 \u05d6\u05d9\u05d4\u05d5\u05d9 \u05d0\u05d9\u05e9\u05d9 \u05d1\u05e4\u05d5\u05de\u05d1\u05d9 \u05d0\u05d5 \u05e2\u05dd \u05e6\u05d3\u05d3\u05d9\u05dd \u05e9\u05dc\u05d9\u05e9\u05d9\u05d9\u05dd, \u05dc\u05de\u05e2\u05d8 \u05db\u05d0\u05e9\u05e8 \u05d4\u05d3\u05d1\u05e8 \u05e0\u05d3\u05e8\u05e9 \u05e2\u05dc \u05e4\u05d9 \u05d7\u05d5\u05e7.<\/p>\n\n\n\n<hr class=\"wp-block-separator has-alpha-channel-opacity\"\/>\n\n\n\n<h3 class=\"wp-block-heading\">\u05e7\u05d9\u05e9\u05d5\u05e8\u05d9\u05dd \u05dc\u05d0\u05ea\u05e8\u05d9\u05dd \u05d7\u05d9\u05e6\u05d5\u05e0\u05d9\u05d9\u05dd<\/h3>\n\n\n\n<p>Nerdzilla \u05e2\u05e9\u05d5\u05d9\u05d4 \u05dc\u05d4\u05db\u05d9\u05dc \u05e7\u05d9\u05e9\u05d5\u05e8\u05d9\u05dd \u05dc\u05d0\u05ea\u05e8\u05d9 \u05d0\u05d9\u05e0\u05d8\u05e8\u05e0\u05d8 \u05d7\u05d9\u05e6\u05d5\u05e0\u05d9\u05d9\u05dd \u05e9\u05d0\u05d9\u05e0\u05dd \u05de\u05d5\u05e4\u05e2\u05dc\u05d9\u05dd \u05e2\u05dc \u05d9\u05d3\u05d9\u05e0\u05d5. \u05d0\u05d9\u05df \u05dc\u05e0\u05d5 \u05e9\u05dc\u05d9\u05d8\u05d4 \u05e2\u05dc \u05d4\u05ea\u05d5\u05db\u05df \u05d5\u05d4\u05e0\u05d4\u05dc\u05d9\u05dd \u05e9\u05dc \u05d0\u05ea\u05e8\u05d9\u05dd \u05d0\u05dc\u05d4 \u05d5\u05d0\u05d9\u05e0\u05e0\u05d5 \u05d0\u05d7\u05e8\u05d0\u05d9\u05dd \u05dc\u05de\u05d3\u05d9\u05e0\u05d9\u05d5\u05ea \u05d4\u05e4\u05e8\u05d8\u05d9\u05d5\u05ea \u05e9\u05dc\u05d4\u05dd.<\/p>\n\n\n\n<hr class=\"wp-block-separator has-alpha-channel-opacity\"\/>\n\n\n\n<h3 class=\"wp-block-heading\">\u05e2\u05d5\u05d2\u05d9\u05d5\u05ea<\/h3>\n\n\n\n<p>Nerdzilla \u05de\u05e9\u05ea\u05de\u05e9\u05ea \u05d1\u05e2\u05d5\u05d2\u05d9\u05d5\u05ea \u05db\u05d3\u05d9 \u05dc\u05e9\u05e4\u05e8 \u05d0\u05ea \u05d7\u05d5\u05d5\u05d9\u05d9\u05ea \u05d4\u05de\u05e9\u05ea\u05de\u05e9. \u05e2\u05d5\u05d2\u05d9\u05d5\u05ea \u05d4\u05df \u05e7\u05d1\u05e6\u05d9\u05dd \u05e7\u05d8\u05e0\u05d9\u05dd \u05d4\u05de\u05d0\u05d5\u05d7\u05e1\u05e0\u05d9\u05dd \u05d1\u05de\u05db\u05e9\u05d9\u05e8 \u05d4\u05de\u05e9\u05ea\u05de\u05e9 \u05d5\u05e2\u05d5\u05d6\u05e8\u05d9\u05dd \u05dc\u05e0\u05d5 \u05dc\u05d4\u05d1\u05d9\u05df \u05db\u05d9\u05e6\u05d3 \u05e0\u05e2\u05e9\u05d4 \u05e9\u05d9\u05de\u05d5\u05e9 \u05d1\u05d0\u05ea\u05e8.<\/p>\n\n\n\n<p>\u05de\u05e9\u05ea\u05de\u05e9\u05d9\u05dd \u05d9\u05db\u05d5\u05dc\u05d9\u05dd \u05dc\u05d4\u05e9\u05d1\u05d9\u05ea \u05e7\u05d5\u05d1\u05e6\u05d9 Cookie \u05e2\u05dc \u05d9\u05d3\u05d9 \u05d4\u05ea\u05d0\u05de\u05ea \u05d4\u05d2\u05d3\u05e8\u05d5\u05ea \u05d4\u05d3\u05e4\u05d3\u05e4\u05df \u05e9\u05dc\u05d4\u05dd. \u05e2\u05dd \u05d6\u05d0\u05ea, \u05d4\u05e9\u05d1\u05ea\u05ea \u05e7\u05d5\u05d1\u05e6\u05d9 Cookie \u05e2\u05e9\u05d5\u05d9\u05d4 \u05dc\u05d4\u05e9\u05e4\u05d9\u05e2 \u05e2\u05dc \u05d4\u05e4\u05d5\u05e0\u05e7\u05e6\u05d9\u05d5\u05e0\u05dc\u05d9\u05d5\u05ea \u05e9\u05dc \u05d7\u05dc\u05e7\u05d9\u05dd \u05de\u05e1\u05d5\u05d9\u05de\u05d9\u05dd \u05d1\u05d0\u05ea\u05e8.<\/p>\n\n\n\n<hr class=\"wp-block-separator has-alpha-channel-opacity\"\/>\n\n\n\n<h3 class=\"wp-block-heading\">\u05e7\u05d5\u05d1\u05e6\u05d9 Cookie \u05d5\u05e4\u05e8\u05e1\u05d5\u05dd \u05e9\u05dc \u05e6\u05d3 \u05e9\u05dc\u05d9\u05e9\u05d9<\/h3>\n\n\n\n<p>Nerdzilla \u05de\u05e9\u05ea\u05de\u05e9\u05ea \u05d1\u05e9\u05d9\u05e8\u05d5\u05ea\u05d9\u05dd \u05e9\u05dc \u05e6\u05d3 \u05e9\u05dc\u05d9\u05e9\u05d9, \u05db\u05d2\u05d5\u05df... <strong>\u05d2\u05d5\u05d2\u05dc \u05e0\u05d9\u05ea\u05d5\u05d7 \u05e0\u05ea\u05d5\u05e0\u05d9\u05dd<\/strong>, \u05db\u05d3\u05d9 \u05dc\u05e0\u05ea\u05d7 \u05d0\u05ea \u05ea\u05e0\u05d5\u05e2\u05ea \u05d4\u05d0\u05ea\u05e8 \u05d5\u05d4\u05ea\u05e0\u05d4\u05d2\u05d5\u05ea \u05d4\u05de\u05e9\u05ea\u05de\u05e9\u05d9\u05dd \u05d1\u05d0\u05d5\u05e4\u05df \u05de\u05e6\u05d8\u05d1\u05e8 \u05d5\u05d0\u05e0\u05d5\u05e0\u05d9\u05de\u05d9.<\/p>\n\n\n\n<p>\u05d0\u05e0\u05d5 \u05de\u05e9\u05ea\u05de\u05e9\u05d9\u05dd \u05d2\u05dd \u05d1\u05e9\u05d9\u05e8\u05d5\u05ea\u05d9 \u05e4\u05e8\u05e1\u05d5\u05dd, \u05db\u05d2\u05d5\u05df <strong>\u05d2\u05d5\u05d2\u05dc \u05d0\u05d3\u05e1\u05e0\u05e1<\/strong>, \u05d0\u05e9\u05e8 \u05e2\u05e9\u05d5\u05d9 \u05dc\u05d4\u05e9\u05ea\u05de\u05e9 \u05d1\u05e7\u05d5\u05d1\u05e6\u05d9 Cookie, \u05de\u05e9\u05d5\u05d0\u05d5\u05ea \u05e8\u05e9\u05ea \u05d0\u05d5 \u05d8\u05db\u05e0\u05d5\u05dc\u05d5\u05d2\u05d9\u05d5\u05ea \u05d3\u05d5\u05de\u05d5\u05ea \u05db\u05d3\u05d9 \u05dc\u05d4\u05e6\u05d9\u05d2 \u05de\u05d5\u05d3\u05e2\u05d5\u05ea \u05e8\u05dc\u05d5\u05d5\u05e0\u05d8\u05d9\u05d5\u05ea \u05e2\u05dc \u05e1\u05de\u05da \u05d1\u05d9\u05e7\u05d5\u05e8\u05d9 \u05d4\u05de\u05e9\u05ea\u05de\u05e9\u05d9\u05dd \u05d1\u05d0\u05ea\u05e8 \u05d6\u05d4 \u05d5\u05d1\u05d0\u05ea\u05e8\u05d9\u05dd \u05d0\u05d7\u05e8\u05d9\u05dd.<\/p>\n\n\n\n<p>\u05d2\u05d5\u05d2\u05dc \u05e2\u05e9\u05d5\u05d9\u05d4 \u05dc\u05d4\u05e9\u05ea\u05de\u05e9 \u05d1\u05e2\u05d5\u05d2\u05d9\u05d9\u05d4. <strong>\u05d3\u05d0\u05d1\u05dc \u05e7\u05dc\u05d9\u05e7 \u05d3\u05d0\u05e8\u05d8<\/strong>\u05e7\u05d5\u05d1\u05e5 Cookie \u05d6\u05d4 \u05de\u05d0\u05e4\u05e9\u05e8 \u05dc\u05e0\u05d5 \u05dc\u05d4\u05e6\u05d9\u05d2 \u05de\u05d5\u05d3\u05e2\u05d5\u05ea \u05dc\u05de\u05e9\u05ea\u05de\u05e9\u05d9\u05dd \u05e2\u05dc \u05e1\u05de\u05da \u05d1\u05d9\u05e7\u05d5\u05e8\u05d9\u05d4\u05dd \u05d4\u05e7\u05d5\u05d3\u05de\u05d9\u05dd. \u05de\u05e9\u05ea\u05de\u05e9\u05d9\u05dd \u05d9\u05db\u05d5\u05dc\u05d9\u05dd \u05dc\u05d4\u05e9\u05d1\u05d9\u05ea \u05d0\u05ea \u05d4\u05e9\u05d9\u05de\u05d5\u05e9 \u05d1\u05e7\u05d5\u05d1\u05e5 Cookie \u05d6\u05d4 \u05e2\u05dc \u05d9\u05d3\u05d9 \u05d2\u05d9\u05e9\u05d4 \u05dc\u05d4\u05d2\u05d3\u05e8\u05d5\u05ea \u05d4\u05de\u05d5\u05d3\u05e2\u05d5\u05ea \u05e9\u05dc \u05d2\u05d5\u05d2\u05dc.<\/p>\n\n\n\n<hr class=\"wp-block-separator has-alpha-channel-opacity\"\/>\n\n\n\n<h3 class=\"wp-block-heading\">\u05de\u05d7\u05d5\u05d9\u05d1\u05d5\u05ea \u05d4\u05de\u05e9\u05ea\u05de\u05e9<\/h3>\n\n\n\n<p>\u05d4\u05de\u05e9\u05ea\u05de\u05e9 \u05de\u05e1\u05db\u05d9\u05dd \u05dc\u05e2\u05e9\u05d5\u05ea \u05e9\u05d9\u05de\u05d5\u05e9 \u05d4\u05d5\u05dc\u05dd \u05d1\u05ea\u05d5\u05db\u05df \u05d5\u05d1\u05de\u05d9\u05d3\u05e2 \u05d4\u05de\u05e1\u05d5\u05e4\u05e7\u05d9\u05dd \u05e2\u05dc \u05d9\u05d3\u05d9 Nerdzilla, \u05d5\u05de\u05ea\u05d7\u05d9\u05d9\u05d1 \u05e9\u05dc\u05d0:<\/p>\n\n\n\n<ul class=\"wp-block-list\">\n<li>\u05dc\u05d1\u05e6\u05e2 \u05e4\u05e2\u05d9\u05dc\u05d5\u05d9\u05d5\u05ea \u05d1\u05dc\u05ea\u05d9 \u05d7\u05d5\u05e7\u05d9\u05d5\u05ea \u05d0\u05d5 \u05e4\u05e2\u05d9\u05dc\u05d5\u05d9\u05d5\u05ea \u05d4\u05de\u05e0\u05d5\u05d2\u05d3\u05d5\u05ea \u05dc\u05ea\u05d5\u05dd \u05dc\u05d1 \u05d5\u05dc\u05e1\u05d3\u05e8 \u05d4\u05e6\u05d9\u05d1\u05d5\u05e8\u05d9;<\/li>\n\n\n\n<li>\u05d4\u05e4\u05e6\u05ea \u05ea\u05d5\u05db\u05df \u05de\u05e4\u05dc\u05d4, \u05e4\u05d5\u05d2\u05e2\u05e0\u05d9, \u05d1\u05dc\u05ea\u05d9 \u05d7\u05d5\u05e7\u05d9 \u05d0\u05d5 \u05ea\u05d5\u05db\u05df \u05d4\u05de\u05e4\u05e8 \u05d6\u05db\u05d5\u05d9\u05d5\u05ea \u05d0\u05d3\u05dd;<\/li>\n\n\n\n<li>\u05dc\u05d2\u05e8\u05d5\u05dd \u05e0\u05d6\u05e7 \u05dc\u05de\u05e2\u05e8\u05db\u05d5\u05ea \u05e9\u05dc Nerdzilla \u05d0\u05d5 \u05dc\u05de\u05e2\u05e8\u05db\u05d5\u05ea \u05e9\u05dc \u05e6\u05d3 \u05e9\u05dc\u05d9\u05e9\u05d9 \u05e2\u05dc \u05d9\u05d3\u05d9 \u05d4\u05d7\u05d3\u05e8\u05ea \u05e7\u05d5\u05d3 \u05d6\u05d3\u05d5\u05e0\u05d9.<\/li>\n<\/ul>\n\n\n\n<hr class=\"wp-block-separator has-alpha-channel-opacity\"\/>\n\n\n\n<h3 class=\"wp-block-heading\">\u05d4\u05b7\u05e1\u05db\u05bc\u05b8\u05de\u05b8\u05d4<\/h3>\n\n\n\n<p>\u05d4\u05de\u05e9\u05da \u05d4\u05e9\u05d9\u05de\u05d5\u05e9 \u05d1\u05d0\u05ea\u05e8 Nerdzilla \u05d9\u05d9\u05d7\u05e9\u05d1 \u05db\u05e7\u05d1\u05dc\u05ea \u05de\u05d3\u05d9\u05e0\u05d9\u05d5\u05ea \u05e4\u05e8\u05d8\u05d9\u05d5\u05ea \u05d6\u05d5.<\/p>\n\n\n\n<hr class=\"wp-block-separator has-alpha-channel-opacity\"\/>\n\n\n\n<h3 class=\"wp-block-heading\">\u05d0\u05d9\u05e9 \u05e7\u05e9\u05e8<\/h3>\n\n\n\n<p>\u05d0\u05dd \u05d9\u05e9 \u05dc\u05db\u05dd \u05e9\u05d0\u05dc\u05d5\u05ea \u05d1\u05e0\u05d5\u05d2\u05e2 \u05dc\u05de\u05d3\u05d9\u05e0\u05d9\u05d5\u05ea \u05e4\u05e8\u05d8\u05d9\u05d5\u05ea \u05d6\u05d5 \u05d0\u05d5 \u05d1\u05e0\u05d5\u05d2\u05e2 \u05dc\u05d0\u05d5\u05e4\u05df \u05d4\u05d8\u05d9\u05e4\u05d5\u05dc \u05e9\u05dc\u05e0\u05d5 \u05d1\u05e0\u05ea\u05d5\u05e0\u05d9 \u05de\u05e9\u05ea\u05de\u05e9\u05d9\u05dd, \u05d0\u05e0\u05d0 \u05e6\u05e8\u05d5 \u05e2\u05de\u05e0\u05d5 \u05e7\u05e9\u05e8 \u05d1\u05d0\u05de\u05e6\u05e2\u05d5\u05ea \u05d3\u05d5\u05d0&quot;\u05dc:<\/p>\n\n\n\n<p><strong><a>contato@nerdzilla.com.br<\/a><\/strong><\/p>","protected":false},"excerpt":{"rendered":"<p>A sua privacidade \u00e9 importante para n\u00f3s. \u00c9 pol\u00edtica do Nerdzilla respeitar a sua privacidade em rela\u00e7\u00e3o a qualquer informa\u00e7\u00e3o que possamos coletar no site Nerdzilla. O Nerdzilla \u00e9 um site de car\u00e1ter informativo e editorial, dedicado \u00e0 publica\u00e7\u00e3o de an\u00e1lises, guias e recomenda\u00e7\u00f5es sobre aplicativos, tecnologia e ferramentas digitais. N\u00e3o comercializamos produtos ou servi\u00e7os [&hellip;]<\/p>","protected":false},"author":3,"featured_media":0,"parent":0,"menu_order":0,"comment_status":"closed","ping_status":"closed","template":"","meta":{"footnotes":""},"class_list":["post-882","page","type-page","status-publish"],"_links":{"self":[{"href":"https:\/\/nerdzilla.com.br\/he\/wp-json\/wp\/v2\/pages\/882","targetHints":{"allow":["GET"]}}],"collection":[{"href":"https:\/\/nerdzilla.com.br\/he\/wp-json\/wp\/v2\/pages"}],"about":[{"href":"https:\/\/nerdzilla.com.br\/he\/wp-json\/wp\/v2\/types\/page"}],"author":[{"embeddable":true,"href":"https:\/\/nerdzilla.com.br\/he\/wp-json\/wp\/v2\/users\/3"}],"replies":[{"embeddable":true,"href":"https:\/\/nerdzilla.com.br\/he\/wp-json\/wp\/v2\/comments?post=882"}],"version-history":[{"count":5,"href":"https:\/\/nerdzilla.com.br\/he\/wp-json\/wp\/v2\/pages\/882\/revisions"}],"predecessor-version":[{"id":5555,"href":"https:\/\/nerdzilla.com.br\/he\/wp-json\/wp\/v2\/pages\/882\/revisions\/5555"}],"wp:attachment":[{"href":"https:\/\/nerdzilla.com.br\/he\/wp-json\/wp\/v2\/media?parent=882"}],"curies":[{"name":"wp","href":"https:\/\/api.w.org\/{rel}","templated":true}]}}