{"id":880,"date":"2023-03-15T13:25:53","date_gmt":"2023-03-15T13:25:53","guid":{"rendered":"https:\/\/nerdzilla.com.br\/?page_id=880"},"modified":"2026-01-28T06:41:08","modified_gmt":"2026-01-28T06:41:08","slug":"%d7%90%d7%95%d7%93%d7%95%d7%aa%d7%99%d7%a0%d7%95","status":"publish","type":"page","link":"https:\/\/nerdzilla.com.br\/he\/%d7%90%d7%95%d7%93%d7%95%d7%aa%d7%99%d7%a0%d7%95\/","title":{"rendered":"\u05de\u05d9 \u05d0\u05e0\u05d7\u05e0\u05d5"},"content":{"rendered":"<p>Nerdzilla \u05d4\u05d5\u05d0 \u05d0\u05ea\u05e8 \u05ea\u05d5\u05db\u05df \u05d0\u05d9\u05e0\u05e4\u05d5\u05e8\u05de\u05d8\u05d9\u05d1\u05d9 \u05d4\u05de\u05d5\u05e7\u05d3\u05e9 \u05dc\u05d4\u05e4\u05e7\u05ea \u05de\u05d3\u05e8\u05d9\u05db\u05d9\u05dd, \u05d1\u05d9\u05e7\u05d5\u05e8\u05d5\u05ea \u05d5\u05d4\u05de\u05dc\u05e6\u05d5\u05ea \u05e2\u05d1\u05d5\u05e8 \u05d9\u05d9\u05e9\u05d5\u05de\u05d9\u05dd \u05d5\u05db\u05dc\u05d9\u05dd \u05d3\u05d9\u05d2\u05d9\u05d8\u05dc\u05d9\u05d9\u05dd. \u05de\u05d8\u05e8\u05ea\u05e0\u05d5 \u05d4\u05d9\u05d0 \u05dc\u05e2\u05d6\u05d5\u05e8 \u05dc\u05de\u05e9\u05ea\u05de\u05e9\u05d9\u05dd \u05dc\u05e7\u05d1\u05dc \u05d4\u05d7\u05dc\u05d8\u05d5\u05ea \u05de\u05d5\u05e9\u05db\u05dc\u05d5\u05ea \u05d9\u05d5\u05ea\u05e8 \u05dc\u05d2\u05d1\u05d9 \u05d4\u05e9\u05d9\u05de\u05d5\u05e9 \u05d4\u05d9\u05d5\u05de\u05d9\u05d5\u05de\u05d9 \u05e9\u05dc\u05d4\u05dd \u05d1\u05d8\u05db\u05e0\u05d5\u05dc\u05d5\u05d2\u05d9\u05d4.<\/p>\n\n\n\n<p>\u05d4\u05ea\u05d5\u05db\u05df \u05d4\u05de\u05ea\u05e4\u05e8\u05e1\u05dd \u05d1-Nerdzilla \u05e4\u05d5\u05ea\u05d7 \u05ea\u05d5\u05da \u05d4\u05ea\u05de\u05e7\u05d3\u05d5\u05ea \u05e2\u05e8\u05d9\u05db\u05d4, \u05d7\u05d9\u05e0\u05d5\u05db\u05d9\u05ea \u05d5\u05d0\u05d9\u05e0\u05e4\u05d5\u05e8\u05de\u05d8\u05d9\u05d1\u05d9\u05ea, \u05ea\u05d5\u05da \u05e9\u05d0\u05d9\u05e4\u05d4 \u05ea\u05de\u05d9\u05d3\u05d9\u05ea \u05dc\u05d1\u05d4\u05d9\u05e8\u05d5\u05ea, \u05ea\u05d5\u05e2\u05dc\u05ea \u05d5\u05e2\u05d3\u05db\u05d5\u05df \u05de\u05ea\u05de\u05d9\u05d3.<\/p>\n\n\n\n<p>\u05d4\u05d0\u05ea\u05e8 \u05de\u05ea\u05d5\u05d7\u05d6\u05e7 \u05e2\u05dc \u05d9\u05d3\u05d9 \u05e6\u05d5\u05d5\u05ea \u05e2\u05e8\u05d9\u05db\u05d4 \u05e2\u05e6\u05de\u05d0\u05d9, \u05d4\u05d0\u05d7\u05e8\u05d0\u05d9 \u05e2\u05dc \u05de\u05d7\u05e7\u05e8, \u05d4\u05e4\u05e7\u05d4 \u05d5\u05d1\u05d9\u05e7\u05d5\u05e8\u05ea \u05d4\u05ea\u05d5\u05db\u05df \u05d4\u05de\u05ea\u05e4\u05e8\u05e1\u05dd.<\/p>","protected":false},"excerpt":{"rendered":"<p>O Nerdzilla \u00e9 um site de conte\u00fado informativo dedicado \u00e0 produ\u00e7\u00e3o de guias, an\u00e1lises e recomenda\u00e7\u00f5es de aplicativos e ferramentas digitais. Nosso objetivo \u00e9 ajudar usu\u00e1rios a tomar decis\u00f5es mais conscientes sobre o uso da tecnologia no dia a dia. O conte\u00fado publicado no Nerdzilla \u00e9 desenvolvido com foco editorial, educacional e informativo, buscando sempre [&hellip;]<\/p>","protected":false},"author":3,"featured_media":0,"parent":0,"menu_order":0,"comment_status":"closed","ping_status":"closed","template":"","meta":{"footnotes":""},"class_list":["post-880","page","type-page","status-publish"],"_links":{"self":[{"href":"https:\/\/nerdzilla.com.br\/he\/wp-json\/wp\/v2\/pages\/880","targetHints":{"allow":["GET"]}}],"collection":[{"href":"https:\/\/nerdzilla.com.br\/he\/wp-json\/wp\/v2\/pages"}],"about":[{"href":"https:\/\/nerdzilla.com.br\/he\/wp-json\/wp\/v2\/types\/page"}],"author":[{"embeddable":true,"href":"https:\/\/nerdzilla.com.br\/he\/wp-json\/wp\/v2\/users\/3"}],"replies":[{"embeddable":true,"href":"https:\/\/nerdzilla.com.br\/he\/wp-json\/wp\/v2\/comments?post=880"}],"version-history":[{"count":2,"href":"https:\/\/nerdzilla.com.br\/he\/wp-json\/wp\/v2\/pages\/880\/revisions"}],"predecessor-version":[{"id":5561,"href":"https:\/\/nerdzilla.com.br\/he\/wp-json\/wp\/v2\/pages\/880\/revisions\/5561"}],"wp:attachment":[{"href":"https:\/\/nerdzilla.com.br\/he\/wp-json\/wp\/v2\/media?parent=880"}],"curies":[{"name":"wp","href":"https:\/\/api.w.org\/{rel}","templated":true}]}}