{"id":4654,"date":"2025-05-17T21:25:46","date_gmt":"2025-05-17T21:25:46","guid":{"rendered":"https:\/\/nerdzilla.com.br\/contato\/"},"modified":"2026-01-28T06:29:54","modified_gmt":"2026-01-28T06:29:54","slug":"%d7%9e%d6%b7%d7%92%d6%b8%d7%a2","status":"publish","type":"page","link":"https:\/\/nerdzilla.com.br\/he\/%d7%9e%d6%b7%d7%92%d6%b8%d7%a2\/","title":{"rendered":"\u05d0\u05d9\u05e9 \u05e7\u05e9\u05e8"},"content":{"rendered":"<p>Nerdzilla \u05de\u05e2\u05e8\u05d9\u05db\u05d4 \u05ea\u05e7\u05e9\u05d5\u05e8\u05ea \u05e2\u05dd \u05e7\u05d5\u05e8\u05d0\u05d9\u05d4.<\/p>\n\n\n\n<p>\u05d0\u05dd \u05d9\u05e9 \u05dc\u05db\u05dd \u05e9\u05d0\u05dc\u05d5\u05ea, \u05d4\u05e6\u05e2\u05d5\u05ea, \u05ea\u05d9\u05e7\u05d5\u05e0\u05d9\u05dd, \u05d0\u05d5 \u05d0\u05dd \u05d1\u05e8\u05e6\u05d5\u05e0\u05db\u05dd \u05dc\u05d9\u05e6\u05d5\u05e8 \u05e2\u05de\u05e0\u05d5 \u05e7\u05e9\u05e8 \u05d1\u05e0\u05d5\u05d2\u05e2 \u05dc\u05ea\u05d5\u05db\u05df \u05e9\u05e4\u05d5\u05e8\u05e1\u05dd \u05d1\u05d0\u05ea\u05e8, \u05d0\u05e0\u05d0 \u05d4\u05e9\u05ea\u05de\u05e9\u05d5 \u05d1\u05d0\u05d7\u05d3 \u05de\u05d4\u05e2\u05e8\u05d5\u05e6\u05d9\u05dd \u05e9\u05dc\u05d4\u05dc\u05df.<\/p>\n\n\n\n<p>\u05d0\u05e0\u05d5 \u05de\u05d2\u05d9\u05d1\u05d9\u05dd \u05db\u05db\u05dc \u05d4\u05d0\u05e4\u05e9\u05e8 \u05d5\u05e0\u05d5\u05ea\u05e0\u05d9\u05dd \u05e2\u05d3\u05d9\u05e4\u05d5\u05ea \u05dc\u05d4\u05d5\u05d3\u05e2\u05d5\u05ea \u05d4\u05e7\u05e9\u05d5\u05e8\u05d5\u05ea \u05dc\u05ea\u05d5\u05db\u05df \u05e2\u05e8\u05d9\u05db\u05d4.<\/p>\n\n\n\n<p>\u05d3\u05d5\u05d0&quot;\u05dc: contato@nerdzilla.com.br<\/p>\n\n\n<style id=\"wpforms-css-vars-1635-block-2d80c691-9f8a-40cd-8cbe-13aadfd56083\">\n\t\t\t\t#wpforms-1635.wpforms-block-2d80c691-9f8a-40cd-8cbe-13aadfd56083 {\n\t\t\t\t--wpforms-field-size-input-height: 43px;\n--wpforms-field-size-input-spacing: 15px;\n--wpforms-field-size-font-size: 16px;\n--wpforms-field-size-line-height: 19px;\n--wpforms-field-size-padding-h: 14px;\n--wpforms-field-size-checkbox-size: 16px;\n--wpforms-field-size-sublabel-spacing: 5px;\n--wpforms-field-size-icon-size: 1;\n--wpforms-label-size-font-size: 16px;\n--wpforms-label-size-line-height: 19px;\n--wpforms-label-size-sublabel-font-size: 14px;\n--wpforms-label-size-sublabel-line-height: 17px;\n--wpforms-button-size-font-size: 17px;\n--wpforms-button-size-height: 41px;\n--wpforms-button-size-padding-h: 15px;\n--wpforms-button-size-margin-top: 10px;\n\t\t\t}\n\t\t\t<\/style><div class=\"wpforms-container wpforms-container-full wpforms-block wpforms-block-2d80c691-9f8a-40cd-8cbe-13aadfd56083 wpforms-render-modern\" id=\"wpforms-1635\"><form id=\"wpforms-form-1635\" class=\"wpforms-validate wpforms-form wpforms-ajax-form\" data-formid=\"1635\" method=\"post\" enctype=\"multipart\/form-data\" action=\"\/he\/wp-json\/wp\/v2\/pages\/4654\" data-token=\"ff60d7a0daa88518965cc818955f63a3\" data-token-time=\"1775607638\" data-trp-original-action=\"\/he\/wp-json\/wp\/v2\/pages\/4654\"><noscript class=\"wpforms-error-noscript\">Please enable JavaScript in your browser to complete this form.<\/noscript><div id=\"wpforms-error-noscript\" style=\"display: none;\">Please enable JavaScript in your browser to complete this form.<\/div><div class=\"wpforms-field-container\"><div id=\"wpforms-1635-field_0-container\" class=\"wpforms-field wpforms-field-name\" data-field-id=\"0\"><fieldset><legend class=\"wpforms-field-label\">\u05e9\u05c1\u05b5\u05dd <span class=\"wpforms-required-label\" aria-hidden=\"true\">*<\/span><\/legend><div class=\"wpforms-field-row wpforms-field-medium\"><div class=\"wpforms-field-row-block wpforms-first wpforms-one-half\"><input type=\"text\" id=\"wpforms-1635-field_0\" class=\"wpforms-field-name-first wpforms-field-required\" name=\"wpforms[fields][0][first]\" aria-errormessage=\"wpforms-1635-field_0-error\" required><label for=\"wpforms-1635-field_0\" class=\"wpforms-field-sublabel after\">First<\/label><\/div><div class=\"wpforms-field-row-block wpforms-one-half\"><input type=\"text\" id=\"wpforms-1635-field_0-last\" class=\"wpforms-field-name-last wpforms-field-required\" name=\"wpforms[fields][0][last]\" aria-errormessage=\"wpforms-1635-field_0-last-error\" required><label for=\"wpforms-1635-field_0-last\" class=\"wpforms-field-sublabel after\">Last<\/label><\/div><\/div><\/fieldset><\/div><div id=\"wpforms-1635-field_1-container\" class=\"wpforms-field wpforms-field-email\" data-field-id=\"1\"><label class=\"wpforms-field-label\" for=\"wpforms-1635-field_1\">\u05d0\u05d9\u05de\u05d9\u05d9\u05dc <span class=\"wpforms-required-label\" aria-hidden=\"true\">*<\/span><\/label><input type=\"email\" id=\"wpforms-1635-field_1\" class=\"wpforms-field-medium wpforms-field-required\" name=\"wpforms[fields][1]\" spellcheck=\"false\" aria-errormessage=\"wpforms-1635-field_1-error\" required><\/div><div id=\"wpforms-1635-field_2-container\" class=\"wpforms-field wpforms-field-textarea\" data-field-id=\"2\"><label class=\"wpforms-field-label\" for=\"wpforms-1635-field_2\">\u05ea\u05d2\u05d5\u05d1\u05d4 \u05d0\u05d5 \u05d4\u05d5\u05d3\u05e2\u05d4<\/label><textarea id=\"wpforms-1635-field_2\" class=\"wpforms-field-medium\" name=\"wpforms[fields][2]\" aria-errormessage=\"wpforms-1635-field_2-error\" ><\/textarea><\/div><\/div><!-- .wpforms-field-container --><div class=\"wpforms-submit-container\" ><input type=\"hidden\" name=\"wpforms[id]\" value=\"1635\"><input type=\"hidden\" name=\"page_title\" value=\"\"><input type=\"hidden\" name=\"page_url\" value=\"https:\/\/nerdzilla.com.br\/he\/wp-json\/wp\/v2\/pages\/4654\"><input type=\"hidden\" name=\"url_referer\" value=\"\"><button type=\"submit\" name=\"wpforms[submit]\" id=\"wpforms-submit-1635\" class=\"wpforms-submit\" data-alt-text=\"Enviando\u2026\" data-submit-text=\"Enviar\" aria-live=\"assertive\" value=\"wpforms-submit\">\u05dc\u05e9\u05dc\u05d5\u05d7<\/button><img loading=\"lazy\" decoding=\"async\" src=\"https:\/\/nerdzilla.com.br\/wp-content\/plugins\/wpforms-lite\/assets\/images\/submit-spin.svg\" class=\"wpforms-submit-spinner\" style=\"display: none;\" width=\"26\" height=\"26\" alt=\"Loading\"><\/div><input type=\"hidden\" name=\"trp-form-language\" value=\"he\"\/><\/form><\/div>  <!-- .wpforms-container -->\n\n\n<p>\u05d4\u05de\u05d9\u05d3\u05e2 \u05e9\u05ea\u05e1\u05e4\u05e7 \u05de\u05e9\u05de\u05e9 \u05d0\u05da \u05d5\u05e8\u05e7 \u05dc\u05de\u05e2\u05e0\u05d4 \u05dc\u05e4\u05e0\u05d9\u05d9\u05ea\u05da.<\/p>","protected":false},"excerpt":{"rendered":"<p>O Nerdzilla valoriza a comunica\u00e7\u00e3o com seus leitores. Caso voc\u00ea tenha d\u00favidas, sugest\u00f5es, corre\u00e7\u00f5es ou queira entrar em contato sobre o conte\u00fado publicado no site, utilize um dos canais abaixo. Respondemos sempre que poss\u00edvel e priorizamos mensagens relacionadas ao conte\u00fado editorial. E-mail: contato@nerdzilla.com.br As informa\u00e7\u00f5es enviadas s\u00e3o utilizadas exclusivamente para responder ao contato.<\/p>","protected":false},"author":3,"featured_media":0,"parent":0,"menu_order":0,"comment_status":"closed","ping_status":"closed","template":"","meta":{"footnotes":""},"class_list":["post-4654","page","type-page","status-publish"],"_links":{"self":[{"href":"https:\/\/nerdzilla.com.br\/he\/wp-json\/wp\/v2\/pages\/4654","targetHints":{"allow":["GET"]}}],"collection":[{"href":"https:\/\/nerdzilla.com.br\/he\/wp-json\/wp\/v2\/pages"}],"about":[{"href":"https:\/\/nerdzilla.com.br\/he\/wp-json\/wp\/v2\/types\/page"}],"author":[{"embeddable":true,"href":"https:\/\/nerdzilla.com.br\/he\/wp-json\/wp\/v2\/users\/3"}],"replies":[{"embeddable":true,"href":"https:\/\/nerdzilla.com.br\/he\/wp-json\/wp\/v2\/comments?post=4654"}],"version-history":[{"count":2,"href":"https:\/\/nerdzilla.com.br\/he\/wp-json\/wp\/v2\/pages\/4654\/revisions"}],"predecessor-version":[{"id":5551,"href":"https:\/\/nerdzilla.com.br\/he\/wp-json\/wp\/v2\/pages\/4654\/revisions\/5551"}],"wp:attachment":[{"href":"https:\/\/nerdzilla.com.br\/he\/wp-json\/wp\/v2\/media?parent=4654"}],"curies":[{"name":"wp","href":"https:\/\/api.w.org\/{rel}","templated":true}]}}