{"id":882,"date":"2023-03-15T13:30:03","date_gmt":"2023-03-15T13:30:03","guid":{"rendered":"https:\/\/nerdzilla.com.br\/?page_id=882"},"modified":"2026-01-28T06:35:22","modified_gmt":"2026-01-28T06:35:22","slug":"politica-de-privacidad-2","status":"publish","type":"page","link":"https:\/\/nerdzilla.com.br\/es\/politica-de-privacidad-2\/","title":{"rendered":"pol\u00edtica de privacidad"},"content":{"rendered":"<p>Su privacidad es importante para nosotros. Es nuestra pol\u00edtica. <strong>Nerdzilla<\/strong> Respetaremos su privacidad con respecto a cualquier informaci\u00f3n que podamos recopilar en el sitio web de Nerdzilla.<\/p>\n\n\n\n<p>Nerdzilla es un sitio web de cierta naturaleza. <strong>informativo y editorial<\/strong>Este sitio se dedica a publicar rese\u00f1as, gu\u00edas y recomendaciones sobre aplicaciones, tecnolog\u00eda y herramientas digitales. No vendemos productos ni servicios directamente a trav\u00e9s de este sitio web.<\/p>\n\n\n\n<hr class=\"wp-block-separator has-alpha-channel-opacity\"\/>\n\n\n\n<h3 class=\"wp-block-heading\">Recopilaci\u00f3n de informaci\u00f3n<\/h3>\n\n\n\n<p>Solo solicitamos informaci\u00f3n personal cuando es realmente necesaria, como al contactarle por correo electr\u00f3nico o a trav\u00e9s de los formularios disponibles en el sitio web. La informaci\u00f3n se recopila de forma justa y legal, con el conocimiento y consentimiento del usuario.<\/p>\n\n\n\n<p>La informaci\u00f3n recopilada puede incluir, por ejemplo, nombre y direcci\u00f3n de correo electr\u00f3nico, exclusivamente con el fin de responder, comunicar o mejorar el contenido editorial.<\/p>\n\n\n\n<hr class=\"wp-block-separator has-alpha-channel-opacity\"\/>\n\n\n\n<h3 class=\"wp-block-heading\">Uso de la informaci\u00f3n<\/h3>\n\n\n\n<p>La informaci\u00f3n recopilada se utiliza para:<\/p>\n\n\n\n<ul class=\"wp-block-list\">\n<li>responder a los mensajes enviados por los usuarios;<\/li>\n\n\n\n<li>para mejorar la experiencia de navegaci\u00f3n;<\/li>\n\n\n\n<li>Para comprender c\u00f3mo se utiliza el sitio, de forma agregada y an\u00f3nima.<\/li>\n<\/ul>\n\n\n\n<p>No utilizamos los datos con fines comerciales directos.<\/p>\n\n\n\n<hr class=\"wp-block-separator has-alpha-channel-opacity\"\/>\n\n\n\n<h3 class=\"wp-block-heading\">Almacenamiento y protecci\u00f3n de datos<\/h3>\n\n\n\n<p>Conservamos la informaci\u00f3n recopilada \u00fanicamente el tiempo necesario para cumplir con el prop\u00f3sito para el que fue solicitada. Adoptamos medidas de seguridad razonables para proteger los datos contra el acceso, la divulgaci\u00f3n, la alteraci\u00f3n o la destrucci\u00f3n no autorizados.<\/p>\n\n\n\n<hr class=\"wp-block-separator has-alpha-channel-opacity\"\/>\n\n\n\n<h3 class=\"wp-block-heading\">Intercambio de informaci\u00f3n<\/h3>\n\n\n\n<p>No compartimos informaci\u00f3n de identificaci\u00f3n personal p\u00fablicamente ni con terceros, excepto cuando lo exige la ley.<\/p>\n\n\n\n<hr class=\"wp-block-separator has-alpha-channel-opacity\"\/>\n\n\n\n<h3 class=\"wp-block-heading\">Enlaces a sitios web externos<\/h3>\n\n\n\n<p>Nerdzilla puede contener enlaces a sitios web externos que no operamos. No tenemos control sobre el contenido ni las pr\u00e1cticas de estos sitios y no nos hacemos responsables de sus respectivas pol\u00edticas de privacidad.<\/p>\n\n\n\n<hr class=\"wp-block-separator has-alpha-channel-opacity\"\/>\n\n\n\n<h3 class=\"wp-block-heading\">Galletas<\/h3>\n\n\n\n<p>Nerdzilla utiliza cookies para mejorar la experiencia del usuario. Las cookies son peque\u00f1os archivos que se almacenan en el dispositivo del usuario y nos ayudan a comprender c\u00f3mo se utiliza el sitio.<\/p>\n\n\n\n<p>Los usuarios pueden desactivar las cookies configurando su navegador. Sin embargo, desactivar las cookies puede afectar la funcionalidad de algunas partes del sitio web.<\/p>\n\n\n\n<hr class=\"wp-block-separator has-alpha-channel-opacity\"\/>\n\n\n\n<h3 class=\"wp-block-heading\">Cookies y publicidad de terceros<\/h3>\n\n\n\n<p>Nerdzilla utiliza servicios de terceros, como... <strong>Google Anal\u00edtico<\/strong>, para analizar el tr\u00e1fico del sitio web y el comportamiento del usuario de forma agregada y an\u00f3nima.<\/p>\n\n\n\n<p>Tambi\u00e9n utilizamos servicios de publicidad, como <strong>Google AdSense<\/strong>, que puede utilizar cookies, balizas web o tecnolog\u00edas similares para mostrar anuncios relevantes en funci\u00f3n de las visitas de los usuarios a este y otros sitios web.<\/p>\n\n\n\n<p>Google puede utilizar la cookie. <strong>DoubleClick DART<\/strong>Esta cookie nos permite mostrar anuncios a los usuarios seg\u00fan sus visitas anteriores. Los usuarios pueden desactivar esta cookie accediendo a su configuraci\u00f3n de anuncios de Google.<\/p>\n\n\n\n<hr class=\"wp-block-separator has-alpha-channel-opacity\"\/>\n\n\n\n<h3 class=\"wp-block-heading\">Compromiso del usuario<\/h3>\n\n\n\n<p>El usuario se compromete a hacer un uso adecuado del contenido e informaci\u00f3n proporcionada por Nerdzilla, comprometi\u00e9ndose a no:<\/p>\n\n\n\n<ul class=\"wp-block-list\">\n<li>Realizar actividades il\u00edcitas o contrarias a la buena fe y al orden p\u00fablico;<\/li>\n\n\n\n<li>difundir contenidos discriminatorios, ofensivos, ilegales o que atenten contra los derechos humanos;<\/li>\n\n\n\n<li>causar da\u00f1os a los sistemas de Nerdzilla o a los sistemas de terceros mediante la introducci\u00f3n de c\u00f3digo malicioso.<\/li>\n<\/ul>\n\n\n\n<hr class=\"wp-block-separator has-alpha-channel-opacity\"\/>\n\n\n\n<h3 class=\"wp-block-heading\">Consentir<\/h3>\n\n\n\n<p>El uso continuado del sitio web de Nerdzilla se considerar\u00e1 como aceptaci\u00f3n de esta Pol\u00edtica de privacidad.<\/p>\n\n\n\n<hr class=\"wp-block-separator has-alpha-channel-opacity\"\/>\n\n\n\n<h3 class=\"wp-block-heading\">Contacto<\/h3>\n\n\n\n<p>Si tiene alguna pregunta sobre esta Pol\u00edtica de privacidad o c\u00f3mo manejamos los datos de los usuarios, cont\u00e1ctenos por correo electr\u00f3nico:<\/p>\n\n\n\n<p><strong><a>contacto@nerdzilla.com.br<\/a><\/strong><\/p>","protected":false},"excerpt":{"rendered":"<p>A sua privacidade \u00e9 importante para n\u00f3s. \u00c9 pol\u00edtica do Nerdzilla respeitar a sua privacidade em rela\u00e7\u00e3o a qualquer informa\u00e7\u00e3o que possamos coletar no site Nerdzilla. O Nerdzilla \u00e9 um site de car\u00e1ter informativo e editorial, dedicado \u00e0 publica\u00e7\u00e3o de an\u00e1lises, guias e recomenda\u00e7\u00f5es sobre aplicativos, tecnologia e ferramentas digitais. N\u00e3o comercializamos produtos ou servi\u00e7os [&hellip;]<\/p>","protected":false},"author":3,"featured_media":0,"parent":0,"menu_order":0,"comment_status":"closed","ping_status":"closed","template":"","meta":{"footnotes":""},"class_list":["post-882","page","type-page","status-publish"],"_links":{"self":[{"href":"https:\/\/nerdzilla.com.br\/es\/wp-json\/wp\/v2\/pages\/882","targetHints":{"allow":["GET"]}}],"collection":[{"href":"https:\/\/nerdzilla.com.br\/es\/wp-json\/wp\/v2\/pages"}],"about":[{"href":"https:\/\/nerdzilla.com.br\/es\/wp-json\/wp\/v2\/types\/page"}],"author":[{"embeddable":true,"href":"https:\/\/nerdzilla.com.br\/es\/wp-json\/wp\/v2\/users\/3"}],"replies":[{"embeddable":true,"href":"https:\/\/nerdzilla.com.br\/es\/wp-json\/wp\/v2\/comments?post=882"}],"version-history":[{"count":5,"href":"https:\/\/nerdzilla.com.br\/es\/wp-json\/wp\/v2\/pages\/882\/revisions"}],"predecessor-version":[{"id":5555,"href":"https:\/\/nerdzilla.com.br\/es\/wp-json\/wp\/v2\/pages\/882\/revisions\/5555"}],"wp:attachment":[{"href":"https:\/\/nerdzilla.com.br\/es\/wp-json\/wp\/v2\/media?parent=882"}],"curies":[{"name":"wp","href":"https:\/\/api.w.org\/{rel}","templated":true}]}}