{"id":882,"date":"2023-03-15T13:30:03","date_gmt":"2023-03-15T13:30:03","guid":{"rendered":"https:\/\/nerdzilla.com.br\/?page_id=882"},"modified":"2026-01-28T06:35:22","modified_gmt":"2026-01-28T06:35:22","slug":"%cf%80%ce%bf%ce%bb%ce%b9%cf%84%ce%b9%ce%ba%ce%ae-%ce%b1%cf%80%ce%bf%cf%81%cf%81%ce%ae%cf%84%ce%bf%cf%85-2","status":"publish","type":"page","link":"https:\/\/nerdzilla.com.br\/el\/%cf%80%ce%bf%ce%bb%ce%b9%cf%84%ce%b9%ce%ba%ce%ae-%ce%b1%cf%80%ce%bf%cf%81%cf%81%ce%ae%cf%84%ce%bf%cf%85-2\/","title":{"rendered":"\u03a0\u03bf\u03bb\u03b9\u03c4\u03b9\u03ba\u03ae \u0391\u03c0\u03bf\u03c1\u03c1\u03ae\u03c4\u03bf\u03c5"},"content":{"rendered":"<p>\u03a4\u03bf \u03b1\u03c0\u03cc\u03c1\u03c1\u03b7\u03c4\u03cc \u03c3\u03b1\u03c2 \u03b5\u03af\u03bd\u03b1\u03b9 \u03c3\u03b7\u03bc\u03b1\u03bd\u03c4\u03b9\u03ba\u03cc \u03b3\u03b9\u03b1 \u03b5\u03bc\u03ac\u03c2. \u0395\u03af\u03bd\u03b1\u03b9 \u03b7 \u03c0\u03bf\u03bb\u03b9\u03c4\u03b9\u03ba\u03ae \u03bc\u03b1\u03c2. <strong>\u039d\u03b5\u03c1\u03c4\u03b6\u03af\u03bb\u03b1<\/strong> \u0398\u03b1 \u03c3\u03b5\u03b2\u03b1\u03c3\u03c4\u03bf\u03cd\u03bc\u03b5 \u03c4\u03bf \u03b1\u03c0\u03cc\u03c1\u03c1\u03b7\u03c4\u03cc \u03c3\u03b1\u03c2 \u03c3\u03c7\u03b5\u03c4\u03b9\u03ba\u03ac \u03bc\u03b5 \u03c4\u03c5\u03c7\u03cc\u03bd \u03c0\u03bb\u03b7\u03c1\u03bf\u03c6\u03bf\u03c1\u03af\u03b5\u03c2 \u03c0\u03bf\u03c5 \u03b5\u03bd\u03b4\u03ad\u03c7\u03b5\u03c4\u03b1\u03b9 \u03bd\u03b1 \u03c3\u03c5\u03bb\u03bb\u03ad\u03be\u03bf\u03c5\u03bc\u03b5 \u03c3\u03c4\u03bf\u03bd \u03b9\u03c3\u03c4\u03cc\u03c4\u03bf\u03c0\u03bf Nerdzilla.<\/p>\n\n\n\n<p>\u03a4\u03bf Nerdzilla \u03b5\u03af\u03bd\u03b1\u03b9 \u03ad\u03bd\u03b1\u03c2 \u03b9\u03c3\u03c4\u03cc\u03c4\u03bf\u03c0\u03bf\u03c2 \u03c3\u03c5\u03b3\u03ba\u03b5\u03ba\u03c1\u03b9\u03bc\u03ad\u03bd\u03b7\u03c2 \u03c6\u03cd\u03c3\u03b7\u03c2. <strong>\u03b5\u03bd\u03b7\u03bc\u03b5\u03c1\u03c9\u03c4\u03b9\u03ba\u03cc \u03ba\u03b1\u03b9 \u03c3\u03c5\u03bd\u03c4\u03b1\u03ba\u03c4\u03b9\u03ba\u03cc<\/strong>\u0391\u03c5\u03c4\u03cc\u03c2 \u03bf \u03b9\u03c3\u03c4\u03cc\u03c4\u03bf\u03c0\u03bf\u03c2 \u03b5\u03af\u03bd\u03b1\u03b9 \u03b1\u03c6\u03b9\u03b5\u03c1\u03c9\u03bc\u03ad\u03bd\u03bf\u03c2 \u03c3\u03c4\u03b7 \u03b4\u03b7\u03bc\u03bf\u03c3\u03af\u03b5\u03c5\u03c3\u03b7 \u03ba\u03c1\u03b9\u03c4\u03b9\u03ba\u03ce\u03bd, \u03bf\u03b4\u03b7\u03b3\u03ce\u03bd \u03ba\u03b1\u03b9 \u03c0\u03c1\u03bf\u03c4\u03ac\u03c3\u03b5\u03c9\u03bd \u03c3\u03c7\u03b5\u03c4\u03b9\u03ba\u03ac \u03bc\u03b5 \u03b5\u03c6\u03b1\u03c1\u03bc\u03bf\u03b3\u03ad\u03c2, \u03c4\u03b5\u03c7\u03bd\u03bf\u03bb\u03bf\u03b3\u03af\u03b1 \u03ba\u03b1\u03b9 \u03c8\u03b7\u03c6\u03b9\u03b1\u03ba\u03ac \u03b5\u03c1\u03b3\u03b1\u03bb\u03b5\u03af\u03b1. \u0394\u03b5\u03bd \u03c0\u03c9\u03bb\u03bf\u03cd\u03bc\u03b5 \u03c0\u03c1\u03bf\u03ca\u03cc\u03bd\u03c4\u03b1 \u03ae \u03c5\u03c0\u03b7\u03c1\u03b5\u03c3\u03af\u03b5\u03c2 \u03b1\u03c0\u03b5\u03c5\u03b8\u03b5\u03af\u03b1\u03c2 \u03bc\u03ad\u03c3\u03c9 \u03b1\u03c5\u03c4\u03bf\u03cd \u03c4\u03bf\u03c5 \u03b9\u03c3\u03c4\u03cc\u03c4\u03bf\u03c0\u03bf\u03c5.<\/p>\n\n\n\n<hr class=\"wp-block-separator has-alpha-channel-opacity\"\/>\n\n\n\n<h3 class=\"wp-block-heading\">\u03a3\u03c5\u03bb\u03bb\u03bf\u03b3\u03ae \u03c0\u03bb\u03b7\u03c1\u03bf\u03c6\u03bf\u03c1\u03b9\u03ce\u03bd<\/h3>\n\n\n\n<p>\u0396\u03b7\u03c4\u03ac\u03bc\u03b5 \u03c0\u03c1\u03bf\u03c3\u03c9\u03c0\u03b9\u03ba\u03ac \u03c3\u03c4\u03bf\u03b9\u03c7\u03b5\u03af\u03b1 \u03bc\u03cc\u03bd\u03bf \u03cc\u03c4\u03b1\u03bd \u03b5\u03af\u03bd\u03b1\u03b9 \u03c0\u03c1\u03b1\u03b3\u03bc\u03b1\u03c4\u03b9\u03ba\u03ac \u03b1\u03c0\u03b1\u03c1\u03b1\u03af\u03c4\u03b7\u03c4\u03bf, \u03cc\u03c0\u03c9\u03c2 \u03cc\u03c4\u03b1\u03bd \u03b5\u03c0\u03b9\u03ba\u03bf\u03b9\u03bd\u03c9\u03bd\u03bf\u03cd\u03bc\u03b5 \u03bc\u03b1\u03b6\u03af \u03c3\u03b1\u03c2 \u03bc\u03ad\u03c3\u03c9 email \u03ae \u03bc\u03ad\u03c3\u03c9 \u03c6\u03bf\u03c1\u03bc\u03ce\u03bd \u03c0\u03bf\u03c5 \u03b5\u03af\u03bd\u03b1\u03b9 \u03b4\u03b9\u03b1\u03b8\u03ad\u03c3\u03b9\u03bc\u03b5\u03c2 \u03c3\u03c4\u03bf\u03bd \u03b9\u03c3\u03c4\u03cc\u03c4\u03bf\u03c0\u03bf. \u039f\u03b9 \u03c0\u03bb\u03b7\u03c1\u03bf\u03c6\u03bf\u03c1\u03af\u03b5\u03c2 \u03c3\u03c5\u03bb\u03bb\u03ad\u03b3\u03bf\u03bd\u03c4\u03b1\u03b9 \u03bc\u03b5 \u03b4\u03af\u03ba\u03b1\u03b9\u03bf \u03ba\u03b1\u03b9 \u03bd\u03cc\u03bc\u03b9\u03bc\u03bf \u03c4\u03c1\u03cc\u03c0\u03bf, \u03bc\u03b5 \u03c4\u03b7 \u03b3\u03bd\u03ce\u03c3\u03b7 \u03ba\u03b1\u03b9 \u03c4\u03b7 \u03c3\u03c5\u03b3\u03ba\u03b1\u03c4\u03ac\u03b8\u03b5\u03c3\u03b7 \u03c4\u03bf\u03c5 \u03c7\u03c1\u03ae\u03c3\u03c4\u03b7.<\/p>\n\n\n\n<p>\u039f\u03b9 \u03c0\u03bb\u03b7\u03c1\u03bf\u03c6\u03bf\u03c1\u03af\u03b5\u03c2 \u03c0\u03bf\u03c5 \u03c3\u03c5\u03bb\u03bb\u03ad\u03b3\u03bf\u03bd\u03c4\u03b1\u03b9 \u03bc\u03c0\u03bf\u03c1\u03b5\u03af \u03bd\u03b1 \u03c0\u03b5\u03c1\u03b9\u03bb\u03b1\u03bc\u03b2\u03ac\u03bd\u03bf\u03c5\u03bd, \u03b3\u03b9\u03b1 \u03c0\u03b1\u03c1\u03ac\u03b4\u03b5\u03b9\u03b3\u03bc\u03b1, \u03cc\u03bd\u03bf\u03bc\u03b1 \u03ba\u03b1\u03b9 \u03b4\u03b9\u03b5\u03cd\u03b8\u03c5\u03bd\u03c3\u03b7 \u03b7\u03bb\u03b5\u03ba\u03c4\u03c1\u03bf\u03bd\u03b9\u03ba\u03bf\u03cd \u03c4\u03b1\u03c7\u03c5\u03b4\u03c1\u03bf\u03bc\u03b5\u03af\u03bf\u03c5, \u03b1\u03c0\u03bf\u03ba\u03bb\u03b5\u03b9\u03c3\u03c4\u03b9\u03ba\u03ac \u03b3\u03b9\u03b1 \u03c3\u03ba\u03bf\u03c0\u03bf\u03cd\u03c2 \u03b1\u03c0\u03ac\u03bd\u03c4\u03b7\u03c3\u03b7\u03c2, \u03b5\u03c0\u03b9\u03ba\u03bf\u03b9\u03bd\u03c9\u03bd\u03af\u03b1\u03c2 \u03ae \u03b2\u03b5\u03bb\u03c4\u03af\u03c9\u03c3\u03b7\u03c2 \u03c3\u03c5\u03bd\u03c4\u03b1\u03ba\u03c4\u03b9\u03ba\u03bf\u03cd \u03c0\u03b5\u03c1\u03b9\u03b5\u03c7\u03bf\u03bc\u03ad\u03bd\u03bf\u03c5.<\/p>\n\n\n\n<hr class=\"wp-block-separator has-alpha-channel-opacity\"\/>\n\n\n\n<h3 class=\"wp-block-heading\">\u03a7\u03c1\u03ae\u03c3\u03b7 \u03c0\u03bb\u03b7\u03c1\u03bf\u03c6\u03bf\u03c1\u03b9\u03ce\u03bd<\/h3>\n\n\n\n<p>\u039f\u03b9 \u03c0\u03bb\u03b7\u03c1\u03bf\u03c6\u03bf\u03c1\u03af\u03b5\u03c2 \u03c0\u03bf\u03c5 \u03c3\u03c5\u03bb\u03bb\u03ad\u03b3\u03bf\u03bd\u03c4\u03b1\u03b9 \u03c7\u03c1\u03b7\u03c3\u03b9\u03bc\u03bf\u03c0\u03bf\u03b9\u03bf\u03cd\u03bd\u03c4\u03b1\u03b9 \u03b3\u03b9\u03b1:<\/p>\n\n\n\n<ul class=\"wp-block-list\">\n<li>\u03b1\u03c0\u03ac\u03bd\u03c4\u03b7\u03c3\u03b7 \u03c3\u03b5 \u03bc\u03b7\u03bd\u03cd\u03bc\u03b1\u03c4\u03b1 \u03c0\u03bf\u03c5 \u03b1\u03c0\u03bf\u03c3\u03c4\u03ad\u03bb\u03bb\u03bf\u03bd\u03c4\u03b1\u03b9 \u03b1\u03c0\u03cc \u03c7\u03c1\u03ae\u03c3\u03c4\u03b5\u03c2\u00b7<\/li>\n\n\n\n<li>\u03b3\u03b9\u03b1 \u03c4\u03b7 \u03b2\u03b5\u03bb\u03c4\u03af\u03c9\u03c3\u03b7 \u03c4\u03b7\u03c2 \u03b5\u03bc\u03c0\u03b5\u03b9\u03c1\u03af\u03b1\u03c2 \u03c0\u03b5\u03c1\u03b9\u03ae\u03b3\u03b7\u03c3\u03b7\u03c2\u00b7<\/li>\n\n\n\n<li>\u0393\u03b9\u03b1 \u03bd\u03b1 \u03ba\u03b1\u03c4\u03b1\u03bd\u03bf\u03ae\u03c3\u03bf\u03c5\u03bc\u03b5 \u03c0\u03ce\u03c2 \u03c7\u03c1\u03b7\u03c3\u03b9\u03bc\u03bf\u03c0\u03bf\u03b9\u03b5\u03af\u03c4\u03b1\u03b9 \u03bf \u03b9\u03c3\u03c4\u03cc\u03c4\u03bf\u03c0\u03bf\u03c2, \u03bc\u03b5 \u03c3\u03c5\u03b3\u03ba\u03b5\u03bd\u03c4\u03c1\u03c9\u03c4\u03b9\u03ba\u03cc \u03ba\u03b1\u03b9 \u03b1\u03bd\u03ce\u03bd\u03c5\u03bc\u03bf \u03c4\u03c1\u03cc\u03c0\u03bf.<\/li>\n<\/ul>\n\n\n\n<p>\u0394\u03b5\u03bd \u03c7\u03c1\u03b7\u03c3\u03b9\u03bc\u03bf\u03c0\u03bf\u03b9\u03bf\u03cd\u03bc\u03b5 \u03c4\u03b1 \u03b4\u03b5\u03b4\u03bf\u03bc\u03ad\u03bd\u03b1 \u03b3\u03b9\u03b1 \u03ac\u03bc\u03b5\u03c3\u03bf\u03c5\u03c2 \u03b5\u03bc\u03c0\u03bf\u03c1\u03b9\u03ba\u03bf\u03cd\u03c2 \u03c3\u03ba\u03bf\u03c0\u03bf\u03cd\u03c2.<\/p>\n\n\n\n<hr class=\"wp-block-separator has-alpha-channel-opacity\"\/>\n\n\n\n<h3 class=\"wp-block-heading\">\u0391\u03c0\u03bf\u03b8\u03ae\u03ba\u03b5\u03c5\u03c3\u03b7 \u03ba\u03b1\u03b9 \u03c0\u03c1\u03bf\u03c3\u03c4\u03b1\u03c3\u03af\u03b1 \u03b4\u03b5\u03b4\u03bf\u03bc\u03ad\u03bd\u03c9\u03bd<\/h3>\n\n\n\n<p>\u0394\u03b9\u03b1\u03c4\u03b7\u03c1\u03bf\u03cd\u03bc\u03b5 \u03c4\u03b9\u03c2 \u03c3\u03c5\u03bb\u03bb\u03b5\u03b3\u03cc\u03bc\u03b5\u03bd\u03b5\u03c2 \u03c0\u03bb\u03b7\u03c1\u03bf\u03c6\u03bf\u03c1\u03af\u03b5\u03c2 \u03bc\u03cc\u03bd\u03bf \u03b3\u03b9\u03b1 \u03cc\u03c3\u03bf \u03c7\u03c1\u03bf\u03bd\u03b9\u03ba\u03cc \u03b4\u03b9\u03ac\u03c3\u03c4\u03b7\u03bc\u03b1 \u03b5\u03af\u03bd\u03b1\u03b9 \u03b1\u03c0\u03b1\u03c1\u03b1\u03af\u03c4\u03b7\u03c4\u03bf \u03b3\u03b9\u03b1 \u03c4\u03b7\u03bd \u03b5\u03ba\u03c0\u03bb\u03ae\u03c1\u03c9\u03c3\u03b7 \u03c4\u03bf\u03c5 \u03c3\u03ba\u03bf\u03c0\u03bf\u03cd \u03b3\u03b9\u03b1 \u03c4\u03bf\u03bd \u03bf\u03c0\u03bf\u03af\u03bf \u03b6\u03b7\u03c4\u03ae\u03b8\u03b7\u03ba\u03b1\u03bd. \u039b\u03b1\u03bc\u03b2\u03ac\u03bd\u03bf\u03c5\u03bc\u03b5 \u03b5\u03cd\u03bb\u03bf\u03b3\u03b1 \u03bc\u03ad\u03c4\u03c1\u03b1 \u03b1\u03c3\u03c6\u03b1\u03bb\u03b5\u03af\u03b1\u03c2 \u03b3\u03b9\u03b1 \u03c4\u03b7\u03bd \u03c0\u03c1\u03bf\u03c3\u03c4\u03b1\u03c3\u03af\u03b1 \u03c4\u03c9\u03bd \u03b4\u03b5\u03b4\u03bf\u03bc\u03ad\u03bd\u03c9\u03bd \u03b1\u03c0\u03cc \u03bc\u03b7 \u03b5\u03be\u03bf\u03c5\u03c3\u03b9\u03bf\u03b4\u03bf\u03c4\u03b7\u03bc\u03ad\u03bd\u03b7 \u03c0\u03c1\u03cc\u03c3\u03b2\u03b1\u03c3\u03b7, \u03b1\u03c0\u03bf\u03ba\u03ac\u03bb\u03c5\u03c8\u03b7, \u03b1\u03bb\u03bb\u03bf\u03af\u03c9\u03c3\u03b7 \u03ae \u03ba\u03b1\u03c4\u03b1\u03c3\u03c4\u03c1\u03bf\u03c6\u03ae.<\/p>\n\n\n\n<hr class=\"wp-block-separator has-alpha-channel-opacity\"\/>\n\n\n\n<h3 class=\"wp-block-heading\">\u039a\u03bf\u03b9\u03bd\u03bf\u03c0\u03bf\u03af\u03b7\u03c3\u03b7 \u03c0\u03bb\u03b7\u03c1\u03bf\u03c6\u03bf\u03c1\u03b9\u03ce\u03bd<\/h3>\n\n\n\n<p>\u0394\u03b5\u03bd \u03ba\u03bf\u03b9\u03bd\u03bf\u03c0\u03bf\u03b9\u03bf\u03cd\u03bc\u03b5 \u03c0\u03c1\u03bf\u03c3\u03c9\u03c0\u03b9\u03ba\u03ac \u03b1\u03bd\u03b1\u03b3\u03bd\u03c9\u03c1\u03af\u03c3\u03b9\u03bc\u03b1 \u03c3\u03c4\u03bf\u03b9\u03c7\u03b5\u03af\u03b1 \u03b4\u03b7\u03bc\u03cc\u03c3\u03b9\u03b1 \u03ae \u03bc\u03b5 \u03c4\u03c1\u03af\u03c4\u03bf\u03c5\u03c2, \u03b5\u03ba\u03c4\u03cc\u03c2 \u03b5\u03ac\u03bd \u03b1\u03c0\u03b1\u03b9\u03c4\u03b5\u03af\u03c4\u03b1\u03b9 \u03b1\u03c0\u03cc \u03c4\u03bf \u03bd\u03cc\u03bc\u03bf.<\/p>\n\n\n\n<hr class=\"wp-block-separator has-alpha-channel-opacity\"\/>\n\n\n\n<h3 class=\"wp-block-heading\">\u03a3\u03cd\u03bd\u03b4\u03b5\u03c3\u03bc\u03bf\u03b9 \u03c0\u03c1\u03bf\u03c2 \u03b5\u03be\u03c9\u03c4\u03b5\u03c1\u03b9\u03ba\u03bf\u03cd\u03c2 \u03b9\u03c3\u03c4\u03cc\u03c4\u03bf\u03c0\u03bf\u03c5\u03c2<\/h3>\n\n\n\n<p>\u03a4\u03bf Nerdzilla \u03b5\u03bd\u03b4\u03ad\u03c7\u03b5\u03c4\u03b1\u03b9 \u03bd\u03b1 \u03c0\u03b5\u03c1\u03b9\u03ad\u03c7\u03b5\u03b9 \u03c3\u03c5\u03bd\u03b4\u03ad\u03c3\u03bc\u03bf\u03c5\u03c2 \u03c0\u03c1\u03bf\u03c2 \u03b5\u03be\u03c9\u03c4\u03b5\u03c1\u03b9\u03ba\u03bf\u03cd\u03c2 \u03b9\u03c3\u03c4\u03cc\u03c4\u03bf\u03c0\u03bf\u03c5\u03c2 \u03c0\u03bf\u03c5 \u03b4\u03b5\u03bd \u03b4\u03b9\u03b1\u03c7\u03b5\u03b9\u03c1\u03b9\u03b6\u03cc\u03bc\u03b1\u03c3\u03c4\u03b5 \u03b5\u03bc\u03b5\u03af\u03c2. \u0394\u03b5\u03bd \u03ad\u03c7\u03bf\u03c5\u03bc\u03b5 \u03ba\u03b1\u03bd\u03ad\u03bd\u03b1\u03bd \u03ad\u03bb\u03b5\u03b3\u03c7\u03bf \u03b5\u03c0\u03af \u03c4\u03bf\u03c5 \u03c0\u03b5\u03c1\u03b9\u03b5\u03c7\u03bf\u03bc\u03ad\u03bd\u03bf\u03c5 \u03ba\u03b1\u03b9 \u03c4\u03c9\u03bd \u03c0\u03c1\u03b1\u03ba\u03c4\u03b9\u03ba\u03ce\u03bd \u03b1\u03c5\u03c4\u03ce\u03bd \u03c4\u03c9\u03bd \u03b9\u03c3\u03c4\u03cc\u03c4\u03bf\u03c0\u03c9\u03bd \u03ba\u03b1\u03b9 \u03b4\u03b5\u03bd \u03c6\u03ad\u03c1\u03bf\u03c5\u03bc\u03b5 \u03b5\u03c5\u03b8\u03cd\u03bd\u03b7 \u03b3\u03b9\u03b1 \u03c4\u03b9\u03c2 \u03b1\u03bd\u03c4\u03af\u03c3\u03c4\u03bf\u03b9\u03c7\u03b5\u03c2 \u03c0\u03bf\u03bb\u03b9\u03c4\u03b9\u03ba\u03ad\u03c2 \u03b1\u03c0\u03bf\u03c1\u03c1\u03ae\u03c4\u03bf\u03c5 \u03c4\u03bf\u03c5\u03c2.<\/p>\n\n\n\n<hr class=\"wp-block-separator has-alpha-channel-opacity\"\/>\n\n\n\n<h3 class=\"wp-block-heading\">\u039c\u03c0\u03b9\u03c3\u03ba\u03cc\u03c4\u03b1<\/h3>\n\n\n\n<p>\u0397 Nerdzilla \u03c7\u03c1\u03b7\u03c3\u03b9\u03bc\u03bf\u03c0\u03bf\u03b9\u03b5\u03af cookies \u03b3\u03b9\u03b1 \u03bd\u03b1 \u03b2\u03b5\u03bb\u03c4\u03b9\u03ce\u03c3\u03b5\u03b9 \u03c4\u03b7\u03bd \u03b5\u03bc\u03c0\u03b5\u03b9\u03c1\u03af\u03b1 \u03c7\u03c1\u03ae\u03c3\u03c4\u03b7. \u03a4\u03b1 cookies \u03b5\u03af\u03bd\u03b1\u03b9 \u03bc\u03b9\u03ba\u03c1\u03ac \u03b1\u03c1\u03c7\u03b5\u03af\u03b1 \u03c0\u03bf\u03c5 \u03b1\u03c0\u03bf\u03b8\u03b7\u03ba\u03b5\u03cd\u03bf\u03bd\u03c4\u03b1\u03b9 \u03c3\u03c4\u03b7 \u03c3\u03c5\u03c3\u03ba\u03b5\u03c5\u03ae \u03c4\u03bf\u03c5 \u03c7\u03c1\u03ae\u03c3\u03c4\u03b7 \u03ba\u03b1\u03b9 \u03bc\u03b1\u03c2 \u03b2\u03bf\u03b7\u03b8\u03bf\u03cd\u03bd \u03bd\u03b1 \u03ba\u03b1\u03c4\u03b1\u03bd\u03bf\u03ae\u03c3\u03bf\u03c5\u03bc\u03b5 \u03c0\u03ce\u03c2 \u03c7\u03c1\u03b7\u03c3\u03b9\u03bc\u03bf\u03c0\u03bf\u03b9\u03b5\u03af\u03c4\u03b1\u03b9 \u03bf \u03b9\u03c3\u03c4\u03cc\u03c4\u03bf\u03c0\u03bf\u03c2.<\/p>\n\n\n\n<p>\u039f\u03b9 \u03c7\u03c1\u03ae\u03c3\u03c4\u03b5\u03c2 \u03bc\u03c0\u03bf\u03c1\u03bf\u03cd\u03bd \u03bd\u03b1 \u03b1\u03c0\u03b5\u03bd\u03b5\u03c1\u03b3\u03bf\u03c0\u03bf\u03b9\u03ae\u03c3\u03bf\u03c5\u03bd \u03c4\u03b1 cookies \u03c0\u03c1\u03bf\u03c3\u03b1\u03c1\u03bc\u03cc\u03b6\u03bf\u03bd\u03c4\u03b1\u03c2 \u03c4\u03b9\u03c2 \u03c1\u03c5\u03b8\u03bc\u03af\u03c3\u03b5\u03b9\u03c2 \u03c4\u03bf\u03c5 \u03c0\u03c1\u03bf\u03b3\u03c1\u03ac\u03bc\u03bc\u03b1\u03c4\u03bf\u03c2 \u03c0\u03b5\u03c1\u03b9\u03ae\u03b3\u03b7\u03c3\u03ae\u03c2 \u03c4\u03bf\u03c5\u03c2. \u03a9\u03c3\u03c4\u03cc\u03c3\u03bf, \u03b7 \u03b1\u03c0\u03b5\u03bd\u03b5\u03c1\u03b3\u03bf\u03c0\u03bf\u03af\u03b7\u03c3\u03b7 \u03c4\u03c9\u03bd cookies \u03b5\u03bd\u03b4\u03ad\u03c7\u03b5\u03c4\u03b1\u03b9 \u03bd\u03b1 \u03b5\u03c0\u03b7\u03c1\u03b5\u03ac\u03c3\u03b5\u03b9 \u03c4\u03b7 \u03bb\u03b5\u03b9\u03c4\u03bf\u03c5\u03c1\u03b3\u03b9\u03ba\u03cc\u03c4\u03b7\u03c4\u03b1 \u03bf\u03c1\u03b9\u03c3\u03bc\u03ad\u03bd\u03c9\u03bd \u03c4\u03bc\u03b7\u03bc\u03ac\u03c4\u03c9\u03bd \u03c4\u03bf\u03c5 \u03b9\u03c3\u03c4\u03cc\u03c4\u03bf\u03c0\u03bf\u03c5.<\/p>\n\n\n\n<hr class=\"wp-block-separator has-alpha-channel-opacity\"\/>\n\n\n\n<h3 class=\"wp-block-heading\">Cookies \u03ba\u03b1\u03b9 \u03b4\u03b9\u03b1\u03c6\u03b7\u03bc\u03af\u03c3\u03b5\u03b9\u03c2 \u03c4\u03c1\u03af\u03c4\u03c9\u03bd \u03bc\u03b5\u03c1\u03ce\u03bd<\/h3>\n\n\n\n<p>\u0397 Nerdzilla \u03c7\u03c1\u03b7\u03c3\u03b9\u03bc\u03bf\u03c0\u03bf\u03b9\u03b5\u03af \u03c5\u03c0\u03b7\u03c1\u03b5\u03c3\u03af\u03b5\u03c2 \u03c4\u03c1\u03af\u03c4\u03c9\u03bd, \u03cc\u03c0\u03c9\u03c2... <strong>Google Analytics<\/strong>, \u03b3\u03b9\u03b1 \u03c4\u03b7\u03bd \u03b1\u03bd\u03ac\u03bb\u03c5\u03c3\u03b7 \u03c4\u03b7\u03c2 \u03b5\u03c0\u03b9\u03c3\u03ba\u03b5\u03c8\u03b9\u03bc\u03cc\u03c4\u03b7\u03c4\u03b1\u03c2 \u03c4\u03bf\u03c5 \u03b9\u03c3\u03c4\u03cc\u03c4\u03bf\u03c0\u03bf\u03c5 \u03ba\u03b1\u03b9 \u03c4\u03b7\u03c2 \u03c3\u03c5\u03bc\u03c0\u03b5\u03c1\u03b9\u03c6\u03bf\u03c1\u03ac\u03c2 \u03c4\u03c9\u03bd \u03c7\u03c1\u03b7\u03c3\u03c4\u03ce\u03bd \u03bc\u03b5 \u03c3\u03c5\u03b3\u03ba\u03b5\u03bd\u03c4\u03c1\u03c9\u03c4\u03b9\u03ba\u03cc \u03ba\u03b1\u03b9 \u03b1\u03bd\u03ce\u03bd\u03c5\u03bc\u03bf \u03c4\u03c1\u03cc\u03c0\u03bf.<\/p>\n\n\n\n<p>\u03a7\u03c1\u03b7\u03c3\u03b9\u03bc\u03bf\u03c0\u03bf\u03b9\u03bf\u03cd\u03bc\u03b5 \u03b5\u03c0\u03af\u03c3\u03b7\u03c2 \u03b4\u03b9\u03b1\u03c6\u03b7\u03bc\u03b9\u03c3\u03c4\u03b9\u03ba\u03ad\u03c2 \u03c5\u03c0\u03b7\u03c1\u03b5\u03c3\u03af\u03b5\u03c2, \u03cc\u03c0\u03c9\u03c2 \u03c0.\u03c7. <strong>Google AdSense<\/strong>, \u03b7 \u03bf\u03c0\u03bf\u03af\u03b1 \u03b5\u03bd\u03b4\u03ad\u03c7\u03b5\u03c4\u03b1\u03b9 \u03bd\u03b1 \u03c7\u03c1\u03b7\u03c3\u03b9\u03bc\u03bf\u03c0\u03bf\u03b9\u03b5\u03af cookies, web beacons \u03ae \u03c0\u03b1\u03c1\u03cc\u03bc\u03bf\u03b9\u03b5\u03c2 \u03c4\u03b5\u03c7\u03bd\u03bf\u03bb\u03bf\u03b3\u03af\u03b5\u03c2 \u03b3\u03b9\u03b1 \u03c4\u03b7\u03bd \u03c0\u03c1\u03bf\u03b2\u03bf\u03bb\u03ae \u03c3\u03c7\u03b5\u03c4\u03b9\u03ba\u03ce\u03bd \u03b4\u03b9\u03b1\u03c6\u03b7\u03bc\u03af\u03c3\u03b5\u03c9\u03bd \u03bc\u03b5 \u03b2\u03ac\u03c3\u03b7 \u03c4\u03b9\u03c2 \u03b5\u03c0\u03b9\u03c3\u03ba\u03ad\u03c8\u03b5\u03b9\u03c2 \u03c4\u03c9\u03bd \u03c7\u03c1\u03b7\u03c3\u03c4\u03ce\u03bd \u03c3\u03b5 \u03b1\u03c5\u03c4\u03cc\u03bd \u03ba\u03b1\u03b9 \u03c3\u03b5 \u03ac\u03bb\u03bb\u03bf\u03c5\u03c2 \u03b9\u03c3\u03c4\u03cc\u03c4\u03bf\u03c0\u03bf\u03c5\u03c2.<\/p>\n\n\n\n<p>\u0397 Google \u03b5\u03bd\u03b4\u03ad\u03c7\u03b5\u03c4\u03b1\u03b9 \u03bd\u03b1 \u03c7\u03c1\u03b7\u03c3\u03b9\u03bc\u03bf\u03c0\u03bf\u03b9\u03ae\u03c3\u03b5\u03b9 \u03c4\u03bf cookie. <strong>DoubleClick DART<\/strong>\u0391\u03c5\u03c4\u03cc \u03c4\u03bf cookie \u03bc\u03b1\u03c2 \u03b5\u03c0\u03b9\u03c4\u03c1\u03ad\u03c0\u03b5\u03b9 \u03bd\u03b1 \u03c0\u03c1\u03bf\u03b2\u03ac\u03bb\u03bb\u03bf\u03c5\u03bc\u03b5 \u03b4\u03b9\u03b1\u03c6\u03b7\u03bc\u03af\u03c3\u03b5\u03b9\u03c2 \u03c3\u03c4\u03bf\u03c5\u03c2 \u03c7\u03c1\u03ae\u03c3\u03c4\u03b5\u03c2 \u03bc\u03b5 \u03b2\u03ac\u03c3\u03b7 \u03c4\u03b9\u03c2 \u03c0\u03c1\u03bf\u03b7\u03b3\u03bf\u03cd\u03bc\u03b5\u03bd\u03b5\u03c2 \u03b5\u03c0\u03b9\u03c3\u03ba\u03ad\u03c8\u03b5\u03b9\u03c2 \u03c4\u03bf\u03c5\u03c2. \u039f\u03b9 \u03c7\u03c1\u03ae\u03c3\u03c4\u03b5\u03c2 \u03bc\u03c0\u03bf\u03c1\u03bf\u03cd\u03bd \u03bd\u03b1 \u03b1\u03c0\u03b5\u03bd\u03b5\u03c1\u03b3\u03bf\u03c0\u03bf\u03b9\u03ae\u03c3\u03bf\u03c5\u03bd \u03c4\u03b7 \u03c7\u03c1\u03ae\u03c3\u03b7 \u03b1\u03c5\u03c4\u03bf\u03cd \u03c4\u03bf\u03c5 cookie \u03bc\u03b5\u03c4\u03b1\u03b2\u03b1\u03af\u03bd\u03bf\u03bd\u03c4\u03b1\u03c2 \u03c3\u03c4\u03b9\u03c2 \u03c1\u03c5\u03b8\u03bc\u03af\u03c3\u03b5\u03b9\u03c2 \u03b4\u03b9\u03b1\u03c6\u03b7\u03bc\u03af\u03c3\u03b5\u03c9\u03bd Google.<\/p>\n\n\n\n<hr class=\"wp-block-separator has-alpha-channel-opacity\"\/>\n\n\n\n<h3 class=\"wp-block-heading\">\u0394\u03ad\u03c3\u03bc\u03b5\u03c5\u03c3\u03b7 \u03c7\u03c1\u03ae\u03c3\u03c4\u03b7<\/h3>\n\n\n\n<p>\u039f \u03c7\u03c1\u03ae\u03c3\u03c4\u03b7\u03c2 \u03c3\u03c5\u03bc\u03c6\u03c9\u03bd\u03b5\u03af \u03bd\u03b1 \u03ba\u03ac\u03bd\u03b5\u03b9 \u03ba\u03b1\u03c4\u03ac\u03bb\u03bb\u03b7\u03bb\u03b7 \u03c7\u03c1\u03ae\u03c3\u03b7 \u03c4\u03bf\u03c5 \u03c0\u03b5\u03c1\u03b9\u03b5\u03c7\u03bf\u03bc\u03ad\u03bd\u03bf\u03c5 \u03ba\u03b1\u03b9 \u03c4\u03c9\u03bd \u03c0\u03bb\u03b7\u03c1\u03bf\u03c6\u03bf\u03c1\u03b9\u03ce\u03bd \u03c0\u03bf\u03c5 \u03c0\u03b1\u03c1\u03ad\u03c7\u03bf\u03bd\u03c4\u03b1\u03b9 \u03b1\u03c0\u03cc \u03c4\u03b7\u03bd Nerdzilla, \u03b4\u03b5\u03c3\u03bc\u03b5\u03c5\u03cc\u03bc\u03b5\u03bd\u03bf\u03c2 \u03bd\u03b1 \u03bc\u03b7\u03bd:<\/p>\n\n\n\n<ul class=\"wp-block-list\">\n<li>\u039d\u03b1 \u03b4\u03b9\u03b5\u03be\u03ac\u03b3\u03b5\u03b9 \u03c0\u03b1\u03c1\u03ac\u03bd\u03bf\u03bc\u03b5\u03c2 \u03b4\u03c1\u03b1\u03c3\u03c4\u03b7\u03c1\u03b9\u03cc\u03c4\u03b7\u03c4\u03b5\u03c2 \u03ae \u03b4\u03c1\u03b1\u03c3\u03c4\u03b7\u03c1\u03b9\u03cc\u03c4\u03b7\u03c4\u03b5\u03c2 \u03c0\u03bf\u03c5 \u03b1\u03bd\u03c4\u03af\u03ba\u03b5\u03b9\u03bd\u03c4\u03b1\u03b9 \u03c3\u03c4\u03b7\u03bd \u03ba\u03b1\u03bb\u03ae \u03c0\u03af\u03c3\u03c4\u03b7 \u03ba\u03b1\u03b9 \u03c4\u03b7 \u03b4\u03b7\u03bc\u03cc\u03c3\u03b9\u03b1 \u03c4\u03ac\u03be\u03b7.<\/li>\n\n\n\n<li>\u03b4\u03b9\u03ac\u03b4\u03bf\u03c3\u03b7 \u03bc\u03b5\u03c1\u03bf\u03bb\u03b7\u03c0\u03c4\u03b9\u03ba\u03bf\u03cd, \u03c0\u03c1\u03bf\u03c3\u03b2\u03bb\u03b7\u03c4\u03b9\u03ba\u03bf\u03cd, \u03c0\u03b1\u03c1\u03ac\u03bd\u03bf\u03bc\u03bf\u03c5 \u03c0\u03b5\u03c1\u03b9\u03b5\u03c7\u03bf\u03bc\u03ad\u03bd\u03bf\u03c5 \u03ae \u03c0\u03b5\u03c1\u03b9\u03b5\u03c7\u03bf\u03bc\u03ad\u03bd\u03bf\u03c5 \u03c0\u03bf\u03c5 \u03c0\u03b1\u03c1\u03b1\u03b2\u03b9\u03ac\u03b6\u03b5\u03b9 \u03c4\u03b1 \u03b1\u03bd\u03b8\u03c1\u03ce\u03c0\u03b9\u03bd\u03b1 \u03b4\u03b9\u03ba\u03b1\u03b9\u03ce\u03bc\u03b1\u03c4\u03b1\u00b7<\/li>\n\n\n\n<li>\u03bd\u03b1 \u03c0\u03c1\u03bf\u03ba\u03b1\u03bb\u03ad\u03c3\u03b5\u03b9 \u03b6\u03b7\u03bc\u03b9\u03ac \u03c3\u03c4\u03b1 \u03c3\u03c5\u03c3\u03c4\u03ae\u03bc\u03b1\u03c4\u03b1 \u03c4\u03b7\u03c2 Nerdzilla \u03ae \u03c3\u03b5 \u03c3\u03c5\u03c3\u03c4\u03ae\u03bc\u03b1\u03c4\u03b1 \u03c4\u03c1\u03af\u03c4\u03c9\u03bd \u03bc\u03b5\u03c1\u03ce\u03bd \u03b5\u03b9\u03c3\u03ac\u03b3\u03bf\u03bd\u03c4\u03b1\u03c2 \u03ba\u03b1\u03ba\u03cc\u03b2\u03bf\u03c5\u03bb\u03bf \u03ba\u03ce\u03b4\u03b9\u03ba\u03b1.<\/li>\n<\/ul>\n\n\n\n<hr class=\"wp-block-separator has-alpha-channel-opacity\"\/>\n\n\n\n<h3 class=\"wp-block-heading\">\u03a3\u03c5\u03b3\u03ba\u03b1\u03c4\u03ac\u03b8\u03b5\u03c3\u03b7<\/h3>\n\n\n\n<p>\u0397 \u03c3\u03c5\u03bd\u03b5\u03c7\u03ae\u03c2 \u03c7\u03c1\u03ae\u03c3\u03b7 \u03c4\u03bf\u03c5 \u03b9\u03c3\u03c4\u03cc\u03c4\u03bf\u03c0\u03bf\u03c5 Nerdzilla \u03b8\u03b1 \u03b8\u03b5\u03c9\u03c1\u03b5\u03af\u03c4\u03b1\u03b9 \u03b1\u03c0\u03bf\u03b4\u03bf\u03c7\u03ae \u03c4\u03b7\u03c2 \u03c0\u03b1\u03c1\u03bf\u03cd\u03c3\u03b1\u03c2 \u03a0\u03bf\u03bb\u03b9\u03c4\u03b9\u03ba\u03ae\u03c2 \u0391\u03c0\u03bf\u03c1\u03c1\u03ae\u03c4\u03bf\u03c5.<\/p>\n\n\n\n<hr class=\"wp-block-separator has-alpha-channel-opacity\"\/>\n\n\n\n<h3 class=\"wp-block-heading\">\u0395\u03c0\u03b9\u03ba\u03bf\u03b9\u03bd\u03c9\u03bd\u03af\u03b1<\/h3>\n\n\n\n<p>\u0395\u03ac\u03bd \u03ad\u03c7\u03b5\u03c4\u03b5 \u03bf\u03c0\u03bf\u03b9\u03b5\u03c3\u03b4\u03ae\u03c0\u03bf\u03c4\u03b5 \u03b5\u03c1\u03c9\u03c4\u03ae\u03c3\u03b5\u03b9\u03c2 \u03c3\u03c7\u03b5\u03c4\u03b9\u03ba\u03ac \u03bc\u03b5 \u03b1\u03c5\u03c4\u03ae\u03bd \u03c4\u03b7\u03bd \u03a0\u03bf\u03bb\u03b9\u03c4\u03b9\u03ba\u03ae \u0391\u03c0\u03bf\u03c1\u03c1\u03ae\u03c4\u03bf\u03c5 \u03ae \u03c4\u03bf\u03bd \u03c4\u03c1\u03cc\u03c0\u03bf \u03bc\u03b5 \u03c4\u03bf\u03bd \u03bf\u03c0\u03bf\u03af\u03bf \u03c7\u03b5\u03b9\u03c1\u03b9\u03b6\u03cc\u03bc\u03b1\u03c3\u03c4\u03b5 \u03c4\u03b1 \u03b4\u03b5\u03b4\u03bf\u03bc\u03ad\u03bd\u03b1 \u03c7\u03c1\u03b7\u03c3\u03c4\u03ce\u03bd, \u03b5\u03c0\u03b9\u03ba\u03bf\u03b9\u03bd\u03c9\u03bd\u03ae\u03c3\u03c4\u03b5 \u03bc\u03b1\u03b6\u03af \u03bc\u03b1\u03c2 \u03bc\u03ad\u03c3\u03c9 email:<\/p>\n\n\n\n<p><strong><a>contato@nerdzilla.com.br<\/a><\/strong><\/p>","protected":false},"excerpt":{"rendered":"<p>A sua privacidade \u00e9 importante para n\u00f3s. \u00c9 pol\u00edtica do Nerdzilla respeitar a sua privacidade em rela\u00e7\u00e3o a qualquer informa\u00e7\u00e3o que possamos coletar no site Nerdzilla. O Nerdzilla \u00e9 um site de car\u00e1ter informativo e editorial, dedicado \u00e0 publica\u00e7\u00e3o de an\u00e1lises, guias e recomenda\u00e7\u00f5es sobre aplicativos, tecnologia e ferramentas digitais. N\u00e3o comercializamos produtos ou servi\u00e7os [&hellip;]<\/p>","protected":false},"author":3,"featured_media":0,"parent":0,"menu_order":0,"comment_status":"closed","ping_status":"closed","template":"","meta":{"footnotes":""},"class_list":["post-882","page","type-page","status-publish"],"_links":{"self":[{"href":"https:\/\/nerdzilla.com.br\/el\/wp-json\/wp\/v2\/pages\/882","targetHints":{"allow":["GET"]}}],"collection":[{"href":"https:\/\/nerdzilla.com.br\/el\/wp-json\/wp\/v2\/pages"}],"about":[{"href":"https:\/\/nerdzilla.com.br\/el\/wp-json\/wp\/v2\/types\/page"}],"author":[{"embeddable":true,"href":"https:\/\/nerdzilla.com.br\/el\/wp-json\/wp\/v2\/users\/3"}],"replies":[{"embeddable":true,"href":"https:\/\/nerdzilla.com.br\/el\/wp-json\/wp\/v2\/comments?post=882"}],"version-history":[{"count":5,"href":"https:\/\/nerdzilla.com.br\/el\/wp-json\/wp\/v2\/pages\/882\/revisions"}],"predecessor-version":[{"id":5555,"href":"https:\/\/nerdzilla.com.br\/el\/wp-json\/wp\/v2\/pages\/882\/revisions\/5555"}],"wp:attachment":[{"href":"https:\/\/nerdzilla.com.br\/el\/wp-json\/wp\/v2\/media?parent=882"}],"curies":[{"name":"wp","href":"https:\/\/api.w.org\/{rel}","templated":true}]}}