{"id":882,"date":"2023-03-15T13:30:03","date_gmt":"2023-03-15T13:30:03","guid":{"rendered":"https:\/\/nerdzilla.com.br\/?page_id=882"},"modified":"2026-01-28T06:35:22","modified_gmt":"2026-01-28T06:35:22","slug":"datenschutzrichtlinie-2","status":"publish","type":"page","link":"https:\/\/nerdzilla.com.br\/de\/datenschutzrichtlinie-2\/","title":{"rendered":"Datenschutzrichtlinie"},"content":{"rendered":"<p>Ihre Privatsph\u00e4re ist uns wichtig. Das ist unsere Unternehmensrichtlinie. <strong>Nerdzilla<\/strong> Wir respektieren Ihre Privatsph\u00e4re hinsichtlich aller Informationen, die wir auf der Nerdzilla-Website sammeln.<\/p>\n\n\n\n<p>Nerdzilla ist eine Website bestimmter Art. <strong>informativ und redaktionell<\/strong>Diese Website dient der Ver\u00f6ffentlichung von Rezensionen, Anleitungen und Empfehlungen zu Apps, Technologien und digitalen Tools. Wir verkaufen \u00fcber diese Website keine Produkte oder Dienstleistungen direkt.<\/p>\n\n\n\n<hr class=\"wp-block-separator has-alpha-channel-opacity\"\/>\n\n\n\n<h3 class=\"wp-block-heading\">Informationssammlung<\/h3>\n\n\n\n<p>Wir erfragen personenbezogene Daten nur, wenn dies unbedingt erforderlich ist, beispielsweise bei der Kontaktaufnahme per E-Mail oder \u00fcber Formulare auf unserer Website. Die Datenerhebung erfolgt fair und rechtm\u00e4\u00dfig, mit dem Wissen und der Einwilligung des Nutzers.<\/p>\n\n\n\n<p>Die gesammelten Informationen k\u00f6nnen beispielsweise Name und E-Mail-Adresse umfassen, die ausschlie\u00dflich zum Zweck der Beantwortung von Anfragen, der Kommunikation oder der Verbesserung redaktioneller Inhalte verwendet werden.<\/p>\n\n\n\n<hr class=\"wp-block-separator has-alpha-channel-opacity\"\/>\n\n\n\n<h3 class=\"wp-block-heading\">Nutzung von Informationen<\/h3>\n\n\n\n<p>Die gesammelten Informationen werden verwendet f\u00fcr:<\/p>\n\n\n\n<ul class=\"wp-block-list\">\n<li>auf von Nutzern gesendete Nachrichten antworten;<\/li>\n\n\n\n<li>um das Surferlebnis zu verbessern;<\/li>\n\n\n\n<li>Um zu verstehen, wie die Website genutzt wird, und zwar auf aggregierte und anonyme Weise.<\/li>\n<\/ul>\n\n\n\n<p>Wir nutzen die Daten nicht f\u00fcr direkte kommerzielle Zwecke.<\/p>\n\n\n\n<hr class=\"wp-block-separator has-alpha-channel-opacity\"\/>\n\n\n\n<h3 class=\"wp-block-heading\">Datenspeicherung und -schutz<\/h3>\n\n\n\n<p>Wir speichern die erhobenen Informationen nur so lange, wie es zur Erf\u00fcllung des Zwecks, f\u00fcr den sie angefordert wurden, erforderlich ist. Wir treffen angemessene Sicherheitsvorkehrungen, um die Daten vor unbefugtem Zugriff, Offenlegung, Ver\u00e4nderung oder Zerst\u00f6rung zu sch\u00fctzen.<\/p>\n\n\n\n<hr class=\"wp-block-separator has-alpha-channel-opacity\"\/>\n\n\n\n<h3 class=\"wp-block-heading\">Informationsaustausch<\/h3>\n\n\n\n<p>Wir geben personenbezogene Daten weder \u00f6ffentlich noch an Dritte weiter, es sei denn, dies ist gesetzlich vorgeschrieben.<\/p>\n\n\n\n<hr class=\"wp-block-separator has-alpha-channel-opacity\"\/>\n\n\n\n<h3 class=\"wp-block-heading\">Links zu externen Webseiten<\/h3>\n\n\n\n<p>Nerdzilla kann Links zu externen Webseiten enthalten, die nicht von uns betrieben werden. Wir haben keine Kontrolle \u00fcber die Inhalte und Praktiken dieser Seiten und sind nicht f\u00fcr deren Datenschutzrichtlinien verantwortlich.<\/p>\n\n\n\n<hr class=\"wp-block-separator has-alpha-channel-opacity\"\/>\n\n\n\n<h3 class=\"wp-block-heading\">Cookies<\/h3>\n\n\n\n<p>Nerdzilla verwendet Cookies, um die Benutzerfreundlichkeit zu verbessern. Cookies sind kleine Dateien, die auf dem Ger\u00e4t des Benutzers gespeichert werden und uns helfen zu verstehen, wie die Website genutzt wird.<\/p>\n\n\n\n<p>Nutzer k\u00f6nnen Cookies deaktivieren, indem sie ihre Browsereinstellungen anpassen. Die Deaktivierung von Cookies kann jedoch die Funktionalit\u00e4t einiger Bereiche der Website beeintr\u00e4chtigen.<\/p>\n\n\n\n<hr class=\"wp-block-separator has-alpha-channel-opacity\"\/>\n\n\n\n<h3 class=\"wp-block-heading\">Cookies und Werbung von Drittanbietern<\/h3>\n\n\n\n<p>Nerdzilla nutzt Dienste von Drittanbietern, wie zum Beispiel... <strong>Google Analytics<\/strong>, um den Website-Traffic und das Nutzerverhalten auf aggregierte und anonyme Weise zu analysieren.<\/p>\n\n\n\n<p>Wir nutzen auch Werbedienstleistungen, wie zum Beispiel <strong>Google AdSense<\/strong>, die m\u00f6glicherweise Cookies, Web Beacons oder \u00e4hnliche Technologien verwenden, um relevante Anzeigen basierend auf den Besuchen der Nutzer auf dieser und anderen Websites anzuzeigen.<\/p>\n\n\n\n<p>Google verwendet m\u00f6glicherweise Cookies. <strong>Doppelklicken Sie auf DART<\/strong>Dieser Cookie erm\u00f6glicht es uns, Nutzern auf Basis ihrer vorherigen Besuche personalisierte Werbung anzuzeigen. Nutzer k\u00f6nnen die Verwendung dieses Cookies in ihren Google-Anzeigeneinstellungen deaktivieren.<\/p>\n\n\n\n<hr class=\"wp-block-separator has-alpha-channel-opacity\"\/>\n\n\n\n<h3 class=\"wp-block-heading\">Nutzerverpflichtung<\/h3>\n\n\n\n<p>Der Nutzer verpflichtet sich, die von Nerdzilla bereitgestellten Inhalte und Informationen angemessen zu nutzen und insbesondere Folgendes zu unterlassen:<\/p>\n\n\n\n<ul class=\"wp-block-list\">\n<li>Rechtswidrige Aktivit\u00e4ten oder Aktivit\u00e4ten, die gegen Treu und Glauben und die \u00f6ffentliche Ordnung versto\u00dfen, durchzuf\u00fchren;<\/li>\n\n\n\n<li>Verbreitung diskriminierender, beleidigender, illegaler Inhalte oder Inhalte, die gegen Menschenrechte versto\u00dfen;<\/li>\n\n\n\n<li>Die Systeme von Nerdzilla oder Systeme Dritter durch das Einschleusen von Schadcode zu besch\u00e4digen.<\/li>\n<\/ul>\n\n\n\n<hr class=\"wp-block-separator has-alpha-channel-opacity\"\/>\n\n\n\n<h3 class=\"wp-block-heading\">Zustimmung<\/h3>\n\n\n\n<p>Die weitere Nutzung der Nerdzilla-Website gilt als Zustimmung zu dieser Datenschutzrichtlinie.<\/p>\n\n\n\n<hr class=\"wp-block-separator has-alpha-channel-opacity\"\/>\n\n\n\n<h3 class=\"wp-block-heading\">Kontakt<\/h3>\n\n\n\n<p>Wenn Sie Fragen zu dieser Datenschutzrichtlinie oder zur Verarbeitung von Nutzerdaten haben, kontaktieren Sie uns bitte per E-Mail:<\/p>\n\n\n\n<p><strong><a>contato@nerdzilla.com.br<\/a><\/strong><\/p>","protected":false},"excerpt":{"rendered":"<p>A sua privacidade \u00e9 importante para n\u00f3s. \u00c9 pol\u00edtica do Nerdzilla respeitar a sua privacidade em rela\u00e7\u00e3o a qualquer informa\u00e7\u00e3o que possamos coletar no site Nerdzilla. O Nerdzilla \u00e9 um site de car\u00e1ter informativo e editorial, dedicado \u00e0 publica\u00e7\u00e3o de an\u00e1lises, guias e recomenda\u00e7\u00f5es sobre aplicativos, tecnologia e ferramentas digitais. N\u00e3o comercializamos produtos ou servi\u00e7os [&hellip;]<\/p>","protected":false},"author":3,"featured_media":0,"parent":0,"menu_order":0,"comment_status":"closed","ping_status":"closed","template":"","meta":{"footnotes":""},"class_list":["post-882","page","type-page","status-publish"],"_links":{"self":[{"href":"https:\/\/nerdzilla.com.br\/de\/wp-json\/wp\/v2\/pages\/882","targetHints":{"allow":["GET"]}}],"collection":[{"href":"https:\/\/nerdzilla.com.br\/de\/wp-json\/wp\/v2\/pages"}],"about":[{"href":"https:\/\/nerdzilla.com.br\/de\/wp-json\/wp\/v2\/types\/page"}],"author":[{"embeddable":true,"href":"https:\/\/nerdzilla.com.br\/de\/wp-json\/wp\/v2\/users\/3"}],"replies":[{"embeddable":true,"href":"https:\/\/nerdzilla.com.br\/de\/wp-json\/wp\/v2\/comments?post=882"}],"version-history":[{"count":5,"href":"https:\/\/nerdzilla.com.br\/de\/wp-json\/wp\/v2\/pages\/882\/revisions"}],"predecessor-version":[{"id":5555,"href":"https:\/\/nerdzilla.com.br\/de\/wp-json\/wp\/v2\/pages\/882\/revisions\/5555"}],"wp:attachment":[{"href":"https:\/\/nerdzilla.com.br\/de\/wp-json\/wp\/v2\/media?parent=882"}],"curies":[{"name":"wp","href":"https:\/\/api.w.org\/{rel}","templated":true}]}}