{"id":880,"date":"2023-03-15T13:25:53","date_gmt":"2023-03-15T13:25:53","guid":{"rendered":"https:\/\/nerdzilla.com.br\/?page_id=880"},"modified":"2026-01-28T06:41:08","modified_gmt":"2026-01-28T06:41:08","slug":"uber-uns","status":"publish","type":"page","link":"https:\/\/nerdzilla.com.br\/de\/uber-uns\/","title":{"rendered":"Wer wir sind"},"content":{"rendered":"<p>Nerdzilla ist eine informative Website, die sich der Erstellung von Anleitungen, Rezensionen und Empfehlungen f\u00fcr digitale Anwendungen und Tools widmet. Unser Ziel ist es, Nutzern zu helfen, fundiertere Entscheidungen im Umgang mit Technologie im Alltag zu treffen.<\/p>\n\n\n\n<p>Die auf Nerdzilla ver\u00f6ffentlichten Inhalte werden mit redaktionellem, p\u00e4dagogischem und informativem Fokus erstellt, wobei stets nach Klarheit, N\u00fctzlichkeit und st\u00e4ndiger Aktualit\u00e4t gestrebt wird.<\/p>\n\n\n\n<p>Die Website wird von einem unabh\u00e4ngigen Redaktionsteam betreut, das f\u00fcr die Recherche, Erstellung und \u00dcberpr\u00fcfung der ver\u00f6ffentlichten Inhalte verantwortlich ist.<\/p>","protected":false},"excerpt":{"rendered":"<p>O Nerdzilla \u00e9 um site de conte\u00fado informativo dedicado \u00e0 produ\u00e7\u00e3o de guias, an\u00e1lises e recomenda\u00e7\u00f5es de aplicativos e ferramentas digitais. Nosso objetivo \u00e9 ajudar usu\u00e1rios a tomar decis\u00f5es mais conscientes sobre o uso da tecnologia no dia a dia. O conte\u00fado publicado no Nerdzilla \u00e9 desenvolvido com foco editorial, educacional e informativo, buscando sempre [&hellip;]<\/p>","protected":false},"author":3,"featured_media":0,"parent":0,"menu_order":0,"comment_status":"closed","ping_status":"closed","template":"","meta":{"footnotes":""},"class_list":["post-880","page","type-page","status-publish"],"_links":{"self":[{"href":"https:\/\/nerdzilla.com.br\/de\/wp-json\/wp\/v2\/pages\/880","targetHints":{"allow":["GET"]}}],"collection":[{"href":"https:\/\/nerdzilla.com.br\/de\/wp-json\/wp\/v2\/pages"}],"about":[{"href":"https:\/\/nerdzilla.com.br\/de\/wp-json\/wp\/v2\/types\/page"}],"author":[{"embeddable":true,"href":"https:\/\/nerdzilla.com.br\/de\/wp-json\/wp\/v2\/users\/3"}],"replies":[{"embeddable":true,"href":"https:\/\/nerdzilla.com.br\/de\/wp-json\/wp\/v2\/comments?post=880"}],"version-history":[{"count":2,"href":"https:\/\/nerdzilla.com.br\/de\/wp-json\/wp\/v2\/pages\/880\/revisions"}],"predecessor-version":[{"id":5561,"href":"https:\/\/nerdzilla.com.br\/de\/wp-json\/wp\/v2\/pages\/880\/revisions\/5561"}],"wp:attachment":[{"href":"https:\/\/nerdzilla.com.br\/de\/wp-json\/wp\/v2\/media?parent=880"}],"curies":[{"name":"wp","href":"https:\/\/api.w.org\/{rel}","templated":true}]}}