{"id":882,"date":"2023-03-15T13:30:03","date_gmt":"2023-03-15T13:30:03","guid":{"rendered":"https:\/\/nerdzilla.com.br\/?page_id=882"},"modified":"2026-01-28T06:35:22","modified_gmt":"2026-01-28T06:35:22","slug":"zasady-ochrany-osobnich-udaju-2","status":"publish","type":"page","link":"https:\/\/nerdzilla.com.br\/cs\/zasady-ochrany-osobnich-udaju-2\/","title":{"rendered":"Z\u00e1sady ochrany osobn\u00edch \u00fadaj\u016f"},"content":{"rendered":"<p>Va\u0161e soukrom\u00ed je pro n\u00e1s d\u016fle\u017eit\u00e9. Je to na\u0161e z\u00e1sada. <strong>Nerdzilla<\/strong> Budeme respektovat va\u0161e soukrom\u00ed, pokud jde o ve\u0161ker\u00e9 informace, kter\u00e9 m\u016f\u017eeme shroma\u017e\u010fovat na webov\u00fdch str\u00e1nk\u00e1ch Nerdzilla.<\/p>\n\n\n\n<p>Nerdzilla je webov\u00e1 str\u00e1nka ur\u010dit\u00e9ho druhu. <strong>informativn\u00ed a redak\u010dn\u00ed<\/strong>Tyto str\u00e1nky jsou v\u011bnov\u00e1ny publikov\u00e1n\u00ed recenz\u00ed, pr\u016fvodc\u016f a doporu\u010den\u00ed t\u00fdkaj\u00edc\u00edch se aplikac\u00ed, technologi\u00ed a digit\u00e1ln\u00edch n\u00e1stroj\u016f. Prost\u0159ednictv\u00edm t\u011bchto webov\u00fdch str\u00e1nek neprod\u00e1v\u00e1me p\u0159\u00edmo produkty ani slu\u017eby.<\/p>\n\n\n\n<hr class=\"wp-block-separator has-alpha-channel-opacity\"\/>\n\n\n\n<h3 class=\"wp-block-heading\">Shroma\u017e\u010fov\u00e1n\u00ed informac\u00ed<\/h3>\n\n\n\n<p>Osobn\u00ed \u00fadaje po\u017eadujeme pouze tehdy, kdy\u017e jsou skute\u010dn\u011b nezbytn\u00e9, nap\u0159\u00edklad kdy\u017e v\u00e1s kontaktujeme e-mailem nebo prost\u0159ednictv\u00edm formul\u00e1\u0159\u016f dostupn\u00fdch na webov\u00fdch str\u00e1nk\u00e1ch. Informace jsou shroma\u017e\u010fov\u00e1ny spravedliv\u011b a leg\u00e1ln\u011b, s v\u011bdom\u00edm a souhlasem u\u017eivatele.<\/p>\n\n\n\n<p>Shrom\u00e1\u017ed\u011bn\u00e9 informace mohou zahrnovat nap\u0159\u00edklad jm\u00e9no a e-mailovou adresu, a to v\u00fdhradn\u011b za \u00fa\u010delem odpov\u00edd\u00e1n\u00ed, komunikace nebo vylep\u0161ov\u00e1n\u00ed redak\u010dn\u00edho obsahu.<\/p>\n\n\n\n<hr class=\"wp-block-separator has-alpha-channel-opacity\"\/>\n\n\n\n<h3 class=\"wp-block-heading\">Pou\u017eit\u00ed informac\u00ed<\/h3>\n\n\n\n<p>Shrom\u00e1\u017ed\u011bn\u00e9 informace se pou\u017e\u00edvaj\u00ed k:<\/p>\n\n\n\n<ul class=\"wp-block-list\">\n<li>odpov\u00eddat na zpr\u00e1vy odeslan\u00e9 u\u017eivateli;<\/li>\n\n\n\n<li>zlep\u0161it z\u00e1\u017eitek z prohl\u00ed\u017een\u00ed;<\/li>\n\n\n\n<li>Abychom pochopili, jak se web pou\u017e\u00edv\u00e1, a to agregovan\u00fdm a anonymn\u00edm zp\u016fsobem.<\/li>\n<\/ul>\n\n\n\n<p>Data nepou\u017e\u00edv\u00e1me pro p\u0159\u00edm\u00e9 komer\u010dn\u00ed \u00fa\u010dely.<\/p>\n\n\n\n<hr class=\"wp-block-separator has-alpha-channel-opacity\"\/>\n\n\n\n<h3 class=\"wp-block-heading\">Ukl\u00e1d\u00e1n\u00ed a ochrana dat<\/h3>\n\n\n\n<p>Shrom\u00e1\u017ed\u011bn\u00e9 informace uchov\u00e1v\u00e1me pouze po dobu nezbytn\u011b nutnou k napln\u011bn\u00ed \u00fa\u010delu, pro kter\u00fd byly vy\u017e\u00e1d\u00e1ny. P\u0159ij\u00edm\u00e1me p\u0159im\u011b\u0159en\u00e1 bezpe\u010dnostn\u00ed opat\u0159en\u00ed k ochran\u011b \u00fadaj\u016f p\u0159ed neopr\u00e1vn\u011bn\u00fdm p\u0159\u00edstupem, zve\u0159ejn\u011bn\u00edm, zm\u011bnou nebo zni\u010den\u00edm.<\/p>\n\n\n\n<hr class=\"wp-block-separator has-alpha-channel-opacity\"\/>\n\n\n\n<h3 class=\"wp-block-heading\">Sd\u00edlen\u00ed informac\u00ed<\/h3>\n\n\n\n<p>Osobn\u00ed \u00fadaje nesd\u00edl\u00edme ve\u0159ejn\u011b ani s t\u0159et\u00edmi stranami, s v\u00fdjimkou p\u0159\u00edpad\u016f, kdy to vy\u017eaduje z\u00e1kon.<\/p>\n\n\n\n<hr class=\"wp-block-separator has-alpha-channel-opacity\"\/>\n\n\n\n<h3 class=\"wp-block-heading\">Odkazy na extern\u00ed webov\u00e9 str\u00e1nky<\/h3>\n\n\n\n<p>Nerdzilla m\u016f\u017ee obsahovat odkazy na extern\u00ed webov\u00e9 str\u00e1nky, kter\u00e9 neprovozujeme. Nem\u00e1me \u017e\u00e1dnou kontrolu nad obsahem a postupy t\u011bchto str\u00e1nek a neneseme odpov\u011bdnost za jejich p\u0159\u00edslu\u0161n\u00e9 z\u00e1sady ochrany osobn\u00edch \u00fadaj\u016f.<\/p>\n\n\n\n<hr class=\"wp-block-separator has-alpha-channel-opacity\"\/>\n\n\n\n<h3 class=\"wp-block-heading\">Soubory cookie<\/h3>\n\n\n\n<p>Nerdzilla pou\u017e\u00edv\u00e1 soubory cookie ke zlep\u0161en\u00ed u\u017eivatelsk\u00e9ho prost\u0159ed\u00ed. Soubory cookie jsou mal\u00e9 soubory ukl\u00e1dan\u00e9 v za\u0159\u00edzen\u00ed u\u017eivatele, kter\u00e9 n\u00e1m pom\u00e1haj\u00ed pochopit, jak se web pou\u017e\u00edv\u00e1.<\/p>\n\n\n\n<p>U\u017eivatel\u00e9 mohou zak\u00e1zat soubory cookie \u00fapravou nastaven\u00ed sv\u00e9ho prohl\u00ed\u017ee\u010de. Zak\u00e1z\u00e1n\u00ed soubor\u016f cookie v\u0161ak m\u016f\u017ee ovlivnit funk\u010dnost n\u011bkter\u00fdch \u010d\u00e1st\u00ed webov\u00fdch str\u00e1nek.<\/p>\n\n\n\n<hr class=\"wp-block-separator has-alpha-channel-opacity\"\/>\n\n\n\n<h3 class=\"wp-block-heading\">Soubory cookie t\u0159et\u00edch stran a reklama<\/h3>\n\n\n\n<p>Nerdzilla vyu\u017e\u00edv\u00e1 slu\u017eby t\u0159et\u00edch stran, jako nap\u0159\u00edklad... <strong>Google Analytics<\/strong>, analyzovat n\u00e1v\u0161t\u011bvnost webov\u00fdch str\u00e1nek a chov\u00e1n\u00ed u\u017eivatel\u016f agregovan\u00fdm a anonymn\u00edm zp\u016fsobem.<\/p>\n\n\n\n<p>Vyu\u017e\u00edv\u00e1me tak\u00e9 reklamn\u00ed slu\u017eby, jako nap\u0159. <strong>Google AdSense<\/strong>, kter\u00e9 mohou pou\u017e\u00edvat soubory cookie, webov\u00e9 maj\u00e1ky nebo podobn\u00e9 technologie k zobrazov\u00e1n\u00ed relevantn\u00edch reklam na z\u00e1klad\u011b n\u00e1v\u0161t\u011bv u\u017eivatel\u016f t\u00e9to a dal\u0161\u00edch webov\u00fdch str\u00e1nek.<\/p>\n\n\n\n<p>Google m\u016f\u017ee soubor cookie pou\u017e\u00edvat. <strong>DoubleClick DART<\/strong>Tento soubor cookie n\u00e1m umo\u017e\u0148uje zobrazovat u\u017eivatel\u016fm reklamy na z\u00e1klad\u011b jejich p\u0159edchoz\u00edch n\u00e1v\u0161t\u011bv. U\u017eivatel\u00e9 mohou pou\u017e\u00edv\u00e1n\u00ed tohoto souboru cookie zak\u00e1zat v nastaven\u00ed reklam Google.<\/p>\n\n\n\n<hr class=\"wp-block-separator has-alpha-channel-opacity\"\/>\n\n\n\n<h3 class=\"wp-block-heading\">Z\u00e1vazek u\u017eivatele<\/h3>\n\n\n\n<p>U\u017eivatel souhlas\u00ed s t\u00edm, \u017ee bude obsah a informace poskytovan\u00e9 spole\u010dnost\u00ed Nerdzilla pou\u017e\u00edvat vhodn\u00fdm zp\u016fsobem a zavazuje se, \u017ee nebude:<\/p>\n\n\n\n<ul class=\"wp-block-list\">\n<li>Prov\u00e1d\u011bt nez\u00e1konn\u00e9 \u010dinnosti nebo \u010dinnosti, kter\u00e9 jsou v rozporu s dobrou v\u00edrou a ve\u0159ejn\u00fdm po\u0159\u00e1dkem;<\/li>\n\n\n\n<li>\u0161\u00ed\u0159en\u00ed diskrimina\u010dn\u00edho, ur\u00e1\u017eliv\u00e9ho, nez\u00e1konn\u00e9ho obsahu nebo obsahu poru\u0161uj\u00edc\u00edho lidsk\u00e1 pr\u00e1va;<\/li>\n\n\n\n<li>zp\u016fsobit po\u0161kozen\u00ed syst\u00e9m\u016f spole\u010dnosti Nerdzilly nebo syst\u00e9m\u016f t\u0159et\u00edch stran zaveden\u00edm \u0161kodliv\u00e9ho k\u00f3du.<\/li>\n<\/ul>\n\n\n\n<hr class=\"wp-block-separator has-alpha-channel-opacity\"\/>\n\n\n\n<h3 class=\"wp-block-heading\">Souhlas<\/h3>\n\n\n\n<p>Pokra\u010dov\u00e1n\u00ed v pou\u017e\u00edv\u00e1n\u00ed webov\u00fdch str\u00e1nek Nerdzilla bude pova\u017eov\u00e1no za souhlas s t\u011bmito Z\u00e1sadami ochrany osobn\u00edch \u00fadaj\u016f.<\/p>\n\n\n\n<hr class=\"wp-block-separator has-alpha-channel-opacity\"\/>\n\n\n\n<h3 class=\"wp-block-heading\">Kontakt<\/h3>\n\n\n\n<p>Pokud m\u00e1te jak\u00e9koli dotazy t\u00fdkaj\u00edc\u00ed se t\u011bchto Z\u00e1sad ochrany osobn\u00edch \u00fadaj\u016f nebo zp\u016fsobu, jak\u00fdm nakl\u00e1d\u00e1me s u\u017eivatelsk\u00fdmi \u00fadaji, kontaktujte n\u00e1s pros\u00edm e-mailem:<\/p>\n\n\n\n<p><strong><a>contato@nerdzilla.com.br<\/a><\/strong><\/p>","protected":false},"excerpt":{"rendered":"<p>A sua privacidade \u00e9 importante para n\u00f3s. \u00c9 pol\u00edtica do Nerdzilla respeitar a sua privacidade em rela\u00e7\u00e3o a qualquer informa\u00e7\u00e3o que possamos coletar no site Nerdzilla. O Nerdzilla \u00e9 um site de car\u00e1ter informativo e editorial, dedicado \u00e0 publica\u00e7\u00e3o de an\u00e1lises, guias e recomenda\u00e7\u00f5es sobre aplicativos, tecnologia e ferramentas digitais. N\u00e3o comercializamos produtos ou servi\u00e7os [&hellip;]<\/p>","protected":false},"author":3,"featured_media":0,"parent":0,"menu_order":0,"comment_status":"closed","ping_status":"closed","template":"","meta":{"footnotes":""},"class_list":["post-882","page","type-page","status-publish"],"_links":{"self":[{"href":"https:\/\/nerdzilla.com.br\/cs\/wp-json\/wp\/v2\/pages\/882","targetHints":{"allow":["GET"]}}],"collection":[{"href":"https:\/\/nerdzilla.com.br\/cs\/wp-json\/wp\/v2\/pages"}],"about":[{"href":"https:\/\/nerdzilla.com.br\/cs\/wp-json\/wp\/v2\/types\/page"}],"author":[{"embeddable":true,"href":"https:\/\/nerdzilla.com.br\/cs\/wp-json\/wp\/v2\/users\/3"}],"replies":[{"embeddable":true,"href":"https:\/\/nerdzilla.com.br\/cs\/wp-json\/wp\/v2\/comments?post=882"}],"version-history":[{"count":5,"href":"https:\/\/nerdzilla.com.br\/cs\/wp-json\/wp\/v2\/pages\/882\/revisions"}],"predecessor-version":[{"id":5555,"href":"https:\/\/nerdzilla.com.br\/cs\/wp-json\/wp\/v2\/pages\/882\/revisions\/5555"}],"wp:attachment":[{"href":"https:\/\/nerdzilla.com.br\/cs\/wp-json\/wp\/v2\/media?parent=882"}],"curies":[{"name":"wp","href":"https:\/\/api.w.org\/{rel}","templated":true}]}}