{"id":880,"date":"2023-03-15T13:25:53","date_gmt":"2023-03-15T13:25:53","guid":{"rendered":"https:\/\/nerdzilla.com.br\/?page_id=880"},"modified":"2026-01-28T06:41:08","modified_gmt":"2026-01-28T06:41:08","slug":"o-nas","status":"publish","type":"page","link":"https:\/\/nerdzilla.com.br\/cs\/o-nas\/","title":{"rendered":"Kdo jsme"},"content":{"rendered":"<p>Nerdzilla je informativn\u00ed webov\u00e1 str\u00e1nka v\u011bnovan\u00e1 tvorb\u011b pr\u016fvodc\u016f, recenz\u00ed a doporu\u010den\u00ed pro digit\u00e1ln\u00ed aplikace a n\u00e1stroje. Na\u0161\u00edm c\u00edlem je pom\u00e1hat u\u017eivatel\u016fm \u010dinit informovan\u011bj\u0161\u00ed rozhodnut\u00ed o jejich ka\u017edodenn\u00edm pou\u017e\u00edv\u00e1n\u00ed technologi\u00ed.<\/p>\n\n\n\n<p>Obsah publikovan\u00fd na Nerdzille je vyv\u00edjen s redak\u010dn\u00edm, vzd\u011bl\u00e1vac\u00edm a informativn\u00edm zam\u011b\u0159en\u00edm, p\u0159i\u010dem\u017e v\u017edy usiluje o srozumitelnost, u\u017eite\u010dnost a neust\u00e1lou aktualizaci.<\/p>\n\n\n\n<p>Str\u00e1nky spravuje nez\u00e1visl\u00fd redak\u010dn\u00ed t\u00fdm, kter\u00fd je zodpov\u011bdn\u00fd za v\u00fdzkum, tvorbu a kontrolu publikovan\u00e9ho obsahu.<\/p>","protected":false},"excerpt":{"rendered":"<p>O Nerdzilla \u00e9 um site de conte\u00fado informativo dedicado \u00e0 produ\u00e7\u00e3o de guias, an\u00e1lises e recomenda\u00e7\u00f5es de aplicativos e ferramentas digitais. Nosso objetivo \u00e9 ajudar usu\u00e1rios a tomar decis\u00f5es mais conscientes sobre o uso da tecnologia no dia a dia. O conte\u00fado publicado no Nerdzilla \u00e9 desenvolvido com foco editorial, educacional e informativo, buscando sempre [&hellip;]<\/p>","protected":false},"author":3,"featured_media":0,"parent":0,"menu_order":0,"comment_status":"closed","ping_status":"closed","template":"","meta":{"footnotes":""},"class_list":["post-880","page","type-page","status-publish"],"_links":{"self":[{"href":"https:\/\/nerdzilla.com.br\/cs\/wp-json\/wp\/v2\/pages\/880","targetHints":{"allow":["GET"]}}],"collection":[{"href":"https:\/\/nerdzilla.com.br\/cs\/wp-json\/wp\/v2\/pages"}],"about":[{"href":"https:\/\/nerdzilla.com.br\/cs\/wp-json\/wp\/v2\/types\/page"}],"author":[{"embeddable":true,"href":"https:\/\/nerdzilla.com.br\/cs\/wp-json\/wp\/v2\/users\/3"}],"replies":[{"embeddable":true,"href":"https:\/\/nerdzilla.com.br\/cs\/wp-json\/wp\/v2\/comments?post=880"}],"version-history":[{"count":2,"href":"https:\/\/nerdzilla.com.br\/cs\/wp-json\/wp\/v2\/pages\/880\/revisions"}],"predecessor-version":[{"id":5561,"href":"https:\/\/nerdzilla.com.br\/cs\/wp-json\/wp\/v2\/pages\/880\/revisions\/5561"}],"wp:attachment":[{"href":"https:\/\/nerdzilla.com.br\/cs\/wp-json\/wp\/v2\/media?parent=880"}],"curies":[{"name":"wp","href":"https:\/\/api.w.org\/{rel}","templated":true}]}}